{"id":5493,"date":"2022-08-08T20:49:18","date_gmt":"2022-08-08T20:49:18","guid":{"rendered":"https:\/\/www.sunkaraoke.hu\/index.php\/termek\/marcellina-te-vagy-a-sztar-2019\/"},"modified":"2026-02-14T07:36:17","modified_gmt":"2026-02-14T05:36:17","slug":"marcellina-te-vagy-a-sztar-2019","status":"publish","type":"product","link":"https:\/\/www.sunkaraoke.hu\/index.php\/termek\/marcellina-te-vagy-a-sztar-2019\/","title":{"rendered":"<div class=\"wcmp-player-container product-5493\"><audio controlslist=\"nodownload\" data-product=\"5493\"  volume=\"1\"  preload=\"none\" data-lazyloading=\"none\" class=\"wcmp-player track mejs-classic\" data-duration=\"0:35\" data-estimated_duration=\"4\"><source src=\"https:\/\/www.sunkaraoke.hu\/wp-content\/uploads\/2022\/08\/Te-vagy-a-sztar-2019.-Marcellina-SB.-demoo.mp3\" type=\"audio\/mp3\" \/><\/audio><\/div>Marcellina &#8211; Te vagy a szt\u00e1r( Original SB Edition)"},"content":{"rendered":"<p><strong>03:18<\/strong> | <strong><img loading=\"lazy\" decoding=\"async\" class=\"alignnone size-full wp-image-467\" src=\"https:\/\/www.sunkaraoke.hu\/wp-content\/uploads\/2022\/07\/choir_2-copy.webp\" alt=\"\" width=\"30\" height=\"30\" \/> <\/strong><\/p>\n","protected":false},"excerpt":{"rendered":"<h6><strong>Bits\u0171r\u0171s\u00e9g: 320<\/strong>kb\/s<strong><br \/>\n<\/strong><strong>Hossz: <\/strong>03:18<strong><br \/>\n<\/strong><strong style=\"font-size: 16px;\">Vok\u00e1lt tartalmaz: <\/strong>Nem <img loading=\"lazy\" decoding=\"async\" class=\"alignnone size-full wp-image-467\" src=\"http:\/\/www.sunkaraoke.hu\/wp-content\/uploads\/2022\/07\/choir_2-copy.png\" alt=\"\" width=\"30\" height=\"30\" \/><strong style=\"font-size: 16px;\"><br \/>\n<\/strong><\/h6>\n<p>Sunkaraoke mp3 st\u00fadi\u00f3 \/ www.sunkaraoke.hu \/ Inf: Tel: 06 20 4275001<\/p>\n<p>&#8212;Intr\u00f3&#8212;<br \/>\nAz lehet hogy \u00e1t\u00f6lelsz \u00e9s itt vagy \u00e9n velem,<br \/>\nm\u00e9rt v\u00e1gyom m\u00e9gis \u00fagy hogy a holnap j\u00f6jj\u00f6n el.<br \/>\nV\u00e9gtelen v\u00e1gy az \u00fat de nem mondhatom el,<br \/>\n\u00edgy boldog nem leszel,<br \/>\nnekem ezt elhiszed vagy nem hiszed,<br \/>\nny\u00fajtsd fel\u00e9m a k\u00e9t kezed.<br \/>\nNekem a szt\u00e1r csak te vagy,<br \/>\nhallan\u00e1m a hangodat,<br \/>\na szt\u00e1r de nem a sz\u00ednpadon,<br \/>\nn\u00e9gyszemk\u00f6zt a v\u00e1llamon a szt\u00e1r.<br \/>\nPr\u00f3b\u00e1ltam messze menni, hogy elfelejtselek,<br \/>\nde nem b\u00edrtam \u00e9s visszat\u00e9rtem, hogy megkeresselek.<br \/>\nN\u00e9ha a k\u00e9pzelet a v\u00e9gtelenben j\u00e1r,<br \/>\nmessze messze sz\u00e1ll.<br \/>\nNekem ezt elhiszed, vagy nem hiszed,<br \/>\nny\u00fajtsd fel\u00e9m a k\u00e9t kezed.<br \/>\nNekem a szt\u00e1r csak te vagy,<br \/>\nhallan\u00e1m a hangodat,<br \/>\na szt\u00e1r de nem a sz\u00ednpadon,<br \/>\nn\u00e9gyszemk\u00f6zt a v\u00e1llamon a szt\u00e1r.<br \/>\nAz lehet hogy elb\u0171v\u00f6lt sok ismeretlen m\u00e1r,<br \/>\nj\u00e1tszottam a k\u00e9pzelettel, de te visszatartott\u00e1l.<br \/>\nRozsd\u00e1s a gondolat, de nem kell f\u00e9ltened,<br \/>\nazt is hogy m\u00e9g veled leszek.<br \/>\nNekem ezt elhiszed, vagy nem hiszed,<br \/>\nny\u00fajtsd fel\u00e9m a k\u00e9t kezed.<br \/>\nNekem a szt\u00e1r csak te vagy,<br \/>\nhallan\u00e1m a hangodat,<br \/>\na szt\u00e1r de nem a sz\u00ednpadon,<br \/>\nn\u00e9gyszemk\u00f6zt a v\u00e1llamon a szt\u00e1r.<br \/>\nNekem a szt\u00e1r csak te vagy,<br \/>\nhallan\u00e1m a hangodat,<br \/>\na szt\u00e1r de nem a sz\u00ednpadon,<br \/>\nn\u00e9gyszemk\u00f6zt a v\u00e1llamon a szt\u00e1r.<br \/>\n&#8212;Sz\u00f3l\u00f3&#8212;<br \/>\nA szt\u00e1r csak te vagy,<br \/>\nhallan\u00e1m a hangodat,<br \/>\na szt\u00e1r de nem a sz\u00ednpadon,<br \/>\nn\u00e9gyszemk\u00f6zt a v\u00e1llamon a szt\u00e1r.<br \/>\nA szt\u00e1r csak te vagy,<br \/>\nhallan\u00e1m a hangodat,<br \/>\na szt\u00e1r de nem a sz\u00ednpadon,<br \/>\nn\u00e9gyszemk\u00f6zt a v\u00e1llamon a szt\u00e1r.<br \/>\nNekem a szt\u00e1r csak te vagy,<br \/>\nhallan\u00e1m a hangodat,<br \/>\na szt\u00e1r de nem a sz\u00ednpadon,<br \/>\nn\u00e9gyszemk\u00f6zt a v\u00e1llamon a szt\u00e1r.<br \/>\nA szt\u00e1r csak te vagy,<br \/>\nhallan\u00e1m a hangodat,<br \/>\na szt\u00e1r de nem a sz\u00ednpadon,<br \/>\nn\u00e9gyszemk\u00f6zt a v\u00e1llamon a szt\u00e1r.<br \/>\n&#8212;V\u00e9ge&#8212;<\/p>\n","protected":false},"featured_media":10028,"template":"","meta":{"site-sidebar-layout":"default","site-content-layout":"default","ast-site-content-layout":"default","site-content-style":"default","site-sidebar-style":"default","ast-global-header-display":"","ast-banner-title-visibility":"","ast-main-header-display":"","ast-hfb-above-header-display":"","ast-hfb-below-header-display":"","ast-hfb-mobile-header-display":"","site-post-title":"","ast-breadcrumbs-content":"","ast-featured-img":"","footer-sml-layout":"","theme-transparent-header-meta":"default","adv-header-id-meta":"","stick-header-meta":"","header-above-stick-meta":"","header-main-stick-meta":"","header-below-stick-meta":"","astra-migrate-meta-layouts":"set","ast-page-background-enabled":"default","ast-page-background-meta":{"desktop":{"background-color":"var(--ast-global-color-4)","background-image":"","background-repeat":"repeat","background-position":"center center","background-size":"auto","background-attachment":"scroll","background-type":"","background-media":"","overlay-type":"","overlay-color":"","overlay-opacity":"","overlay-gradient":""},"tablet":{"background-color":"","background-image":"","background-repeat":"repeat","background-position":"center center","background-size":"auto","background-attachment":"scroll","background-type":"","background-media":"","overlay-type":"","overlay-color":"","overlay-opacity":"","overlay-gradient":""},"mobile":{"background-color":"","background-image":"","background-repeat":"repeat","background-position":"center center","background-size":"auto","background-attachment":"scroll","background-type":"","background-media":"","overlay-type":"","overlay-color":"","overlay-opacity":"","overlay-gradient":""}},"ast-content-background-meta":{"desktop":{"background-color":"var(--ast-global-color-5)","background-image":"","background-repeat":"repeat","background-position":"center center","background-size":"auto","background-attachment":"scroll","background-type":"","background-media":"","overlay-type":"","overlay-color":"","overlay-opacity":"","overlay-gradient":""},"tablet":{"background-color":"var(--ast-global-color-5)","background-image":"","background-repeat":"repeat","background-position":"center center","background-size":"auto","background-attachment":"scroll","background-type":"","background-media":"","overlay-type":"","overlay-color":"","overlay-opacity":"","overlay-gradient":""},"mobile":{"background-color":"var(--ast-global-color-5)","background-image":"","background-repeat":"repeat","background-position":"center center","background-size":"auto","background-attachment":"scroll","background-type":"","background-media":"","overlay-type":"","overlay-color":"","overlay-opacity":"","overlay-gradient":""}}},"product_cat":[48],"product_tag":[],"class_list":["post-5493","product","type-product","status-publish","has-post-thumbnail","hentry","product_cat-sunkaraoke-dalok","desktop-align-left","tablet-align-left","mobile-align-left"],"_links":{"self":[{"href":"https:\/\/www.sunkaraoke.hu\/index.php\/wp-json\/wp\/v2\/product\/5493","targetHints":{"allow":["GET"]}}],"collection":[{"href":"https:\/\/www.sunkaraoke.hu\/index.php\/wp-json\/wp\/v2\/product"}],"about":[{"href":"https:\/\/www.sunkaraoke.hu\/index.php\/wp-json\/wp\/v2\/types\/product"}],"wp:featuredmedia":[{"embeddable":true,"href":"https:\/\/www.sunkaraoke.hu\/index.php\/wp-json\/wp\/v2\/media\/10028"}],"wp:attachment":[{"href":"https:\/\/www.sunkaraoke.hu\/index.php\/wp-json\/wp\/v2\/media?parent=5493"}],"wp:term":[{"taxonomy":"product_cat","embeddable":true,"href":"https:\/\/www.sunkaraoke.hu\/index.php\/wp-json\/wp\/v2\/product_cat?post=5493"},{"taxonomy":"product_tag","embeddable":true,"href":"https:\/\/www.sunkaraoke.hu\/index.php\/wp-json\/wp\/v2\/product_tag?post=5493"}],"curies":[{"name":"wp","href":"https:\/\/api.w.org\/{rel}","templated":true}]}}