{"id":5482,"date":"2022-08-08T20:49:17","date_gmt":"2022-08-08T20:49:17","guid":{"rendered":"https:\/\/www.sunkaraoke.hu\/index.php\/termek\/piros-bela-piros-mulatos-10-menyasszonytanc-2018\/"},"modified":"2025-04-07T07:19:55","modified_gmt":"2025-04-07T07:19:55","slug":"piros-bela-piros-mulatos-10-menyasszonytanc-2018","status":"publish","type":"product","link":"https:\/\/www.sunkaraoke.hu\/index.php\/termek\/piros-bela-piros-mulatos-10-menyasszonytanc-2018\/","title":{"rendered":"<div class=\"wcmp-player-container product-5482\"><audio controlslist=\"nodownload\" data-product=\"5482\"  volume=\"1\"  preload=\"none\" data-lazyloading=\"none\" class=\"wcmp-player track mejs-classic\" data-duration=\"0:31\" data-estimated_duration=\"4\"><source src=\"https:\/\/www.sunkaraoke.hu\/wp-content\/uploads\/2022\/08\/Piros-Bela-Mulatos-mix-10-Menyasszonytanc.-demooo.mp3\" type=\"audio\/mp3\" \/><\/audio><\/div>Piros B\u00e9la &#8211; Piros Mulat\u00f3s 10. Menyasszonyt\u00e1nc (Original)"},"content":{"rendered":"<p><strong>08:15<\/strong> | <strong><img loading=\"lazy\" decoding=\"async\" class=\"alignnone size-full wp-image-467\" src=\"https:\/\/www.sunkaraoke.hu\/wp-content\/uploads\/2022\/07\/choir_2-copy.webp\" alt=\"\" width=\"30\" height=\"30\" \/> <\/strong><\/p>\n","protected":false},"excerpt":{"rendered":"<h6><strong>Bits\u0171r\u0171s\u00e9g: 320<\/strong>kb\/s<strong><br \/>\n<\/strong><strong>Hossz: <\/strong>08:15<strong><br \/>\n<\/strong><strong style=\"font-size: 16px;\">Vok\u00e1lt tartalmaz: <\/strong>Nem <img loading=\"lazy\" decoding=\"async\" class=\"alignnone size-full wp-image-467\" src=\"http:\/\/www.sunkaraoke.hu\/wp-content\/uploads\/2022\/07\/choir_2-copy.png\" alt=\"\" width=\"30\" height=\"30\" \/><strong style=\"font-size: 16px;\"><br \/>\n<\/strong><\/h6>\n<p>Sunkaraoke mp3 st\u00fadi\u00f3 \/ www.sunkaraoke.hu \/ Inf: Tel: 06 20 4275001<\/p>\n<p>&#8212;Intr\u00f3&#8212;<br \/>\nEttetek is, ittatok is m\u00e1r eleget,<br \/>\nde hazamenni j\u00f3 emberek, m\u00e9gsem lehet.<br \/>\nN\u00e1szuram, ha lenne sz\u00edves fel\u00e1llni,<br \/>\ns a menyasszonyra kezdjen el licit\u00e1lni.<br \/>\nElad\u00f3 a menyasszony ,m\u00e9g \u00f6tsz\u00e1z\u00e9rt,<br \/>\na k\u00f6vetkez\u0151 elviheti doll\u00e1r\u00e9rt,<br \/>\nDe aki a legv\u00e9g\u00e9re marad,<br \/>\nnem \u00fassza meg soha t\u00edz rongy alatt.<br \/>\nElad\u00f3 a menyasszony ,m\u00e9g \u00f6tsz\u00e1z\u00e9rt,<br \/>\na k\u00f6vetkez\u0151 elviheti doll\u00e1r\u00e9rt.<br \/>\nDe aki a legv\u00e9g\u00e9re marad,<br \/>\nnem \u00fassza meg soha t\u00edz rongy alatt.<br \/>\nEttetek is, ittatok is m\u00e1r eleget,<br \/>\nde hazamenni j\u00f3 emberek, m\u00e9gsem lehet.<br \/>\nN\u00e1szuram, ha lenne sz\u00edves fel\u00e1llni,<br \/>\ns a menyasszonyra kezdjen el licit\u00e1lni.<br \/>\nElad\u00f3 a menyasszony ,m\u00e9g \u00f6tsz\u00e1z\u00e9rt,<br \/>\na k\u00f6vetkez\u0151 elviheti doll\u00e1r\u00e9rt,<br \/>\nDe aki a legv\u00e9g\u00e9re marad,<br \/>\nnem \u00fassza meg soha t\u00edz rongy alatt.<br \/>\nElad\u00f3 a menyasszony ,m\u00e9g \u00f6tsz\u00e1z\u00e9rt,<br \/>\na k\u00f6vetkez\u0151 elviheti doll\u00e1r\u00e9rt.<br \/>\nDe aki a legv\u00e9g\u00e9re marad,<br \/>\nnem \u00fassza meg soha t\u00edz rongy alatt.<br \/>\n&#8212;Sz\u00f3l\u00f3&#8212;<br \/>\nLakodalom van a mi utc\u00e1nkban,idehallik cseng\u0151 muzsik\u00e1ja.<br \/>\nHivatalos vagyok oda \u00e9n is,nem menn\u00e9k,ha sz\u00e1zszor \u00fczenn\u00e9k is.<br \/>\nHivatalos vagyok oda \u00e9n is,nem menn\u00e9k,ha sz\u00e1zszor \u00fczenn\u00e9k is.<\/p>\n<p>V\u00e9ge van m\u00e1r a lakodalomnak,nagy b\u00e1nata van a menyasszonynak.<br \/>\nForgatja a karikagy\u0171r\u0171j\u00e9t,sajn\u00e1lja a r\u00e9gi szeret\u0151j\u00e9t.<br \/>\nForgatja a karikagy\u0171r\u0171j\u00e9t,sajn\u00e1lja a r\u00e9gi szeret\u0151j\u00e9t.<\/p>\n<p>Este viszik a menyasszony \u00e1gy\u00e1t,elhagyt\u00e1k a nyoszolya n\u00e9gy l\u00e1b\u00e1t.<br \/>\nAddig,asszony,nem fekszel az \u00e1gyba,m\u00edg meg nem lesz a nyoszolya n\u00e9gy l\u00e1ba.<br \/>\nAddig,asszony,nem fekszel az \u00e1gyba,m\u00edg meg nem lesz a nyoszolya n\u00e9gy l\u00e1ba.<\/p>\n<p>Megvan m\u00e1r a nyoszolya n\u00e9gy l\u00e1ba,most m\u00e1r,asszony,befekhetsz az \u00e1gyba.<br \/>\nTedd a l\u00e1bad \u201eV\u201d-bet\u0171 form\u00e1ba,hadd mozogjon a nyoszolya n\u00e9gy l\u00e1ba!<br \/>\nTedd a l\u00e1bad \u201eV\u201d-bet\u0171 form\u00e1ba,hadd mozogjon a nyoszolya n\u00e9gy l\u00e1ba!<br \/>\n&#8212;Sz\u00f3l\u00f3&#8212;<br \/>\nLakodalom van a mi utc\u00e1nkban,idehallik cseng\u0151 muzsik\u00e1ja.<br \/>\nHivatalos vagyok oda \u00e9n is,nem menn\u00e9k,ha sz\u00e1zszor \u00fczenn\u00e9k is.<br \/>\nHivatalos vagyok oda \u00e9n is,nem menn\u00e9k,ha sz\u00e1zszor \u00fczenn\u00e9k is.<\/p>\n<p>V\u00e9ge van m\u00e1r a lakodalomnak,nagy b\u00e1nata van a menyasszonynak.<br \/>\nForgatja a karikagy\u0171r\u0171j\u00e9t,sajn\u00e1lja a r\u00e9gi szeret\u0151j\u00e9t.<br \/>\nForgatja a karikagy\u0171r\u0171j\u00e9t,sajn\u00e1lja a r\u00e9gi szeret\u0151j\u00e9t.<\/p>\n<p>Este viszik a menyasszony \u00e1gy\u00e1t,elhagyt\u00e1k a nyoszolya n\u00e9gy l\u00e1b\u00e1t.<br \/>\nAddig,asszony,nem fekszel az \u00e1gyba,m\u00edg meg nem lesz a nyoszolya n\u00e9gy l\u00e1ba.<br \/>\nAddig,asszony,nem fekszel az \u00e1gyba,m\u00edg meg nem lesz a nyoszolya n\u00e9gy l\u00e1ba.<\/p>\n<p>Megvan m\u00e1r a nyoszolya n\u00e9gy l\u00e1ba,most m\u00e1r,asszony,befekhetsz az \u00e1gyba.<br \/>\nTedd a l\u00e1bad \u201eV\u201d-bet\u0171 form\u00e1ba,hadd mozogjon a nyoszolya n\u00e9gy l\u00e1ba!<br \/>\nTedd a l\u00e1bad \u201eV\u201d-bet\u0171 form\u00e1ba,hadd mozogjon a nyoszolya n\u00e9gy l\u00e1ba!<br \/>\n&#8212;Sz\u00f3l\u00f3&#8212;<br \/>\nKicsi m\u00e9g a mi l\u00e1nyunk,<br \/>\nne j\u00e1rjon kend mi n\u00e1lunk.<br \/>\nKicsi m\u00e9g a mi l\u00e1nyunk,<br \/>\nne j\u00e1rjon kend mi n\u00e1lunk,<br \/>\nmajd ha megn\u0151 a mi l\u00e1nyunk,<br \/>\nakkor, akkor, akkor j\u00e1rjon mi n\u00e1lunk!<br \/>\nMajd ha megn\u0151 a mi l\u00e1nyunk,<br \/>\nakkor, akkor, akkor j\u00e1rjon mi n\u00e1lunk!<\/p>\n<p>Megn\u0151tt m\u00e1r a mi l\u00e1nyunk,<br \/>\nj\u00e1rhat kend m\u00e1r mi n\u00e1lunk.<br \/>\nMegn\u0151tt m\u00e1r a mi l\u00e1nyunk,<br \/>\nj\u00e1rhat kend m\u00e1r mi n\u00e1lunk.<br \/>\nVegye el a mi l\u00e1nyunk,<br \/>\nne csak enni, inni j\u00e1rjon mi n\u00e1lunk!<br \/>\nVegye el a mi l\u00e1nyunk,<br \/>\nne csak enni, inni j\u00e1rjon mi n\u00e1lunk!<br \/>\n&#8212;Sz\u00f3l\u00f3&#8212;<br \/>\nEttetek is, ittatok is m\u00e1r eleget,<br \/>\nde hazamenni j\u00f3 emberek, m\u00e9gsem lehet.<br \/>\nN\u00e1szuram, ha lenne sz\u00edves fel\u00e1llni,<br \/>\ns a menyasszonyra kezdjen el licit\u00e1lni.<br \/>\nElad\u00f3 a menyasszony ,m\u00e9g \u00f6tsz\u00e1z\u00e9rt,<br \/>\na k\u00f6vetkez\u0151 elviheti doll\u00e1r\u00e9rt.<br \/>\nDe aki a legv\u00e9g\u00e9re marad,<br \/>\nnem \u00fassza meg, soha t\u00edz rongy alatt.<br \/>\nElad\u00f3 a menyasszony ,m\u00e9g \u00f6tsz\u00e1z\u00e9rt,<br \/>\na k\u00f6vetkez\u0151 elviheti doll\u00e1r\u00e9rt.<br \/>\nDe aki a legv\u00e9g\u00e9re marad,<br \/>\nnem \u00fassza meg soha t\u00edz rongy alatt.<br \/>\nElad\u00f3 a menyasszony ,m\u00e9g \u00f6tsz\u00e1z\u00e9rt,<br \/>\na k\u00f6vetkez\u0151 elviheti doll\u00e1r\u00e9rt.<br \/>\nDe aki a legv\u00e9g\u00e9re marad,<br \/>\nnem \u00fassza meg soha t\u00edz rongy alatt.<br \/>\n&#8212;V\u00e9ge&#8212;<\/p>\n","protected":false},"featured_media":12989,"template":"","meta":{"site-sidebar-layout":"default","site-content-layout":"default","ast-site-content-layout":"default","site-content-style":"default","site-sidebar-style":"default","ast-global-header-display":"","ast-banner-title-visibility":"","ast-main-header-display":"","ast-hfb-above-header-display":"","ast-hfb-below-header-display":"","ast-hfb-mobile-header-display":"","site-post-title":"","ast-breadcrumbs-content":"","ast-featured-img":"","footer-sml-layout":"","theme-transparent-header-meta":"default","adv-header-id-meta":"","stick-header-meta":"","header-above-stick-meta":"","header-main-stick-meta":"","header-below-stick-meta":"","astra-migrate-meta-layouts":"set","ast-page-background-enabled":"default","ast-page-background-meta":{"desktop":{"background-color":"var(--ast-global-color-4)","background-image":"","background-repeat":"repeat","background-position":"center center","background-size":"auto","background-attachment":"scroll","background-type":"","background-media":"","overlay-type":"","overlay-color":"","overlay-opacity":"","overlay-gradient":""},"tablet":{"background-color":"","background-image":"","background-repeat":"repeat","background-position":"center center","background-size":"auto","background-attachment":"scroll","background-type":"","background-media":"","overlay-type":"","overlay-color":"","overlay-opacity":"","overlay-gradient":""},"mobile":{"background-color":"","background-image":"","background-repeat":"repeat","background-position":"center center","background-size":"auto","background-attachment":"scroll","background-type":"","background-media":"","overlay-type":"","overlay-color":"","overlay-opacity":"","overlay-gradient":""}},"ast-content-background-meta":{"desktop":{"background-color":"var(--ast-global-color-5)","background-image":"","background-repeat":"repeat","background-position":"center center","background-size":"auto","background-attachment":"scroll","background-type":"","background-media":"","overlay-type":"","overlay-color":"","overlay-opacity":"","overlay-gradient":""},"tablet":{"background-color":"var(--ast-global-color-5)","background-image":"","background-repeat":"repeat","background-position":"center center","background-size":"auto","background-attachment":"scroll","background-type":"","background-media":"","overlay-type":"","overlay-color":"","overlay-opacity":"","overlay-gradient":""},"mobile":{"background-color":"var(--ast-global-color-5)","background-image":"","background-repeat":"repeat","background-position":"center center","background-size":"auto","background-attachment":"scroll","background-type":"","background-media":"","overlay-type":"","overlay-color":"","overlay-opacity":"","overlay-gradient":""}}},"product_cat":[48],"product_tag":[],"class_list":["post-5482","product","type-product","status-publish","has-post-thumbnail","hentry","product_cat-sunkaraoke-dalok","desktop-align-left","tablet-align-left","mobile-align-left"],"_links":{"self":[{"href":"https:\/\/www.sunkaraoke.hu\/index.php\/wp-json\/wp\/v2\/product\/5482","targetHints":{"allow":["GET"]}}],"collection":[{"href":"https:\/\/www.sunkaraoke.hu\/index.php\/wp-json\/wp\/v2\/product"}],"about":[{"href":"https:\/\/www.sunkaraoke.hu\/index.php\/wp-json\/wp\/v2\/types\/product"}],"wp:featuredmedia":[{"embeddable":true,"href":"https:\/\/www.sunkaraoke.hu\/index.php\/wp-json\/wp\/v2\/media\/12989"}],"wp:attachment":[{"href":"https:\/\/www.sunkaraoke.hu\/index.php\/wp-json\/wp\/v2\/media?parent=5482"}],"wp:term":[{"taxonomy":"product_cat","embeddable":true,"href":"https:\/\/www.sunkaraoke.hu\/index.php\/wp-json\/wp\/v2\/product_cat?post=5482"},{"taxonomy":"product_tag","embeddable":true,"href":"https:\/\/www.sunkaraoke.hu\/index.php\/wp-json\/wp\/v2\/product_tag?post=5482"}],"curies":[{"name":"wp","href":"https:\/\/api.w.org\/{rel}","templated":true}]}}