{"id":5480,"date":"2022-08-08T20:49:17","date_gmt":"2022-08-08T20:49:17","guid":{"rendered":"https:\/\/www.sunkaraoke.hu\/index.php\/termek\/bitto-duo-aranybetuvel-2018\/"},"modified":"2026-02-14T07:36:17","modified_gmt":"2026-02-14T05:36:17","slug":"bitto-duo-aranybetuvel-2018","status":"publish","type":"product","link":"https:\/\/www.sunkaraoke.hu\/index.php\/termek\/bitto-duo-aranybetuvel-2018\/","title":{"rendered":"<div class=\"wcmp-player-container product-5480\"><audio controlslist=\"nodownload\" data-product=\"5480\"  volume=\"1\"  preload=\"none\" data-lazyloading=\"none\" class=\"wcmp-player track mejs-classic\" data-duration=\"0:31\" data-estimated_duration=\"4\"><source src=\"https:\/\/www.sunkaraoke.hu\/wp-content\/uploads\/2022\/08\/Aranybetuvel-2018.Bitto-P_demo.mp3\" type=\"audio\/mp3\" \/><\/audio><\/div>Bitt\u00f3 du\u00f3 &#8211; Aranybet\u0171vel (Original)"},"content":{"rendered":"<p><strong>03:46<\/strong> | <strong><img loading=\"lazy\" decoding=\"async\" class=\"alignnone size-full wp-image-467\" src=\"https:\/\/www.sunkaraoke.hu\/wp-content\/uploads\/2022\/07\/choir_2-copy.webp\" alt=\"\" width=\"30\" height=\"30\" \/> <\/strong><\/p>\n","protected":false},"excerpt":{"rendered":"<h6><strong>Bits\u0171r\u0171s\u00e9g: 320<\/strong>kb\/s<strong><br \/>\n<\/strong><strong>Hossz: <\/strong>03:46<strong><br \/>\n<\/strong><strong style=\"font-size: 16px;\">Vok\u00e1lt tartalmaz: <\/strong>Nem <img loading=\"lazy\" decoding=\"async\" class=\"alignnone size-full wp-image-467\" src=\"http:\/\/www.sunkaraoke.hu\/wp-content\/uploads\/2022\/07\/choir_2-copy.png\" alt=\"\" width=\"30\" height=\"30\" \/><strong style=\"font-size: 16px;\"><br \/>\n<\/strong><\/h6>\n<p>Sunkaraoke mp3 st\u00fadi\u00f3 \/ www.sunkaraoke.hu \/ Inf: Tel: 06 20 4275001<\/p>\n<p>&#8212;Intr\u00f3&#8212;<br \/>\nAranybet\u0171vel \u00edrom neked ezt a levelet,<br \/>\nne v\u00e1rj haza t\u00f6bb\u00e9 hozz\u00e1d, \u00e9n m\u00e1r nem megyek.<br \/>\nMert hamis a sz\u00f3, hamis n\u00e9kem minden vallom\u00e1s,<br \/>\negy sz\u00f3 csup\u00e1n ami engem b\u00e1nt.<\/p>\n<p>Elmegyek \u00e9n t\u0151led messzire,<br \/>\nmert nem volt j\u00f3 veled az \u00e9letem,<br \/>\nnem \u00e9rdekelsz, nem kellesz nekem,<br \/>\nmert \u00fagy \u00e9rzem, hogy v\u00e9ge lett.<br \/>\nHazudt\u00e1l \u00e9s engem becsapt\u00e1l,<br \/>\nm\u00e1s ember\u00e9rt engem itt hagyt\u00e1l.<br \/>\nNem \u00e9rdekelsz nem kellesz nekem,<br \/>\nmert \u00fagy \u00e9rzem hogy v\u00e9ge lett.<br \/>\n&#8212;Sz\u00f3l\u00f3&#8212;<br \/>\nAranybet\u0171vel \u00edrom neked ezt a levelet,<br \/>\nne v\u00e1rj haza t\u00f6bb\u00e9 hozz\u00e1d, \u00e9n m\u00e1r nem megyek.<br \/>\nMert hamis a sz\u00f3, hamis n\u00e9kem minden vallom\u00e1s,<br \/>\negy sz\u00f3 csup\u00e1n ami engem b\u00e1nt.<\/p>\n<p>Elmegyek \u00e9n t\u0151led messzire,<br \/>\nmert nem volt j\u00f3 veled az \u00e9letem,<br \/>\nnem \u00e9rdekelsz, nem kellesz nekem,<br \/>\nmert \u00fagy \u00e9rzem, hogy v\u00e9ge lett.<br \/>\nHazudt\u00e1l \u00e9s engem becsapt\u00e1l,<br \/>\nm\u00e1s ember\u00e9rt engem itt hagyt\u00e1l.<br \/>\nNem \u00e9rdekelsz nem kellesz nekem,<br \/>\nmert \u00fagy \u00e9rzem hogy v\u00e9ge lett.<\/p>\n<p>Elmegyek \u00e9n t\u0151led messzire,<br \/>\nmert nem volt j\u00f3 veled az \u00e9letem,<br \/>\nnem \u00e9rdekelsz, nem kellesz nekem,<br \/>\nmert \u00fagy \u00e9rzem, hogy v\u00e9ge lett.<br \/>\nHazudt\u00e1l \u00e9s engem becsapt\u00e1l,<br \/>\nm\u00e1s ember\u00e9rt engem itt hagyt\u00e1l.<br \/>\nNem \u00e9rdekelsz nem kellesz nekem,<br \/>\nmert \u00fagy \u00e9rzem hogy v\u00e9ge lett.<br \/>\n&#8212;V\u00e9ge&#8212;<\/p>\n","protected":false},"featured_media":8718,"template":"","meta":{"site-sidebar-layout":"default","site-content-layout":"default","ast-site-content-layout":"default","site-content-style":"default","site-sidebar-style":"default","ast-global-header-display":"","ast-banner-title-visibility":"","ast-main-header-display":"","ast-hfb-above-header-display":"","ast-hfb-below-header-display":"","ast-hfb-mobile-header-display":"","site-post-title":"","ast-breadcrumbs-content":"","ast-featured-img":"","footer-sml-layout":"","theme-transparent-header-meta":"default","adv-header-id-meta":"","stick-header-meta":"","header-above-stick-meta":"","header-main-stick-meta":"","header-below-stick-meta":"","astra-migrate-meta-layouts":"set","ast-page-background-enabled":"default","ast-page-background-meta":{"desktop":{"background-color":"var(--ast-global-color-4)","background-image":"","background-repeat":"repeat","background-position":"center center","background-size":"auto","background-attachment":"scroll","background-type":"","background-media":"","overlay-type":"","overlay-color":"","overlay-opacity":"","overlay-gradient":""},"tablet":{"background-color":"","background-image":"","background-repeat":"repeat","background-position":"center center","background-size":"auto","background-attachment":"scroll","background-type":"","background-media":"","overlay-type":"","overlay-color":"","overlay-opacity":"","overlay-gradient":""},"mobile":{"background-color":"","background-image":"","background-repeat":"repeat","background-position":"center center","background-size":"auto","background-attachment":"scroll","background-type":"","background-media":"","overlay-type":"","overlay-color":"","overlay-opacity":"","overlay-gradient":""}},"ast-content-background-meta":{"desktop":{"background-color":"var(--ast-global-color-5)","background-image":"","background-repeat":"repeat","background-position":"center center","background-size":"auto","background-attachment":"scroll","background-type":"","background-media":"","overlay-type":"","overlay-color":"","overlay-opacity":"","overlay-gradient":""},"tablet":{"background-color":"var(--ast-global-color-5)","background-image":"","background-repeat":"repeat","background-position":"center center","background-size":"auto","background-attachment":"scroll","background-type":"","background-media":"","overlay-type":"","overlay-color":"","overlay-opacity":"","overlay-gradient":""},"mobile":{"background-color":"var(--ast-global-color-5)","background-image":"","background-repeat":"repeat","background-position":"center center","background-size":"auto","background-attachment":"scroll","background-type":"","background-media":"","overlay-type":"","overlay-color":"","overlay-opacity":"","overlay-gradient":""}}},"product_cat":[48],"product_tag":[],"class_list":["post-5480","product","type-product","status-publish","has-post-thumbnail","hentry","product_cat-sunkaraoke-dalok","desktop-align-left","tablet-align-left","mobile-align-left"],"_links":{"self":[{"href":"https:\/\/www.sunkaraoke.hu\/index.php\/wp-json\/wp\/v2\/product\/5480","targetHints":{"allow":["GET"]}}],"collection":[{"href":"https:\/\/www.sunkaraoke.hu\/index.php\/wp-json\/wp\/v2\/product"}],"about":[{"href":"https:\/\/www.sunkaraoke.hu\/index.php\/wp-json\/wp\/v2\/types\/product"}],"wp:featuredmedia":[{"embeddable":true,"href":"https:\/\/www.sunkaraoke.hu\/index.php\/wp-json\/wp\/v2\/media\/8718"}],"wp:attachment":[{"href":"https:\/\/www.sunkaraoke.hu\/index.php\/wp-json\/wp\/v2\/media?parent=5480"}],"wp:term":[{"taxonomy":"product_cat","embeddable":true,"href":"https:\/\/www.sunkaraoke.hu\/index.php\/wp-json\/wp\/v2\/product_cat?post=5480"},{"taxonomy":"product_tag","embeddable":true,"href":"https:\/\/www.sunkaraoke.hu\/index.php\/wp-json\/wp\/v2\/product_tag?post=5480"}],"curies":[{"name":"wp","href":"https:\/\/api.w.org\/{rel}","templated":true}]}}