{"id":5475,"date":"2022-08-08T20:49:16","date_gmt":"2022-08-08T20:49:16","guid":{"rendered":"https:\/\/www.sunkaraoke.hu\/index.php\/termek\/kocsis-janika-szilveszteri-mambo\/"},"modified":"2026-04-18T07:27:29","modified_gmt":"2026-04-18T05:27:29","slug":"kocsis-janika-szilveszteri-mambo","status":"publish","type":"product","link":"https:\/\/www.sunkaraoke.hu\/index.php\/termek\/kocsis-janika-szilveszteri-mambo\/","title":{"rendered":"<div class=\"wcmp-player-container product-5475\"><audio controlslist=\"nodownload\" data-product=\"5475\"  volume=\"1\"  preload=\"none\" data-lazyloading=\"none\" class=\"wcmp-player track mejs-classic\" data-duration=\"0:31\" data-estimated_duration=\"4\"><source src=\"https:\/\/www.sunkaraoke.hu\/wp-content\/uploads\/2022\/08\/Szilveszteri-mambo-Kocsis-SB.-kdemoo.mp3\" type=\"audio\/mp3\" \/><\/audio><\/div>Kocsis Janika &#8211; Szilveszteri mamb\u00f3 (Original)"},"content":{"rendered":"<p><strong>03:14<\/strong>| <strong><img loading=\"lazy\" decoding=\"async\" class=\"alignnone size-full wp-image-467\" src=\"https:\/\/www.sunkaraoke.hu\/wp-content\/uploads\/2022\/07\/choir_2-copy.webp\" alt=\"\" width=\"30\" height=\"30\" \/><\/strong><\/p>\n","protected":false},"excerpt":{"rendered":"<h6>Bits\u0171r\u0171s\u00e9g: 320kb\/s<br \/>\nHossz: 03:14<br \/>\nVok\u00e1lt tartalmaz: Nem <img loading=\"lazy\" decoding=\"async\" class=\"alignnone size-full wp-image-467\" src=\"http:\/\/www.sunkaraoke.hu\/wp-content\/uploads\/2022\/07\/choir_2-copy.png\" alt=\"\" width=\"30\" height=\"30\" \/><strong style=\"font-size: 16px;\"><br \/>\n<\/strong><\/h6>\n<p>Sunkaraoke mp3 st\u00fadi\u00f3 \/ www.sunkaraoke.hu \/ Inf: Tel: 06 20 4275001<\/p>\n<p>&#8212;Intr\u00f3&#8212;<\/p>\n<p>Minden t\u00e9len az \u00e9v v\u00e9g\u00e9n elj\u00f6n majd a nap,<br \/>\nmikor gyerek, feln\u0151tt, \u00f6reg, mind dalra fakad.<br \/>\nF\u00e9lre gond \u00e9s b\u00fab\u00e1nat, itt annak helye nincs,<br \/>\naz \u00f3\u00e9v b\u00facs\u00faztat\u00f3 bulin csak el\u0151re tekints.<\/p>\n<p>Szilveszter, pezsg\u0151ben \u00e1ztass el,<br \/>\nez egyszer nem kell j\u00f3zan fej.<br \/>\nSzilveszter, a k\u00fcl\u00f6n\u00f6s szilveszter,<br \/>\nm\u00e9g egyszer, j\u00e1tszd el ezerszer.<br \/>\n&#8212;Sz\u00f3l\u00f3&#8212;<br \/>\nFelveszem a t\u00e1ncos cip\u0151m, \u00e9s j\u00f3 m\u00e9g a szmoking,<br \/>\naz asszony meg t\u0171sark\u00faban egy taxit leint.<br \/>\nA gyerek meg bulit szervez, t\u0171zben \u00e9g a h\u00e1z,<br \/>\nmindenkire r\u00e1ragad ez a szilveszteri l\u00e1z.<\/p>\n<p>Szilveszter, pezsg\u0151ben \u00e1ztass el,<br \/>\nez egyszer nem kell j\u00f3zan fej.<br \/>\nSzilveszter, a k\u00fcl\u00f6n\u00f6s szilveszter,<br \/>\nm\u00e9g egyszer, j\u00e1tszd el ezerszer.<br \/>\n\u00c9jf\u00e9l ut\u00e1n minden ember, fogadalmat tesz,<br \/>\naz \u00faj \u00e9vben megv\u00e1ltozik \u00e9s minden m\u00e1s lesz.<br \/>\nSzilveszter, el\u00e1zik a h\u00f3ember,<br \/>\nm\u00e1r nem t\u00e1ncol s nem is k\u00f6sz\u00f6nget.<br \/>\n&#8212;Sz\u00f3l\u00f3&#8212;<br \/>\nSzilveszter, pezsg\u0151ben \u00e1ztass el,<br \/>\nez egyszer nem kell j\u00f3zan fej.<br \/>\nSzilveszter, a k\u00fcl\u00f6n\u00f6s szilveszter,<br \/>\nm\u00e9g egyszer, j\u00e1tszd el ezerszer.<br \/>\nSzilveszter, k\u00e9rlek ne menj el&#8230;<br \/>\nSzilveszter, s elj\u00f6tt a reggel&#8230;<\/p>\n<p>&#8212;V\u00e9ge&#8212;<\/p>\n","protected":false},"featured_media":8738,"template":"","meta":{"site-sidebar-layout":"default","site-content-layout":"default","ast-site-content-layout":"default","site-content-style":"default","site-sidebar-style":"default","ast-global-header-display":"","ast-banner-title-visibility":"","ast-main-header-display":"","ast-hfb-above-header-display":"","ast-hfb-below-header-display":"","ast-hfb-mobile-header-display":"","site-post-title":"","ast-breadcrumbs-content":"","ast-featured-img":"","footer-sml-layout":"","theme-transparent-header-meta":"default","adv-header-id-meta":"","stick-header-meta":"","header-above-stick-meta":"","header-main-stick-meta":"","header-below-stick-meta":"","astra-migrate-meta-layouts":"set","ast-page-background-enabled":"default","ast-page-background-meta":{"desktop":{"background-color":"var(--ast-global-color-4)","background-image":"","background-repeat":"repeat","background-position":"center center","background-size":"auto","background-attachment":"scroll","background-type":"","background-media":"","overlay-type":"","overlay-color":"","overlay-opacity":"","overlay-gradient":""},"tablet":{"background-color":"","background-image":"","background-repeat":"repeat","background-position":"center center","background-size":"auto","background-attachment":"scroll","background-type":"","background-media":"","overlay-type":"","overlay-color":"","overlay-opacity":"","overlay-gradient":""},"mobile":{"background-color":"","background-image":"","background-repeat":"repeat","background-position":"center center","background-size":"auto","background-attachment":"scroll","background-type":"","background-media":"","overlay-type":"","overlay-color":"","overlay-opacity":"","overlay-gradient":""}},"ast-content-background-meta":{"desktop":{"background-color":"var(--ast-global-color-5)","background-image":"","background-repeat":"repeat","background-position":"center center","background-size":"auto","background-attachment":"scroll","background-type":"","background-media":"","overlay-type":"","overlay-color":"","overlay-opacity":"","overlay-gradient":""},"tablet":{"background-color":"var(--ast-global-color-5)","background-image":"","background-repeat":"repeat","background-position":"center center","background-size":"auto","background-attachment":"scroll","background-type":"","background-media":"","overlay-type":"","overlay-color":"","overlay-opacity":"","overlay-gradient":""},"mobile":{"background-color":"var(--ast-global-color-5)","background-image":"","background-repeat":"repeat","background-position":"center center","background-size":"auto","background-attachment":"scroll","background-type":"","background-media":"","overlay-type":"","overlay-color":"","overlay-opacity":"","overlay-gradient":""}}},"product_cat":[48],"product_tag":[],"class_list":["post-5475","product","type-product","status-publish","has-post-thumbnail","hentry","product_cat-sunkaraoke-dalok","desktop-align-left","tablet-align-left","mobile-align-left"],"_links":{"self":[{"href":"https:\/\/www.sunkaraoke.hu\/index.php\/wp-json\/wp\/v2\/product\/5475","targetHints":{"allow":["GET"]}}],"collection":[{"href":"https:\/\/www.sunkaraoke.hu\/index.php\/wp-json\/wp\/v2\/product"}],"about":[{"href":"https:\/\/www.sunkaraoke.hu\/index.php\/wp-json\/wp\/v2\/types\/product"}],"wp:featuredmedia":[{"embeddable":true,"href":"https:\/\/www.sunkaraoke.hu\/index.php\/wp-json\/wp\/v2\/media\/8738"}],"wp:attachment":[{"href":"https:\/\/www.sunkaraoke.hu\/index.php\/wp-json\/wp\/v2\/media?parent=5475"}],"wp:term":[{"taxonomy":"product_cat","embeddable":true,"href":"https:\/\/www.sunkaraoke.hu\/index.php\/wp-json\/wp\/v2\/product_cat?post=5475"},{"taxonomy":"product_tag","embeddable":true,"href":"https:\/\/www.sunkaraoke.hu\/index.php\/wp-json\/wp\/v2\/product_tag?post=5475"}],"curies":[{"name":"wp","href":"https:\/\/api.w.org\/{rel}","templated":true}]}}