{"id":5473,"date":"2022-08-08T20:49:16","date_gmt":"2022-08-08T20:49:16","guid":{"rendered":"https:\/\/www.sunkaraoke.hu\/index.php\/termek\/bodi-csabi-meglatni-es-megszeretni\/"},"modified":"2026-02-14T07:36:18","modified_gmt":"2026-02-14T05:36:18","slug":"bodi-csabi-meglatni-es-megszeretni","status":"publish","type":"product","link":"https:\/\/www.sunkaraoke.hu\/index.php\/termek\/bodi-csabi-meglatni-es-megszeretni\/","title":{"rendered":"<div class=\"wcmp-player-container product-5473\"><audio controlslist=\"nodownload\" data-product=\"5473\"  volume=\"1\"  preload=\"none\" data-lazyloading=\"none\" class=\"wcmp-player track mejs-classic\" data-duration=\"0:32\" data-estimated_duration=\"4\"><source src=\"https:\/\/www.sunkaraoke.hu\/wp-content\/uploads\/2022\/08\/Meglatni-es-megszeretni-Bodi-Cs.-SB.-demoo.mp3\" type=\"audio\/mp3\" \/><\/audio><\/div>B\u00f3di Csabi &#8211; Megl\u00e1tni \u00e9s megszeretni (Original)"},"content":{"rendered":"<p><strong>04:07<\/strong> | <strong><img loading=\"lazy\" decoding=\"async\" class=\"alignnone size-full wp-image-467\" src=\"https:\/\/www.sunkaraoke.hu\/wp-content\/uploads\/2022\/07\/choir_2-copy.webp\" alt=\"\" width=\"30\" height=\"30\" \/> <\/strong><\/p>\n","protected":false},"excerpt":{"rendered":"<h6><strong>Bits\u0171r\u0171s\u00e9g: 320<\/strong>kb\/s<strong><br \/>\n<\/strong><strong>Hossz: <\/strong>04:07<strong><br \/>\n<\/strong><strong style=\"font-size: 16px;\">Vok\u00e1lt tartalmaz: <\/strong>Nem <img loading=\"lazy\" decoding=\"async\" class=\"alignnone size-full wp-image-467\" src=\"http:\/\/www.sunkaraoke.hu\/wp-content\/uploads\/2022\/07\/choir_2-copy.png\" alt=\"\" width=\"30\" height=\"30\" \/><strong style=\"font-size: 16px;\"><br \/>\n<\/strong><\/h6>\n<p>Sunkaraoke mp3 st\u00fadi\u00f3 \/ www.sunkaraoke.hu \/ Inf: Tel: 06 20 4275001<\/p>\n<p>&#8212;Intr\u00f3&#8212;<br \/>\nTemplom el\u0151tt kis\u00fct a nap, pr\u00e9dik\u00e1lni j\u00f6n ki a pap, d\u00e9vl\u00e1l\u00e9,<br \/>\npr\u00e9dik\u00e1lni, im\u00e1dkozni, ezt az \u00faj p\u00e1rt \u00f6sszeadni, jajj de sz\u00e9p.<br \/>\nCsillagokba meg van \u00edrva, \u00e9let\u00fcnknek r\u00f6g\u00f6s \u00fatja, d\u00e9vl\u00e1l\u00e9,<br \/>\nezt az est\u00e9t nem elfeded, holnap reggel asszony leszel.<br \/>\nMegl\u00e1tni \u00e9s megszeretni,<br \/>\negy este kev\u00e9s \u0151t elfeledni,<br \/>\ncs\u00f3kot adj a cs\u00f3kom\u00e9rt,<br \/>\n\u00e1lmokat az \u00e1lok\u00e9rt.<br \/>\nMegl\u00e1tni \u00e9s megszeretni,<br \/>\negy este kev\u00e9s \u0151t elfeledni,<br \/>\ncs\u00f3kot adj a cs\u00f3kom\u00e9rt,<br \/>\n\u00e1lmokat az \u00e1lmok\u00e9rt.<br \/>\n&#8212;Sz\u00f3l\u00f3&#8212;<br \/>\nR\u00e1m ragyog egy f\u00e9nyes csillag, k\u00f6vet engem amerre csak j\u00e1rok \u00e9n,<br \/>\naz utamat beragyogtad, hajnal csillag j\u00f6jj \u00e9nfel\u00e9m.<br \/>\nEst\u00e9re \u00e9n hozz\u00e1d megyek, a karjaidba csod\u00e1t teszek, d\u00e9vl\u00e1l\u00e9,<br \/>\nezt az est\u00e9t nem feleded, holnap reggel asszony leszel.<\/p>\n<p>Megl\u00e1tni \u00e9s megszeretni,<br \/>\negy este kev\u00e9s \u0151t elfeledni,<br \/>\ncs\u00f3kot adj a cs\u00f3kom\u00e9rt,<br \/>\n\u00e1lmokat az \u00e1lmok\u00e9rt.<br \/>\nMegl\u00e1tni \u00e9s megszeretni,<br \/>\negy este kev\u00e9s \u0151t elfeledni,<br \/>\ncs\u00f3kot adj a cs\u00f3kom\u00e9rt,<br \/>\n\u00e1lmokat az \u00e1lmok\u00e9rt.<br \/>\nS\u00e1, n\u00e1, n\u00e1, n\u00e1&#8230;..<br \/>\nMegl\u00e1tni \u00e9s megszeretni,<br \/>\negy este kev\u00e9s \u0151t elfeledni&#8230;<br \/>\nS\u00e1, n\u00e1, n\u00e1, n\u00e1&#8230;..<br \/>\nMegl\u00e1tni \u00e9s megszeretni,<br \/>\negy este kev\u00e9s \u0151t elfeledni&#8230;<br \/>\n&#8212;V\u00e9ge&#8212;<\/p>\n","protected":false},"featured_media":8742,"template":"","meta":{"site-sidebar-layout":"default","site-content-layout":"default","ast-site-content-layout":"default","site-content-style":"default","site-sidebar-style":"default","ast-global-header-display":"","ast-banner-title-visibility":"","ast-main-header-display":"","ast-hfb-above-header-display":"","ast-hfb-below-header-display":"","ast-hfb-mobile-header-display":"","site-post-title":"","ast-breadcrumbs-content":"","ast-featured-img":"","footer-sml-layout":"","theme-transparent-header-meta":"default","adv-header-id-meta":"","stick-header-meta":"","header-above-stick-meta":"","header-main-stick-meta":"","header-below-stick-meta":"","astra-migrate-meta-layouts":"set","ast-page-background-enabled":"default","ast-page-background-meta":{"desktop":{"background-color":"var(--ast-global-color-4)","background-image":"","background-repeat":"repeat","background-position":"center center","background-size":"auto","background-attachment":"scroll","background-type":"","background-media":"","overlay-type":"","overlay-color":"","overlay-opacity":"","overlay-gradient":""},"tablet":{"background-color":"","background-image":"","background-repeat":"repeat","background-position":"center center","background-size":"auto","background-attachment":"scroll","background-type":"","background-media":"","overlay-type":"","overlay-color":"","overlay-opacity":"","overlay-gradient":""},"mobile":{"background-color":"","background-image":"","background-repeat":"repeat","background-position":"center center","background-size":"auto","background-attachment":"scroll","background-type":"","background-media":"","overlay-type":"","overlay-color":"","overlay-opacity":"","overlay-gradient":""}},"ast-content-background-meta":{"desktop":{"background-color":"var(--ast-global-color-5)","background-image":"","background-repeat":"repeat","background-position":"center center","background-size":"auto","background-attachment":"scroll","background-type":"","background-media":"","overlay-type":"","overlay-color":"","overlay-opacity":"","overlay-gradient":""},"tablet":{"background-color":"var(--ast-global-color-5)","background-image":"","background-repeat":"repeat","background-position":"center center","background-size":"auto","background-attachment":"scroll","background-type":"","background-media":"","overlay-type":"","overlay-color":"","overlay-opacity":"","overlay-gradient":""},"mobile":{"background-color":"var(--ast-global-color-5)","background-image":"","background-repeat":"repeat","background-position":"center center","background-size":"auto","background-attachment":"scroll","background-type":"","background-media":"","overlay-type":"","overlay-color":"","overlay-opacity":"","overlay-gradient":""}}},"product_cat":[48],"product_tag":[],"class_list":["post-5473","product","type-product","status-publish","has-post-thumbnail","hentry","product_cat-sunkaraoke-dalok","desktop-align-left","tablet-align-left","mobile-align-left"],"_links":{"self":[{"href":"https:\/\/www.sunkaraoke.hu\/index.php\/wp-json\/wp\/v2\/product\/5473","targetHints":{"allow":["GET"]}}],"collection":[{"href":"https:\/\/www.sunkaraoke.hu\/index.php\/wp-json\/wp\/v2\/product"}],"about":[{"href":"https:\/\/www.sunkaraoke.hu\/index.php\/wp-json\/wp\/v2\/types\/product"}],"wp:featuredmedia":[{"embeddable":true,"href":"https:\/\/www.sunkaraoke.hu\/index.php\/wp-json\/wp\/v2\/media\/8742"}],"wp:attachment":[{"href":"https:\/\/www.sunkaraoke.hu\/index.php\/wp-json\/wp\/v2\/media?parent=5473"}],"wp:term":[{"taxonomy":"product_cat","embeddable":true,"href":"https:\/\/www.sunkaraoke.hu\/index.php\/wp-json\/wp\/v2\/product_cat?post=5473"},{"taxonomy":"product_tag","embeddable":true,"href":"https:\/\/www.sunkaraoke.hu\/index.php\/wp-json\/wp\/v2\/product_tag?post=5473"}],"curies":[{"name":"wp","href":"https:\/\/api.w.org\/{rel}","templated":true}]}}