{"id":5470,"date":"2022-08-08T20:49:15","date_gmt":"2022-08-08T20:49:15","guid":{"rendered":"https:\/\/www.sunkaraoke.hu\/index.php\/termek\/piros-bela-piros-mulatos-mix-09\/"},"modified":"2025-04-07T07:15:31","modified_gmt":"2025-04-07T07:15:31","slug":"piros-bela-piros-mulatos-mix-09","status":"publish","type":"product","link":"https:\/\/www.sunkaraoke.hu\/index.php\/termek\/piros-bela-piros-mulatos-mix-09\/","title":{"rendered":"<div class=\"wcmp-player-container product-5470\"><audio controlslist=\"nodownload\" data-product=\"5470\"  volume=\"1\"  preload=\"none\" data-lazyloading=\"none\" class=\"wcmp-player track mejs-classic\" data-duration=\"0:33\" data-estimated_duration=\"4\"><source src=\"https:\/\/www.sunkaraoke.hu\/wp-content\/uploads\/2022\/08\/Piros-Bela-mulatos-mix-09.-demooo.mp3\" type=\"audio\/mp3\" \/><\/audio><\/div>Piros B\u00e9la &#8211; Piros Mulat\u00f3s mix 09. (Original)"},"content":{"rendered":"<p><strong>06:51<\/strong> | <strong><img loading=\"lazy\" decoding=\"async\" class=\"alignnone size-full wp-image-467\" src=\"https:\/\/www.sunkaraoke.hu\/wp-content\/uploads\/2022\/07\/choir_2-copy.webp\" alt=\"\" width=\"30\" height=\"30\" \/> <\/strong><\/p>\n","protected":false},"excerpt":{"rendered":"<h6><strong>Bits\u0171r\u0171s\u00e9g: 320<\/strong>kb\/s<strong><br \/>\n<\/strong><strong>Hossz: <\/strong>06:51<strong><br \/>\n<\/strong><strong style=\"font-size: 16px;\">Vok\u00e1lt tartalmaz: <\/strong>Nem <img loading=\"lazy\" decoding=\"async\" class=\"alignnone size-full wp-image-467\" src=\"http:\/\/www.sunkaraoke.hu\/wp-content\/uploads\/2022\/07\/choir_2-copy.png\" alt=\"\" width=\"30\" height=\"30\" \/><strong style=\"font-size: 16px;\"><br \/>\n<\/strong><\/h6>\n<p>Sunkaraoke mp3 st\u00fadi\u00f3 \/ www.sunkaraoke.hu \/ Inf: Tel: 06 20 4275001<\/p>\n<p>&#8212;Intr\u00f3&#8212;\/\/00:30\/\/<br \/>\nT\u00far a diszn\u00f3,t\u00far a mocs\u00e1rsz\u00e9len,<br \/>\ntartottam szeret\u0151t,de m\u00e1r r\u00e9gen.<br \/>\nHa tartottam,megszenvedtem \u00e9rte,<br \/>\ncudar vil\u00e1g,ne h\u00e1nyd a szememre!<br \/>\nHa tartottam,megszenvedtem \u00e9rte,<br \/>\ncudar vil\u00e1g,ne h\u00e1nyd a szememre!<\/p>\n<p>T\u00e9pett varj\u00fa sz\u00e1ll a faluv\u00e9gre,<br \/>\nrossz id\u0151 j\u00e1r a szeg\u00e9nyleg\u00e9nyre.<br \/>\nKikacagj\u00e1k,g\u00fanyolj\u00e1k a l\u00e1nyok,<br \/>\na szerelem,jaj,de cudar \u00e1tok.<br \/>\nKikacagj\u00e1k,g\u00fanyolj\u00e1k a l\u00e1nyok,<br \/>\na szerelem,jaj,de cudar \u00e1tok.<\/p>\n<p>Kispej lovam fel van kant\u00e1rozva,<br \/>\njobban megy az \u00e9hen,mint j\u00f3llakva.<br \/>\nJ\u00f3magam is ehhez vagyok szokva,<br \/>\nszeretem a m\u00e1s asszony\u00e1t lopva.<br \/>\nJ\u00f3magam is ehhez vagyok szokva,<br \/>\nszeretem a m\u00e1s asszony\u00e1t lopva.<br \/>\n&#8212;Sz\u00f3l\u00f3&#8212;\/\/02:20\/\/<br \/>\nJegenyef\u00e1n f\u00e9szket rak a cs\u00f3ka,<br \/>\nbarna kisl\u00e1ny tan\u00edtott a cs\u00f3kra.<br \/>\nT\u00fczes cs\u00f3kj\u00e1t,jaj,de sokat vissza-visszak\u00e9rtem,<br \/>\na sz\u00edvemet,a lelkemet adtam oda neki \u00e9rte.<br \/>\nAdtam cs\u00f3kot,az Isten tudja,h\u00e1nyat,<br \/>\ncs\u00f3kolom a cs\u00f3kra termett sz\u00e1dat.<br \/>\nDe mi\u00f3ta sz\u00e9jjelszakadt a szerelm\u00fcnk l\u00e1nca,<br \/>\na faluban nincsen olyan kov\u00e1cs,sej,aki \u00f6sszekalap\u00e1lja.<br \/>\nHa meghalok,csak az a k\u00e9r\u00e9sem,<br \/>\ncig\u00e1nybanda s\u00edromig k\u00eds\u00e9rjen!<br \/>\nA h\u00e1zamt\u00f3l a s\u00edromig mindig csak azt h\u00fazza,<br \/>\nezt a leg\u00e9nyt a szerelem vitte el a s\u00f6t\u00e9t s\u00edrba.<br \/>\nA h\u00e1zamt\u00f3l a s\u00edromig mindig csak azt h\u00fazza,<br \/>\nezt a leg\u00e9nyt a szerelem vitte el a s\u00f6t\u00e9t s\u00edrba.<br \/>\n&#8212;Sz\u00f3l\u00f3&#8212;\/\/03:58\/\/<br \/>\nEger v\u00e1rosa,papok v\u00e1rosa,csuh\u00e1sok j\u00e1rnak fapapucsban.<br \/>\nCsuh\u00e1sok j\u00e1rnak,in domine patris,reverenda alatt p\u00e1link\u00e1t visz.<br \/>\nCsuh\u00e1sok j\u00e1rnak,in domine patris,reverenda alatt p\u00e1link\u00e1t visz.<br \/>\nNem vagyok \u00e9n bar\u00e1t,szeretem a pi\u00e1t,odaadom \u00e9rte a reverend\u00e1t.<br \/>\nOdaadom \u00e9rte a csatos imak\u00f6nyvet,\u00f6lelem \u00e9s cs\u00f3kolom a szeret\u0151met.<br \/>\nOdaadom \u00e9rte a csatos imak\u00f6nyvet,\u00f6lelem \u00e9s cs\u00f3kolom a szeret\u0151met.<br \/>\n&#8212;Sz\u00f3l\u00f3&#8212;\/\/05:17\/\/<br \/>\nR\u00f3zsa,r\u00f3zsa,labdar\u00f3zsa levele.<br \/>\nCsak egy kisl\u00e1nyt neveltek a kedvemre.<br \/>\nAzt is az\u00e9rt nevelt\u00e9k a kedvemre,<br \/>\nk\u00e9k a szeme,g\u00f6nd\u00f6r haja fekete.<br \/>\nAzt is az\u00e9rt nevelt\u00e9k a kedvemre,<br \/>\nk\u00e9k a szeme,g\u00f6nd\u00f6r haja fekete.<\/p>\n<p>Alig v\u00e1rom,hogy a Nap lenyugodjon,<br \/>\nhogy az \u00e9gen p\u00e1ros csillag ragyogjon.<br \/>\nRagyogj,csillag,p\u00e1ros csillag,sok\u00e1ig,<br \/>\nk\u00eds\u00e9rj el a szeret\u0151m kapuj\u00e1ig!<br \/>\nRagyogj,csillag,p\u00e1ros csillag,sok\u00e1ig,<br \/>\nk\u00eds\u00e9rj el a szeret\u0151m kapuj\u00e1ig!<br \/>\n&#8212;V\u00e9ge&#8212;<\/p>\n","protected":false},"featured_media":12989,"template":"","meta":{"site-sidebar-layout":"default","site-content-layout":"default","ast-site-content-layout":"default","site-content-style":"default","site-sidebar-style":"default","ast-global-header-display":"","ast-banner-title-visibility":"","ast-main-header-display":"","ast-hfb-above-header-display":"","ast-hfb-below-header-display":"","ast-hfb-mobile-header-display":"","site-post-title":"","ast-breadcrumbs-content":"","ast-featured-img":"","footer-sml-layout":"","theme-transparent-header-meta":"default","adv-header-id-meta":"","stick-header-meta":"","header-above-stick-meta":"","header-main-stick-meta":"","header-below-stick-meta":"","astra-migrate-meta-layouts":"set","ast-page-background-enabled":"default","ast-page-background-meta":{"desktop":{"background-color":"var(--ast-global-color-4)","background-image":"","background-repeat":"repeat","background-position":"center center","background-size":"auto","background-attachment":"scroll","background-type":"","background-media":"","overlay-type":"","overlay-color":"","overlay-opacity":"","overlay-gradient":""},"tablet":{"background-color":"","background-image":"","background-repeat":"repeat","background-position":"center center","background-size":"auto","background-attachment":"scroll","background-type":"","background-media":"","overlay-type":"","overlay-color":"","overlay-opacity":"","overlay-gradient":""},"mobile":{"background-color":"","background-image":"","background-repeat":"repeat","background-position":"center center","background-size":"auto","background-attachment":"scroll","background-type":"","background-media":"","overlay-type":"","overlay-color":"","overlay-opacity":"","overlay-gradient":""}},"ast-content-background-meta":{"desktop":{"background-color":"var(--ast-global-color-5)","background-image":"","background-repeat":"repeat","background-position":"center center","background-size":"auto","background-attachment":"scroll","background-type":"","background-media":"","overlay-type":"","overlay-color":"","overlay-opacity":"","overlay-gradient":""},"tablet":{"background-color":"var(--ast-global-color-5)","background-image":"","background-repeat":"repeat","background-position":"center center","background-size":"auto","background-attachment":"scroll","background-type":"","background-media":"","overlay-type":"","overlay-color":"","overlay-opacity":"","overlay-gradient":""},"mobile":{"background-color":"var(--ast-global-color-5)","background-image":"","background-repeat":"repeat","background-position":"center center","background-size":"auto","background-attachment":"scroll","background-type":"","background-media":"","overlay-type":"","overlay-color":"","overlay-opacity":"","overlay-gradient":""}}},"product_cat":[48],"product_tag":[],"class_list":["post-5470","product","type-product","status-publish","has-post-thumbnail","hentry","product_cat-sunkaraoke-dalok","desktop-align-left","tablet-align-left","mobile-align-left"],"_links":{"self":[{"href":"https:\/\/www.sunkaraoke.hu\/index.php\/wp-json\/wp\/v2\/product\/5470","targetHints":{"allow":["GET"]}}],"collection":[{"href":"https:\/\/www.sunkaraoke.hu\/index.php\/wp-json\/wp\/v2\/product"}],"about":[{"href":"https:\/\/www.sunkaraoke.hu\/index.php\/wp-json\/wp\/v2\/types\/product"}],"wp:featuredmedia":[{"embeddable":true,"href":"https:\/\/www.sunkaraoke.hu\/index.php\/wp-json\/wp\/v2\/media\/12989"}],"wp:attachment":[{"href":"https:\/\/www.sunkaraoke.hu\/index.php\/wp-json\/wp\/v2\/media?parent=5470"}],"wp:term":[{"taxonomy":"product_cat","embeddable":true,"href":"https:\/\/www.sunkaraoke.hu\/index.php\/wp-json\/wp\/v2\/product_cat?post=5470"},{"taxonomy":"product_tag","embeddable":true,"href":"https:\/\/www.sunkaraoke.hu\/index.php\/wp-json\/wp\/v2\/product_tag?post=5470"}],"curies":[{"name":"wp","href":"https:\/\/api.w.org\/{rel}","templated":true}]}}