{"id":5466,"date":"2022-08-08T20:49:15","date_gmt":"2022-08-08T20:49:15","guid":{"rendered":"https:\/\/www.sunkaraoke.hu\/index.php\/termek\/ruzsa-magdolna-aduasz-transzp-verzio\/"},"modified":"2025-07-20T05:51:24","modified_gmt":"2025-07-20T03:51:24","slug":"ruzsa-magdolna-aduasz-transzp-verzio","status":"publish","type":"product","link":"https:\/\/www.sunkaraoke.hu\/index.php\/termek\/ruzsa-magdolna-aduasz-transzp-verzio\/","title":{"rendered":"<div class=\"wcmp-player-container product-5466\"><audio controlslist=\"nodownload\" data-product=\"5466\"  volume=\"1\"  preload=\"none\" data-lazyloading=\"none\" class=\"wcmp-player track mejs-classic\" data-duration=\"0:32\" data-estimated_duration=\"4\"><source src=\"https:\/\/www.sunkaraoke.hu\/wp-content\/uploads\/2022\/08\/Aduasz-Transz-Ruzsa-SB.demo_.mp3\" type=\"audio\/mp3\" \/><\/audio><\/div>R\u00fazsa Magdi &#8211; Adu\u00e1sz (SB Edition)"},"content":{"rendered":"<p><strong>03:25<\/strong> | <strong><img loading=\"lazy\" decoding=\"async\" class=\"alignnone size-full wp-image-467\" src=\"https:\/\/www.sunkaraoke.hu\/wp-content\/uploads\/2022\/07\/choir_2-copy.webp\" alt=\"\" width=\"30\" height=\"30\" \/> <strong> | <img loading=\"lazy\" decoding=\"async\" class=\"alignnone size-full wp-image-613\" src=\"https:\/\/www.sunkaraoke.hu\/wp-content\/uploads\/2022\/07\/transzponalas.webp\" alt=\"\" width=\"30\" height=\"30\" \/> <\/strong><strong>+4<\/strong><\/strong><\/p>\n","protected":false},"excerpt":{"rendered":"<h6><strong>Bits\u0171r\u0171s\u00e9g: 320<\/strong>kb\/s<strong><br \/>\n<\/strong><strong>Hossz: <\/strong>03:25<strong><br \/>\n<\/strong><strong style=\"font-size: 16px;\">Vok\u00e1lt tartalmaz: <\/strong>Nem <img loading=\"lazy\" decoding=\"async\" class=\"alignnone size-full wp-image-467\" src=\"http:\/\/www.sunkaraoke.hu\/wp-content\/uploads\/2022\/07\/choir_2-copy.png\" alt=\"\" width=\"30\" height=\"30\" \/><strong style=\"font-size: 16px;\"><br \/>\n<\/strong><strong>Transzpon\u00e1l\u00e1s: <\/strong><img loading=\"lazy\" decoding=\"async\" class=\"alignnone size-full wp-image-613\" src=\"http:\/\/www.sunkaraoke.hu\/wp-content\/uploads\/2022\/07\/transzponalas.png\" alt=\"\" width=\"30\" height=\"30\" \/> +4<\/h6>\n<p>Sunkaraoke mp3 st\u00fadi\u00f3 \/ www.sunkaraoke.hu \/ Inf: Tel: 06 20 4275001<\/p>\n<p>&#8212;Intr\u00f3&#8212;<br \/>\nA hotelbe \u00e9rve tudtam itt a v\u00e9ge,<br \/>\nez a film r\u00f6vid volt,<br \/>\nmire k\u00f6rbe n\u00e9ztem,te m\u00e1r vitt\u00e9l is mindent,<br \/>\ncsak a h\u0171lt helyed volt.<\/p>\n<p>Gyorsan elillant\u00e1l \u00e1-\u00e1,<br \/>\nvissza se fordult\u00e1l \u00e1-\u00e1,<br \/>\nn\u00e1lad m\u00e9g volt Adu\u00e1sz,<br \/>\n\u00e9n meg csak nyomtam, nyomtam, nyomtam a g\u00e1zt.<br \/>\nM\u00e9gis elillant\u00e1l \u00e1-\u00e1,<br \/>\nvissza se fordult\u00e1l \u00e1-\u00e1,<br \/>\nsz\u00e9pen kij\u00e1tszott\u00e1l,<br \/>\n\u00fct\u00f6tt az Adu\u00e1sz! Adu\u00e1sz!<br \/>\n&#8212;Sz\u00f3l\u00f3&#8212;<br \/>\nMint a m\u00ednusz a plusszal,<br \/>\n\u00fclt\u00fcnk f\u00fcstben \u00e9s r\u00fazsban,<br \/>\nnaiv hajnalokon,<br \/>\nkezedben ezeregy tr\u00fckk volt,<br \/>\n\u00e9n meg hittem a m\u0171sort,<br \/>\nminden \u00fatszakaszon.<\/p>\n<p>Gyorsan elillant\u00e1l \u00e1-\u00e1,<br \/>\nvissza se fordult\u00e1l \u00e1-\u00e1,<br \/>\nn\u00e1lad m\u00e9g volt Adu\u00e1sz,<br \/>\n\u00e9n meg csak nyomtam, nyomtam, nyomtam a g\u00e1zt.<br \/>\nM\u00e9gis elillant\u00e1l \u00e1-\u00e1,<br \/>\nvissza se fordult\u00e1l \u00e1-\u00e1,<br \/>\nsz\u00e9pen kij\u00e1tszott\u00e1l,<br \/>\n\u00fct\u00f6tt az Adu\u00e1sz!<br \/>\n\u00dct\u00f6tt az Adu\u00e1sz! Adu\u00e1sz!<br \/>\n&#8212;Sz\u00f3l\u00f3&#8212;<br \/>\nJobb, ha feladom,megyek utamon,<br \/>\nk\u00f6zben fut a t\u00e1j,sehol egy akad\u00e1ly.<br \/>\nRep\u00fcl az id\u0151,zuhog az es\u0151,<br \/>\nremeg a leveg\u0151.<br \/>\nGyorsan elillant\u00e1l \u00e1-\u00e1,<br \/>\nvissza se fordult\u00e1l \u00e1-\u00e1,<br \/>\nn\u00e1lad m\u00e9g volt Adu\u00e1sz,<br \/>\n\u00e9n meg csak nyomtam, nyomtam, nyomtam a g\u00e1zt.<br \/>\nM\u00e9gis elillant\u00e1l \u00e1-\u00e1,<br \/>\nvissza se fordult\u00e1l \u00e1-\u00e1,<br \/>\nsz\u00e9pen kij\u00e1tszott\u00e1l, \u00e1-\u00e1,<br \/>\n\u00fct\u00f6tt az Adu\u00e1sz!<br \/>\n\u00dct\u00f6tt az Adu\u00e1sz! Adu\u00e1sz!<br \/>\n&#8212;V\u00e9ge&#8212;<\/p>\n","protected":false},"featured_media":8717,"template":"","meta":{"site-sidebar-layout":"default","site-content-layout":"default","ast-site-content-layout":"default","site-content-style":"default","site-sidebar-style":"default","ast-global-header-display":"","ast-banner-title-visibility":"","ast-main-header-display":"","ast-hfb-above-header-display":"","ast-hfb-below-header-display":"","ast-hfb-mobile-header-display":"","site-post-title":"","ast-breadcrumbs-content":"","ast-featured-img":"","footer-sml-layout":"","theme-transparent-header-meta":"default","adv-header-id-meta":"","stick-header-meta":"","header-above-stick-meta":"","header-main-stick-meta":"","header-below-stick-meta":"","astra-migrate-meta-layouts":"set","ast-page-background-enabled":"default","ast-page-background-meta":{"desktop":{"background-color":"var(--ast-global-color-4)","background-image":"","background-repeat":"repeat","background-position":"center center","background-size":"auto","background-attachment":"scroll","background-type":"","background-media":"","overlay-type":"","overlay-color":"","overlay-opacity":"","overlay-gradient":""},"tablet":{"background-color":"","background-image":"","background-repeat":"repeat","background-position":"center center","background-size":"auto","background-attachment":"scroll","background-type":"","background-media":"","overlay-type":"","overlay-color":"","overlay-opacity":"","overlay-gradient":""},"mobile":{"background-color":"","background-image":"","background-repeat":"repeat","background-position":"center center","background-size":"auto","background-attachment":"scroll","background-type":"","background-media":"","overlay-type":"","overlay-color":"","overlay-opacity":"","overlay-gradient":""}},"ast-content-background-meta":{"desktop":{"background-color":"var(--ast-global-color-5)","background-image":"","background-repeat":"repeat","background-position":"center center","background-size":"auto","background-attachment":"scroll","background-type":"","background-media":"","overlay-type":"","overlay-color":"","overlay-opacity":"","overlay-gradient":""},"tablet":{"background-color":"var(--ast-global-color-5)","background-image":"","background-repeat":"repeat","background-position":"center center","background-size":"auto","background-attachment":"scroll","background-type":"","background-media":"","overlay-type":"","overlay-color":"","overlay-opacity":"","overlay-gradient":""},"mobile":{"background-color":"var(--ast-global-color-5)","background-image":"","background-repeat":"repeat","background-position":"center center","background-size":"auto","background-attachment":"scroll","background-type":"","background-media":"","overlay-type":"","overlay-color":"","overlay-opacity":"","overlay-gradient":""}}},"product_cat":[48],"product_tag":[],"class_list":["post-5466","product","type-product","status-publish","has-post-thumbnail","hentry","product_cat-sunkaraoke-dalok","desktop-align-left","tablet-align-left","mobile-align-left"],"_links":{"self":[{"href":"https:\/\/www.sunkaraoke.hu\/index.php\/wp-json\/wp\/v2\/product\/5466","targetHints":{"allow":["GET"]}}],"collection":[{"href":"https:\/\/www.sunkaraoke.hu\/index.php\/wp-json\/wp\/v2\/product"}],"about":[{"href":"https:\/\/www.sunkaraoke.hu\/index.php\/wp-json\/wp\/v2\/types\/product"}],"wp:featuredmedia":[{"embeddable":true,"href":"https:\/\/www.sunkaraoke.hu\/index.php\/wp-json\/wp\/v2\/media\/8717"}],"wp:attachment":[{"href":"https:\/\/www.sunkaraoke.hu\/index.php\/wp-json\/wp\/v2\/media?parent=5466"}],"wp:term":[{"taxonomy":"product_cat","embeddable":true,"href":"https:\/\/www.sunkaraoke.hu\/index.php\/wp-json\/wp\/v2\/product_cat?post=5466"},{"taxonomy":"product_tag","embeddable":true,"href":"https:\/\/www.sunkaraoke.hu\/index.php\/wp-json\/wp\/v2\/product_tag?post=5466"}],"curies":[{"name":"wp","href":"https:\/\/api.w.org\/{rel}","templated":true}]}}