{"id":5462,"date":"2022-08-08T20:49:14","date_gmt":"2022-08-08T20:49:14","guid":{"rendered":"https:\/\/www.sunkaraoke.hu\/index.php\/termek\/royal-team-kocsmarosne-adj-hitelbe\/"},"modified":"2025-09-14T06:05:18","modified_gmt":"2025-09-14T04:05:18","slug":"royal-team-kocsmarosne-adj-hitelbe","status":"publish","type":"product","link":"https:\/\/www.sunkaraoke.hu\/index.php\/termek\/royal-team-kocsmarosne-adj-hitelbe\/","title":{"rendered":"<div class=\"wcmp-player-container product-5462\"><audio controlslist=\"nodownload\" data-product=\"5462\"  volume=\"1\"  preload=\"none\" data-lazyloading=\"none\" class=\"wcmp-player track mejs-classic\" data-duration=\"0:34\" data-estimated_duration=\"4\"><source src=\"https:\/\/www.sunkaraoke.hu\/wp-content\/uploads\/2022\/08\/Kocsmarosne-adj-hitelbe-Royal-SB.-demoo.mp3\" type=\"audio\/mp3\" \/><\/audio><\/div>Royal Team &#8211; Kocsm\u00e1rosn\u00e9 adj hitelbe (Original SB Edition)"},"content":{"rendered":"<p><strong>04:00<\/strong> | <strong><img loading=\"lazy\" decoding=\"async\" class=\"alignnone size-full wp-image-467\" src=\"https:\/\/www.sunkaraoke.hu\/wp-content\/uploads\/2022\/07\/choir_2-copy.webp\" alt=\"\" width=\"30\" height=\"30\" \/> <\/strong><\/p>\n","protected":false},"excerpt":{"rendered":"<h6><strong>Bits\u0171r\u0171s\u00e9g: 320<\/strong>kb\/s<strong><br \/>\n<\/strong><strong>Hossz: <\/strong>04:00<strong><br \/>\n<\/strong><strong style=\"font-size: 16px;\">Vok\u00e1lt tartalmaz: <\/strong>Nem <img loading=\"lazy\" decoding=\"async\" class=\"alignnone size-full wp-image-467\" src=\"http:\/\/www.sunkaraoke.hu\/wp-content\/uploads\/2022\/07\/choir_2-copy.png\" alt=\"\" width=\"30\" height=\"30\" \/><strong style=\"font-size: 16px;\"><br \/>\n<\/strong><\/h6>\n<p>Sunkaraoke mp3 st\u00fadi\u00f3 \/ www.sunkaraoke.hu \/ Inf: Tel: 06 20 4275001<\/p>\n<p>&#8212;Intr\u00f3&#8212;<br \/>\nSzeg\u00e9ny lettem nincsen p\u00e9nzem,<br \/>\n\u00e1rva n\u00e9kem a sz\u00edvem,<br \/>\nelhagyott a feles\u00e9gem,<br \/>\nkit \u00e9n nagyon szerettem.<\/p>\n<p>Kocsm\u00e1rosn\u00e9 adj hitelbe,<br \/>\nn\u00e9kem egy kis borocsk\u00e1t,<br \/>\nhogy gy\u00f3gy\u00edtsam a sz\u00edvemnek,<br \/>\nminden egyes f\u00e1jdalm\u00e1t.<br \/>\nKocsm\u00e1rosn\u00e9 adj hitelbe,<br \/>\nn\u00e9kem egy kis borocsk\u00e1t,<br \/>\nj\u00f6v\u0151 h\u00e9ten ledolgozom,<br \/>\na bornak majd az \u00e1r\u00e1t.<br \/>\n&#8212;Sz\u00f3l\u00f3&#8212;<br \/>\nJaj de nagyon szerettelek,<br \/>\nde te nem becs\u00fclt\u00e9l meg,<br \/>\naz\u00e9rt azt\u00e1n boldogs\u00e1gom,<br \/>\nm\u00e1s karj\u00e1ban kerestem.<\/p>\n<p>Kocsm\u00e1rosn\u00e9 adj hitelbe,<br \/>\nn\u00e9ki egy kis borocsk\u00e1t.<br \/>\nHogy gy\u00f3gy\u00edtsa a sz\u00edv\u00e9nek,<br \/>\nminden egyes f\u00e1jdalm\u00e1t.<br \/>\nKocsm\u00e1rosn\u00e9 adj hitelbe,<br \/>\nn\u00e9ki egy kis borocsk\u00e1t.<br \/>\nJ\u00f6v\u0151 h\u00e9ten ledolgozza,<br \/>\na bornak majd az \u00e1r\u00e1t.<\/p>\n<p>&#8212;Sz\u00f3l\u00f3&#8211;<br \/>\nMit is tegyek a sz\u00edvemmel,<br \/>\nnem tudom \u0151t feledni.<br \/>\nBet\u00e9rek \u00e9n a kocsm\u00e1ba,<br \/>\nnagyon sokszor borozni<\/p>\n<p>Kocsm\u00e1rosn\u00e9 adj hitelbe,<br \/>\nn\u00e9kem egy kis borocsk\u00e1t.<br \/>\nHogy gy\u00f3gy\u00edtsam a sz\u00edvemnek,<br \/>\nminden egyes f\u00e1jdalm\u00e1t.<br \/>\nKocsm\u00e1rosn\u00e9 adj hitelbe,<br \/>\nn\u00e9kem egy kis borocsk\u00e1t.<br \/>\nJ\u00f6v\u0151 h\u00e9ten ledolgozom,<br \/>\na bornak majd az \u00e1r\u00e1t.<br \/>\n&#8212;Sz\u00f3l\u00f3&#8212;<br \/>\nNem vagyok \u00e9n boldog v\u00e9led,<br \/>\nnem tudok \u00edgy \u00e9lni m\u00e1r.<br \/>\nA bor mellett megtal\u00e1ltad,<br \/>\nazt az iv\u00f3cimbor\u00e1t.<br \/>\nKocsm\u00e1rosn\u00e9 adj hitelbe,<br \/>\nn\u00e9ki egy kis borocsk\u00e1t.<br \/>\nHogy gy\u00f3gy\u00edtsa a sz\u00edv\u00e9nek,<br \/>\nminden egyes f\u00e1jdalm\u00e1t.<br \/>\nKocsm\u00e1rosn\u00e9 adj hitelbe,<br \/>\nn\u00e9ki egy kis borocsk\u00e1t.<br \/>\nJ\u00f6v\u0151 h\u00e9ten ledolgozza,<br \/>\na bornak majd az \u00e1r\u00e1t.<br \/>\n&#8212;V\u00e9ge&#8212;<\/p>\n","protected":false},"featured_media":9707,"template":"","meta":{"site-sidebar-layout":"default","site-content-layout":"default","ast-site-content-layout":"default","site-content-style":"default","site-sidebar-style":"default","ast-global-header-display":"","ast-banner-title-visibility":"","ast-main-header-display":"","ast-hfb-above-header-display":"","ast-hfb-below-header-display":"","ast-hfb-mobile-header-display":"","site-post-title":"","ast-breadcrumbs-content":"","ast-featured-img":"","footer-sml-layout":"","theme-transparent-header-meta":"default","adv-header-id-meta":"","stick-header-meta":"","header-above-stick-meta":"","header-main-stick-meta":"","header-below-stick-meta":"","astra-migrate-meta-layouts":"set","ast-page-background-enabled":"default","ast-page-background-meta":{"desktop":{"background-color":"var(--ast-global-color-4)","background-image":"","background-repeat":"repeat","background-position":"center center","background-size":"auto","background-attachment":"scroll","background-type":"","background-media":"","overlay-type":"","overlay-color":"","overlay-opacity":"","overlay-gradient":""},"tablet":{"background-color":"","background-image":"","background-repeat":"repeat","background-position":"center center","background-size":"auto","background-attachment":"scroll","background-type":"","background-media":"","overlay-type":"","overlay-color":"","overlay-opacity":"","overlay-gradient":""},"mobile":{"background-color":"","background-image":"","background-repeat":"repeat","background-position":"center center","background-size":"auto","background-attachment":"scroll","background-type":"","background-media":"","overlay-type":"","overlay-color":"","overlay-opacity":"","overlay-gradient":""}},"ast-content-background-meta":{"desktop":{"background-color":"var(--ast-global-color-5)","background-image":"","background-repeat":"repeat","background-position":"center center","background-size":"auto","background-attachment":"scroll","background-type":"","background-media":"","overlay-type":"","overlay-color":"","overlay-opacity":"","overlay-gradient":""},"tablet":{"background-color":"var(--ast-global-color-5)","background-image":"","background-repeat":"repeat","background-position":"center center","background-size":"auto","background-attachment":"scroll","background-type":"","background-media":"","overlay-type":"","overlay-color":"","overlay-opacity":"","overlay-gradient":""},"mobile":{"background-color":"var(--ast-global-color-5)","background-image":"","background-repeat":"repeat","background-position":"center center","background-size":"auto","background-attachment":"scroll","background-type":"","background-media":"","overlay-type":"","overlay-color":"","overlay-opacity":"","overlay-gradient":""}}},"product_cat":[48],"product_tag":[],"class_list":["post-5462","product","type-product","status-publish","has-post-thumbnail","hentry","product_cat-sunkaraoke-dalok","desktop-align-left","tablet-align-left","mobile-align-left"],"_links":{"self":[{"href":"https:\/\/www.sunkaraoke.hu\/index.php\/wp-json\/wp\/v2\/product\/5462","targetHints":{"allow":["GET"]}}],"collection":[{"href":"https:\/\/www.sunkaraoke.hu\/index.php\/wp-json\/wp\/v2\/product"}],"about":[{"href":"https:\/\/www.sunkaraoke.hu\/index.php\/wp-json\/wp\/v2\/types\/product"}],"wp:featuredmedia":[{"embeddable":true,"href":"https:\/\/www.sunkaraoke.hu\/index.php\/wp-json\/wp\/v2\/media\/9707"}],"wp:attachment":[{"href":"https:\/\/www.sunkaraoke.hu\/index.php\/wp-json\/wp\/v2\/media?parent=5462"}],"wp:term":[{"taxonomy":"product_cat","embeddable":true,"href":"https:\/\/www.sunkaraoke.hu\/index.php\/wp-json\/wp\/v2\/product_cat?post=5462"},{"taxonomy":"product_tag","embeddable":true,"href":"https:\/\/www.sunkaraoke.hu\/index.php\/wp-json\/wp\/v2\/product_tag?post=5462"}],"curies":[{"name":"wp","href":"https:\/\/api.w.org\/{rel}","templated":true}]}}