{"id":5455,"date":"2022-08-08T20:49:14","date_gmt":"2022-08-08T20:49:14","guid":{"rendered":"https:\/\/www.sunkaraoke.hu\/index.php\/termek\/kaczor-ferenc-koltom-a-penzt\/"},"modified":"2025-03-28T06:54:16","modified_gmt":"2025-03-28T06:54:16","slug":"kaczor-ferenc-koltom-a-penzt","status":"publish","type":"product","link":"https:\/\/www.sunkaraoke.hu\/index.php\/termek\/kaczor-ferenc-koltom-a-penzt\/","title":{"rendered":"<div class=\"wcmp-player-container product-5455\"><audio controlslist=\"nodownload\" data-product=\"5455\"  volume=\"1\"  preload=\"none\" data-lazyloading=\"none\" class=\"wcmp-player track mejs-classic\" data-duration=\"0:31\" data-estimated_duration=\"4\"><source src=\"https:\/\/www.sunkaraoke.hu\/wp-content\/uploads\/2022\/08\/Koltom-a-penzt-Kaczor-SB._demo.mp3\" type=\"audio\/mp3\" \/><\/audio><\/div>Kaczor Ferenc &#8211; K\u00f6lt\u00f6m a p\u00e9nzt (Original)"},"content":{"rendered":"<p><strong>02:53<\/strong> | <strong><img loading=\"lazy\" decoding=\"async\" class=\"alignnone size-full wp-image-467\" src=\"https:\/\/www.sunkaraoke.hu\/wp-content\/uploads\/2022\/07\/choir_2-copy.webp\" alt=\"\" width=\"30\" height=\"30\" \/> <\/strong><\/p>\n","protected":false},"excerpt":{"rendered":"<h6><strong>Bits\u0171r\u0171s\u00e9g: 320 kb\/s<\/strong><br \/>\n<strong>Hossz: 02:53<\/strong><br \/>\n<strong>Vok\u00e1lt tartalmaz: Nem <img loading=\"lazy\" decoding=\"async\" class=\"alignnone size-full wp-image-467\" src=\"http:\/\/www.sunkaraoke.hu\/wp-content\/uploads\/2022\/07\/choir_2-copy.png\" alt=\"\" width=\"30\" height=\"30\" \/><\/strong><strong style=\"font-size: 16px;\"><br \/>\n<\/strong><\/h6>\n<p>Sunkaraoke mp3 st\u00fadi\u00f3 \/ www.sunkaraoke.hu \/ Inf: Tel: 06 20 4275001<\/p>\n<p>&#8212;Intr\u00f3&#8212;<br \/>\nA j\u00f3 Isten j\u00f3l kital\u00e1lta,<br \/>\nhogy nem viszel el semmit a t\u00falvil\u00e1gra,<br \/>\nmert nem kell oda gy\u00e9m\u00e1nt arany sem p\u00e9nz,<br \/>\n\u00fcres k\u00e9zzel m\u00e9sz el, ahogyan j\u00f6tt\u00e9l.<br \/>\nNem kell oda gy\u00e9m\u00e1nt, arany, sem p\u00e9nz,<br \/>\n\u00fcres k\u00e9zzel m\u00e9sz el, ahogyan j\u00f6tt\u00e9l.<\/p>\n<p>Ez\u00e9rt h\u00e1t k\u00f6lt\u00f6m a p\u00e9nzt nem sajn\u00e1lom,<br \/>\nhisz \u00fagysem kell a m\u00e1svil\u00e1gon,<br \/>\nnem b\u00fasulok v\u00edgan \u00e9lek,<br \/>\nmert hossz\u00fa a s\u00edr, r\u00f6vid az \u00e9let.<br \/>\nH\u00e1t k\u00f6lt\u00f6m a p\u00e9nzt nem sajn\u00e1lom,<br \/>\nhisz \u00fagysem kell a m\u00e1svil\u00e1gon,<br \/>\nnem b\u00fasulok v\u00edgan \u00e9lek,<br \/>\nmert hossz\u00fa a s\u00edr, r\u00f6vid az \u00e9let.<br \/>\n&#8212;Sz\u00f3l\u00f3&#8212;<br \/>\nA j\u00f3 Isten j\u00f3l kital\u00e1lta,<br \/>\nhogy nem viszel el semmit a t\u00falvil\u00e1gra,<br \/>\nmert nem kell oda gy\u00e9m\u00e1nt arany sem p\u00e9nz,<br \/>\n\u00fcres k\u00e9zzel m\u00e9sz el, ahogyan j\u00f6tt\u00e9l.<br \/>\nNem kell oda gy\u00e9m\u00e1nt, arany, sem p\u00e9nz,<br \/>\n\u00fcres k\u00e9zzel m\u00e9sz el, ahogyan j\u00f6tt\u00e9l.<\/p>\n<p>Ez\u00e9rt h\u00e1t k\u00f6lt\u00f6m a p\u00e9nzt, nem sajn\u00e1lom,<br \/>\nhisz \u00fagysem kell a m\u00e1svil\u00e1gon,<br \/>\nnem b\u00fasulok, v\u00edgan \u00e9lek,<br \/>\nmert hossz\u00fa a s\u00edr, r\u00f6vid az \u00e9let.<br \/>\nH\u00e1t k\u00f6lt\u00f6m a p\u00e9nzt, nem sajn\u00e1lom,<br \/>\nhisz \u00fagysem kell, a m\u00e1svil\u00e1gon,<br \/>\nnem b\u00fasulok, v\u00edgan \u00e9lek,<br \/>\nmert hossz\u00fa a s\u00edr, r\u00f6vid az \u00e9let.<br \/>\nK\u00f6lt\u00f6m a p\u00e9nzt, nem sajn\u00e1lom,<br \/>\nhisz \u00fagysem kell a m\u00e1svil\u00e1gon,<br \/>\nnem b\u00fasulok, v\u00edgan \u00e9lek,<br \/>\nmert hossz\u00fa a s\u00edr, r\u00f6vid az \u00e9let.<br \/>\nH\u00e1t k\u00f6lt\u00f6m a p\u00e9nzt, nem sajn\u00e1lom,<br \/>\nhisz \u00fagysem kell, a m\u00e1svil\u00e1gon,<br \/>\nnem b\u00fasulok, v\u00edgan \u00e9lek,<br \/>\nmert hossz\u00fa a s\u00edr, r\u00f6vid az \u00e9let.<br \/>\n&#8212;V\u00e9ge&#8212;<\/p>\n","protected":false},"featured_media":8960,"template":"","meta":{"site-sidebar-layout":"default","site-content-layout":"default","ast-site-content-layout":"default","site-content-style":"default","site-sidebar-style":"default","ast-global-header-display":"","ast-banner-title-visibility":"","ast-main-header-display":"","ast-hfb-above-header-display":"","ast-hfb-below-header-display":"","ast-hfb-mobile-header-display":"","site-post-title":"","ast-breadcrumbs-content":"","ast-featured-img":"","footer-sml-layout":"","theme-transparent-header-meta":"default","adv-header-id-meta":"","stick-header-meta":"","header-above-stick-meta":"","header-main-stick-meta":"","header-below-stick-meta":"","astra-migrate-meta-layouts":"set","ast-page-background-enabled":"default","ast-page-background-meta":{"desktop":{"background-color":"var(--ast-global-color-4)","background-image":"","background-repeat":"repeat","background-position":"center center","background-size":"auto","background-attachment":"scroll","background-type":"","background-media":"","overlay-type":"","overlay-color":"","overlay-opacity":"","overlay-gradient":""},"tablet":{"background-color":"","background-image":"","background-repeat":"repeat","background-position":"center center","background-size":"auto","background-attachment":"scroll","background-type":"","background-media":"","overlay-type":"","overlay-color":"","overlay-opacity":"","overlay-gradient":""},"mobile":{"background-color":"","background-image":"","background-repeat":"repeat","background-position":"center center","background-size":"auto","background-attachment":"scroll","background-type":"","background-media":"","overlay-type":"","overlay-color":"","overlay-opacity":"","overlay-gradient":""}},"ast-content-background-meta":{"desktop":{"background-color":"var(--ast-global-color-5)","background-image":"","background-repeat":"repeat","background-position":"center center","background-size":"auto","background-attachment":"scroll","background-type":"","background-media":"","overlay-type":"","overlay-color":"","overlay-opacity":"","overlay-gradient":""},"tablet":{"background-color":"var(--ast-global-color-5)","background-image":"","background-repeat":"repeat","background-position":"center center","background-size":"auto","background-attachment":"scroll","background-type":"","background-media":"","overlay-type":"","overlay-color":"","overlay-opacity":"","overlay-gradient":""},"mobile":{"background-color":"var(--ast-global-color-5)","background-image":"","background-repeat":"repeat","background-position":"center center","background-size":"auto","background-attachment":"scroll","background-type":"","background-media":"","overlay-type":"","overlay-color":"","overlay-opacity":"","overlay-gradient":""}}},"product_cat":[48],"product_tag":[],"class_list":["post-5455","product","type-product","status-publish","has-post-thumbnail","hentry","product_cat-sunkaraoke-dalok","desktop-align-left","tablet-align-left","mobile-align-left"],"_links":{"self":[{"href":"https:\/\/www.sunkaraoke.hu\/index.php\/wp-json\/wp\/v2\/product\/5455","targetHints":{"allow":["GET"]}}],"collection":[{"href":"https:\/\/www.sunkaraoke.hu\/index.php\/wp-json\/wp\/v2\/product"}],"about":[{"href":"https:\/\/www.sunkaraoke.hu\/index.php\/wp-json\/wp\/v2\/types\/product"}],"wp:featuredmedia":[{"embeddable":true,"href":"https:\/\/www.sunkaraoke.hu\/index.php\/wp-json\/wp\/v2\/media\/8960"}],"wp:attachment":[{"href":"https:\/\/www.sunkaraoke.hu\/index.php\/wp-json\/wp\/v2\/media?parent=5455"}],"wp:term":[{"taxonomy":"product_cat","embeddable":true,"href":"https:\/\/www.sunkaraoke.hu\/index.php\/wp-json\/wp\/v2\/product_cat?post=5455"},{"taxonomy":"product_tag","embeddable":true,"href":"https:\/\/www.sunkaraoke.hu\/index.php\/wp-json\/wp\/v2\/product_tag?post=5455"}],"curies":[{"name":"wp","href":"https:\/\/api.w.org\/{rel}","templated":true}]}}