{"id":5450,"date":"2022-08-08T20:49:13","date_gmt":"2022-08-08T20:49:13","guid":{"rendered":"https:\/\/www.sunkaraoke.hu\/index.php\/termek\/simon-duo-simon-duo-mulatos-mix-01\/"},"modified":"2025-04-27T04:38:28","modified_gmt":"2025-04-27T04:38:28","slug":"simon-duo-simon-duo-mulatos-mix-01","status":"publish","type":"product","link":"https:\/\/www.sunkaraoke.hu\/index.php\/termek\/simon-duo-simon-duo-mulatos-mix-01\/","title":{"rendered":"<div class=\"wcmp-player-container product-5450\"><audio controlslist=\"nodownload\" data-product=\"5450\"  volume=\"1\"  preload=\"none\" data-lazyloading=\"none\" class=\"wcmp-player track mejs-classic\" data-duration=\"0:37\" data-estimated_duration=\"4\"><source src=\"https:\/\/www.sunkaraoke.hu\/wp-content\/uploads\/2022\/08\/Simon-duo-Mulatos-mix-01.-SB.-kdemooo.mp3\" type=\"audio\/mp3\" \/><\/audio><\/div>Simon Duo &#8211; Simon Duo Mulat\u00f3s mix 01. (Original)"},"content":{"rendered":"<p><strong>05:51<\/strong> | <strong><img loading=\"lazy\" decoding=\"async\" class=\"alignnone size-full wp-image-467\" src=\"https:\/\/www.sunkaraoke.hu\/wp-content\/uploads\/2022\/07\/choir_2-copy.webp\" alt=\"\" width=\"30\" height=\"30\" \/> <\/strong><\/p>\n","protected":false},"excerpt":{"rendered":"<h6><strong>Bits\u0171r\u0171s\u00e9g: 320<\/strong>kb\/s<strong><br \/>\n<\/strong><strong>Hossz: <\/strong>05:51<strong><br \/>\n<\/strong><strong style=\"font-size: 16px;\">Vok\u00e1lt tartalmaz: <\/strong>Nem <img loading=\"lazy\" decoding=\"async\" class=\"alignnone size-full wp-image-467\" src=\"http:\/\/www.sunkaraoke.hu\/wp-content\/uploads\/2022\/07\/choir_2-copy.png\" alt=\"\" width=\"30\" height=\"30\" \/><strong style=\"font-size: 16px;\"><br \/>\n<\/strong><\/h6>\n<p>Sunkaraoke mp3 st\u00fadi\u00f3 \/ www.sunkaraoke.hu \/ Inf: Tel: 06 20 4275001<\/p>\n<p>&#8212;Intr\u00f3&#8212;\/\/00:29\/\/<br \/>\nH\u00e1zunk el\u0151tt v\u00e9n di\u00f3fa,t\u00e9len, ny\u00e1ron z\u00f6ld az \u00e1ga.<br \/>\n\u00c9desany\u00e1m nem sok\u00e1ig,leszek \u00e9n a maga l\u00e1nya.<br \/>\nA faluban egy leg\u00e9nynek vagyok \u00e9n a szeret\u0151je.<br \/>\n\u00c9desany\u00e1m nemsok\u00e1ra \u00e9n leszek a feles\u00e9ge.<br \/>\nA faluban egy leg\u00e9nynek vagyok \u00e9n a szeret\u0151je.<br \/>\n\u00c9desany\u00e1m nemsok\u00e1ra \u00e9n leszek a feles\u00e9ge.<br \/>\n\u00c9desany\u00e1m vessen \u00e1gyat,minden szombaton est\u00e9re.<br \/>\nKoszor\u00fat is csin\u00e1ltasson, festesse be feket\u00e9re.<br \/>\nKoszor\u00fat is kopors\u00f3t is, ha elj\u00f6n az \u00f3ra.<br \/>\nZ\u00e1rja bele a sz\u00edvemet,a fekete kopors\u00f3ba.<br \/>\nKoszor\u00fat is kopors\u00f3t is, ha elj\u00f6n az \u00f3ra.<br \/>\nZ\u00e1rja bele a sz\u00edvemet,a fekete kopors\u00f3ba.<br \/>\n&#8212;Sz\u00f3l\u00f3&#8212;\/\/01:39\/\/<br \/>\nS\u00e1rgul m\u00e1r a kukoricasz\u00e1r,<br \/>\nvadvir\u00e1gos, mad\u00e1rdalos a hat\u00e1r.<br \/>\nSz\u00e9p galambom, kicsi tubic\u00e1m,<br \/>\npatyolatos jegykend\u0151vel v\u00e1rj \u00e9nr\u00e1m.<br \/>\nPatyolatos jegykend\u0151vel, kicsi sz\u00edvem szerelm\u00e9vel,<br \/>\nl\u00e9gy az eny\u00e9m kisbab\u00e1m!<br \/>\nS\u00e1rgul m\u00e1r a kukoricasz\u00e1r,<br \/>\naz \u00e9n sz\u00edvem kis galambom t\u00e9ged v\u00e1r.<br \/>\nPatyolatos jegykend\u0151vel, kicsi sz\u00edvem szerelm\u00e9vel,<br \/>\nl\u00e9gy az eny\u00e9m kisbab\u00e1m!<br \/>\nS\u00e1rgul m\u00e1r a kukoricasz\u00e1r,<br \/>\naz \u00e9n sz\u00edvem kis galambom t\u00e9ged v\u00e1r.<br \/>\nS\u00e1rgul m\u00e1r a kukoricasz\u00e1r,<br \/>\np\u00e1ros\u00e1val k\u00f6lt\u00f6zik a kismad\u00e1r.<br \/>\n\u00c1rva f\u00e9szek a h\u00e1z eresz\u00e9n,<br \/>\nh\u00e9t falunak legszebb l\u00e1nya az eny\u00e9m.<br \/>\nH\u00e9t falunak legszebb l\u00e1nya, lelkem dalos csalog\u00e1nya,<br \/>\nf\u00e9szket rakn\u00e9k v\u00e9led \u00e9n.<br \/>\nS\u00e1rgul m\u00e1r a kukoricasz\u00e1r,<br \/>\nugye bab\u00e1m mi egym\u00e1s\u00e9 lesz\u00fcnk m\u00e1r.<br \/>\nH\u00e9t falunak legszebb l\u00e1nya, lelkem dalos csalog\u00e1nya,<br \/>\nf\u00e9szket rakn\u00e9k v\u00e9led \u00e9n.<br \/>\nS\u00e1rgul m\u00e1r a kukoricasz\u00e1r,<br \/>\nugye bab\u00e1m mi egym\u00e1s\u00e9 lesz\u00fcnk m\u00e1r.<br \/>\n&#8212;Sz\u00f3l\u00f3&#8212;\/\/03:36\/\/<br \/>\nHat nap \u00f3ta sz\u00f3l a n\u00f3ta, nem pihentem \u00e9n az\u00f3ta,<br \/>\n\u00e1t\u00f6lelve tart a p\u00e1rom, hatnak a fele h\u00e1rom.<br \/>\nA pici cs\u00f3kos sz\u00e1dat v\u00e1rom,<br \/>\n\u00fagyis te leszel a p\u00e1rom.<br \/>\nF\u00e9lrer\u00fagtam a csizma sark\u00e1t,<br \/>\nelhivattam a zirci varg\u00e1t,<br \/>\n\u00fcsse jobban r\u00e1ja,m\u00edg a banda muzsik\u00e1lja.<br \/>\nF\u00e9lrer\u00fagtam a csizma sark\u00e1t,<br \/>\nelhivattam a zirci varg\u00e1t,<br \/>\n\u00fcsse jobban r\u00e1ja,m\u00edg a banda muzsik\u00e1lja.<br \/>\nM\u00edg a banda muzsik\u00e1lja.<br \/>\nM\u00edg a banda muzsik\u00e1lja.<br \/>\n&#8212;V\u00e9ge&#8212;<\/p>\n","protected":false},"featured_media":8720,"template":"","meta":{"site-sidebar-layout":"default","site-content-layout":"default","ast-site-content-layout":"default","site-content-style":"default","site-sidebar-style":"default","ast-global-header-display":"","ast-banner-title-visibility":"","ast-main-header-display":"","ast-hfb-above-header-display":"","ast-hfb-below-header-display":"","ast-hfb-mobile-header-display":"","site-post-title":"","ast-breadcrumbs-content":"","ast-featured-img":"","footer-sml-layout":"","theme-transparent-header-meta":"default","adv-header-id-meta":"","stick-header-meta":"","header-above-stick-meta":"","header-main-stick-meta":"","header-below-stick-meta":"","astra-migrate-meta-layouts":"set","ast-page-background-enabled":"default","ast-page-background-meta":{"desktop":{"background-color":"var(--ast-global-color-4)","background-image":"","background-repeat":"repeat","background-position":"center center","background-size":"auto","background-attachment":"scroll","background-type":"","background-media":"","overlay-type":"","overlay-color":"","overlay-opacity":"","overlay-gradient":""},"tablet":{"background-color":"","background-image":"","background-repeat":"repeat","background-position":"center center","background-size":"auto","background-attachment":"scroll","background-type":"","background-media":"","overlay-type":"","overlay-color":"","overlay-opacity":"","overlay-gradient":""},"mobile":{"background-color":"","background-image":"","background-repeat":"repeat","background-position":"center center","background-size":"auto","background-attachment":"scroll","background-type":"","background-media":"","overlay-type":"","overlay-color":"","overlay-opacity":"","overlay-gradient":""}},"ast-content-background-meta":{"desktop":{"background-color":"var(--ast-global-color-5)","background-image":"","background-repeat":"repeat","background-position":"center center","background-size":"auto","background-attachment":"scroll","background-type":"","background-media":"","overlay-type":"","overlay-color":"","overlay-opacity":"","overlay-gradient":""},"tablet":{"background-color":"var(--ast-global-color-5)","background-image":"","background-repeat":"repeat","background-position":"center center","background-size":"auto","background-attachment":"scroll","background-type":"","background-media":"","overlay-type":"","overlay-color":"","overlay-opacity":"","overlay-gradient":""},"mobile":{"background-color":"var(--ast-global-color-5)","background-image":"","background-repeat":"repeat","background-position":"center center","background-size":"auto","background-attachment":"scroll","background-type":"","background-media":"","overlay-type":"","overlay-color":"","overlay-opacity":"","overlay-gradient":""}}},"product_cat":[48],"product_tag":[],"class_list":["post-5450","product","type-product","status-publish","has-post-thumbnail","hentry","product_cat-sunkaraoke-dalok","desktop-align-left","tablet-align-left","mobile-align-left"],"_links":{"self":[{"href":"https:\/\/www.sunkaraoke.hu\/index.php\/wp-json\/wp\/v2\/product\/5450","targetHints":{"allow":["GET"]}}],"collection":[{"href":"https:\/\/www.sunkaraoke.hu\/index.php\/wp-json\/wp\/v2\/product"}],"about":[{"href":"https:\/\/www.sunkaraoke.hu\/index.php\/wp-json\/wp\/v2\/types\/product"}],"wp:featuredmedia":[{"embeddable":true,"href":"https:\/\/www.sunkaraoke.hu\/index.php\/wp-json\/wp\/v2\/media\/8720"}],"wp:attachment":[{"href":"https:\/\/www.sunkaraoke.hu\/index.php\/wp-json\/wp\/v2\/media?parent=5450"}],"wp:term":[{"taxonomy":"product_cat","embeddable":true,"href":"https:\/\/www.sunkaraoke.hu\/index.php\/wp-json\/wp\/v2\/product_cat?post=5450"},{"taxonomy":"product_tag","embeddable":true,"href":"https:\/\/www.sunkaraoke.hu\/index.php\/wp-json\/wp\/v2\/product_tag?post=5450"}],"curies":[{"name":"wp","href":"https:\/\/api.w.org\/{rel}","templated":true}]}}