{"id":5440,"date":"2022-08-08T20:49:12","date_gmt":"2022-08-08T20:49:12","guid":{"rendered":"https:\/\/www.sunkaraoke.hu\/index.php\/termek\/varga-kinga-most-kell-elnem-transzp-v\/"},"modified":"2026-02-14T07:36:18","modified_gmt":"2026-02-14T05:36:18","slug":"varga-kinga-most-kell-elnem-transzp-v","status":"publish","type":"product","link":"https:\/\/www.sunkaraoke.hu\/index.php\/termek\/varga-kinga-most-kell-elnem-transzp-v\/","title":{"rendered":"<div class=\"wcmp-player-container product-5440\"><audio controlslist=\"nodownload\" data-product=\"5440\"  volume=\"1\"  preload=\"none\" data-lazyloading=\"none\" class=\"wcmp-player track mejs-classic\" data-duration=\"0:33\" data-estimated_duration=\"4\"><source src=\"https:\/\/www.sunkaraoke.hu\/wp-content\/uploads\/2022\/08\/Most-kell-elnem-transzSB.demoo_.mp3\" type=\"audio\/mp3\" \/><\/audio><\/div>Varga Kinga &#8211; Most kell \u00e9lnem (SB Edition)"},"content":{"rendered":"<p><strong>03:37<\/strong> | <strong><img loading=\"lazy\" decoding=\"async\" class=\"alignnone size-full wp-image-467\" src=\"https:\/\/www.sunkaraoke.hu\/wp-content\/uploads\/2022\/07\/choir_2-copy.webp\" alt=\"\" width=\"30\" height=\"30\" \/> <strong> | <img loading=\"lazy\" decoding=\"async\" class=\"alignnone size-full wp-image-613\" src=\"https:\/\/www.sunkaraoke.hu\/wp-content\/uploads\/2022\/07\/transzponalas.webp\" alt=\"\" width=\"30\" height=\"30\" \/> <\/strong><strong>+4<\/strong><\/strong><\/p>\n","protected":false},"excerpt":{"rendered":"<h6><strong>Bits\u0171r\u0171s\u00e9g: 320<\/strong>kb\/s<strong><br \/>\n<\/strong><strong>Hossz: <\/strong>03:37<strong><br \/>\n<\/strong><strong style=\"font-size: 16px;\">Vok\u00e1lt tartalmaz: <\/strong>Nem <img loading=\"lazy\" decoding=\"async\" class=\"alignnone size-full wp-image-467\" src=\"http:\/\/www.sunkaraoke.hu\/wp-content\/uploads\/2022\/07\/choir_2-copy.png\" alt=\"\" width=\"30\" height=\"30\" \/><strong style=\"font-size: 16px;\"><br \/>\n<\/strong><strong>Transzpon\u00e1l\u00e1s: <\/strong><img loading=\"lazy\" decoding=\"async\" class=\"alignnone size-full wp-image-613\" src=\"http:\/\/www.sunkaraoke.hu\/wp-content\/uploads\/2022\/07\/transzponalas.png\" alt=\"\" width=\"30\" height=\"30\" \/> +4<\/h6>\n<p>Sunkaraoke mp3 st\u00fadi\u00f3 \/ www.sunkaraoke.hu \/ Inf: Tel: 06 20 4275001<\/p>\n<p>&#8212;Intr\u00f3&#8212;<br \/>\nNincs t\u00f6bb gond a v\u00e1llamon,<br \/>\nm\u00e1r nem kell t\u00f6bb\u00e9 f\u00e1jdalom, h\u00e1t \u00e9g veled.<br \/>\nV\u00e9gre m\u00e1s szemsz\u00f6gb\u0151l l\u00e1thatom,<br \/>\na vil\u00e1got k\u00f6rbe t\u00e1ncolom \u00edgy j\u00f3 nekem.<br \/>\nCsak sodr\u00f3dom az \u00e1rral,<br \/>\npersze kell\u0151 m\u00e9lt\u00f3s\u00e1ggal, nem kell f\u00e9ltened.<br \/>\nSzemem nem k\u00f6nnyes m\u00e1r t\u00f6bb\u00e9,<br \/>\nak\u00e1r te \u00fagy v\u00e1lok k\u00f6dd\u00e9, v\u00e1gyam v\u00e9gtelen.<br \/>\nHa \u00e9rzed te is t\u00e1ncolj m\u00e9g,<br \/>\nhadd ny\u00edljon meg a f\u00f6ld \u00e9s \u00e9g.<\/p>\n<p>\u00c9n csakis ezt akarom, \u00e9lni szabadon ez j\u00e1r, j\u00e1r,<br \/>\nez\u00e9rt most sz\u00f3rakozom, minden rossz gondolatom, elsz\u00e1ll,sz\u00e1ll.<br \/>\nNem kell f\u00e9lnem most kell \u00e9lnem,<br \/>\nm\u00e9g megtehetem, \u00f3h, \u00f3h, \u00f3h&#8230;<br \/>\nMondd meddig v\u00e1rjam meddig k\u00e9rjem,<br \/>\nhogy gyere velem, \u00f3h, \u00f3h, \u00f3h&#8230;<br \/>\nEgy k\u00e9t h\u00f3nap s t\u00fal vagyok rajtad,<br \/>\nt\u00f6bb\u00e9 nem szaggatod b\u00fas sz\u00edvemet.<br \/>\nMost m\u00e1r minden rajtam \u00e1ll,<br \/>\nlelkem izz\u00f3 sz\u00ednpad\u00e1n sz\u00edn\u00e9szkedem.<\/p>\n<p>Csak sodr\u00f3dom az \u00e1rral,<br \/>\npersze kell\u0151 m\u00e9lt\u00f3s\u00e1ggal, nem kell f\u00e9ltened.<br \/>\nSzemem t\u00fckr\u00e9ben nem csillogsz,<br \/>\nahogy l\u00e1tom m\u00e1r csak pislogsz,lentr\u0151l integetsz.<br \/>\nHa \u00e9rzed te is t\u00e1ncolj m\u00e9g,<br \/>\nhadd ny\u00edljon meg a f\u00f6ld \u00e9s \u00e9g.<\/p>\n<p>\u00c9n csakis ezt akarom, \u00e9lni szabadon ez j\u00e1r, j\u00e1r,<br \/>\nez\u00e9rt most sz\u00f3rakozom, minden rossz gondolatom, elsz\u00e1ll,sz\u00e1ll.<br \/>\nNem kell f\u00e9lnem most kell \u00e9lnem,<br \/>\nm\u00e9g megtehetem, \u00f3h, \u00f3h, \u00f3h&#8230;<br \/>\nMondd meddig v\u00e1rjam, meddig k\u00e9rjem,<br \/>\nhogy gyere velem, \u00f3h, \u00f3h, \u00f3h&#8230;<br \/>\nN\u00e1, n\u00e1,n\u00e1&#8230;..<br \/>\n\u00c9n csakis ezt akarom, \u00e9lni szabadon ez j\u00e1r, j\u00e1r,<br \/>\nez\u00e9rt most sz\u00f3rakozom, minden rossz gondolatom, elsz\u00e1ll,sz\u00e1ll.<br \/>\nNem kell f\u00e9lnem, most kell \u00e9lnem,<br \/>\nm\u00e9g megtehetem, \u00f3h, \u00f3h, \u00f3h&#8230;<br \/>\nMondd meddig v\u00e1rjam, meddig k\u00e9rjem,<br \/>\nhogy gyere velem!<br \/>\n&#8212;V\u00e9ge&#8212;<\/p>\n","protected":false},"featured_media":18837,"template":"","meta":{"site-sidebar-layout":"default","site-content-layout":"default","ast-site-content-layout":"default","site-content-style":"default","site-sidebar-style":"default","ast-global-header-display":"","ast-banner-title-visibility":"","ast-main-header-display":"","ast-hfb-above-header-display":"","ast-hfb-below-header-display":"","ast-hfb-mobile-header-display":"","site-post-title":"","ast-breadcrumbs-content":"","ast-featured-img":"","footer-sml-layout":"","theme-transparent-header-meta":"default","adv-header-id-meta":"","stick-header-meta":"","header-above-stick-meta":"","header-main-stick-meta":"","header-below-stick-meta":"","astra-migrate-meta-layouts":"set","ast-page-background-enabled":"default","ast-page-background-meta":{"desktop":{"background-color":"var(--ast-global-color-4)","background-image":"","background-repeat":"repeat","background-position":"center center","background-size":"auto","background-attachment":"scroll","background-type":"","background-media":"","overlay-type":"","overlay-color":"","overlay-opacity":"","overlay-gradient":""},"tablet":{"background-color":"","background-image":"","background-repeat":"repeat","background-position":"center center","background-size":"auto","background-attachment":"scroll","background-type":"","background-media":"","overlay-type":"","overlay-color":"","overlay-opacity":"","overlay-gradient":""},"mobile":{"background-color":"","background-image":"","background-repeat":"repeat","background-position":"center center","background-size":"auto","background-attachment":"scroll","background-type":"","background-media":"","overlay-type":"","overlay-color":"","overlay-opacity":"","overlay-gradient":""}},"ast-content-background-meta":{"desktop":{"background-color":"var(--ast-global-color-5)","background-image":"","background-repeat":"repeat","background-position":"center center","background-size":"auto","background-attachment":"scroll","background-type":"","background-media":"","overlay-type":"","overlay-color":"","overlay-opacity":"","overlay-gradient":""},"tablet":{"background-color":"var(--ast-global-color-5)","background-image":"","background-repeat":"repeat","background-position":"center center","background-size":"auto","background-attachment":"scroll","background-type":"","background-media":"","overlay-type":"","overlay-color":"","overlay-opacity":"","overlay-gradient":""},"mobile":{"background-color":"var(--ast-global-color-5)","background-image":"","background-repeat":"repeat","background-position":"center center","background-size":"auto","background-attachment":"scroll","background-type":"","background-media":"","overlay-type":"","overlay-color":"","overlay-opacity":"","overlay-gradient":""}}},"product_cat":[48],"product_tag":[],"class_list":["post-5440","product","type-product","status-publish","has-post-thumbnail","hentry","product_cat-sunkaraoke-dalok","desktop-align-left","tablet-align-left","mobile-align-left"],"_links":{"self":[{"href":"https:\/\/www.sunkaraoke.hu\/index.php\/wp-json\/wp\/v2\/product\/5440","targetHints":{"allow":["GET"]}}],"collection":[{"href":"https:\/\/www.sunkaraoke.hu\/index.php\/wp-json\/wp\/v2\/product"}],"about":[{"href":"https:\/\/www.sunkaraoke.hu\/index.php\/wp-json\/wp\/v2\/types\/product"}],"wp:featuredmedia":[{"embeddable":true,"href":"https:\/\/www.sunkaraoke.hu\/index.php\/wp-json\/wp\/v2\/media\/18837"}],"wp:attachment":[{"href":"https:\/\/www.sunkaraoke.hu\/index.php\/wp-json\/wp\/v2\/media?parent=5440"}],"wp:term":[{"taxonomy":"product_cat","embeddable":true,"href":"https:\/\/www.sunkaraoke.hu\/index.php\/wp-json\/wp\/v2\/product_cat?post=5440"},{"taxonomy":"product_tag","embeddable":true,"href":"https:\/\/www.sunkaraoke.hu\/index.php\/wp-json\/wp\/v2\/product_tag?post=5440"}],"curies":[{"name":"wp","href":"https:\/\/api.w.org\/{rel}","templated":true}]}}