{"id":5423,"date":"2022-08-08T20:49:11","date_gmt":"2022-08-08T20:49:11","guid":{"rendered":"https:\/\/www.sunkaraoke.hu\/index.php\/termek\/henna-vanessza-lini-egy-kicsit-bulizok-eredeti-hangnem\/"},"modified":"2025-04-12T10:48:32","modified_gmt":"2025-04-12T10:48:32","slug":"henna-vanessza-lini-egy-kicsit-bulizok-eredeti-hangnem","status":"publish","type":"product","link":"https:\/\/www.sunkaraoke.hu\/index.php\/termek\/henna-vanessza-lini-egy-kicsit-bulizok-eredeti-hangnem\/","title":{"rendered":"<div class=\"wcmp-player-container product-5423\"><audio controlslist=\"nodownload\" data-product=\"5423\"  volume=\"1\"  preload=\"none\" data-lazyloading=\"none\" class=\"wcmp-player track mejs-classic\" data-duration=\"0:31\" data-estimated_duration=\"4\"><source src=\"https:\/\/www.sunkaraoke.hu\/wp-content\/uploads\/2022\/08\/Egy-kicsit-bulizok-Henna-Orig-SB.-demoo.mp3\" type=\"audio\/mp3\" \/><\/audio><\/div>Henna &#038; Vanessza &#038; Lini &#8211; Egy kicsit bulizok ( Original SB Edition)"},"content":{"rendered":"<p><strong>03:33<\/strong> | <strong><img loading=\"lazy\" decoding=\"async\" class=\"alignnone size-full wp-image-467\" src=\"https:\/\/www.sunkaraoke.hu\/wp-content\/uploads\/2022\/07\/choir_2-copy.webp\" alt=\"\" width=\"30\" height=\"30\" \/> <\/strong><\/p>\n","protected":false},"excerpt":{"rendered":"<h6><strong>Bits\u0171r\u0171s\u00e9g: 320<\/strong>kb\/s<strong><br \/>\n<\/strong><strong>Hossz: <\/strong>03:33<strong><br \/>\n<\/strong><strong style=\"font-size: 16px;\">Vok\u00e1lt tartalmaz: <\/strong>Nem <img loading=\"lazy\" decoding=\"async\" class=\"alignnone size-full wp-image-467\" src=\"http:\/\/www.sunkaraoke.hu\/wp-content\/uploads\/2022\/07\/choir_2-copy.png\" alt=\"\" width=\"30\" height=\"30\" \/><strong style=\"font-size: 16px;\"><br \/>\n<\/strong><\/h6>\n<p>Sunkaraoke mp3 st\u00fadi\u00f3 \/ www.sunkaraoke.hu \/ Inf: Tel: 06 20 4275001<\/p>\n<p>&#8212;Intr\u00f3&#8212;<\/p>\n<p>A fullos rucimat ha felveszem,<br \/>\nszikr\u00e1kat sz\u00f3rnak a pari szemek,<br \/>\nde nem adom \u00e9n senkinek a sz\u00edvemet,<br \/>\ncsak annak aki nagyon , nagyon szeret.<br \/>\nElrejteni soha soha nem fogom,<br \/>\nmert b\u00fcszke vagyok arra mit a g\u00e9p dobott,<br \/>\nlehet s vagy m vagy xxl,<br \/>\nn\u0151b\u0151l vagyok \u00e1t nem mindegy.<br \/>\nA szememmel h\u00f3d\u00edtok, a sz\u00edvemmel l\u00f3d\u00edtok,<br \/>\nde ha elj\u00f6n a hercegem, \u00e9n j\u00f3 feles\u00e9g leszek.<\/p>\n<p>De most m\u00e9g egy kicsit bulizok,hajnalig mulatok,<br \/>\neny\u00e9m a vil\u00e1g mert j\u00f3 kedvem van.<br \/>\nKocc ide kocc oda pezsg\u0151s vacsora,<br \/>\n\u00e9s nekem sz\u00f3l a cig\u00e1nymuzsika.<br \/>\n&#8212;Sz\u00f3l\u00f3&#8212;<br \/>\nAz utc\u00e1n \u00e9n ha v\u00e9gig megyek,<br \/>\nszikr\u00e1kat sz\u00f3rnak a pari szemek,<br \/>\nnem kell hozz\u00e1 nerc bunda sem \u00e9kszerek,<br \/>\nmert ragyogok \u00e9n ha kell ha nem.<br \/>\nElrejteni soha soha nem fogom,<br \/>\nmert b\u00fcszke vagyok arra mit a g\u00e9p dobott,<br \/>\nlehetek sz\u0151ke , barna, vagy tarka barka,<br \/>\nde ha csajosan n\u00e9zek olvad a falka.<\/p>\n<p>A szememmel h\u00f3d\u00edtok, a sz\u00edvemmel l\u00f3d\u00edtok,<br \/>\nde ha elj\u00f6n a hercegem, \u00e9n j\u00f3 feles\u00e9g leszek.<\/p>\n<p>De most m\u00e9g egy kicsit bulizok,hajnalig mulatok,<br \/>\neny\u00e9m a vil\u00e1g mert j\u00f3 kedvem van.<br \/>\nKocc ide kocc oda pezsg\u0151s vacsora,<br \/>\n\u00e9s nekem sz\u00f3l a cig\u00e1nymuzsika.<br \/>\nA szememmel h\u00f3d\u00edtok, a sz\u00edvemmel l\u00f3d\u00edtok,<br \/>\nde ha elj\u00f6n a hercegem, \u00e9n j\u00f3 feles\u00e9g leszek.<\/p>\n<p>De most m\u00e9g egy kicsit bulizok,hajnalig mulatok,<br \/>\neny\u00e9m a vil\u00e1g mert j\u00f3 kedvem van.<br \/>\nKocc ide kocc oda pezsg\u0151s vacsora,<br \/>\n\u00e9s nekem sz\u00f3l a cig\u00e1nymuzsika.<br \/>\nDe most m\u00e9g egy kicsit bulizok,hajnalig mulatok,<br \/>\neny\u00e9m a vil\u00e1g mert j\u00f3 kedvem van.<br \/>\nKocc ide kocc oda pezsg\u0151s vacsora,<br \/>\n\u00e9s nekem sz\u00f3l a cig\u00e1nymuzsika.<br \/>\n&#8212;V\u00e9ge&#8230;<\/p>\n","protected":false},"featured_media":9303,"template":"","meta":{"site-sidebar-layout":"default","site-content-layout":"default","ast-site-content-layout":"default","site-content-style":"default","site-sidebar-style":"default","ast-global-header-display":"","ast-banner-title-visibility":"","ast-main-header-display":"","ast-hfb-above-header-display":"","ast-hfb-below-header-display":"","ast-hfb-mobile-header-display":"","site-post-title":"","ast-breadcrumbs-content":"","ast-featured-img":"","footer-sml-layout":"","theme-transparent-header-meta":"default","adv-header-id-meta":"","stick-header-meta":"","header-above-stick-meta":"","header-main-stick-meta":"","header-below-stick-meta":"","astra-migrate-meta-layouts":"set","ast-page-background-enabled":"default","ast-page-background-meta":{"desktop":{"background-color":"var(--ast-global-color-4)","background-image":"","background-repeat":"repeat","background-position":"center center","background-size":"auto","background-attachment":"scroll","background-type":"","background-media":"","overlay-type":"","overlay-color":"","overlay-opacity":"","overlay-gradient":""},"tablet":{"background-color":"","background-image":"","background-repeat":"repeat","background-position":"center center","background-size":"auto","background-attachment":"scroll","background-type":"","background-media":"","overlay-type":"","overlay-color":"","overlay-opacity":"","overlay-gradient":""},"mobile":{"background-color":"","background-image":"","background-repeat":"repeat","background-position":"center center","background-size":"auto","background-attachment":"scroll","background-type":"","background-media":"","overlay-type":"","overlay-color":"","overlay-opacity":"","overlay-gradient":""}},"ast-content-background-meta":{"desktop":{"background-color":"var(--ast-global-color-5)","background-image":"","background-repeat":"repeat","background-position":"center center","background-size":"auto","background-attachment":"scroll","background-type":"","background-media":"","overlay-type":"","overlay-color":"","overlay-opacity":"","overlay-gradient":""},"tablet":{"background-color":"var(--ast-global-color-5)","background-image":"","background-repeat":"repeat","background-position":"center center","background-size":"auto","background-attachment":"scroll","background-type":"","background-media":"","overlay-type":"","overlay-color":"","overlay-opacity":"","overlay-gradient":""},"mobile":{"background-color":"var(--ast-global-color-5)","background-image":"","background-repeat":"repeat","background-position":"center center","background-size":"auto","background-attachment":"scroll","background-type":"","background-media":"","overlay-type":"","overlay-color":"","overlay-opacity":"","overlay-gradient":""}}},"product_cat":[48],"product_tag":[],"class_list":["post-5423","product","type-product","status-publish","has-post-thumbnail","hentry","product_cat-sunkaraoke-dalok","desktop-align-left","tablet-align-left","mobile-align-left"],"_links":{"self":[{"href":"https:\/\/www.sunkaraoke.hu\/index.php\/wp-json\/wp\/v2\/product\/5423","targetHints":{"allow":["GET"]}}],"collection":[{"href":"https:\/\/www.sunkaraoke.hu\/index.php\/wp-json\/wp\/v2\/product"}],"about":[{"href":"https:\/\/www.sunkaraoke.hu\/index.php\/wp-json\/wp\/v2\/types\/product"}],"wp:featuredmedia":[{"embeddable":true,"href":"https:\/\/www.sunkaraoke.hu\/index.php\/wp-json\/wp\/v2\/media\/9303"}],"wp:attachment":[{"href":"https:\/\/www.sunkaraoke.hu\/index.php\/wp-json\/wp\/v2\/media?parent=5423"}],"wp:term":[{"taxonomy":"product_cat","embeddable":true,"href":"https:\/\/www.sunkaraoke.hu\/index.php\/wp-json\/wp\/v2\/product_cat?post=5423"},{"taxonomy":"product_tag","embeddable":true,"href":"https:\/\/www.sunkaraoke.hu\/index.php\/wp-json\/wp\/v2\/product_tag?post=5423"}],"curies":[{"name":"wp","href":"https:\/\/api.w.org\/{rel}","templated":true}]}}