{"id":5416,"date":"2022-08-08T20:49:09","date_gmt":"2022-08-08T20:49:09","guid":{"rendered":"https:\/\/www.sunkaraoke.hu\/index.php\/termek\/piros-bela-piros-mulatos-mix-08\/"},"modified":"2025-04-07T07:13:10","modified_gmt":"2025-04-07T07:13:10","slug":"piros-bela-piros-mulatos-mix-08","status":"publish","type":"product","link":"https:\/\/www.sunkaraoke.hu\/index.php\/termek\/piros-bela-piros-mulatos-mix-08\/","title":{"rendered":"<div class=\"wcmp-player-container product-5416\"><audio controlslist=\"nodownload\" data-product=\"5416\"  volume=\"1\"  preload=\"none\" data-lazyloading=\"none\" class=\"wcmp-player track mejs-classic\" data-duration=\"0:31\" data-estimated_duration=\"4\"><source src=\"https:\/\/www.sunkaraoke.hu\/wp-content\/uploads\/2022\/08\/Piros-Bela-Mulatos-mix-08.-kdemooo.mp3\" type=\"audio\/mp3\" \/><\/audio><\/div>Piros B\u00e9la &#8211; Piros Mulat\u00f3s Mix 08. (Original)"},"content":{"rendered":"<p><strong>09:16<\/strong> | <strong><img loading=\"lazy\" decoding=\"async\" class=\"alignnone size-full wp-image-467\" src=\"https:\/\/www.sunkaraoke.hu\/wp-content\/uploads\/2022\/07\/choir_2-copy.webp\" alt=\"\" width=\"30\" height=\"30\" \/> <\/strong><\/p>\n","protected":false},"excerpt":{"rendered":"<h6><strong>Bits\u0171r\u0171s\u00e9g: 320<\/strong>kb\/s<strong><br \/>\n<\/strong><strong>Hossz: <\/strong>09:16<strong><br \/>\n<\/strong><strong style=\"font-size: 16px;\">Vok\u00e1lt tartalmaz: <\/strong>Nem <img loading=\"lazy\" decoding=\"async\" class=\"alignnone size-full wp-image-467\" src=\"http:\/\/www.sunkaraoke.hu\/wp-content\/uploads\/2022\/07\/choir_2-copy.png\" alt=\"\" width=\"30\" height=\"30\" \/><strong style=\"font-size: 16px;\"><br \/>\n<\/strong><\/h6>\n<p>Sunkaraoke mp3 st\u00fadi\u00f3 \/ www.sunkaraoke.hu \/ Inf: Tel: 06 20 4275001<\/p>\n<p>&#8212;Intr\u00f3&#8212; \/\/00:25\/\/<br \/>\nLakodalom van a mi utc\u00e1nkban,idehallik cseng\u0151 muzsik\u00e1ja.<br \/>\nHivatalos vagyok oda \u00e9n is,nem menn\u00e9k,ha sz\u00e1zszor \u00fczenn\u00e9k is.<br \/>\nHivatalos vagyok oda \u00e9n is,nem menn\u00e9k,ha sz\u00e1zszor \u00fczenn\u00e9k is.<\/p>\n<p>V\u00e9ge van m\u00e1r a lakodalomnak,nagy b\u00e1nata van a menyasszonynak.<br \/>\nForgatja a karikagy\u0171r\u0171j\u00e9t,sajn\u00e1lja a r\u00e9gi szeret\u0151j\u00e9t.<br \/>\nForgatja a karikagy\u0171r\u0171j\u00e9t,sajn\u00e1lja a r\u00e9gi szeret\u0151j\u00e9t.<\/p>\n<p>Este viszik a menyasszony \u00e1gy\u00e1t,elhagyt\u00e1k a nyoszolya n\u00e9gy l\u00e1b\u00e1t.<br \/>\nAddig,asszony,nem fekszel az \u00e1gyba,m\u00edg meg nem lesz a nyoszolya n\u00e9gy l\u00e1ba.<br \/>\nAddig,asszony,nem fekszel az \u00e1gyba,m\u00edg meg nem lesz a nyoszolya n\u00e9gy l\u00e1ba.<\/p>\n<p>Megvan m\u00e1r a nyoszolya n\u00e9gy l\u00e1ba,most m\u00e1r,asszony,befekhetsz az \u00e1gyba.<br \/>\nTedd a l\u00e1bad \u201eV\u201d-bet\u0171 form\u00e1ba,hadd mozogjon a nyoszolya n\u00e9gy l\u00e1ba!<br \/>\nTedd a l\u00e1bad \u201eV\u201d-bet\u0171 form\u00e1ba,hadd mozogjon a nyoszolya n\u00e9gy l\u00e1ba!<br \/>\n&#8212;Sz\u00f3l\u00f3&#8212;\/\/02:18\/\/<br \/>\nUtc\u00e1ra ny\u00edlik a kocsmaajt\u00f3,kihallatszik bel\u0151le a sz\u00e9p muzsikasz\u00f3.<br \/>\nS\u00f6rt ide,bort ide,te sz\u00e9p barna l\u00e1ny,az any\u00e1d,hadd mulatom ki magam igaz\u00e1n!<br \/>\nS\u00f6rt ide,bort ide,te sz\u00e9p barna l\u00e1ny,az any\u00e1d,hadd mulatom ki magam igaz\u00e1n!<\/p>\n<p>Szeretni,szeretni szerettelek,feles\u00e9g\u00fcl elvenni sose mertelek.<br \/>\nmenyasszonyi f\u00e1tyol a fejedre ker\u00fcl ha ker\u00fcl,sz\u00edvem a b\u00e1natba belemer\u00fcl,<br \/>\nmenyasszonyi f\u00e1tyol a fejedre ker\u00fcl ha ker\u00fcl,sz\u00edvem a b\u00e1natba belemer\u00fcl.<\/p>\n<p>M\u00e1hoz egy h\u00e9tre m\u00e1r nem leszek itt,elvisz a gyorsvonat engemet is.<br \/>\nGyors vonat,sebes vonat valahol meg\u00e1ll,ha meg\u00e1ll, ny\u00fajtom a jobb kezem szervusz bab\u00e1m.<br \/>\nGyors vonat,sebes vonat valahol meg\u00e1ll,ha meg\u00e1ll.ny\u00fajtom a jobb kezem szervusz bab\u00e1m.<br \/>\n&#8212;Sz\u00f3l\u00f3&#8212;\/\/03:38\/\/<br \/>\nNyitva van a sz\u00e1zados \u00far ablaka,barna kisl\u00e1ny s\u00edrva s\u00e9t\u00e1l alatta.<br \/>\n\u00c1llj meg,kisl\u00e1ny,barna kisl\u00e1ny,egy sz\u00f3ra!Te leszel a sz\u00edvem v\u00edgasztal\u00f3ja.<br \/>\n\u00c1llj meg,kisl\u00e1ny,barna kisl\u00e1ny,egy sz\u00f3ra!Te leszel a sz\u00edvem v\u00edgasztal\u00f3ja.<\/p>\n<p>Nem \u00e1llok meg a sz\u00e1zados \u00far szav\u00e1ra,nem leszek a sz\u00e1zados \u00far bab\u00e1ja.<br \/>\nVan m\u00e1r n\u00e9kem a sz\u00e1zadj\u00e1ban egy k\u00f6zleg\u00e9ny,kit nem adn\u00e9k,sz\u00e1zados \u00far,mag\u00e1\u00e9rt.<br \/>\nVan m\u00e1r n\u00e9kem a sz\u00e1zadj\u00e1ban egy k\u00f6zleg\u00e9ny,kit nem adn\u00e9k,sz\u00e1zados \u00far,mag\u00e1\u00e9rt.<\/p>\n<p>A k\u00f6zleg\u00e9ny elesik a csat\u00e1ban,ki borul a barna kisl\u00e1ny v\u00e1ll\u00e1ra?<br \/>\nHa elesik,sz\u00e1lljon \u00e1ld\u00e1s por\u00e1ra,m\u00e9gsem leszek a sz\u00e1zados \u00far bab\u00e1ja.<br \/>\nHa elesik,sz\u00e1lljon \u00e1ld\u00e1s por\u00e1ra,m\u00e9gsem leszek a sz\u00e1zados \u00far bab\u00e1ja.<br \/>\n&#8212;Sz\u00f3l\u00f3&#8212;<br \/>\nK\u00e1poszta,k\u00e1poszta,t\u00e9li,ny\u00e1ri k\u00e1poszta.<br \/>\n\u00c9desany\u00e1m h\u00e1za n\u00e1lam n\u00e9lk\u00fcl de \u00e1rva!<br \/>\nAz van a k\u00e1poszta kacskaring\u00f3s level\u00e9re r\u00e1\u00edrva.<br \/>\n\u00c9rted vagyok,r\u00f3zs\u00e1m,h\u00e1rom \u00e9vig katona.<br \/>\nAz van a k\u00e1poszta kacskaring\u00f3s level\u00e9re r\u00e1\u00edrva.<br \/>\n\u00c9rted vagyok,r\u00f3zs\u00e1m,h\u00e1rom \u00e9vig katona.<\/p>\n<p>Led\u0171l\u00f6tt,led\u0171l\u00f6tt a sz\u00e9naboglya teteje,<br \/>\ng\u00f3lyamad\u00e1r,sej-haj,f\u00e9szket rakott bel\u0151le.<br \/>\nG\u00f3lyamad\u00e1r,sej-haj,sz\u00e9pen kelepel a h\u00e1ztet\u0151n.<br \/>\nElhagyott,elhagyott a m\u00e1l\u00e9sz\u00e1j\u00fa szeret\u0151m.<br \/>\nHa elhagyott,sej-haj,m\u00e1sat keresek a hely\u00e9be.<br \/>\nNem leszek,nem leszek senki megunt szeret\u0151je.<br \/>\n&#8211;Sz\u00f3l\u00f3&#8212;\/\/06:54\/\/<br \/>\nAlma a fa alatt,ny\u00e1ri,piros alma,engem gyal\u00e1z a szeret\u0151m \u00e9desanyja.<br \/>\nEngem gyal\u00e1z,engem tesz a,vesz a sz\u00f3ra.<br \/>\nSzeretem a l\u00e1ny\u00e1t,nem tehetek r\u00f3la.<br \/>\nEngem gyal\u00e1z,engem tesz a,vesz a sz\u00f3ra.<br \/>\nSzeretem a l\u00e1ny\u00e1t,nem tehetek r\u00f3la.<\/p>\n<p>Aranyos B\u00f6zsik\u00e9m,fogsz te \u00e9rtem s\u00edrni,fogsz te \u00e9rtem gy\u00e1szos leveleket \u00edrni.<br \/>\nElb\u00facs\u00fazom t\u0151led egy vas\u00e1rnap este.<br \/>\nAranyos B\u00f6zsik\u00e9m,jutok m\u00e9g eszedbe.<br \/>\nElb\u00facs\u00fazom t\u0151led egy vas\u00e1rnap este.<br \/>\nAranyos B\u00f6zsik\u00e9m,jutok m\u00e9g eszedbe.<br \/>\n&#8212;Sz\u00f3l\u00f3&#8212;\/\/07:55\/\/<br \/>\nHajlik a r\u00f3zsafa,hajlik a l\u00e1ny,t\u00e1ncra perd\u00fcl,ha h\u00fazza a cig\u00e1ny.<br \/>\nHallod-e,hallod-e,barna bab\u00e1m,adsz-e cs\u00f3kot,szeretsz-e igaz\u00e1n?<br \/>\nHej,ha ez az \u00e9jszaka h\u00e1rom teljes h\u00e9tig tartana!<br \/>\nHajlik a r\u00f3zsafa,hajlik a l\u00e1ny,t\u00e1ncra perd\u00fcl,ha h\u00fazza a cig\u00e1ny.<br \/>\nHej,ha ez az \u00e9jszaka h\u00e1rom teljes h\u00e9tig tartana!<br \/>\nHajlik a r\u00f3zsafa,hajlik a l\u00e1ny,t\u00e1ncra perd\u00fcl,ha h\u00fazza a cig\u00e1ny.<br \/>\nHajlik a r\u00f3zsafa,hajlik a l\u00e1ny,t\u00e1ncra perd\u00fcl,ha h\u00fazza a cig\u00e1ny.<br \/>\nHallod-e,hallod-e,kis csapod\u00e1r,m\u00e9rt futsz t\u0151lem?Karomba gyere m\u00e1r!<br \/>\nHej,ha egyszer megfoglak,\u00e9des r\u00f3zs\u00e1m,j\u00f3l megforgatlak.<br \/>\nJ\u00f6jj ide!Hallod-e?J\u00f6jj szapor\u00e1n!N\u00e9k\u00fcnk h\u00fazza a cig\u00e1ny,a cig\u00e1ny.<br \/>\nHej,ha egyszer megfoglak,\u00e9des r\u00f3zs\u00e1m,j\u00f3l megforgatlak.<br \/>\nJ\u00f6jj ide!Hallod-e?J\u00f6jj szapor\u00e1n!N\u00e9k\u00fcnk h\u00fazza a cig\u00e1ny,a cig\u00e1ny.<br \/>\n&#8212;V\u00e9ge&#8212;<\/p>\n","protected":false},"featured_media":12989,"template":"","meta":{"site-sidebar-layout":"default","site-content-layout":"default","ast-site-content-layout":"default","site-content-style":"default","site-sidebar-style":"default","ast-global-header-display":"","ast-banner-title-visibility":"","ast-main-header-display":"","ast-hfb-above-header-display":"","ast-hfb-below-header-display":"","ast-hfb-mobile-header-display":"","site-post-title":"","ast-breadcrumbs-content":"","ast-featured-img":"","footer-sml-layout":"","theme-transparent-header-meta":"default","adv-header-id-meta":"","stick-header-meta":"","header-above-stick-meta":"","header-main-stick-meta":"","header-below-stick-meta":"","astra-migrate-meta-layouts":"set","ast-page-background-enabled":"default","ast-page-background-meta":{"desktop":{"background-color":"var(--ast-global-color-4)","background-image":"","background-repeat":"repeat","background-position":"center center","background-size":"auto","background-attachment":"scroll","background-type":"","background-media":"","overlay-type":"","overlay-color":"","overlay-opacity":"","overlay-gradient":""},"tablet":{"background-color":"","background-image":"","background-repeat":"repeat","background-position":"center center","background-size":"auto","background-attachment":"scroll","background-type":"","background-media":"","overlay-type":"","overlay-color":"","overlay-opacity":"","overlay-gradient":""},"mobile":{"background-color":"","background-image":"","background-repeat":"repeat","background-position":"center center","background-size":"auto","background-attachment":"scroll","background-type":"","background-media":"","overlay-type":"","overlay-color":"","overlay-opacity":"","overlay-gradient":""}},"ast-content-background-meta":{"desktop":{"background-color":"var(--ast-global-color-5)","background-image":"","background-repeat":"repeat","background-position":"center center","background-size":"auto","background-attachment":"scroll","background-type":"","background-media":"","overlay-type":"","overlay-color":"","overlay-opacity":"","overlay-gradient":""},"tablet":{"background-color":"var(--ast-global-color-5)","background-image":"","background-repeat":"repeat","background-position":"center center","background-size":"auto","background-attachment":"scroll","background-type":"","background-media":"","overlay-type":"","overlay-color":"","overlay-opacity":"","overlay-gradient":""},"mobile":{"background-color":"var(--ast-global-color-5)","background-image":"","background-repeat":"repeat","background-position":"center center","background-size":"auto","background-attachment":"scroll","background-type":"","background-media":"","overlay-type":"","overlay-color":"","overlay-opacity":"","overlay-gradient":""}}},"product_cat":[48],"product_tag":[],"class_list":["post-5416","product","type-product","status-publish","has-post-thumbnail","hentry","product_cat-sunkaraoke-dalok","desktop-align-left","tablet-align-left","mobile-align-left"],"_links":{"self":[{"href":"https:\/\/www.sunkaraoke.hu\/index.php\/wp-json\/wp\/v2\/product\/5416","targetHints":{"allow":["GET"]}}],"collection":[{"href":"https:\/\/www.sunkaraoke.hu\/index.php\/wp-json\/wp\/v2\/product"}],"about":[{"href":"https:\/\/www.sunkaraoke.hu\/index.php\/wp-json\/wp\/v2\/types\/product"}],"wp:featuredmedia":[{"embeddable":true,"href":"https:\/\/www.sunkaraoke.hu\/index.php\/wp-json\/wp\/v2\/media\/12989"}],"wp:attachment":[{"href":"https:\/\/www.sunkaraoke.hu\/index.php\/wp-json\/wp\/v2\/media?parent=5416"}],"wp:term":[{"taxonomy":"product_cat","embeddable":true,"href":"https:\/\/www.sunkaraoke.hu\/index.php\/wp-json\/wp\/v2\/product_cat?post=5416"},{"taxonomy":"product_tag","embeddable":true,"href":"https:\/\/www.sunkaraoke.hu\/index.php\/wp-json\/wp\/v2\/product_tag?post=5416"}],"curies":[{"name":"wp","href":"https:\/\/api.w.org\/{rel}","templated":true}]}}