{"id":5405,"date":"2022-08-08T20:49:08","date_gmt":"2022-08-08T20:49:08","guid":{"rendered":"https:\/\/www.sunkaraoke.hu\/index.php\/termek\/tajtiboy-masfel-hete-2018\/"},"modified":"2025-09-28T07:37:04","modified_gmt":"2025-09-28T05:37:04","slug":"tajtiboy-masfel-hete-2018","status":"publish","type":"product","link":"https:\/\/www.sunkaraoke.hu\/index.php\/termek\/tajtiboy-masfel-hete-2018\/","title":{"rendered":"<div class=\"wcmp-player-container product-5405\"><audio controlslist=\"nodownload\" data-product=\"5405\"  volume=\"1\"  preload=\"none\" data-lazyloading=\"none\" class=\"wcmp-player track mejs-classic\" data-duration=\"0:33\" data-estimated_duration=\"4\"><source src=\"https:\/\/www.sunkaraoke.hu\/wp-content\/uploads\/2022\/08\/Masfel-hete-2018.-PB.-kdemoo.mp3\" type=\"audio\/mp3\" \/><\/audio><\/div>Tajtiboy &#8211; M\u00e1sf\u00e9l hete (Original PB Edition)"},"content":{"rendered":"<p><strong>04:00<\/strong> | <strong><img loading=\"lazy\" decoding=\"async\" class=\"alignnone size-full wp-image-467\" src=\"https:\/\/www.sunkaraoke.hu\/wp-content\/uploads\/2022\/07\/choir_2-copy.webp\" alt=\"\" width=\"30\" height=\"30\" \/> <\/strong><\/p>\n","protected":false},"excerpt":{"rendered":"<h6><strong>Bits\u0171r\u0171s\u00e9g: 320<\/strong>kb\/s<strong><br \/>\n<\/strong><strong>Hossz: <\/strong>04:00<strong><br \/>\n<\/strong><strong style=\"font-size: 16px;\">Vok\u00e1lt tartalmaz: <\/strong>Nem <img loading=\"lazy\" decoding=\"async\" class=\"alignnone size-full wp-image-467\" src=\"http:\/\/www.sunkaraoke.hu\/wp-content\/uploads\/2022\/07\/choir_2-copy.png\" alt=\"\" width=\"30\" height=\"30\" \/><strong style=\"font-size: 16px;\"><br \/>\n<\/strong><\/h6>\n<p>Sunkaraoke mp3 st\u00fadi\u00f3 \/ www.sunkaraoke.hu \/ Inf: Tel: 06 20 4275001<\/p>\n<p>&#8212;Intr\u00f3&#8212;<br \/>\nM\u00e1sf\u00e9l hete hogy a bab\u00e1m nem l\u00e1ttam,<br \/>\nm\u00e1sf\u00e9l hete erd\u0151t, mez\u0151t bej\u00e1rtam.<br \/>\nNem tudom, hogy hov\u00e1 lett a kedvesem,<br \/>\ncsak azt tudom, hogy itt hagyott \u00f6r\u00f6kre.<br \/>\nNem tudom hogy, hov\u00e1 lett a kedvesem,<br \/>\ncsak azt tudom, hogy itt hagyott \u00f6r\u00f6kre.<\/p>\n<p>Hogyha n\u00e9ha kimegyek az udvarra,<br \/>\nszemben velem \u00e1ll egy \u00f6reg di\u00f3fa.<br \/>\nHej di\u00f3fa mit tett\u00e9l a bab\u00e1mmal,<br \/>\nami\u00f3ta az \u00e1gadat lev\u00e1gtam.<br \/>\nHej di\u00f3fa mit tett\u00e9l a bab\u00e1mmal,<br \/>\nami\u00f3ta az \u00e1gadat lev\u00e1gtam.<\/p>\n<p>M\u00e1sf\u00e9l hete ha nevetek ha s\u00edrok,<br \/>\nakkor is csak a bab\u00e1mra gondolok.<br \/>\nNem tudom, hogy mi lesz ennek a v\u00e9ge,<br \/>\nha visszaj\u00f6n, megyek e majd el\u00e9be.<br \/>\nNem tudom, hogy mi lesz ennek a v\u00e9ge,<br \/>\nha visszaj\u00f6n, megyek e majd el\u00e9be.<\/p>\n<p>M\u00e1sf\u00e9l hete hogy a bab\u00e1m nem l\u00e1ttam,<br \/>\nm\u00e1sf\u00e9l hete erd\u0151t, mez\u0151t bej\u00e1rtam.<br \/>\nNem tudom, hogy hov\u00e1 lett a kedvesem,<br \/>\ncsak azt tudom, hogy mennyire szeretem.<br \/>\nNem tudom hogy, hov\u00e1 lett a kedvesem,<br \/>\ncsak azt tudom, hogy mennyire szeretem.<br \/>\n&#8212;Sz\u00f3l\u00f3&#8212;\/\/01:50\/\/<br \/>\nM\u00e1sf\u00e9l hete hogy a bab\u00e1m nem l\u00e1ttam,<br \/>\nm\u00e1sf\u00e9l hete erd\u0151t, mez\u0151t bej\u00e1rtam.<br \/>\nNem tudom, hogy hov\u00e1 lett a kedvesem,<br \/>\ncsak azt tudom, hogy itt hagyott \u00f6r\u00f6kre.<br \/>\nNem tudom hogy, hov\u00e1 lett a kedvesem,<br \/>\ncsak azt tudom, hogy itt hagyott \u00f6r\u00f6kre.<\/p>\n<p>Hogyha n\u00e9ha kimegyek az udvarra,<br \/>\nszemben velem \u00e1ll egy \u00f6reg di\u00f3fa.<br \/>\nHej di\u00f3fa mit tett\u00e9l a bab\u00e1mmal,<br \/>\nami\u00f3ta az \u00e1gadat lev\u00e1gtam.<br \/>\nHej di\u00f3fa mit tett\u00e9l a bab\u00e1mmal,<br \/>\nami\u00f3ta az \u00e1gadat lev\u00e1gtam.<\/p>\n<p>M\u00e1sf\u00e9l hete ha nevetek ha s\u00edrok,<br \/>\nakkor is csak a bab\u00e1mra gondolok.<br \/>\nNem tudom, hogy mi lesz ennek a v\u00e9ge,<br \/>\nha visszaj\u00f6n, megyek e majd el\u00e9be.<br \/>\nNem tudom, hogy mi lesz ennek a v\u00e9ge,<br \/>\nha visszaj\u00f6n, megyek e majd el\u00e9be.<\/p>\n<p>M\u00e1sf\u00e9l hete hogy a bab\u00e1m nem l\u00e1ttam,<br \/>\nm\u00e1sf\u00e9l hete erd\u0151t, mez\u0151t bej\u00e1rtam.<br \/>\nNem tudom, hogy hov\u00e1 lett a kedvesem,<br \/>\ncsak azt tudom, hogy mennyire szeretem.<br \/>\nNem tudom hogy, hov\u00e1 lett a kedvesem,<br \/>\ncsak azt tudom, hogy mennyire szeretem.<br \/>\n&#8212;V\u00e9ge&#8212;<\/p>\n","protected":false},"featured_media":9020,"template":"","meta":{"site-sidebar-layout":"default","site-content-layout":"default","ast-site-content-layout":"default","site-content-style":"default","site-sidebar-style":"default","ast-global-header-display":"","ast-banner-title-visibility":"","ast-main-header-display":"","ast-hfb-above-header-display":"","ast-hfb-below-header-display":"","ast-hfb-mobile-header-display":"","site-post-title":"","ast-breadcrumbs-content":"","ast-featured-img":"","footer-sml-layout":"","theme-transparent-header-meta":"default","adv-header-id-meta":"","stick-header-meta":"","header-above-stick-meta":"","header-main-stick-meta":"","header-below-stick-meta":"","astra-migrate-meta-layouts":"set","ast-page-background-enabled":"default","ast-page-background-meta":{"desktop":{"background-color":"var(--ast-global-color-4)","background-image":"","background-repeat":"repeat","background-position":"center center","background-size":"auto","background-attachment":"scroll","background-type":"","background-media":"","overlay-type":"","overlay-color":"","overlay-opacity":"","overlay-gradient":""},"tablet":{"background-color":"","background-image":"","background-repeat":"repeat","background-position":"center center","background-size":"auto","background-attachment":"scroll","background-type":"","background-media":"","overlay-type":"","overlay-color":"","overlay-opacity":"","overlay-gradient":""},"mobile":{"background-color":"","background-image":"","background-repeat":"repeat","background-position":"center center","background-size":"auto","background-attachment":"scroll","background-type":"","background-media":"","overlay-type":"","overlay-color":"","overlay-opacity":"","overlay-gradient":""}},"ast-content-background-meta":{"desktop":{"background-color":"var(--ast-global-color-5)","background-image":"","background-repeat":"repeat","background-position":"center center","background-size":"auto","background-attachment":"scroll","background-type":"","background-media":"","overlay-type":"","overlay-color":"","overlay-opacity":"","overlay-gradient":""},"tablet":{"background-color":"var(--ast-global-color-5)","background-image":"","background-repeat":"repeat","background-position":"center center","background-size":"auto","background-attachment":"scroll","background-type":"","background-media":"","overlay-type":"","overlay-color":"","overlay-opacity":"","overlay-gradient":""},"mobile":{"background-color":"var(--ast-global-color-5)","background-image":"","background-repeat":"repeat","background-position":"center center","background-size":"auto","background-attachment":"scroll","background-type":"","background-media":"","overlay-type":"","overlay-color":"","overlay-opacity":"","overlay-gradient":""}}},"product_cat":[48],"product_tag":[],"class_list":["post-5405","product","type-product","status-publish","has-post-thumbnail","hentry","product_cat-sunkaraoke-dalok","desktop-align-left","tablet-align-left","mobile-align-left"],"_links":{"self":[{"href":"https:\/\/www.sunkaraoke.hu\/index.php\/wp-json\/wp\/v2\/product\/5405","targetHints":{"allow":["GET"]}}],"collection":[{"href":"https:\/\/www.sunkaraoke.hu\/index.php\/wp-json\/wp\/v2\/product"}],"about":[{"href":"https:\/\/www.sunkaraoke.hu\/index.php\/wp-json\/wp\/v2\/types\/product"}],"wp:featuredmedia":[{"embeddable":true,"href":"https:\/\/www.sunkaraoke.hu\/index.php\/wp-json\/wp\/v2\/media\/9020"}],"wp:attachment":[{"href":"https:\/\/www.sunkaraoke.hu\/index.php\/wp-json\/wp\/v2\/media?parent=5405"}],"wp:term":[{"taxonomy":"product_cat","embeddable":true,"href":"https:\/\/www.sunkaraoke.hu\/index.php\/wp-json\/wp\/v2\/product_cat?post=5405"},{"taxonomy":"product_tag","embeddable":true,"href":"https:\/\/www.sunkaraoke.hu\/index.php\/wp-json\/wp\/v2\/product_tag?post=5405"}],"curies":[{"name":"wp","href":"https:\/\/api.w.org\/{rel}","templated":true}]}}