{"id":5400,"date":"2022-08-08T20:49:07","date_gmt":"2022-08-08T20:49:07","guid":{"rendered":"https:\/\/www.sunkaraoke.hu\/index.php\/termek\/v-zoy-a-fold\/"},"modified":"2025-12-21T17:37:37","modified_gmt":"2025-12-21T15:37:37","slug":"v-zoy-a-fold","status":"publish","type":"product","link":"https:\/\/www.sunkaraoke.hu\/index.php\/termek\/v-zoy-a-fold\/","title":{"rendered":"<div class=\"wcmp-player-container product-5400\"><audio controlslist=\"nodownload\" data-product=\"5400\"  volume=\"1\"  preload=\"none\" data-lazyloading=\"none\" class=\"wcmp-player track mejs-classic\" data-duration=\"0:30\" data-estimated_duration=\"3\"><source src=\"https:\/\/www.sunkaraoke.hu\/wp-content\/uploads\/2022\/08\/A-fold-Vzoy-SB.-karaoke_demo.mp3\" type=\"audio\/mp3\" \/><\/audio><\/div>V-Zoy &#8211; A f\u00f6ld (Original)"},"content":{"rendered":"<p><strong>03:21<\/strong> | <strong><img loading=\"lazy\" decoding=\"async\" class=\"alignnone size-full wp-image-467\" src=\"https:\/\/www.sunkaraoke.hu\/wp-content\/uploads\/2022\/07\/choir_2-copy.webp\" alt=\"\" width=\"30\" height=\"30\" \/> <\/strong><\/p>\n","protected":false},"excerpt":{"rendered":"<h5>Bits\u0171r\u0171s\u00e9g: 320 kb\/s<br \/>\nHossz: 03:21<br \/>\nVok\u00e1lt tartalmaz: Nem <img loading=\"lazy\" decoding=\"async\" class=\"alignnone size-full wp-image-467\" src=\"http:\/\/www.sunkaraoke.hu\/wp-content\/uploads\/2022\/07\/choir_2-copy.png\" alt=\"\" width=\"30\" height=\"30\" \/><strong style=\"font-size: 16px;\"><br \/>\n<\/strong><\/h5>\n<p>Sunkaraoke mp3 st\u00fadi\u00f3 \/ www.sunkaraoke.hu \/ Inf: Tel: 06 20 4275001<\/p>\n<p>&#8212;Intr\u00f3&#8212;<br \/>\n\u00c1t\u00e9ltem annyi j\u00f3t \u00e9s sok rosszat m\u00e1r \u00e9n,<br \/>\nt\u00e9pett az \u00e9let n\u00e9ha, engem t\u00e9pett sz\u00e9t.<br \/>\nTudtam hogy j\u00f3 lesz egyszer, mi\u00e9rt ne lenne j\u00f3,<br \/>\nj\u00f3l esne n\u00e9ha n\u00e9ha, egy k\u00e9t kedves sz\u00f3.<br \/>\nA f\u00f6ld az soha nem \u00e1ll mindig csak forog,<br \/>\nsokszor m\u00e1r azt sem tudom, vajon hol vagyok.<br \/>\nLehull\u00f3 falevelek, azt s\u00fagj\u00e1k nekem,<br \/>\nmi egyszer elm\u00falt nem j\u00f6n vissza soha sem.<br \/>\n&#8212;Sz\u00f3l\u00f3&#8212;<br \/>\nMint egy haj\u00f3 messze innen az \u00e9let tenger\u00e9n,<br \/>\n\u00fagy \u00e9rzem mindent megteszek hogy c\u00e9lba \u00e9rjek \u00e9n.<br \/>\nTudtam hogy j\u00f3 lesz egyszer, mi\u00e9rt ne lenne j\u00f3,<br \/>\nj\u00f3l esne n\u00e9ha n\u00e9ha, egy k\u00e9t kedves sz\u00f3.<br \/>\nA f\u00f6ld az soha nem \u00e1ll mindig csak forog,<br \/>\nsokszor m\u00e1r azt sem tudom, vajon hol vagyok.<br \/>\nLehull\u00f3 falevelek, azt s\u00fagj\u00e1k nekem,<br \/>\nmi egyszer elm\u00falt nem j\u00f6n vissza soha sem.<br \/>\n&#8212;Sz\u00f3l\u00f3&#8212;<br \/>\nA f\u00f6ld az soha nem \u00e1ll mindig csak forog,<br \/>\nsokszor m\u00e1r azt sem tudom, vajon hol vagyok.<br \/>\nLehull\u00f3 falevelek, azt s\u00fagj\u00e1k nekem,<br \/>\nmi egyszer elm\u00falt nem j\u00f6n vissza soha sem.<br \/>\nA f\u00f6ld az soha nem \u00e1ll mindig csak forog,<br \/>\nsokszor m\u00e1r azt sem tudom, vajon hol vagyok.<br \/>\nLehull\u00f3 falevelek, azt s\u00fagj\u00e1k nekem,<br \/>\nmi egyszer elm\u00falt nem j\u00f6n vissza soha sem.<br \/>\nMi egyszer elm\u00falt nem j\u00f6n vissza soha sem.<br \/>\n&#8212;V\u00e9ge&#8212;<\/p>\n","protected":false},"featured_media":9681,"template":"","meta":{"site-sidebar-layout":"default","site-content-layout":"default","ast-site-content-layout":"default","site-content-style":"default","site-sidebar-style":"default","ast-global-header-display":"","ast-banner-title-visibility":"","ast-main-header-display":"","ast-hfb-above-header-display":"","ast-hfb-below-header-display":"","ast-hfb-mobile-header-display":"","site-post-title":"","ast-breadcrumbs-content":"","ast-featured-img":"","footer-sml-layout":"","theme-transparent-header-meta":"default","adv-header-id-meta":"","stick-header-meta":"","header-above-stick-meta":"","header-main-stick-meta":"","header-below-stick-meta":"","astra-migrate-meta-layouts":"set","ast-page-background-enabled":"default","ast-page-background-meta":{"desktop":{"background-color":"var(--ast-global-color-4)","background-image":"","background-repeat":"repeat","background-position":"center center","background-size":"auto","background-attachment":"scroll","background-type":"","background-media":"","overlay-type":"","overlay-color":"","overlay-opacity":"","overlay-gradient":""},"tablet":{"background-color":"","background-image":"","background-repeat":"repeat","background-position":"center center","background-size":"auto","background-attachment":"scroll","background-type":"","background-media":"","overlay-type":"","overlay-color":"","overlay-opacity":"","overlay-gradient":""},"mobile":{"background-color":"","background-image":"","background-repeat":"repeat","background-position":"center center","background-size":"auto","background-attachment":"scroll","background-type":"","background-media":"","overlay-type":"","overlay-color":"","overlay-opacity":"","overlay-gradient":""}},"ast-content-background-meta":{"desktop":{"background-color":"var(--ast-global-color-5)","background-image":"","background-repeat":"repeat","background-position":"center center","background-size":"auto","background-attachment":"scroll","background-type":"","background-media":"","overlay-type":"","overlay-color":"","overlay-opacity":"","overlay-gradient":""},"tablet":{"background-color":"var(--ast-global-color-5)","background-image":"","background-repeat":"repeat","background-position":"center center","background-size":"auto","background-attachment":"scroll","background-type":"","background-media":"","overlay-type":"","overlay-color":"","overlay-opacity":"","overlay-gradient":""},"mobile":{"background-color":"var(--ast-global-color-5)","background-image":"","background-repeat":"repeat","background-position":"center center","background-size":"auto","background-attachment":"scroll","background-type":"","background-media":"","overlay-type":"","overlay-color":"","overlay-opacity":"","overlay-gradient":""}}},"product_cat":[48],"product_tag":[],"class_list":["post-5400","product","type-product","status-publish","has-post-thumbnail","hentry","product_cat-sunkaraoke-dalok","desktop-align-left","tablet-align-left","mobile-align-left"],"_links":{"self":[{"href":"https:\/\/www.sunkaraoke.hu\/index.php\/wp-json\/wp\/v2\/product\/5400","targetHints":{"allow":["GET"]}}],"collection":[{"href":"https:\/\/www.sunkaraoke.hu\/index.php\/wp-json\/wp\/v2\/product"}],"about":[{"href":"https:\/\/www.sunkaraoke.hu\/index.php\/wp-json\/wp\/v2\/types\/product"}],"wp:featuredmedia":[{"embeddable":true,"href":"https:\/\/www.sunkaraoke.hu\/index.php\/wp-json\/wp\/v2\/media\/9681"}],"wp:attachment":[{"href":"https:\/\/www.sunkaraoke.hu\/index.php\/wp-json\/wp\/v2\/media?parent=5400"}],"wp:term":[{"taxonomy":"product_cat","embeddable":true,"href":"https:\/\/www.sunkaraoke.hu\/index.php\/wp-json\/wp\/v2\/product_cat?post=5400"},{"taxonomy":"product_tag","embeddable":true,"href":"https:\/\/www.sunkaraoke.hu\/index.php\/wp-json\/wp\/v2\/product_tag?post=5400"}],"curies":[{"name":"wp","href":"https:\/\/api.w.org\/{rel}","templated":true}]}}