{"id":5399,"date":"2022-08-08T20:49:07","date_gmt":"2022-08-08T20:49:07","guid":{"rendered":"https:\/\/www.sunkaraoke.hu\/index.php\/termek\/homonyik-sandor-almodj-kiralylany-2018-transzp-v\/"},"modified":"2026-02-14T07:36:19","modified_gmt":"2026-02-14T05:36:19","slug":"homonyik-sandor-almodj-kiralylany-2018-transzp-v","status":"publish","type":"product","link":"https:\/\/www.sunkaraoke.hu\/index.php\/termek\/homonyik-sandor-almodj-kiralylany-2018-transzp-v\/","title":{"rendered":"<div class=\"wcmp-player-container product-5399\"><audio controlslist=\"nodownload\" data-product=\"5399\"  volume=\"1\"  preload=\"none\" data-lazyloading=\"none\" class=\"wcmp-player track mejs-classic\" data-duration=\"0:37\" data-estimated_duration=\"4\"><source src=\"https:\/\/www.sunkaraoke.hu\/wp-content\/uploads\/2022\/08\/Almodj-kiralylany-transz-2018.-SB-kdemoo.mp3\" type=\"audio\/mp3\" \/><\/audio><\/div>Homonyik S\u00e1ndor &#8211; \u00c1lmodj kir\u00e1lyl\u00e1ny (SB Edition)"},"content":{"rendered":"<p><strong>04:09<\/strong> | <strong><img loading=\"lazy\" decoding=\"async\" class=\"alignnone size-full wp-image-467\" src=\"https:\/\/www.sunkaraoke.hu\/wp-content\/uploads\/2022\/07\/choir_2-copy.webp\" alt=\"\" width=\"30\" height=\"30\" \/> <strong> | <img loading=\"lazy\" decoding=\"async\" class=\"alignnone size-full wp-image-613\" src=\"https:\/\/www.sunkaraoke.hu\/wp-content\/uploads\/2022\/07\/transzponalas.webp\" alt=\"\" width=\"30\" height=\"30\" \/> <\/strong><strong>-2<\/strong><\/strong><\/p>\n","protected":false},"excerpt":{"rendered":"<h6><strong>Bits\u0171r\u0171s\u00e9g: 320<\/strong>kb\/s<strong><br \/>\n<\/strong><strong>Hossz: <\/strong>04:09<strong><br \/>\n<\/strong><strong style=\"font-size: 16px;\">Vok\u00e1lt tartalmaz: <\/strong>Nem <img loading=\"lazy\" decoding=\"async\" class=\"alignnone size-full wp-image-467\" src=\"http:\/\/www.sunkaraoke.hu\/wp-content\/uploads\/2022\/07\/choir_2-copy.png\" alt=\"\" width=\"30\" height=\"30\" \/><strong style=\"font-size: 16px;\"><br \/>\n<\/strong><strong>Transzpon\u00e1l\u00e1s: <\/strong><img loading=\"lazy\" decoding=\"async\" class=\"alignnone size-full wp-image-613\" src=\"http:\/\/www.sunkaraoke.hu\/wp-content\/uploads\/2022\/07\/transzponalas.png\" alt=\"\" width=\"30\" height=\"30\" \/> -2<\/h6>\n<p>Sunkaraoke mp3 st\u00fadi\u00f3 \/ www.sunkaraoke.hu \/ Inf: Tel: 06 20 4275001<\/p>\n<p>&#8212;Intr\u00f3&#8212;<br \/>\nAnnyi mindent elvesztett\u00e9l m\u00e1r,<br \/>\nm\u00edg r\u00e1d virradt a nap, mikor gy\u0151zni tudt\u00e1l.<br \/>\n\u00dagy indult\u00e1l \u0151szint\u00e9n, tiszt\u00e1n,<br \/>\nde hossz\u00fa volt az \u00fat, s tal\u00e1n t\u00fal sok a s\u00e1r.<br \/>\nCsillag volt\u00e1l, azt mondj\u00e1k, s nem vigy\u00e1ztunk r\u00e1d.<br \/>\nEgy l\u00e9legzetnyi boldogs\u00e1g, ennyi volt t\u00e1n,<br \/>\nez volt az \u00e9let!<\/p>\n<p>J\u00e1tszott\u00e1l \u00e9s j\u00e1tszottak veled.<br \/>\nSok gy\u00f6ngyk\u00e9nt perg\u0151 sz\u00f3, hamis b\u00f3k hov\u00e1 lett?!<br \/>\nL\u00e1sd, \u00f6nmagad is elvesz\u00edtetted,<br \/>\nm\u00e9g azt is feledted, hogy szerett\u00e9l, s szerettek!<br \/>\nR\u00e1nk n\u00e9zel egy f\u00e9nyk\u00e9pr\u0151l, a szemed titkot rejt,<br \/>\negy titkot, melyet t\u00f6bb\u00e9 m\u00e1r nem sejthet meg,<br \/>\nnem fejt meg senki&#8230;<\/p>\n<p>\u00c1lmodj, kir\u00e1lyl\u00e1ny, ahogy a mes\u00e9ben, oly b\u00e9k\u00e9n!<br \/>\n\u00c1lmodj, kir\u00e1lyl\u00e1ny, az is \u00e1lom volt, hogy \u00e9lt\u00e9l!<br \/>\nNek\u00fcnk is \u00e1lom vagy ma m\u00e1r!&#8230;<br \/>\nHmm&#8230;\u00c1lmodj h\u00e1t&#8230;\u00c1lmodj h\u00e1t!<br \/>\n&#8212;Sz\u00f3l\u00f3&#8212;<\/p>\n<p>\u00c1lmodj, kir\u00e1lyl\u00e1ny, ahogy a mes\u00e9ben, oly b\u00e9k\u00e9n!<br \/>\n\u00c1lmodj, kir\u00e1lyl\u00e1ny, az is \u00e1lom volt, hogy \u00e9lt\u00e9l!<br \/>\n\u00c1lmodj, kir\u00e1lyl\u00e1ny, ahogy a mes\u00e9ben, oly b\u00e9k\u00e9n!<br \/>\n\u00c1lmodj, kir\u00e1lyl\u00e1ny, az is \u00e1lom volt, hogy \u00e9lt\u00e9l!<br \/>\nNek\u00fcnk is \u00e1lom vagy ma m\u00e1r!&#8230;<br \/>\nHmm&#8230;\u00c1lmodj h\u00e1t&#8230;\u00c1lmodj h\u00e1t!<br \/>\n&#8212;V\u00e9ge&#8212;<\/p>\n","protected":false},"featured_media":18882,"template":"","meta":{"site-sidebar-layout":"default","site-content-layout":"default","ast-site-content-layout":"default","site-content-style":"default","site-sidebar-style":"default","ast-global-header-display":"","ast-banner-title-visibility":"","ast-main-header-display":"","ast-hfb-above-header-display":"","ast-hfb-below-header-display":"","ast-hfb-mobile-header-display":"","site-post-title":"","ast-breadcrumbs-content":"","ast-featured-img":"","footer-sml-layout":"","theme-transparent-header-meta":"default","adv-header-id-meta":"","stick-header-meta":"","header-above-stick-meta":"","header-main-stick-meta":"","header-below-stick-meta":"","astra-migrate-meta-layouts":"set","ast-page-background-enabled":"default","ast-page-background-meta":{"desktop":{"background-color":"var(--ast-global-color-4)","background-image":"","background-repeat":"repeat","background-position":"center center","background-size":"auto","background-attachment":"scroll","background-type":"","background-media":"","overlay-type":"","overlay-color":"","overlay-opacity":"","overlay-gradient":""},"tablet":{"background-color":"","background-image":"","background-repeat":"repeat","background-position":"center center","background-size":"auto","background-attachment":"scroll","background-type":"","background-media":"","overlay-type":"","overlay-color":"","overlay-opacity":"","overlay-gradient":""},"mobile":{"background-color":"","background-image":"","background-repeat":"repeat","background-position":"center center","background-size":"auto","background-attachment":"scroll","background-type":"","background-media":"","overlay-type":"","overlay-color":"","overlay-opacity":"","overlay-gradient":""}},"ast-content-background-meta":{"desktop":{"background-color":"var(--ast-global-color-5)","background-image":"","background-repeat":"repeat","background-position":"center center","background-size":"auto","background-attachment":"scroll","background-type":"","background-media":"","overlay-type":"","overlay-color":"","overlay-opacity":"","overlay-gradient":""},"tablet":{"background-color":"var(--ast-global-color-5)","background-image":"","background-repeat":"repeat","background-position":"center center","background-size":"auto","background-attachment":"scroll","background-type":"","background-media":"","overlay-type":"","overlay-color":"","overlay-opacity":"","overlay-gradient":""},"mobile":{"background-color":"var(--ast-global-color-5)","background-image":"","background-repeat":"repeat","background-position":"center center","background-size":"auto","background-attachment":"scroll","background-type":"","background-media":"","overlay-type":"","overlay-color":"","overlay-opacity":"","overlay-gradient":""}}},"product_cat":[48],"product_tag":[],"class_list":["post-5399","product","type-product","status-publish","has-post-thumbnail","hentry","product_cat-sunkaraoke-dalok","desktop-align-left","tablet-align-left","mobile-align-left"],"_links":{"self":[{"href":"https:\/\/www.sunkaraoke.hu\/index.php\/wp-json\/wp\/v2\/product\/5399","targetHints":{"allow":["GET"]}}],"collection":[{"href":"https:\/\/www.sunkaraoke.hu\/index.php\/wp-json\/wp\/v2\/product"}],"about":[{"href":"https:\/\/www.sunkaraoke.hu\/index.php\/wp-json\/wp\/v2\/types\/product"}],"wp:featuredmedia":[{"embeddable":true,"href":"https:\/\/www.sunkaraoke.hu\/index.php\/wp-json\/wp\/v2\/media\/18882"}],"wp:attachment":[{"href":"https:\/\/www.sunkaraoke.hu\/index.php\/wp-json\/wp\/v2\/media?parent=5399"}],"wp:term":[{"taxonomy":"product_cat","embeddable":true,"href":"https:\/\/www.sunkaraoke.hu\/index.php\/wp-json\/wp\/v2\/product_cat?post=5399"},{"taxonomy":"product_tag","embeddable":true,"href":"https:\/\/www.sunkaraoke.hu\/index.php\/wp-json\/wp\/v2\/product_tag?post=5399"}],"curies":[{"name":"wp","href":"https:\/\/api.w.org\/{rel}","templated":true}]}}