{"id":5398,"date":"2022-08-08T20:49:07","date_gmt":"2022-08-08T20:49:07","guid":{"rendered":"https:\/\/www.sunkaraoke.hu\/index.php\/termek\/piros-bela-piros-mulatos-mix-06\/"},"modified":"2025-04-07T05:34:53","modified_gmt":"2025-04-07T05:34:53","slug":"piros-bela-piros-mulatos-mix-06","status":"publish","type":"product","link":"https:\/\/www.sunkaraoke.hu\/index.php\/termek\/piros-bela-piros-mulatos-mix-06\/","title":{"rendered":"<div class=\"wcmp-player-container product-5398\"><audio controlslist=\"nodownload\" data-product=\"5398\"  volume=\"1\"  preload=\"none\" data-lazyloading=\"none\" class=\"wcmp-player track mejs-classic\" data-duration=\"0:32\" data-estimated_duration=\"4\"><source src=\"https:\/\/www.sunkaraoke.hu\/wp-content\/uploads\/2022\/08\/Piros-Bela-Mulatos-MIX-06.-kdemooo.mp3\" type=\"audio\/mp3\" \/><\/audio><\/div>Piros B\u00e9la &#8211; Piros Mulat\u00f3s mix 06. (Original)"},"content":{"rendered":"<p><strong>09:34<\/strong> | <strong><img loading=\"lazy\" decoding=\"async\" class=\"alignnone size-full wp-image-467\" src=\"https:\/\/www.sunkaraoke.hu\/wp-content\/uploads\/2022\/07\/choir_2-copy.webp\" alt=\"\" width=\"30\" height=\"30\" \/> <\/strong><\/p>\n","protected":false},"excerpt":{"rendered":"<h6><strong>Bits\u0171r\u0171s\u00e9g: 320kb\/s<\/strong><br \/>\n<strong>Hossz: 09:34<\/strong><br \/>\n<strong>Vok\u00e1lt tartalmaz: Nem <img loading=\"lazy\" decoding=\"async\" class=\"alignnone size-full wp-image-467\" src=\"http:\/\/www.sunkaraoke.hu\/wp-content\/uploads\/2022\/07\/choir_2-copy.png\" alt=\"\" width=\"30\" height=\"30\" \/><\/strong><strong style=\"font-size: 16px;\"><br \/>\n<\/strong><\/h6>\n<p>Sunkaraoke mp3 st\u00fadi\u00f3 \/ www.sunkaraoke.hu \/ Inf: Tel: 06 20 4275001<\/p>\n<p>&#8212;Intr\u00f3&#8212;<br \/>\nCsepereg az es\u0151,lefolyik az arcomon,<br \/>\nr\u00e9gi bar\u00e1tok,veletek vagyok.<br \/>\nM\u00e1r nagyon nagyon r\u00e9g,<br \/>\nj\u00f3ban rosszban,egy\u00fctt vagyunk,<br \/>\nnem feled\u00fcnk mi,bar\u00e1tok maradunk.<\/p>\n<p>Eshet az es\u0151,f\u00fajhat a sz\u00e9l,<br \/>\na sz\u00edv\u00fcnket, nem t\u00f6rte meg, semmi m\u00e9g.<br \/>\nN\u00e9ha volt vit\u00e1nk, de sz\u00f3val se b\u00e1ntjuk egym\u00e1st,<br \/>\nb\u00e1rmi legyen is, egy\u00fctt van a n\u00e9gy bar\u00e1t.<br \/>\n&#8212;Sz\u00f3l\u00f3&#8212;<br \/>\nCsepereg az es\u0151,lefolyik az arcomon,<br \/>\nr\u00e9gi bar\u00e1tok,veletek vagyok.<br \/>\nM\u00e1r nagyon nagyon r\u00e9g,<br \/>\nj\u00f3ban rosszban,egy\u00fctt vagyunk,<br \/>\nnem feled\u00fcnk mi,bar\u00e1tok maradunk.<\/p>\n<p>Eshet az es\u0151,f\u00fajhat a sz\u00e9l,<br \/>\na sz\u00edv\u00fcnket, nem t\u00f6rte meg, semmi m\u00e9g.<br \/>\nN\u00e9ha volt vit\u00e1nk, de sz\u00f3val se b\u00e1ntjuk egym\u00e1st,<br \/>\nb\u00e1rmi legyen is, egy\u00fctt van a n\u00e9gy bar\u00e1t.<br \/>\n&#8212;Sz\u00f3l\u00f3&#8212;<br \/>\n\u00c9n b\u00facs\u00fa n\u00e9lk\u00fcl mentem el,<br \/>\na szemeimben k\u00f6nnyekkel,<br \/>\nm\u00e9g \u00e1t sem \u00f6lelt\u00e9l engem,any\u00e1m!<br \/>\nB\u00e1nat \u00fcl az arcomon,<br \/>\nmert elhagytam az otthonom,<br \/>\noly messze van kit szerettem \u00f3h any\u00e1m!<\/p>\n<p>\u00d3,Mammy,\u00f3,Mammy,Mammy Blue,\u00f3,Mammy Blue&#8230;<br \/>\n\u00d3,Mammy,\u00f3,Mammy,Mammy Blue,\u00f3,Mammy Blue&#8230;<br \/>\n&#8212;Sz\u00f3l\u00f3&#8212;<br \/>\nDe egyszer visszat\u00e9rek \u00e9n,<br \/>\nhisz \u00e9ltet engem sz\u00e1z rem\u00e9ny,<br \/>\nhogy viszontl\u00e1tlak t\u00e9ged m\u00e9g \u00f3h any\u00e1m!<\/p>\n<p>Van egy pici h\u00e1zik\u00f3, benne lakni nagyon j\u00f3,<br \/>\nodaj\u00e1runk te meg \u00e9n, \u00e1j devla l\u00e9j!<br \/>\n\u00d3,Mammy,\u00f3,Mammy,Mammy Blue,\u00f3,Mammy Blue&#8230;<br \/>\n\u00d3,Mammy,\u00f3,Mammy,Mammy Blue,\u00f3,Mammy Blue&#8230;<br \/>\n\u00d3,Mammy,\u00f3,Mammy,Mammy Blue,\u00f3,Mammy Blue&#8230;<br \/>\n\u00d3,Mammy,\u00f3,Mammy,Mammy Blue,\u00f3,Mammy Blue&#8230;<br \/>\n&#8212;Sz\u00f3l\u00f3&#8212;<br \/>\nA b\u00e1lba bel\u00e9ptem megj\u00f6tt a kedvem mert l\u00e1tom \u0151t,<br \/>\n\u00c1mor nyil\u00e1val sz\u00edvembe l\u0151tt.<br \/>\nP\u00e9nz van a zsebembe, j\u00f3kedv sz\u00edvemben,<br \/>\nszeretlek \u00e9n, t\u00e1ncolj velem most a kedvem\u00e9rt.<\/p>\n<p>Whiskyt iszom j\u00e9ggel, nem t\u00f6r\u0151d\u00f6m a p\u00e9nzzel,<br \/>\n\u00edgy mulatom \u00e1t az \u00e9jszak\u00e1t.<br \/>\nWhiskyt iszom j\u00e9ggel, nem t\u00f6r\u0151d\u00f6m a p\u00e9nzzel,<br \/>\n\u00edgy mulatom \u00e1t az \u00e9jszak\u00e1t.<br \/>\n&#8212;Sz\u00f3l\u00f3&#8212;<br \/>\nA b\u00e1lba bel\u00e9ptem megj\u00f6tt a kedvem mert l\u00e1tom \u0151t,<br \/>\n\u00c1mor nyil\u00e1val sz\u00edvembe l\u0151tt.<br \/>\nP\u00e9nz van a zsebembe, j\u00f3kedv sz\u00edvemben,<br \/>\nszeretlek \u00e9n, t\u00e1ncolj velem most a kedvem\u00e9rt.<\/p>\n<p>Whiskyt iszom j\u00e9ggel, nem t\u00f6r\u0151d\u00f6m a p\u00e9nzzel,<br \/>\n\u00edgy mulatom \u00e1t az \u00e9jszak\u00e1t.<br \/>\nWhiskyt iszom j\u00e9ggel, nem t\u00f6r\u0151d\u00f6m a p\u00e9nzzel,<br \/>\n\u00edgy mulatom \u00e1t az \u00e9jszak\u00e1t.<br \/>\n&#8212;Sz\u00f3l\u00f3&#8212;<br \/>\nWhiskyt iszom j\u00e9ggel, nem t\u00f6r\u0151d\u00f6m a p\u00e9nzzel,<br \/>\n\u00edgy mulatom \u00e1t az \u00e9jszak\u00e1t.<br \/>\nWhiskyt iszom j\u00e9ggel, nem t\u00f6r\u0151d\u00f6m a p\u00e9nzzel,<br \/>\n\u00edgy mulatom \u00e1t az \u00e9jszak\u00e1t.<br \/>\n&#8212;Sz\u00f3l\u00f3&#8212;<br \/>\nElment a Lidi n\u00e9ni a v\u00e1s\u00e1rba, csuhaja,<br \/>\nbatyut k\u00f6t\u00f6tt a h\u00e1t\u00e1ra, csuhaja.<br \/>\nBatyuj\u00e1ban sz\u00e9na-szalma,<br \/>\n\u00fagy ment a Lidi n\u00e9ni a v\u00e1s\u00e1rra csuhaja.<br \/>\nBatyuj\u00e1ban sz\u00e9na-szalma,<br \/>\n\u00fagy ment a Lidi n\u00e9ni a v\u00e1s\u00e1rra csuhaja.<\/p>\n<p>Tartozom \u00e9n a kocsm\u00e1ban csuhaja,<br \/>\nh\u00e1rom liter bor \u00e1r\u00e1val csuhaja.<br \/>\nJaj, Istenem, hogy adjam meg,<br \/>\nhogy a feles\u00e9gem ne tudja meg, csuhaja.<br \/>\nJaj, Istenem, hogy adjam meg,<br \/>\nhogy a feles\u00e9gem ne tudja meg, csuhaja.<\/p>\n<p>Visszaj\u00f6tt a Lidi n\u00e9ni a v\u00e1s\u00e1rr\u00f3l csuhaja,<br \/>\nt\u00fcske ment a nagy ujj\u00e1ba, csuhaja.<br \/>\nMondta nekem, hogy piszk\u00e1ljam ki,<br \/>\n\u00e9n meg bele-belenyomtam neki csuhaja.<br \/>\nMondta nekem, hogy piszk\u00e1ljam ki,<br \/>\n\u00e9n meg bele-belenyomtam neki csuhaja.<br \/>\n&#8212;V\u00e9ge&#8212;<\/p>\n","protected":false},"featured_media":12989,"template":"","meta":{"site-sidebar-layout":"default","site-content-layout":"default","ast-site-content-layout":"default","site-content-style":"default","site-sidebar-style":"default","ast-global-header-display":"","ast-banner-title-visibility":"","ast-main-header-display":"","ast-hfb-above-header-display":"","ast-hfb-below-header-display":"","ast-hfb-mobile-header-display":"","site-post-title":"","ast-breadcrumbs-content":"","ast-featured-img":"","footer-sml-layout":"","theme-transparent-header-meta":"default","adv-header-id-meta":"","stick-header-meta":"","header-above-stick-meta":"","header-main-stick-meta":"","header-below-stick-meta":"","astra-migrate-meta-layouts":"set","ast-page-background-enabled":"default","ast-page-background-meta":{"desktop":{"background-color":"var(--ast-global-color-4)","background-image":"","background-repeat":"repeat","background-position":"center center","background-size":"auto","background-attachment":"scroll","background-type":"","background-media":"","overlay-type":"","overlay-color":"","overlay-opacity":"","overlay-gradient":""},"tablet":{"background-color":"","background-image":"","background-repeat":"repeat","background-position":"center center","background-size":"auto","background-attachment":"scroll","background-type":"","background-media":"","overlay-type":"","overlay-color":"","overlay-opacity":"","overlay-gradient":""},"mobile":{"background-color":"","background-image":"","background-repeat":"repeat","background-position":"center center","background-size":"auto","background-attachment":"scroll","background-type":"","background-media":"","overlay-type":"","overlay-color":"","overlay-opacity":"","overlay-gradient":""}},"ast-content-background-meta":{"desktop":{"background-color":"var(--ast-global-color-5)","background-image":"","background-repeat":"repeat","background-position":"center center","background-size":"auto","background-attachment":"scroll","background-type":"","background-media":"","overlay-type":"","overlay-color":"","overlay-opacity":"","overlay-gradient":""},"tablet":{"background-color":"var(--ast-global-color-5)","background-image":"","background-repeat":"repeat","background-position":"center center","background-size":"auto","background-attachment":"scroll","background-type":"","background-media":"","overlay-type":"","overlay-color":"","overlay-opacity":"","overlay-gradient":""},"mobile":{"background-color":"var(--ast-global-color-5)","background-image":"","background-repeat":"repeat","background-position":"center center","background-size":"auto","background-attachment":"scroll","background-type":"","background-media":"","overlay-type":"","overlay-color":"","overlay-opacity":"","overlay-gradient":""}}},"product_cat":[48],"product_tag":[],"class_list":["post-5398","product","type-product","status-publish","has-post-thumbnail","hentry","product_cat-sunkaraoke-dalok","desktop-align-left","tablet-align-left","mobile-align-left"],"_links":{"self":[{"href":"https:\/\/www.sunkaraoke.hu\/index.php\/wp-json\/wp\/v2\/product\/5398","targetHints":{"allow":["GET"]}}],"collection":[{"href":"https:\/\/www.sunkaraoke.hu\/index.php\/wp-json\/wp\/v2\/product"}],"about":[{"href":"https:\/\/www.sunkaraoke.hu\/index.php\/wp-json\/wp\/v2\/types\/product"}],"wp:featuredmedia":[{"embeddable":true,"href":"https:\/\/www.sunkaraoke.hu\/index.php\/wp-json\/wp\/v2\/media\/12989"}],"wp:attachment":[{"href":"https:\/\/www.sunkaraoke.hu\/index.php\/wp-json\/wp\/v2\/media?parent=5398"}],"wp:term":[{"taxonomy":"product_cat","embeddable":true,"href":"https:\/\/www.sunkaraoke.hu\/index.php\/wp-json\/wp\/v2\/product_cat?post=5398"},{"taxonomy":"product_tag","embeddable":true,"href":"https:\/\/www.sunkaraoke.hu\/index.php\/wp-json\/wp\/v2\/product_tag?post=5398"}],"curies":[{"name":"wp","href":"https:\/\/api.w.org\/{rel}","templated":true}]}}