{"id":5393,"date":"2022-08-08T20:49:06","date_gmt":"2022-08-08T20:49:06","guid":{"rendered":"https:\/\/www.sunkaraoke.hu\/index.php\/termek\/piros-bela-piros-mulatos-mix-05\/"},"modified":"2025-04-07T05:31:45","modified_gmt":"2025-04-07T05:31:45","slug":"piros-bela-piros-mulatos-mix-05","status":"publish","type":"product","link":"https:\/\/www.sunkaraoke.hu\/index.php\/termek\/piros-bela-piros-mulatos-mix-05\/","title":{"rendered":"<div class=\"wcmp-player-container product-5393\"><audio controlslist=\"nodownload\" data-product=\"5393\"  volume=\"1\"  preload=\"none\" data-lazyloading=\"none\" class=\"wcmp-player track mejs-classic\" data-duration=\"0:34\" data-estimated_duration=\"4\"><source src=\"https:\/\/www.sunkaraoke.hu\/wp-content\/uploads\/2022\/08\/Piros-Bela-mulatos-mix-05.-demooo.mp3\" type=\"audio\/mp3\" \/><\/audio><\/div>Piros B\u00e9la &#8211; Piros Mulat\u00f3s mix 05. (Original)"},"content":{"rendered":"<p><strong>13:01<\/strong> | <strong><img loading=\"lazy\" decoding=\"async\" class=\"alignnone size-full wp-image-467\" src=\"https:\/\/www.sunkaraoke.hu\/wp-content\/uploads\/2022\/07\/choir_2-copy.webp\" alt=\"\" width=\"30\" height=\"30\" \/> <\/strong><\/p>\n","protected":false},"excerpt":{"rendered":"<h6><strong>Bits\u0171r\u0171s\u00e9g: 320<\/strong>kb\/s<strong><br \/>\n<\/strong><strong>Hossz: <\/strong>13:01<strong><br \/>\n<\/strong><strong style=\"font-size: 16px;\">Vok\u00e1lt tartalmaz: <\/strong>Nem <img loading=\"lazy\" decoding=\"async\" class=\"alignnone size-full wp-image-467\" src=\"http:\/\/www.sunkaraoke.hu\/wp-content\/uploads\/2022\/07\/choir_2-copy.png\" alt=\"\" width=\"30\" height=\"30\" \/><strong style=\"font-size: 16px;\"><br \/>\n<\/strong><\/h6>\n<p>&nbsp;<\/p>\n<p>&#8212;Intr\u00f3&#8212;<br \/>\nM\u00e1r ezut\u00e1n \u00fagy \u00e9lem vil\u00e1gom,<br \/>\nkis kalapom a jobb szememre v\u00e1gom.<br \/>\nJobb szememr\u0151l a bal szememre v\u00e1gom,<br \/>\ncsak a leszerel\u0151 kis k\u00f6nyvemet v\u00e1rom.<br \/>\nJobb szememr\u0151l a bal szememre v\u00e1gom,<br \/>\ncsak a leszerel\u0151 kis k\u00f6nyvemet v\u00e1rom.<\/p>\n<p>M\u00e1r ezut\u00e1n k\u00e9t szeret\u0151t tartok,<br \/>\naz egyikt\u0151l a m\u00e1sikhoz j\u00e1rok.<br \/>\nHa az egyik h\u0171tlen lesz \u00e9s megcsal,<br \/>\nmegyek a m\u00e1sikhoz, majd az megvigasztal.<br \/>\nHa az egyik h\u0171tlen lesz \u00e9s megcsal,<br \/>\nmegyek a m\u00e1sikhoz, majd az megvigasztal.<br \/>\n&#8212;Sz\u00f3l\u00f3&#8212;<br \/>\nKisl\u00e1ny vigy\u00e1zz hogy el ne hib\u00e1zd,<br \/>\nkisl\u00e1ny a sz\u00edvedre vigy\u00e1zz!<br \/>\nKisl\u00e1ny vigy\u00e1zz hogy el ne hib\u00e1zd,<br \/>\nkisl\u00e1ny a sz\u00edvedre vigy\u00e1zz!<\/p>\n<p>Vigy\u00e1ztam \u00e9n m\u00e1r eleget,m\u00e9gis bekaptam a legyet,<br \/>\nkisl\u00e1ny vigy\u00e1zz, kisl\u00e1ny vigy\u00e1zz, kisl\u00e1ny a sz\u00edvedre vigy\u00e1zz!<br \/>\nVigy\u00e1ztam \u00e9n m\u00e1r eleget,m\u00e9gis bekaptam a legyet,<br \/>\nkisl\u00e1ny vigy\u00e1zz, kisl\u00e1ny vigy\u00e1zz, kisl\u00e1ny a sz\u00edvedre vigy\u00e1zz!<\/p>\n<p>&#8212;Sz\u00f3l\u00f3&#8212;<br \/>\nS\u00e1rga a csik\u00f3m,s\u00e1rga nyereg rajta,<br \/>\nmost akartam hozz\u00e1d menni rajta.<br \/>\nMost akartam v\u00e9led besz\u00e9lgetni,<br \/>\nitt van az id\u0151 el kell mas\u00edrozni.<br \/>\nMost akartam v\u00e9led besz\u00e9lgetni,<br \/>\nitt van az id\u0151 el kell mas\u00edrozni.<\/p>\n<p>L\u00e1nyok a leg\u00e9nyt j\u00f3l megbecs\u00fclj\u00e9tek,<br \/>\nha r\u00e9szeg is haza vezess\u00e9tek.<br \/>\nFektess\u00e9tek a z\u00f6ld paplanos \u00e1gyba,<br \/>\nnyomjatok cs\u00f3kot a r\u00e9szeg pof\u00e1j\u00e1ra.<br \/>\nFektess\u00e9tek a z\u00f6ld paplanos \u00e1gyba,<br \/>\nnyomjatok cs\u00f3kot a r\u00e9szeg pof\u00e1j\u00e1ra.<\/p>\n<p>Any\u00e1m,any\u00e1m,\u00e9des,kedves any\u00e1m,<br \/>\nde szomor\u00fa vas\u00e1rnap d\u00e9lut\u00e1n.<br \/>\nH\u00e1zunk el\u0151tt sz\u00e9pen muzsik\u00e1lnak,<br \/>\nengemet pedig visznek katon\u00e1nak.<br \/>\nH\u00e1zunk el\u0151tt sz\u00e9pen muzsik\u00e1lnak,<br \/>\nengemet pedig visznek katon\u00e1nak.<br \/>\n&#8212;Sz\u00f3l\u00f3&#8212;<br \/>\nT\u00fal a Tisz\u00e1n faragnak az \u00e1csok,<br \/>\nide hallik a kop\u00e1csol\u00e1sok.<br \/>\nEredj l\u00e1nyom, k\u00e9rdezd meg az \u00e1csot,<br \/>\n\u00e1d-e cs\u00f3k\u00e9rt egy k\u00f6t\u00e9ny forg\u00e1csot.<br \/>\nEredj l\u00e1nyom, k\u00e9rdezd meg az \u00e1csot,<br \/>\n\u00e1d-e cs\u00f3k\u00e9rt egy k\u00f6t\u00e9ny forg\u00e1csot.<\/p>\n<p>\u00c9desany\u00e1m huncutok az \u00e1csok,<br \/>\nm\u00e9reg dr\u00e1g\u00e1n m\u00e9rik a forg\u00e1csot.<br \/>\nKilenc cs\u00f3kot adtam neki \u00e9rte,<br \/>\na t\u00edzediket r\u00e1ad\u00e1sul k\u00e9rte.<br \/>\nKilenc cs\u00f3kot adtam neki \u00e9rte,<br \/>\na t\u00edzediket r\u00e1ad\u00e1sul k\u00e9rte.<\/p>\n<p>K\u00e9k a k\u00f6k\u00e9ny, z\u00f6ld a petrezselyem,<br \/>\nt\u00f3t\u00e1gast \u00e1ll bennem a szerelem.<br \/>\nJaj Istenem, most m\u00e1r mit csin\u00e1ljak,<br \/>\nszeressek-e, vagy t\u00f3t\u00e1gast \u00e1lljak.<br \/>\nJaj Istenem, most m\u00e1r mit csin\u00e1ljak,<br \/>\nszeressek-e, vagy t\u00f3t\u00e1gast \u00e1lljak.<br \/>\n&#8212;Sz\u00f3l\u00f3&#8212;\/\/06:39\/\/<br \/>\nErd\u0151 sz\u00e9l\u00e9n s\u00e1toroznak az ol\u00e1h cig\u00e1nyok,<br \/>\njegenyefa tetej\u00e9r\u0151l a rig\u00f3 f\u00fcty\u00fcl r\u00e1juk.<br \/>\nJegenyefa tetej\u00e9r\u0151l a rig\u00f3 f\u00fcty\u00fcl r\u00e1juk.<\/p>\n<p>Azt f\u00fcty\u00fcli az a rig\u00f3 odafenn az \u00e1gon,<br \/>\nhogy cig\u00e1nyl\u00e1nynak nincsen p\u00e1rja ezen a vil\u00e1gon.<br \/>\nHogy cig\u00e1nyl\u00e1nynak nincsen p\u00e1rja ezen a vil\u00e1gon.<\/p>\n<p>\u00d6sszeszedik a sz\u00e9n\u00e1t-zabot a f\u00e9lszem\u0171 lov\u00e1nak,<br \/>\nkertek al\u00f3l a d\u00f6gl\u00f6tt ty\u00fakot az apr\u00f3 csal\u00e1dj\u00e1nak.<br \/>\nKertek al\u00f3l a a cs\u00f3r\u00f3 csal\u00e1dj\u00e1nak.<br \/>\n&#8212;Sz\u00f3l\u00f3&#8212;<br \/>\nSej ribizli, piros bicikli, s\u00e1j n\u00e1n\u00e1n\u00e1&#8230;<br \/>\nHej ribizli, piros bicikli, s\u00e1j n\u00e1n\u00e1n\u00e1&#8230;<br \/>\nEreszd el a hajamat, \u00fagysem hagyom magamat!<br \/>\nSej ribizli, piros bicikli, s\u00e1j n\u00e1n\u00e1n\u00e1&#8230;<br \/>\nEreszd el a hajamat, \u00fagysem hagyom magamat!<br \/>\nSej ribizli, piros bicikli, s\u00e1j n\u00e1n\u00e1n\u00e1&#8230;<br \/>\n&#8212;Sz\u00f3l\u00f3&#8212;<br \/>\nV\u00f6r\u00f6sbort ittam az este, angyalom, ragyog\u00f3m, szeretem a bort.<br \/>\nMost is r\u00e9szeg vagyok t\u0151le, angyalom, ragyog\u00f3m, szeretem a bort.<br \/>\nA l\u00e1bamon alig-alig \u00e1llok, m\u00e9gis szeretnek a l\u00e1nyok,<br \/>\nAngyalom, ragyogom, szeretem a bort.<br \/>\nA l\u00e1bamon alig-alig \u00e1llok, m\u00e9gis szeretnek a l\u00e1nyok,<br \/>\nAngyalom, ragyogom, szeretem a bort.<br \/>\nF\u00f6lment az \u00e9n r\u00f3zs\u00e1m Pestre, angyalom, ragyog\u00f3m, szeretem a bort.<br \/>\n\u00dajs\u00e1g\u00e1rus lett bel\u0151le, angyalom, ragyog\u00f3m, szeretem a bort.<br \/>\nM\u00e1snak hordja az \u00fajs\u00e1got, n\u00e9kem a szomor\u00fas\u00e1got,<br \/>\nAngyalom, ragyog\u00f3m, szeretem a bort.<br \/>\nM\u00e1snak hordja az \u00fajs\u00e1got, n\u00e9kem a szomor\u00fas\u00e1got,<br \/>\nAngyalom, ragyog\u00f3m, szeretem a bort.<br \/>\n&#8212;Sz\u00f3l\u00f3&#8212;\/\/10:39\/\/<br \/>\nFekete a k\u00f6k\u00e9ny, feh\u00e9r a vir\u00e1ga<br \/>\nbort iszik a leg\u00e9ny, piros az orc\u00e1ja.<br \/>\nAzt hiszik a l\u00e1nyok, hogy p\u00fcnk\u00f6sdi r\u00f3zsa,<br \/>\npedig a szerelem l\u00e1ngja lobog rajta.<br \/>\nAzt hiszik a l\u00e1nyok, hogy p\u00fcnk\u00f6sdi r\u00f3zsa,<br \/>\npedig a szerelem l\u00e1ngja lobog rajta.<br \/>\nFekete faluba feh\u00e9r torony l\u00e1tszik,<br \/>\n\u00fagy l\u00e1tom a bab\u00e1m a m\u00e1s karj\u00e1ban j\u00e1tszik.<br \/>\nNem is az hogy b\u00e1nom, m\u00e9gis csak sajn\u00e1lom,<br \/>\nmikor a bab\u00e1mat a m\u00e1s karj\u00e1ban l\u00e1tom.<br \/>\nNem is az hogy b\u00e1nom, m\u00e9gis csak sajn\u00e1lom,<br \/>\nmikor a bab\u00e1mat a m\u00e1s karj\u00e1ban l\u00e1tom.<br \/>\n&#8212;Sz\u00f3l\u00f3&#8212;<br \/>\n\u00c9desany\u00e1m eresszen el a b\u00e1lba,<br \/>\nk\u00f6t\u00e9ny n\u00e9lk\u00fcl a r\u00f3zsasz\u00edn ruh\u00e1mba.<br \/>\nGy\u00e1sz m\u00e1r n\u00e9kem a r\u00f3zsasz\u00edn ruh\u00e1m is,<br \/>\n\u00e1rva vagyok elhagyott a bab\u00e1m is.<br \/>\nGy\u00e1sz m\u00e1r n\u00e9kem a r\u00f3zsasz\u00edn ruh\u00e1m is,<br \/>\n\u00e1rva vagyok elhagyott a bab\u00e1m is.<\/p>\n<p>R\u00f3zsa, r\u00f3zsa labda r\u00f3zsa levele,<br \/>\ncsak egy kisl\u00e1nyt neveltek a kedvemre.<br \/>\nAzt is az\u00e9rt nevelt\u00e9k a kedvemre,<br \/>\nk\u00e9k a szeme g\u00f6nd\u00f6r haja fekete.<br \/>\nAzt is az\u00e9rt nevelt\u00e9k a kedvemre,<br \/>\nk\u00e9k a szeme, g\u00f6nd\u00f6r haja fekete.<br \/>\n&#8212;V\u00e9ge&#8212;-<\/p>\n","protected":false},"featured_media":12989,"template":"","meta":{"site-sidebar-layout":"default","site-content-layout":"default","ast-site-content-layout":"default","site-content-style":"default","site-sidebar-style":"default","ast-global-header-display":"","ast-banner-title-visibility":"","ast-main-header-display":"","ast-hfb-above-header-display":"","ast-hfb-below-header-display":"","ast-hfb-mobile-header-display":"","site-post-title":"","ast-breadcrumbs-content":"","ast-featured-img":"","footer-sml-layout":"","theme-transparent-header-meta":"default","adv-header-id-meta":"","stick-header-meta":"","header-above-stick-meta":"","header-main-stick-meta":"","header-below-stick-meta":"","astra-migrate-meta-layouts":"set","ast-page-background-enabled":"default","ast-page-background-meta":{"desktop":{"background-color":"var(--ast-global-color-4)","background-image":"","background-repeat":"repeat","background-position":"center center","background-size":"auto","background-attachment":"scroll","background-type":"","background-media":"","overlay-type":"","overlay-color":"","overlay-opacity":"","overlay-gradient":""},"tablet":{"background-color":"","background-image":"","background-repeat":"repeat","background-position":"center center","background-size":"auto","background-attachment":"scroll","background-type":"","background-media":"","overlay-type":"","overlay-color":"","overlay-opacity":"","overlay-gradient":""},"mobile":{"background-color":"","background-image":"","background-repeat":"repeat","background-position":"center center","background-size":"auto","background-attachment":"scroll","background-type":"","background-media":"","overlay-type":"","overlay-color":"","overlay-opacity":"","overlay-gradient":""}},"ast-content-background-meta":{"desktop":{"background-color":"var(--ast-global-color-5)","background-image":"","background-repeat":"repeat","background-position":"center center","background-size":"auto","background-attachment":"scroll","background-type":"","background-media":"","overlay-type":"","overlay-color":"","overlay-opacity":"","overlay-gradient":""},"tablet":{"background-color":"var(--ast-global-color-5)","background-image":"","background-repeat":"repeat","background-position":"center center","background-size":"auto","background-attachment":"scroll","background-type":"","background-media":"","overlay-type":"","overlay-color":"","overlay-opacity":"","overlay-gradient":""},"mobile":{"background-color":"var(--ast-global-color-5)","background-image":"","background-repeat":"repeat","background-position":"center center","background-size":"auto","background-attachment":"scroll","background-type":"","background-media":"","overlay-type":"","overlay-color":"","overlay-opacity":"","overlay-gradient":""}}},"product_cat":[48],"product_tag":[],"class_list":["post-5393","product","type-product","status-publish","has-post-thumbnail","hentry","product_cat-sunkaraoke-dalok","desktop-align-left","tablet-align-left","mobile-align-left"],"_links":{"self":[{"href":"https:\/\/www.sunkaraoke.hu\/index.php\/wp-json\/wp\/v2\/product\/5393","targetHints":{"allow":["GET"]}}],"collection":[{"href":"https:\/\/www.sunkaraoke.hu\/index.php\/wp-json\/wp\/v2\/product"}],"about":[{"href":"https:\/\/www.sunkaraoke.hu\/index.php\/wp-json\/wp\/v2\/types\/product"}],"wp:featuredmedia":[{"embeddable":true,"href":"https:\/\/www.sunkaraoke.hu\/index.php\/wp-json\/wp\/v2\/media\/12989"}],"wp:attachment":[{"href":"https:\/\/www.sunkaraoke.hu\/index.php\/wp-json\/wp\/v2\/media?parent=5393"}],"wp:term":[{"taxonomy":"product_cat","embeddable":true,"href":"https:\/\/www.sunkaraoke.hu\/index.php\/wp-json\/wp\/v2\/product_cat?post=5393"},{"taxonomy":"product_tag","embeddable":true,"href":"https:\/\/www.sunkaraoke.hu\/index.php\/wp-json\/wp\/v2\/product_tag?post=5393"}],"curies":[{"name":"wp","href":"https:\/\/api.w.org\/{rel}","templated":true}]}}