{"id":5391,"date":"2022-08-08T20:49:06","date_gmt":"2022-08-08T20:49:06","guid":{"rendered":"https:\/\/www.sunkaraoke.hu\/index.php\/termek\/kis-grofo-porog-az-ejszaka\/"},"modified":"2025-07-20T05:51:24","modified_gmt":"2025-07-20T03:51:24","slug":"kis-grofo-porog-az-ejszaka","status":"publish","type":"product","link":"https:\/\/www.sunkaraoke.hu\/index.php\/termek\/kis-grofo-porog-az-ejszaka\/","title":{"rendered":"<div class=\"wcmp-player-container product-5391\"><audio controlslist=\"nodownload\" data-product=\"5391\"  volume=\"1\"  preload=\"none\" data-lazyloading=\"none\" class=\"wcmp-player track mejs-classic\" data-duration=\"0:32\" data-estimated_duration=\"4\"><source src=\"https:\/\/www.sunkaraoke.hu\/wp-content\/uploads\/2022\/08\/Porog-az-eakszakatrsz-demoo.mp3\" type=\"audio\/mp3\" \/><\/audio><\/div>Kis Gr\u00f3f\u00f3 &#8211; P\u00f6r\u00f6g az \u00e9jszaka (SB. Edition)"},"content":{"rendered":"<p><strong>03:31<\/strong> | <strong><img loading=\"lazy\" decoding=\"async\" class=\"alignnone size-full wp-image-467\" src=\"https:\/\/www.sunkaraoke.hu\/wp-content\/uploads\/2022\/07\/choir_2-copy.webp\" alt=\"\" width=\"30\" height=\"30\" \/> \/-3<\/strong><\/p>\n","protected":false},"excerpt":{"rendered":"<h6><strong>Bits\u0171r\u0171s\u00e9g: 320kb\/s<\/strong><br \/>\n<strong>Hossz: 03:31<\/strong><br \/>\n<strong>Vok\u00e1lt tartalmaz: Nem <img loading=\"lazy\" decoding=\"async\" class=\"alignnone size-full wp-image-467\" src=\"http:\/\/www.sunkaraoke.hu\/wp-content\/uploads\/2022\/07\/choir_2-copy.png\" alt=\"\" width=\"30\" height=\"30\" \/><\/strong><br \/>\n<strong>Transzpon\u00e1l\u00e1s: Igen -3<\/strong><\/h6>\n<p>Sunkaraoke mp3 st\u00fadi\u00f3 \/ www.sunkaraoke.hu \/ Inf: Tel: 06 20 4275001<\/p>\n<p>&#8212;Intr\u00f3&#8212;<br \/>\nP\u00f6r\u00f6g az \u00e9jszaka \u00e9s p\u00f6r\u00f6g a dal,<br \/>\nitt vagyok Gr\u00f3f\u00f3 aki felkavar,<br \/>\nt\u00e1ncolj kedvesem,\u00f3h de csakis \u00e9nnekem.<br \/>\nHallgasd a dalt \u00e9s \u00e9lvezd a muzsik\u00e1t,<br \/>\nmulassuk \u00e1t most ezt az \u00e9jszak\u00e1t,<br \/>\nezt az \u00e9jszak\u00e1t, \u00f3h ezt az \u00e9jszak\u00e1t.<br \/>\nGyere t\u00e1ncolj h\u00e1t velem.<\/p>\n<p>T\u00e1ncolj t\u00e1ncolj ne hagyd abba,mi\u00e9nk az \u00e9jszaka,<br \/>\nmer\u00fclj el a parti l\u00e1zban, ny\u00e1ri lazul\u00e1sba.<br \/>\nCsakis neked \u00e9nekelek, elmondom azt neked,<br \/>\nmilyen full vagy baby,<br \/>\nte vagy nekem a legszebb l\u00e1ny, a szemed ragyog r\u00e1m,<br \/>\nba&#8230;ba..baby!<br \/>\n&#8212;Sz\u00f3l\u00f3&#8212;<br \/>\nP\u00f6r\u00f6g az \u00e9jszaka \u00e9s p\u00f6r\u00f6g a dal,<br \/>\nitt vagyok Gr\u00f3f\u00f3 aki felkavar,<br \/>\nt\u00e1ncolj kedvesem,\u00f3h de csakis \u00e9nnekem!<br \/>\nGyere t\u00e1ncolj h\u00e1t velem.<br \/>\nGyere t\u00e1ncolj h\u00e1t velem.<\/p>\n<p>T\u00e1ncolj t\u00e1ncolj ne hagyd abba,mi\u00e9nk az \u00e9jszaka,<br \/>\nmer\u00fclj el a parti l\u00e1zban, ny\u00e1ri lazul\u00e1sba.<br \/>\nCsakis neked \u00e9nekelek, elmondom azt neked,<br \/>\nmilyen full vagy baby,<br \/>\nte vagy nekem a legszebb l\u00e1ny, a szemed ragyog r\u00e1m,<br \/>\nba&#8230;ba..baby!<br \/>\n&#8212;Sz\u00f3l\u00f3&#8212;<br \/>\nT\u00e1ncolj t\u00e1ncolj ne hagyd abba,mi\u00e9nk az \u00e9jszaka,<br \/>\nmer\u00fclj el a parti l\u00e1zban, ny\u00e1ri lazul\u00e1sba.<br \/>\nCsakis neked \u00e9nekelek, elmondom azt neked,<br \/>\nmilyen full vagy baby,<br \/>\nte vagy nekem a legszebb l\u00e1ny, a szemed ragyog r\u00e1m,<br \/>\nba&#8230;ba..baby!<br \/>\n&#8212;V\u00e9ge&#8212;<\/p>\n","protected":false},"featured_media":9603,"template":"","meta":{"site-sidebar-layout":"default","site-content-layout":"default","ast-site-content-layout":"default","site-content-style":"default","site-sidebar-style":"default","ast-global-header-display":"","ast-banner-title-visibility":"","ast-main-header-display":"","ast-hfb-above-header-display":"","ast-hfb-below-header-display":"","ast-hfb-mobile-header-display":"","site-post-title":"","ast-breadcrumbs-content":"","ast-featured-img":"","footer-sml-layout":"","theme-transparent-header-meta":"default","adv-header-id-meta":"","stick-header-meta":"","header-above-stick-meta":"","header-main-stick-meta":"","header-below-stick-meta":"","astra-migrate-meta-layouts":"set","ast-page-background-enabled":"default","ast-page-background-meta":{"desktop":{"background-color":"var(--ast-global-color-4)","background-image":"","background-repeat":"repeat","background-position":"center center","background-size":"auto","background-attachment":"scroll","background-type":"","background-media":"","overlay-type":"","overlay-color":"","overlay-opacity":"","overlay-gradient":""},"tablet":{"background-color":"","background-image":"","background-repeat":"repeat","background-position":"center center","background-size":"auto","background-attachment":"scroll","background-type":"","background-media":"","overlay-type":"","overlay-color":"","overlay-opacity":"","overlay-gradient":""},"mobile":{"background-color":"","background-image":"","background-repeat":"repeat","background-position":"center center","background-size":"auto","background-attachment":"scroll","background-type":"","background-media":"","overlay-type":"","overlay-color":"","overlay-opacity":"","overlay-gradient":""}},"ast-content-background-meta":{"desktop":{"background-color":"var(--ast-global-color-5)","background-image":"","background-repeat":"repeat","background-position":"center center","background-size":"auto","background-attachment":"scroll","background-type":"","background-media":"","overlay-type":"","overlay-color":"","overlay-opacity":"","overlay-gradient":""},"tablet":{"background-color":"var(--ast-global-color-5)","background-image":"","background-repeat":"repeat","background-position":"center center","background-size":"auto","background-attachment":"scroll","background-type":"","background-media":"","overlay-type":"","overlay-color":"","overlay-opacity":"","overlay-gradient":""},"mobile":{"background-color":"var(--ast-global-color-5)","background-image":"","background-repeat":"repeat","background-position":"center center","background-size":"auto","background-attachment":"scroll","background-type":"","background-media":"","overlay-type":"","overlay-color":"","overlay-opacity":"","overlay-gradient":""}}},"product_cat":[48],"product_tag":[],"class_list":["post-5391","product","type-product","status-publish","has-post-thumbnail","hentry","product_cat-sunkaraoke-dalok","desktop-align-left","tablet-align-left","mobile-align-left"],"_links":{"self":[{"href":"https:\/\/www.sunkaraoke.hu\/index.php\/wp-json\/wp\/v2\/product\/5391","targetHints":{"allow":["GET"]}}],"collection":[{"href":"https:\/\/www.sunkaraoke.hu\/index.php\/wp-json\/wp\/v2\/product"}],"about":[{"href":"https:\/\/www.sunkaraoke.hu\/index.php\/wp-json\/wp\/v2\/types\/product"}],"wp:featuredmedia":[{"embeddable":true,"href":"https:\/\/www.sunkaraoke.hu\/index.php\/wp-json\/wp\/v2\/media\/9603"}],"wp:attachment":[{"href":"https:\/\/www.sunkaraoke.hu\/index.php\/wp-json\/wp\/v2\/media?parent=5391"}],"wp:term":[{"taxonomy":"product_cat","embeddable":true,"href":"https:\/\/www.sunkaraoke.hu\/index.php\/wp-json\/wp\/v2\/product_cat?post=5391"},{"taxonomy":"product_tag","embeddable":true,"href":"https:\/\/www.sunkaraoke.hu\/index.php\/wp-json\/wp\/v2\/product_tag?post=5391"}],"curies":[{"name":"wp","href":"https:\/\/api.w.org\/{rel}","templated":true}]}}