{"id":5390,"date":"2022-08-08T20:49:06","date_gmt":"2022-08-08T20:49:06","guid":{"rendered":"https:\/\/www.sunkaraoke.hu\/index.php\/termek\/bandika-azt-mondjak-ram-transzp-v\/"},"modified":"2025-03-31T05:55:38","modified_gmt":"2025-03-31T05:55:38","slug":"bandika-azt-mondjak-ram-transzp-v","status":"publish","type":"product","link":"https:\/\/www.sunkaraoke.hu\/index.php\/termek\/bandika-azt-mondjak-ram-transzp-v\/","title":{"rendered":"<div class=\"wcmp-player-container product-5390\"><audio controlslist=\"nodownload\" data-product=\"5390\"  volume=\"1\"  preload=\"none\" data-lazyloading=\"none\" class=\"wcmp-player track mejs-classic\" data-duration=\"0:31\" data-estimated_duration=\"4\"><source src=\"https:\/\/www.sunkaraoke.hu\/wp-content\/uploads\/2022\/08\/Azt-mondjak-ram-transz-Bandika-SB.-demo.mp3\" type=\"audio\/mp3\" \/><\/audio><\/div>Bandika &#8211; Azt mondj\u00e1k r\u00e1m (SB. Edition)"},"content":{"rendered":"<p><strong>03:07<\/strong> | <strong><img loading=\"lazy\" decoding=\"async\" class=\"alignnone size-full wp-image-467\" src=\"https:\/\/www.sunkaraoke.hu\/wp-content\/uploads\/2022\/07\/choir_2-copy.webp\" alt=\"\" width=\"30\" height=\"30\" \/> <strong> | <img loading=\"lazy\" decoding=\"async\" class=\"alignnone size-full wp-image-613\" src=\"https:\/\/www.sunkaraoke.hu\/wp-content\/uploads\/2022\/07\/transzponalas.webp\" alt=\"\" width=\"30\" height=\"30\" \/> <\/strong><strong>-2<\/strong><\/strong><\/p>\n","protected":false},"excerpt":{"rendered":"<h6><strong>Bits\u0171r\u0171s\u00e9g: 320<\/strong>kb\/s<strong><br \/>\n<\/strong><strong>Hossz: <\/strong>03:07<strong><br \/>\n<\/strong><strong style=\"font-size: 16px;\">Vok\u00e1lt tartalmaz: <\/strong>Nem <img loading=\"lazy\" decoding=\"async\" class=\"alignnone size-full wp-image-467\" src=\"http:\/\/www.sunkaraoke.hu\/wp-content\/uploads\/2022\/07\/choir_2-copy.png\" alt=\"\" width=\"30\" height=\"30\" \/><strong style=\"font-size: 16px;\"><br \/>\n<\/strong><strong>Transzpon\u00e1l\u00e1s: <\/strong><img loading=\"lazy\" decoding=\"async\" class=\"alignnone size-full wp-image-613\" src=\"http:\/\/www.sunkaraoke.hu\/wp-content\/uploads\/2022\/07\/transzponalas.png\" alt=\"\" width=\"30\" height=\"30\" \/> -2<\/h6>\n<p>Sunkaraoke mp3 st\u00fadi\u00f3 \/ www.sunkaraoke.hu \/ Inf: Tel: 06 20 4275001<\/p>\n<p>&#8212;Intr\u00f3&#8212;<br \/>\nAzt mondj\u00e1k r\u00e1m hogy csajoz\u00f3s vagyok,<br \/>\nazt mondj\u00e1k r\u00e1m buknak r\u00e1m a csajok,<br \/>\nAzt is mondj\u00e1k, hogy buliz\u00f3s vagyok,<br \/>\nn\u00e9ha a lecs\u00f3ba belecsapok.<br \/>\nHogy mit mondanak r\u00f3lam nem \u00e9rdekel,<br \/>\ncsin\u00e1lja ut\u00e1nam aki irigyel.<br \/>\nMert \u00fagy \u00e9lek \u00e9n ahogyan akarok,<br \/>\n\u00e9lem az \u00e9letem mint a rajok.<br \/>\nHogy mit mondanak r\u00f3lam nem \u00e9rdekel,<br \/>\ncsin\u00e1lja ut\u00e1nam aki irigyel.<br \/>\nMert \u00fagy \u00e9lek \u00e9n ahogyan akarok,<br \/>\n\u00e9lem az \u00e9letem mint a rajok.<br \/>\nD\u00e1, d\u00e1, d\u00e1&#8230;..<br \/>\nJ\u00f3 t\u00e1rsas\u00e1g ter\u00edtett asztalok,<br \/>\nnem b\u00fasulok \u00e9lek mint a rajok.<br \/>\nJ\u00f3 bor mellett v\u00edgan iszogatok,<br \/>\nazt mondj\u00e1k r\u00e1m hogy mulat\u00f3s vagyok.<br \/>\nHogy mit mondanak r\u00f3lam nem \u00e9rdekel,<br \/>\ncsin\u00e1lja ut\u00e1nam aki irigyel.<br \/>\nMert \u00fagy \u00e9lek \u00e9n ahogyan akarok,<br \/>\n\u00e9lem az \u00e9letem mint a rajok.<br \/>\nHogy mit mondanak r\u00f3lam nem \u00e9rdekel,<br \/>\ncsin\u00e1lja ut\u00e1nam aki irigyel.<br \/>\nMert \u00fagy \u00e9lek \u00e9n ahogyan akarok,<br \/>\n\u00e9lem az \u00e9letem mint a rajok.<br \/>\n&#8212;Sz\u00f3l\u00f3&#8212;<br \/>\nHogy mit mondanak r\u00f3lam nem \u00e9rdekel,<br \/>\ncsin\u00e1lja ut\u00e1nam aki irigyel.<br \/>\nMert \u00fagy \u00e9lek \u00e9n ahogyan akarok,<br \/>\n\u00e9lem az \u00e9letem mint a rajok.<br \/>\nHogy mit mondanak r\u00f3lam nem \u00e9rdekel,<br \/>\ncsin\u00e1lja ut\u00e1nam aki irigyel.<br \/>\nMert \u00fagy \u00e9lek \u00e9n ahogyan akarok,<br \/>\n\u00e9lem az \u00e9letem mint a rajok.<br \/>\nJ\u00f3l ber\u00fagtam a j\u00e1r\u00e1som is laza,<br \/>\njaj istenem hogy megyek \u00e9n haza.<br \/>\n\u00dagy \u00e9rzem hogy sz\u00e9d\u00fcl az \u00e9n fejem,<br \/>\njaj de nem b\u00edr engemet a pia.<br \/>\nHogy mit mondanak r\u00f3lam nem \u00e9rdekel,<br \/>\ncsin\u00e1lja ut\u00e1nam aki irigyel.<br \/>\nMert \u00fagy \u00e9lek \u00e9n ahogyan akarok,<br \/>\n\u00e9lem az \u00e9letem mint a rajok.<br \/>\nHogy mit mondanak r\u00f3lam nem \u00e9rdekel,<br \/>\ncsin\u00e1lja ut\u00e1nam aki irigyel.<br \/>\nMert \u00fagy \u00e9lek \u00e9n ahogyan akarok,<br \/>\n\u00e9lem az \u00e9letem mint a rajok.<br \/>\nMert \u00fagy \u00e9lek \u00e9n ahogyan akarok,<br \/>\n\u00e9lem az \u00e9letem mint a rajok.<\/p>\n<p>&#8212;V\u00e9ge&#8212;<\/p>\n","protected":false},"featured_media":9505,"template":"","meta":{"site-sidebar-layout":"default","site-content-layout":"default","ast-site-content-layout":"default","site-content-style":"default","site-sidebar-style":"default","ast-global-header-display":"","ast-banner-title-visibility":"","ast-main-header-display":"","ast-hfb-above-header-display":"","ast-hfb-below-header-display":"","ast-hfb-mobile-header-display":"","site-post-title":"","ast-breadcrumbs-content":"","ast-featured-img":"","footer-sml-layout":"","theme-transparent-header-meta":"default","adv-header-id-meta":"","stick-header-meta":"","header-above-stick-meta":"","header-main-stick-meta":"","header-below-stick-meta":"","astra-migrate-meta-layouts":"set","ast-page-background-enabled":"default","ast-page-background-meta":{"desktop":{"background-color":"var(--ast-global-color-4)","background-image":"","background-repeat":"repeat","background-position":"center center","background-size":"auto","background-attachment":"scroll","background-type":"","background-media":"","overlay-type":"","overlay-color":"","overlay-opacity":"","overlay-gradient":""},"tablet":{"background-color":"","background-image":"","background-repeat":"repeat","background-position":"center center","background-size":"auto","background-attachment":"scroll","background-type":"","background-media":"","overlay-type":"","overlay-color":"","overlay-opacity":"","overlay-gradient":""},"mobile":{"background-color":"","background-image":"","background-repeat":"repeat","background-position":"center center","background-size":"auto","background-attachment":"scroll","background-type":"","background-media":"","overlay-type":"","overlay-color":"","overlay-opacity":"","overlay-gradient":""}},"ast-content-background-meta":{"desktop":{"background-color":"var(--ast-global-color-5)","background-image":"","background-repeat":"repeat","background-position":"center center","background-size":"auto","background-attachment":"scroll","background-type":"","background-media":"","overlay-type":"","overlay-color":"","overlay-opacity":"","overlay-gradient":""},"tablet":{"background-color":"var(--ast-global-color-5)","background-image":"","background-repeat":"repeat","background-position":"center center","background-size":"auto","background-attachment":"scroll","background-type":"","background-media":"","overlay-type":"","overlay-color":"","overlay-opacity":"","overlay-gradient":""},"mobile":{"background-color":"var(--ast-global-color-5)","background-image":"","background-repeat":"repeat","background-position":"center center","background-size":"auto","background-attachment":"scroll","background-type":"","background-media":"","overlay-type":"","overlay-color":"","overlay-opacity":"","overlay-gradient":""}}},"product_cat":[48],"product_tag":[],"class_list":["post-5390","product","type-product","status-publish","has-post-thumbnail","hentry","product_cat-sunkaraoke-dalok","desktop-align-left","tablet-align-left","mobile-align-left"],"_links":{"self":[{"href":"https:\/\/www.sunkaraoke.hu\/index.php\/wp-json\/wp\/v2\/product\/5390","targetHints":{"allow":["GET"]}}],"collection":[{"href":"https:\/\/www.sunkaraoke.hu\/index.php\/wp-json\/wp\/v2\/product"}],"about":[{"href":"https:\/\/www.sunkaraoke.hu\/index.php\/wp-json\/wp\/v2\/types\/product"}],"wp:featuredmedia":[{"embeddable":true,"href":"https:\/\/www.sunkaraoke.hu\/index.php\/wp-json\/wp\/v2\/media\/9505"}],"wp:attachment":[{"href":"https:\/\/www.sunkaraoke.hu\/index.php\/wp-json\/wp\/v2\/media?parent=5390"}],"wp:term":[{"taxonomy":"product_cat","embeddable":true,"href":"https:\/\/www.sunkaraoke.hu\/index.php\/wp-json\/wp\/v2\/product_cat?post=5390"},{"taxonomy":"product_tag","embeddable":true,"href":"https:\/\/www.sunkaraoke.hu\/index.php\/wp-json\/wp\/v2\/product_tag?post=5390"}],"curies":[{"name":"wp","href":"https:\/\/api.w.org\/{rel}","templated":true}]}}