{"id":5388,"date":"2025-04-12T11:00:06","date_gmt":"2025-04-12T11:00:06","guid":{"rendered":"https:\/\/www.sunkaraoke.hu\/index.php\/termek\/a-jo-laci-betyar-egy-asszony-miatt-2018\/"},"modified":"2025-09-14T06:01:18","modified_gmt":"2025-09-14T04:01:18","slug":"a-jo-laci-betyar-egy-asszony-miatt-2018","status":"publish","type":"product","link":"https:\/\/www.sunkaraoke.hu\/index.php\/termek\/a-jo-laci-betyar-egy-asszony-miatt-2018\/","title":{"rendered":"<div class=\"wcmp-player-container product-5388\"><audio controlslist=\"nodownload\" data-product=\"5388\"  volume=\"1\"  preload=\"none\" data-lazyloading=\"none\" class=\"wcmp-player track mejs-classic\" data-duration=\"0:33\" data-estimated_duration=\"4\"><source src=\"https:\/\/www.sunkaraoke.hu\/wp-content\/uploads\/2022\/08\/Egy-asszony-miatt-Laci-B.-SB.-demoo.mp3\" type=\"audio\/mp3\" \/><\/audio><\/div>A J\u00f3 Laci Bety\u00e1r &#8211; Egy asszony miatt (Original SB Edition)"},"content":{"rendered":"<p><strong>03:05<\/strong> | <strong><img loading=\"lazy\" decoding=\"async\" class=\"alignnone size-full wp-image-467\" src=\"https:\/\/www.sunkaraoke.hu\/wp-content\/uploads\/2022\/07\/choir_2-copy.webp\" alt=\"\" width=\"30\" height=\"30\" \/> <\/strong><\/p>\n","protected":false},"excerpt":{"rendered":"<h6><strong>Bits\u0171r\u0171s\u00e9g: 320<\/strong>kb\/s<strong><br \/>\n<\/strong><strong>Hossz: <\/strong>03:05<strong><br \/>\n<\/strong><strong style=\"font-size: 16px;\">Vok\u00e1lt tartalmaz: <\/strong>Nem <img loading=\"lazy\" decoding=\"async\" class=\"alignnone size-full wp-image-467\" src=\"http:\/\/www.sunkaraoke.hu\/wp-content\/uploads\/2022\/07\/choir_2-copy.png\" alt=\"\" width=\"30\" height=\"30\" \/><strong style=\"font-size: 16px;\"><br \/>\n<\/strong><\/h6>\n<p>Sunkaraoke mp3 st\u00fadi\u00f3 \/ www.sunkaraoke.hu \/ Inf: Tel: 06 20 4275001<\/p>\n<p>&#8211;Intr\u00f3&#8212;<br \/>\nEgy asszony miatt vagyok ilyen l\u00e9ha,<br \/>\nki meg sem \u00e9rdemelt engem tal\u00e1n!<br \/>\nEgy asszony miatt, f\u00e1j a sz\u00edvem n\u00e9ha,<br \/>\nki meg sem \u00e9rdemelt, engem tal\u00e1n!<br \/>\nEgy asszony, aki elrontotta, m\u00e1r az \u00e9letem,<br \/>\nki azt sem tudta, mi a cs\u00f3k, \u00e9s mi a szerelem?<br \/>\nEgy asszony miatt, f\u00e1j a sz\u00edvem n\u00e9ha,<br \/>\nkit elfeledni, nem tudok soha!<br \/>\nEgy asszony, aki elrontotta, m\u00e1r az \u00e9letem,<br \/>\nki azt sem tudta, mi a cs\u00f3k, \u00e9s mi a szerelem?<br \/>\nEgy asszony miatt, f\u00e1j a sz\u00edvem n\u00e9ha,<br \/>\nkit elfeledni, nem tudok soha!<br \/>\n&#8212;Sz\u00f3l\u00f3&#8212;<br \/>\nEgy asszony miatt vagyok ilyen l\u00e9ha,<br \/>\nki meg sem \u00e9rdemelt engem tal\u00e1n!<br \/>\nEgy asszony miatt, f\u00e1j a sz\u00edvem n\u00e9ha,<br \/>\nki meg sem \u00e9rdemelt, engem tal\u00e1n!<br \/>\nEgy asszony, aki elrontotta, m\u00e1r az \u00e9letem,<br \/>\nki azt sem tudta, mi a cs\u00f3k, \u00e9s mi a szerelem?<br \/>\nEgy asszony miatt, f\u00e1j a sz\u00edvem n\u00e9ha,<br \/>\nkit elfeledni, nem tudok soha!<br \/>\nEgy asszony, aki elrontotta, m\u00e1r az \u00e9letem,<br \/>\nki azt sem tudta, mi a cs\u00f3k, \u00e9s mi a szerelem?<br \/>\nEgy asszony miatt, f\u00e1j a sz\u00edvem n\u00e9ha,<br \/>\nkit elfeledni, nem tudok soha!<br \/>\nEgy asszony miatt vagyok ilyen l\u00e9ha,<br \/>\nki meg sem \u00e9rdemelt engem tal\u00e1n!<br \/>\nEgy asszony miatt, f\u00e1j a sz\u00edvem n\u00e9ha,<br \/>\nki meg sem \u00e9rdemelt, engem tal\u00e1n!<br \/>\nEgy asszony, aki elrontotta, m\u00e1r az \u00e9letem,<br \/>\nki azt sem tudta, mi a cs\u00f3k, \u00e9s mi a szerelem?<br \/>\nEgy asszony miatt, f\u00e1j a sz\u00edvem n\u00e9ha,<br \/>\nkit elfeledni, nem tudok soha!<br \/>\nEgy asszony, aki elrontotta, m\u00e1r az \u00e9letem,<br \/>\nki azt sem tudta, mi a cs\u00f3k, \u00e9s mi a szerelem?<br \/>\nEgy asszony miatt, f\u00e1j a sz\u00edvem n\u00e9ha,<br \/>\nkit elfeledni, nem tudok soha!<br \/>\nKit elfeledni, nem tudok soha!<br \/>\n&#8212;V\u00e9ge&#8212;<\/p>\n","protected":false},"featured_media":10084,"template":"","meta":{"site-sidebar-layout":"default","site-content-layout":"default","ast-site-content-layout":"default","site-content-style":"default","site-sidebar-style":"default","ast-global-header-display":"","ast-banner-title-visibility":"","ast-main-header-display":"","ast-hfb-above-header-display":"","ast-hfb-below-header-display":"","ast-hfb-mobile-header-display":"","site-post-title":"","ast-breadcrumbs-content":"","ast-featured-img":"","footer-sml-layout":"","theme-transparent-header-meta":"default","adv-header-id-meta":"","stick-header-meta":"","header-above-stick-meta":"","header-main-stick-meta":"","header-below-stick-meta":"","astra-migrate-meta-layouts":"set","ast-page-background-enabled":"default","ast-page-background-meta":{"desktop":{"background-color":"var(--ast-global-color-4)","background-image":"","background-repeat":"repeat","background-position":"center center","background-size":"auto","background-attachment":"scroll","background-type":"","background-media":"","overlay-type":"","overlay-color":"","overlay-opacity":"","overlay-gradient":""},"tablet":{"background-color":"","background-image":"","background-repeat":"repeat","background-position":"center center","background-size":"auto","background-attachment":"scroll","background-type":"","background-media":"","overlay-type":"","overlay-color":"","overlay-opacity":"","overlay-gradient":""},"mobile":{"background-color":"","background-image":"","background-repeat":"repeat","background-position":"center center","background-size":"auto","background-attachment":"scroll","background-type":"","background-media":"","overlay-type":"","overlay-color":"","overlay-opacity":"","overlay-gradient":""}},"ast-content-background-meta":{"desktop":{"background-color":"var(--ast-global-color-5)","background-image":"","background-repeat":"repeat","background-position":"center center","background-size":"auto","background-attachment":"scroll","background-type":"","background-media":"","overlay-type":"","overlay-color":"","overlay-opacity":"","overlay-gradient":""},"tablet":{"background-color":"var(--ast-global-color-5)","background-image":"","background-repeat":"repeat","background-position":"center center","background-size":"auto","background-attachment":"scroll","background-type":"","background-media":"","overlay-type":"","overlay-color":"","overlay-opacity":"","overlay-gradient":""},"mobile":{"background-color":"var(--ast-global-color-5)","background-image":"","background-repeat":"repeat","background-position":"center center","background-size":"auto","background-attachment":"scroll","background-type":"","background-media":"","overlay-type":"","overlay-color":"","overlay-opacity":"","overlay-gradient":""}}},"product_cat":[48],"product_tag":[],"class_list":["post-5388","product","type-product","status-publish","has-post-thumbnail","hentry","product_cat-sunkaraoke-dalok","desktop-align-left","tablet-align-left","mobile-align-left"],"_links":{"self":[{"href":"https:\/\/www.sunkaraoke.hu\/index.php\/wp-json\/wp\/v2\/product\/5388","targetHints":{"allow":["GET"]}}],"collection":[{"href":"https:\/\/www.sunkaraoke.hu\/index.php\/wp-json\/wp\/v2\/product"}],"about":[{"href":"https:\/\/www.sunkaraoke.hu\/index.php\/wp-json\/wp\/v2\/types\/product"}],"wp:featuredmedia":[{"embeddable":true,"href":"https:\/\/www.sunkaraoke.hu\/index.php\/wp-json\/wp\/v2\/media\/10084"}],"wp:attachment":[{"href":"https:\/\/www.sunkaraoke.hu\/index.php\/wp-json\/wp\/v2\/media?parent=5388"}],"wp:term":[{"taxonomy":"product_cat","embeddable":true,"href":"https:\/\/www.sunkaraoke.hu\/index.php\/wp-json\/wp\/v2\/product_cat?post=5388"},{"taxonomy":"product_tag","embeddable":true,"href":"https:\/\/www.sunkaraoke.hu\/index.php\/wp-json\/wp\/v2\/product_tag?post=5388"}],"curies":[{"name":"wp","href":"https:\/\/api.w.org\/{rel}","templated":true}]}}