{"id":5381,"date":"2022-08-08T20:49:05","date_gmt":"2022-08-08T20:49:05","guid":{"rendered":"https:\/\/www.sunkaraoke.hu\/index.php\/termek\/koteles-cindy-jaj-de-magos-ez-a-fa\/"},"modified":"2025-09-28T07:37:04","modified_gmt":"2025-09-28T05:37:04","slug":"koteles-cindy-jaj-de-magos-ez-a-fa","status":"publish","type":"product","link":"https:\/\/www.sunkaraoke.hu\/index.php\/termek\/koteles-cindy-jaj-de-magos-ez-a-fa\/","title":{"rendered":"<div class=\"wcmp-player-container product-5381\"><audio controlslist=\"nodownload\" data-product=\"5381\"  volume=\"1\"  preload=\"none\" data-lazyloading=\"none\" class=\"wcmp-player track mejs-classic\" ><source src=\"https:\/\/www.sunkaraoke.hu\/wp-content\/uploads\/wcmp\/203ced4a5e6d36c04aa00c960d43a3db.mp3\" type=\"audio\/mp3\" \/><\/audio><\/div>K\u00f6teles Cindy &#8211; Jaj de magos ez a fa"},"content":{"rendered":"<p><strong>03:03<\/strong> | <strong><img loading=\"lazy\" decoding=\"async\" class=\"alignnone size-full wp-image-467\" src=\"https:\/\/www.sunkaraoke.hu\/wp-content\/uploads\/2022\/07\/choir_2-copy.webp\" alt=\"\" width=\"30\" height=\"30\" \/> <\/p>\n","protected":false},"excerpt":{"rendered":"<p><strong>Bits\u0171r\u0171s\u00e9g: <\/strong>196kb\/s<strong><br \/>\n<\/strong><strong>Hossz: <\/strong>03:03<strong><br \/>\n<\/strong><strong style=\"font-size: 16px;\">Vok\u00e1lt tartalmaz: <\/strong>Nem <img loading=\"lazy\" decoding=\"async\" class=\"alignnone size-full wp-image-467\" src=\"http:\/\/www.sunkaraoke.hu\/wp-content\/uploads\/2022\/07\/choir_2-copy.png\" alt=\"\" width=\"30\" height=\"30\" \/><strong style=\"font-size: 16px;\"><br \/>\n<\/strong><\/p>\n<p>&nbsp;<\/p>\n<p>&#8212;Intr\u00f3&#8212;<br \/>\nB\u00fa gy\u00f6t\u00f6rte sz\u00edvemet sanyargatt\u00e1k eleget,<br \/>\negy nagy f\u00e1ra felm\u00e1sztam csillagokkal t\u00e1ncoltam.<br \/>\nSorra j\u00f6ttek a k\u00e9r\u0151k a magast\u00f3l \u00fagy f\u00e9l\u0151k,<br \/>\nfennmaradtam, rettegtem ott is hagytak engemet.<\/p>\n<p>Jaj de magos ez a fa \u00e9gig \u00e9r\u0151 csodafa,<br \/>\nlem\u00e1szn\u00e9k, de \u00fagy f\u00e9lek seg\u00edts rajtam Istenem,<br \/>\nseg\u00edts rajtam Istenem.<br \/>\nLem\u00e1szn\u00e9k, de \u00fagy f\u00e9lek seg\u00edts rajtam Istenem,<br \/>\nseg\u00edts rajtam Istenem.<br \/>\n&#8212;Sz\u00f3l\u00f3&#8212;<br \/>\nEgy napon egy leg\u00e9ny j\u00f6tt k\u00e9rte kisl\u00e1ny gyere, j\u00f6jj,<br \/>\nlemenni \u00e9n nem megyek \u00f6sszet\u0151r\u00f6d sz\u00edvemet.<\/p>\n<p>Jaj de magos ez a fa \u00e9gig \u00e9r\u0151 csodafa,<br \/>\nlem\u00e1szn\u00e9k, de \u00fagy f\u00e9lek seg\u00edts rajtam Istenem,<br \/>\nseg\u00edts rajtam Istenem.<br \/>\nLem\u00e1szn\u00e9k, de \u00fagy f\u00e9lek seg\u00edts rajtam Istenem,<br \/>\nseg\u00edts rajtam Istenem.<\/p>\n<p>Felh\u00e1gott h\u00e1t a f\u00e1ra k\u00e9t kezemet megfogta,<br \/>\n\u00edg\u00e9rte nem b\u00e1nt engem vigy\u00e1zni az \u00e9n sz\u00edvemre.<\/p>\n<p>Jaj de magos ez a fa \u00e9gig \u00e9r\u0151 csodafa,<br \/>\nlem\u00e1szn\u00e9k, de \u00fagy f\u00e9lek seg\u00edts rajtam Istenem,<br \/>\nseg\u00edts rajtam Istenem.<br \/>\nLem\u00e1szn\u00e9k, de \u00fagy f\u00e9lek seg\u00edts rajtam Istenem,<br \/>\nseg\u00edts rajtam Istenem.<\/p>\n<p>N\u00e1j, n\u00e1, n\u00e1, n\u00e1j&#8230;<\/p>\n<p>Jaj de magos ez a fa \u00e9gig \u00e9r\u0151 csodafa,<br \/>\nlem\u00e1szn\u00e9k, de \u00fagy f\u00e9lek seg\u00edts rajtam Istenem,<br \/>\nseg\u00edts rajtam Istenem.<br \/>\nLem\u00e1szn\u00e9k, de \u00fagy f\u00e9lek seg\u00edts rajtam Istenem,<br \/>\nseg\u00edts rajtam Istenem.<br \/>\n&#8212;V\u00e9ge&#8212;<\/p>\n","protected":false},"featured_media":8995,"template":"","meta":{"site-sidebar-layout":"default","site-content-layout":"default","ast-site-content-layout":"","site-content-style":"default","site-sidebar-style":"default","ast-global-header-display":"","ast-banner-title-visibility":"","ast-main-header-display":"","ast-hfb-above-header-display":"","ast-hfb-below-header-display":"","ast-hfb-mobile-header-display":"","site-post-title":"","ast-breadcrumbs-content":"","ast-featured-img":"","footer-sml-layout":"","theme-transparent-header-meta":"default","adv-header-id-meta":"","stick-header-meta":"","header-above-stick-meta":"","header-main-stick-meta":"","header-below-stick-meta":"","astra-migrate-meta-layouts":"default","ast-page-background-enabled":"default","ast-page-background-meta":{"desktop":{"background-color":"var(--ast-global-color-4)","background-image":"","background-repeat":"repeat","background-position":"center center","background-size":"auto","background-attachment":"scroll","background-type":"","background-media":"","overlay-type":"","overlay-color":"","overlay-opacity":"","overlay-gradient":""},"tablet":{"background-color":"","background-image":"","background-repeat":"repeat","background-position":"center center","background-size":"auto","background-attachment":"scroll","background-type":"","background-media":"","overlay-type":"","overlay-color":"","overlay-opacity":"","overlay-gradient":""},"mobile":{"background-color":"","background-image":"","background-repeat":"repeat","background-position":"center center","background-size":"auto","background-attachment":"scroll","background-type":"","background-media":"","overlay-type":"","overlay-color":"","overlay-opacity":"","overlay-gradient":""}},"ast-content-background-meta":{"desktop":{"background-color":"var(--ast-global-color-5)","background-image":"","background-repeat":"repeat","background-position":"center center","background-size":"auto","background-attachment":"scroll","background-type":"","background-media":"","overlay-type":"","overlay-color":"","overlay-opacity":"","overlay-gradient":""},"tablet":{"background-color":"var(--ast-global-color-5)","background-image":"","background-repeat":"repeat","background-position":"center center","background-size":"auto","background-attachment":"scroll","background-type":"","background-media":"","overlay-type":"","overlay-color":"","overlay-opacity":"","overlay-gradient":""},"mobile":{"background-color":"var(--ast-global-color-5)","background-image":"","background-repeat":"repeat","background-position":"center center","background-size":"auto","background-attachment":"scroll","background-type":"","background-media":"","overlay-type":"","overlay-color":"","overlay-opacity":"","overlay-gradient":""}}},"product_cat":[48],"product_tag":[],"class_list":["post-5381","product","type-product","status-publish","has-post-thumbnail","hentry","product_cat-sunkaraoke-dalok","desktop-align-left","tablet-align-left","mobile-align-left"],"_links":{"self":[{"href":"https:\/\/www.sunkaraoke.hu\/index.php\/wp-json\/wp\/v2\/product\/5381","targetHints":{"allow":["GET"]}}],"collection":[{"href":"https:\/\/www.sunkaraoke.hu\/index.php\/wp-json\/wp\/v2\/product"}],"about":[{"href":"https:\/\/www.sunkaraoke.hu\/index.php\/wp-json\/wp\/v2\/types\/product"}],"wp:featuredmedia":[{"embeddable":true,"href":"https:\/\/www.sunkaraoke.hu\/index.php\/wp-json\/wp\/v2\/media\/8995"}],"wp:attachment":[{"href":"https:\/\/www.sunkaraoke.hu\/index.php\/wp-json\/wp\/v2\/media?parent=5381"}],"wp:term":[{"taxonomy":"product_cat","embeddable":true,"href":"https:\/\/www.sunkaraoke.hu\/index.php\/wp-json\/wp\/v2\/product_cat?post=5381"},{"taxonomy":"product_tag","embeddable":true,"href":"https:\/\/www.sunkaraoke.hu\/index.php\/wp-json\/wp\/v2\/product_tag?post=5381"}],"curies":[{"name":"wp","href":"https:\/\/api.w.org\/{rel}","templated":true}]}}