{"id":5379,"date":"2022-08-08T20:49:05","date_gmt":"2022-08-08T20:49:05","guid":{"rendered":"https:\/\/www.sunkaraoke.hu\/index.php\/termek\/marta-joco-csak-jard-a-tancot\/"},"modified":"2026-02-14T15:46:11","modified_gmt":"2026-02-14T13:46:11","slug":"marta-joco-csak-jard-a-tancot","status":"publish","type":"product","link":"https:\/\/www.sunkaraoke.hu\/index.php\/termek\/marta-joco-csak-jard-a-tancot\/","title":{"rendered":"<div class=\"wcmp-player-container product-5379\"><audio controlslist=\"nodownload\" data-product=\"5379\"  volume=\"1\"  preload=\"none\" data-lazyloading=\"none\" class=\"wcmp-player track mejs-classic\" data-duration=\"0:34\" data-estimated_duration=\"4\"><source src=\"https:\/\/www.sunkaraoke.hu\/wp-content\/uploads\/2022\/08\/Csak-jard-a-tancot-Marta.-demoo.mp3\" type=\"audio\/mp3\" \/><\/audio><\/div>M\u00e1rta Joc\u00f3 &#8211; Csak j\u00e1rd a t\u00e1ncot (Original)"},"content":{"rendered":"<p><strong>03:27<\/strong> | <strong><img loading=\"lazy\" decoding=\"async\" class=\"alignnone size-full wp-image-467\" src=\"https:\/\/www.sunkaraoke.hu\/wp-content\/uploads\/2022\/07\/choir_2-copy.webp\" alt=\"\" width=\"30\" height=\"30\" \/> <\/strong><\/p>\n","protected":false},"excerpt":{"rendered":"<h6><strong>Bits\u0171r\u0171s\u00e9g: 320<\/strong>kb\/s<strong><br \/>\n<\/strong><strong>Hossz: <\/strong>03:27<strong><br \/>\n<\/strong><strong style=\"font-size: 16px;\">Vok\u00e1lt tartalmaz: <\/strong>Nem <img loading=\"lazy\" decoding=\"async\" class=\"alignnone size-full wp-image-467\" src=\"http:\/\/www.sunkaraoke.hu\/wp-content\/uploads\/2022\/07\/choir_2-copy.png\" alt=\"\" width=\"30\" height=\"30\" \/><strong style=\"font-size: 16px;\"><br \/>\n<\/strong><\/h6>\n<p>Sunkaraoke mp3 st\u00fadi\u00f3 \/ www.sunkaraoke.hu \/ Inf: Tel: 06 20 4275001<\/p>\n<p>&#8212;Intro&#8212;<\/p>\n<p>Felcsend\u00fcl, a dal az \u00e9jszak\u00e1ban,<br \/>\nMagyar virtust, most a l\u00e1bad j\u00e1rja,<br \/>\nFelejts\u00fck el ma a gondot m\u00e1ra,<br \/>\nCsak j\u00e1rd a t\u00e1ncot, mulass most velem.<br \/>\nNe sajn\u00e1ld h\u00e1t ma a tapsot t\u0151lem,<br \/>\n\u00c9n n\u00e9kem ma ez a fizetts\u00e9gem,<br \/>\nDobjuk suttba ma minden gondunk bajunk,<br \/>\nCsak j\u00e1rd a t\u00e1ncot, mulass most velem.<\/p>\n<p>Gyere-gyere forr a v\u00e9r\u00fcnk,<br \/>\ngyere-gyere egyszer \u00e9l\u00fcnk,<br \/>\nam\u00edg \u00e9l\u00fcnk, vid\u00e1mak legy\u00fcnk.<br \/>\nGyere-gyere forr a v\u00e9r\u00fcnk,<br \/>\ngyere-gyere egyszer \u00e9l\u00fcnk,<br \/>\nam\u00edg \u00e9l\u00fcnk, vid\u00e1mak legy\u00fcnk!<\/p>\n<p>Itt van m\u00e1r az \u00faj \u00e9s r\u00e9gi n\u00f3ta,<br \/>\nGyarmaton, ezt Joci nektek \u00edrta,<br \/>\nAmikor a muzsik\u00e1t meghallod,<br \/>\nCsak j\u00e1rd a t\u00e1ncot, mulass most vel\u00fcnk.<br \/>\nA sz\u00edved majd hidd el nem fog f\u00e1jni,<br \/>\nAmikor a l\u00e1bad el kezd j\u00e1rni,<br \/>\nMert a n\u00f3ta gy\u00f3gyszer minden gondra,<br \/>\nCsak j\u00e1rd a t\u00e1ncot, mulass most vel\u00fcnk.<\/p>\n<p>Gyere-gyere forr a v\u00e9r\u00fcnk,<br \/>\ngyere-gyere egyszer \u00e9l\u00fcnk,<br \/>\nam\u00edg \u00e9l\u00fcnk, vid\u00e1mak legy\u00fcnk.<br \/>\nGyere-gyere forr a v\u00e9r\u00fcnk,<br \/>\ngyere-gyere egyszer \u00e9l\u00fcnk,<br \/>\nam\u00edg \u00e9l\u00fcnk, vid\u00e1mak legy\u00fcnk!<br \/>\nGyere-gyere forr a v\u00e9r\u00fcnk,<br \/>\ngyere-gyere egyszer \u00e9l\u00fcnk,<br \/>\nam\u00edg \u00e9l\u00fcnk, vid\u00e1mak legy\u00fcnk.<br \/>\nGyere-gyere forr a v\u00e9r\u00fcnk,<br \/>\ngyere-gyere egyszer \u00e9l\u00fcnk,<br \/>\nam\u00edg \u00e9l\u00fcnk, vid\u00e1mak legy\u00fcnk!<\/p>\n<p>&#8212;Sz\u00f3l\u00f3&#8212;<\/p>\n<p>Gyere-gyere forr a v\u00e9r\u00fcnk,<br \/>\ngyere-gyere egyszer \u00e9l\u00fcnk,<br \/>\nam\u00edg \u00e9l\u00fcnk, vid\u00e1mak legy\u00fcnk.<br \/>\nGyere-gyere forr a v\u00e9r\u00fcnk,<br \/>\ngyere-gyere egyszer \u00e9l\u00fcnk,<br \/>\nam\u00edg \u00e9l\u00fcnk, vid\u00e1mak legy\u00fcnk!<br \/>\nGyere-gyere forr a v\u00e9r\u00fcnk,<br \/>\ngyere-gyere egyszer \u00e9l\u00fcnk,<br \/>\nam\u00edg \u00e9l\u00fcnk, vid\u00e1mak legy\u00fcnk.<br \/>\nGyere-gyere forr a v\u00e9r\u00fcnk,<br \/>\ngyere-gyere egyszer \u00e9l\u00fcnk,<br \/>\nam\u00edg \u00e9l\u00fcnk, vid\u00e1mak legy\u00fcnk!<\/p>\n<p>L\u00e1 l\u00e1 l\u00e1 l\u00e1 l\u00e1ll\u00e1 l\u00e1ll\u00e1,<br \/>\nL\u00e1 l\u00e1 l\u00e1 l\u00e1 l\u00e1ll\u00e1 l\u00e1ll\u00e1,<br \/>\nL\u00e1 l\u00e1 l\u00e1 l\u00e1 l\u00e1ll\u00e1 l\u00e1ll\u00e1, l\u00e1 l\u00e1 l\u00e1,<br \/>\nL\u00e1 l\u00e1 l\u00e1 l\u00e1 l\u00e1ll\u00e1 l\u00e1ll\u00e1,<br \/>\nL\u00e1 l\u00e1 l\u00e1 l\u00e1 l\u00e1ll\u00e1 l\u00e1ll\u00e1,<br \/>\nL\u00e1 l\u00e1 l\u00e1 l\u00e1 l\u00e1ll\u00e1 l\u00e1ll\u00e1,,l\u00e1 l\u00e1 l\u00e1,<br \/>\nL\u00e1 l\u00e1 l\u00e1 l\u00e1 l\u00e1ll\u00e1 l\u00e1ll\u00e1,<br \/>\nL\u00e1 l\u00e1 l\u00e1 l\u00e1 l\u00e1ll\u00e1 l\u00e1ll\u00e1,<br \/>\nL\u00e1 l\u00e1 l\u00e1 l\u00e1 l\u00e1ll\u00e1 l\u00e1ll\u00e1, l\u00e1 l\u00e1 l\u00e1,<br \/>\nL\u00e1 l\u00e1 l\u00e1 l\u00e1 l\u00e1ll\u00e1 l\u00e1ll\u00e1,<br \/>\nL\u00e1 l\u00e1 l\u00e1 l\u00e1 l\u00e1ll\u00e1 l\u00e1ll\u00e1,<br \/>\nam\u00edg \u00e9l\u00fcnk, vid\u00e1mak legy\u00fcnk!<br \/>\n&#8212;V\u00e9ge&#8212;<\/p>\n","protected":false},"featured_media":8752,"template":"","meta":{"site-sidebar-layout":"default","site-content-layout":"default","ast-site-content-layout":"default","site-content-style":"default","site-sidebar-style":"default","ast-global-header-display":"","ast-banner-title-visibility":"","ast-main-header-display":"","ast-hfb-above-header-display":"","ast-hfb-below-header-display":"","ast-hfb-mobile-header-display":"","site-post-title":"","ast-breadcrumbs-content":"","ast-featured-img":"","footer-sml-layout":"","theme-transparent-header-meta":"default","adv-header-id-meta":"","stick-header-meta":"","header-above-stick-meta":"","header-main-stick-meta":"","header-below-stick-meta":"","astra-migrate-meta-layouts":"set","ast-page-background-enabled":"default","ast-page-background-meta":{"desktop":{"background-color":"var(--ast-global-color-4)","background-image":"","background-repeat":"repeat","background-position":"center center","background-size":"auto","background-attachment":"scroll","background-type":"","background-media":"","overlay-type":"","overlay-color":"","overlay-opacity":"","overlay-gradient":""},"tablet":{"background-color":"","background-image":"","background-repeat":"repeat","background-position":"center center","background-size":"auto","background-attachment":"scroll","background-type":"","background-media":"","overlay-type":"","overlay-color":"","overlay-opacity":"","overlay-gradient":""},"mobile":{"background-color":"","background-image":"","background-repeat":"repeat","background-position":"center center","background-size":"auto","background-attachment":"scroll","background-type":"","background-media":"","overlay-type":"","overlay-color":"","overlay-opacity":"","overlay-gradient":""}},"ast-content-background-meta":{"desktop":{"background-color":"var(--ast-global-color-5)","background-image":"","background-repeat":"repeat","background-position":"center center","background-size":"auto","background-attachment":"scroll","background-type":"","background-media":"","overlay-type":"","overlay-color":"","overlay-opacity":"","overlay-gradient":""},"tablet":{"background-color":"var(--ast-global-color-5)","background-image":"","background-repeat":"repeat","background-position":"center center","background-size":"auto","background-attachment":"scroll","background-type":"","background-media":"","overlay-type":"","overlay-color":"","overlay-opacity":"","overlay-gradient":""},"mobile":{"background-color":"var(--ast-global-color-5)","background-image":"","background-repeat":"repeat","background-position":"center center","background-size":"auto","background-attachment":"scroll","background-type":"","background-media":"","overlay-type":"","overlay-color":"","overlay-opacity":"","overlay-gradient":""}}},"product_cat":[46],"product_tag":[],"class_list":["post-5379","product","type-product","status-publish","has-post-thumbnail","hentry","product_cat-eredeti-karaoke-dalok","desktop-align-left","tablet-align-left","mobile-align-left"],"_links":{"self":[{"href":"https:\/\/www.sunkaraoke.hu\/index.php\/wp-json\/wp\/v2\/product\/5379","targetHints":{"allow":["GET"]}}],"collection":[{"href":"https:\/\/www.sunkaraoke.hu\/index.php\/wp-json\/wp\/v2\/product"}],"about":[{"href":"https:\/\/www.sunkaraoke.hu\/index.php\/wp-json\/wp\/v2\/types\/product"}],"wp:featuredmedia":[{"embeddable":true,"href":"https:\/\/www.sunkaraoke.hu\/index.php\/wp-json\/wp\/v2\/media\/8752"}],"wp:attachment":[{"href":"https:\/\/www.sunkaraoke.hu\/index.php\/wp-json\/wp\/v2\/media?parent=5379"}],"wp:term":[{"taxonomy":"product_cat","embeddable":true,"href":"https:\/\/www.sunkaraoke.hu\/index.php\/wp-json\/wp\/v2\/product_cat?post=5379"},{"taxonomy":"product_tag","embeddable":true,"href":"https:\/\/www.sunkaraoke.hu\/index.php\/wp-json\/wp\/v2\/product_tag?post=5379"}],"curies":[{"name":"wp","href":"https:\/\/api.w.org\/{rel}","templated":true}]}}