{"id":5371,"date":"2022-08-08T20:49:04","date_gmt":"2022-08-08T20:49:04","guid":{"rendered":"https:\/\/www.sunkaraoke.hu\/index.php\/termek\/tesok-nem-olelsz-mar\/"},"modified":"2025-03-28T16:11:37","modified_gmt":"2025-03-28T16:11:37","slug":"tesok-nem-olelsz-mar","status":"publish","type":"product","link":"https:\/\/www.sunkaraoke.hu\/index.php\/termek\/tesok-nem-olelsz-mar\/","title":{"rendered":"<div class=\"wcmp-player-container product-5371\"><audio controlslist=\"nodownload\" data-product=\"5371\"  volume=\"1\"  preload=\"none\" data-lazyloading=\"none\" class=\"wcmp-player track mejs-classic\" data-duration=\"0:32\" data-estimated_duration=\"4\"><source src=\"https:\/\/www.sunkaraoke.hu\/wp-content\/uploads\/2022\/08\/Nem-olelsz-mar-Tesok.-SB.-_demo.mp3\" type=\"audio\/mp3\" \/><\/audio><\/div>Tes\u00f3k &#8211; Nem \u00f6lelsz m\u00e1r \/\u00c1kelele\/ (Original)"},"content":{"rendered":"<p><strong>03:33<\/strong> | <strong><img loading=\"lazy\" decoding=\"async\" class=\"alignnone size-full wp-image-467\" src=\"https:\/\/www.sunkaraoke.hu\/wp-content\/uploads\/2022\/07\/choir_2-copy.webp\" alt=\"\" width=\"30\" height=\"30\" \/> <\/strong><\/p>\n","protected":false},"excerpt":{"rendered":"<h6>Bits\u0171r\u0171s\u00e9g: 320 kb\/s<br \/>\nHossz: 03:33<br \/>\nVok\u00e1lt tartalmaz: Nem <img loading=\"lazy\" decoding=\"async\" class=\"alignnone size-full wp-image-467\" src=\"http:\/\/www.sunkaraoke.hu\/wp-content\/uploads\/2022\/07\/choir_2-copy.png\" alt=\"\" width=\"30\" height=\"30\" \/><strong style=\"font-size: 16px;\"><br \/>\n<\/strong><\/h6>\n<p>Sunkaraoke mp3 st\u00fadi\u00f3 \/ www.sunkaraoke.hu \/ Inf: Tel: 06 20 4275001<\/p>\n<p>&#8212;Intr\u00f3&#8212;<br \/>\nEgy gy\u00f6ng\u00e9d \u00f6lel\u00e9s mely elfeledtet mindent,<br \/>\nmely sz\u00e1momra meg\u00e9r minden kincset,<br \/>\nel\u00e9g egy cs\u00f3k hogy \u00e9rezd mit gondolok \u00e9n,<br \/>\n\u00fagy f\u00e9lek \u00e9n hogy nem leszel eny\u00e9m.<\/p>\n<p>Mert te csak hitegett\u00e9l v\u00e9gig \u00e9s m\u00e1st szerett\u00e9l,<br \/>\nde meg b\u00e1nod majd az isten j\u00f3 fel\u00e9m,<br \/>\na fi\u00f3kban porosodik egy r\u00e9gi aj\u00e1nd\u00e9k,<br \/>\nkit\u0151l is kaphattad de er\u0151d nincs hogy felid\u00e9zd.<\/p>\n<p>\u00c1kelelelele, f\u00e1j m\u00e9g de nem annyira,<br \/>\nmint amikor kimondtad.<br \/>\n\u00c1kelelelele, nem \u00f6lelsz m\u00e1r nem is fogsz,<br \/>\nde m\u00e9g n\u00e9ha r\u00e1m gondolsz.<br \/>\n\u00c1kelelelele, f\u00e1j m\u00e9g de nem annyira,<br \/>\nmint amikor kimondtad.<br \/>\n\u00c1kelelelele, nem \u00f6lelsz m\u00e1r nem is fogsz,<br \/>\nde m\u00e9g n\u00e9ha r\u00e1m gondolsz.<\/p>\n<p>M\u00e1st cs\u00f3kol m\u00e1st szeret \u00e9s karjaiba z\u00e1r,<br \/>\nelm\u00falt minden mint a forr\u00f3 ny\u00e1r.<br \/>\nNe hidd hogy szerelmedet t\u00e9rden \u00e1llva k\u00e9rem,<br \/>\nmert az \u00e9n sz\u00edvem ahhoz nagyon b\u00fcszke.<\/p>\n<p>Mert te csak hitegett\u00e9l v\u00e9gig \u00e9s nem szerett\u00e9l,<br \/>\nde meg b\u00e1nod majd az isten j\u00f3 fel\u00e9m,<br \/>\na fi\u00f3kban porosodik egy r\u00e9gi aj\u00e1nd\u00e9k,<br \/>\nkit\u0151l is kaphattad de er\u0151d nincs hogy felid\u00e9zd.<\/p>\n<p>\u00c1kelelelele, f\u00e1j m\u00e9g de nem annyira,<br \/>\nmint amikor kimondtad.<br \/>\n\u00c1kelelelele, nem \u00f6lelsz m\u00e1r nem is fogsz,<br \/>\nde m\u00e9g n\u00e9ha r\u00e1m gondolsz.<br \/>\n\u00c1kelelelele, f\u00e1j m\u00e9g de nem annyira,<br \/>\nmint amikor kimondtad.<br \/>\n\u00c1kelelele, nem \u00f6lelsz m\u00e1r nem is fogsz,<br \/>\nde m\u00e9g n\u00e9ha r\u00e1m gondolsz.<\/p>\n<p>Fekete \u00e9jszaka borul a vil\u00e1gra,<br \/>\nhogy f\u00e1j\u00f3 sz\u00edvem soha senki ne l\u00e1ssa,<br \/>\nlehet hogy vissza j\u00f6nn\u00e9l de m\u00e1r nem kellesz,<br \/>\ninnent\u0151l \u00e9lni fogom az \u00e9n \u00e9letem.<\/p>\n<p>Mert te csak hitegett\u00e9l v\u00e9gig \u00e9s nem szerett\u00e9l,<br \/>\nde meg b\u00e1nod majd az isten j\u00f3 fel\u00e9m,<br \/>\na fi\u00f3kban porosodik egy r\u00e9gi aj\u00e1nd\u00e9k,<br \/>\nkit\u0151l is kaphattad de er\u0151d nincs hogy felid\u00e9zd.<\/p>\n<p>\u00c1kelelelele, f\u00e1j m\u00e9g de nem annyira,<br \/>\nmint amikor kimondtad.<br \/>\n\u00c1kelelelele, nem \u00f6lelsz m\u00e1r nem is fogsz,<br \/>\nde m\u00e9g n\u00e9ha r\u00e1m gondolsz.<br \/>\n\u00c1kelelelele, f\u00e1j m\u00e9g de nem annyira,<br \/>\nmint amikor kimondtad.<br \/>\n\u00c1kelelelele, nem \u00f6lelsz m\u00e1r nem is fogsz,<br \/>\nde m\u00e9g n\u00e9ha r\u00e1m gondolsz.<br \/>\n&#8212;Sz\u00f3l\u00f3&#8212;<br \/>\n\u00c1kelelelele, f\u00e1j m\u00e9g de nem annyira,<br \/>\nmint amikor kimondtad.<br \/>\n\u00c1kelelelele, nem \u00f6lelsz m\u00e1r nem is fogsz,<br \/>\nde m\u00e9g n\u00e9ha r\u00e1m gondolsz.<br \/>\n\u00c1kelelelele, f\u00e1j m\u00e9g de nem annyira,<br \/>\nmint amikor kimondtad.<br \/>\n\u00c1kelelelele, nem \u00f6lelsz m\u00e1r nem is fogsz,<br \/>\nde m\u00e9g n\u00e9ha r\u00e1m gondolsz.<br \/>\n&#8212;V\u00e9ge&#8212;<\/p>\n","protected":false},"featured_media":8715,"template":"","meta":{"site-sidebar-layout":"default","site-content-layout":"default","ast-site-content-layout":"default","site-content-style":"default","site-sidebar-style":"default","ast-global-header-display":"","ast-banner-title-visibility":"","ast-main-header-display":"","ast-hfb-above-header-display":"","ast-hfb-below-header-display":"","ast-hfb-mobile-header-display":"","site-post-title":"","ast-breadcrumbs-content":"","ast-featured-img":"","footer-sml-layout":"","theme-transparent-header-meta":"default","adv-header-id-meta":"","stick-header-meta":"","header-above-stick-meta":"","header-main-stick-meta":"","header-below-stick-meta":"","astra-migrate-meta-layouts":"set","ast-page-background-enabled":"default","ast-page-background-meta":{"desktop":{"background-color":"var(--ast-global-color-4)","background-image":"","background-repeat":"repeat","background-position":"center center","background-size":"auto","background-attachment":"scroll","background-type":"","background-media":"","overlay-type":"","overlay-color":"","overlay-opacity":"","overlay-gradient":""},"tablet":{"background-color":"","background-image":"","background-repeat":"repeat","background-position":"center center","background-size":"auto","background-attachment":"scroll","background-type":"","background-media":"","overlay-type":"","overlay-color":"","overlay-opacity":"","overlay-gradient":""},"mobile":{"background-color":"","background-image":"","background-repeat":"repeat","background-position":"center center","background-size":"auto","background-attachment":"scroll","background-type":"","background-media":"","overlay-type":"","overlay-color":"","overlay-opacity":"","overlay-gradient":""}},"ast-content-background-meta":{"desktop":{"background-color":"var(--ast-global-color-5)","background-image":"","background-repeat":"repeat","background-position":"center center","background-size":"auto","background-attachment":"scroll","background-type":"","background-media":"","overlay-type":"","overlay-color":"","overlay-opacity":"","overlay-gradient":""},"tablet":{"background-color":"var(--ast-global-color-5)","background-image":"","background-repeat":"repeat","background-position":"center center","background-size":"auto","background-attachment":"scroll","background-type":"","background-media":"","overlay-type":"","overlay-color":"","overlay-opacity":"","overlay-gradient":""},"mobile":{"background-color":"var(--ast-global-color-5)","background-image":"","background-repeat":"repeat","background-position":"center center","background-size":"auto","background-attachment":"scroll","background-type":"","background-media":"","overlay-type":"","overlay-color":"","overlay-opacity":"","overlay-gradient":""}}},"product_cat":[48],"product_tag":[],"class_list":["post-5371","product","type-product","status-publish","has-post-thumbnail","hentry","product_cat-sunkaraoke-dalok","desktop-align-left","tablet-align-left","mobile-align-left"],"_links":{"self":[{"href":"https:\/\/www.sunkaraoke.hu\/index.php\/wp-json\/wp\/v2\/product\/5371","targetHints":{"allow":["GET"]}}],"collection":[{"href":"https:\/\/www.sunkaraoke.hu\/index.php\/wp-json\/wp\/v2\/product"}],"about":[{"href":"https:\/\/www.sunkaraoke.hu\/index.php\/wp-json\/wp\/v2\/types\/product"}],"wp:featuredmedia":[{"embeddable":true,"href":"https:\/\/www.sunkaraoke.hu\/index.php\/wp-json\/wp\/v2\/media\/8715"}],"wp:attachment":[{"href":"https:\/\/www.sunkaraoke.hu\/index.php\/wp-json\/wp\/v2\/media?parent=5371"}],"wp:term":[{"taxonomy":"product_cat","embeddable":true,"href":"https:\/\/www.sunkaraoke.hu\/index.php\/wp-json\/wp\/v2\/product_cat?post=5371"},{"taxonomy":"product_tag","embeddable":true,"href":"https:\/\/www.sunkaraoke.hu\/index.php\/wp-json\/wp\/v2\/product_tag?post=5371"}],"curies":[{"name":"wp","href":"https:\/\/api.w.org\/{rel}","templated":true}]}}