{"id":5369,"date":"2022-08-08T20:49:04","date_gmt":"2022-08-08T20:49:04","guid":{"rendered":"https:\/\/www.sunkaraoke.hu\/index.php\/termek\/mulatos-dalok-arva-vagyok-2018-mix\/"},"modified":"2026-01-06T10:39:12","modified_gmt":"2026-01-06T08:39:12","slug":"mulatos-dalok-arva-vagyok-2018-mix","status":"publish","type":"product","link":"https:\/\/www.sunkaraoke.hu\/index.php\/termek\/mulatos-dalok-arva-vagyok-2018-mix\/","title":{"rendered":"<div class=\"wcmp-player-container product-5369\"><audio controlslist=\"nodownload\" data-product=\"5369\"  volume=\"1\"  preload=\"none\" data-lazyloading=\"none\" class=\"wcmp-player track mejs-classic\" data-duration=\"0:34\" data-estimated_duration=\"4\"><source src=\"https:\/\/www.sunkaraoke.hu\/wp-content\/uploads\/2022\/08\/Arva-vagyok-Orig-Kinga-SB.-kdemoo.mp3\" type=\"audio\/mp3\" \/><\/audio><\/div>Varga Kinga &#8211; \u00c1rva vagyok MIX (Original SB. Edition)"},"content":{"rendered":"<p><strong>04:48<\/strong> | <strong><img loading=\"lazy\" decoding=\"async\" class=\"alignnone size-full wp-image-467\" src=\"https:\/\/www.sunkaraoke.hu\/wp-content\/uploads\/2022\/07\/choir_2-copy.webp\" alt=\"\" width=\"30\" height=\"30\" \/> <\/strong><\/p>\n","protected":false},"excerpt":{"rendered":"<h6><strong>Bits\u0171r\u0171s\u00e9g: 320<\/strong>kb\/s<strong><br \/>\n<\/strong><strong>Hossz: <\/strong>04:48<strong><br \/>\n<\/strong><strong style=\"font-size: 16px;\">Vok\u00e1lt tartalmaz: <\/strong>Nem <img loading=\"lazy\" decoding=\"async\" class=\"alignnone size-full wp-image-467\" src=\"http:\/\/www.sunkaraoke.hu\/wp-content\/uploads\/2022\/07\/choir_2-copy.png\" alt=\"\" width=\"30\" height=\"30\" \/><strong style=\"font-size: 16px;\"><br \/>\n<\/strong><\/h6>\n<p>Sunkaraoke mp3 st\u00fadi\u00f3 \/ www.sunkaraoke.hu \/ Inf: Tel: 06 20 4275001<\/p>\n<p>&#8212;Intr\u00f3&#8212;<br \/>\n\u00c1rva vagyok \u00e1rva, a j\u00f3 isten is l\u00e1tja,<br \/>\nverje meg a szenth\u00e1roms\u00e1g ki az \u00e1rv\u00e1t b\u00e1ntja,<br \/>\nverje meg a szenth\u00e1roms\u00e1g ki az \u00e1rv\u00e1t b\u00e1ntja.<\/p>\n<p>S\u00edr, zokog a lelkem, hogy el kell t\u0151led mennem,<br \/>\nmegcsaltad az \u00e1rva sz\u00edvem, majd meg hasad \u00e9rted,<br \/>\nmegcsaltad az \u00e1rva sz\u00edvem, majd meg hasad \u00e9rted.<\/p>\n<p>Nem vagyok \u00e9n \u00e1rva a j\u00f3 istennek h\u00e1la,<br \/>\nvan m\u00e1r n\u00e9kem sz\u00e9p szeret\u0151m ki a cs\u00f3kom v\u00e1rja,<br \/>\nvan m\u00e1r n\u00e9kem sz\u00e9p szeret\u0151m ki a cs\u00f3kom v\u00e1rja.<br \/>\n&#8212;Sz\u00f3l\u00f3&#8212;<br \/>\n\u00c1rva vagyok \u00e1rva, a j\u00f3 isten is l\u00e1tja,<br \/>\nverje meg a szenth\u00e1roms\u00e1g ki az \u00e1rv\u00e1t b\u00e1ntja,<br \/>\nverje meg a szenth\u00e1roms\u00e1g ki az \u00e1rv\u00e1t b\u00e1ntja.<\/p>\n<p>S\u00edr, zokog a lelkem, hogy el kell t\u0151led mennem,<br \/>\nmegcsaltad az \u00e1rva sz\u00edvem, majd meg hasad \u00e9rted,<br \/>\nmegcsaltad az \u00e1rva sz\u00edvem, majd meg hasad \u00e9rted.<\/p>\n<p>Nem vagyok \u00e9n \u00e1rva a j\u00f3 istennek h\u00e1la,<br \/>\nvan m\u00e1r n\u00e9kem sz\u00e9p szeret\u0151m ki a cs\u00f3kom v\u00e1rja,<br \/>\nvan m\u00e1r n\u00e9kem sz\u00e9p szeret\u0151m ki a cs\u00f3kom v\u00e1rja.<br \/>\n&#8212;Sz\u00f3l\u00f3&#8212;<br \/>\nA tegnap este \u00fagy alakult nem eml\u00e9kszem semmire,<br \/>\ncsak arra, hogy nem voltam j\u00f3zan, s meg\u00e1lltam egy cseppnyire.<br \/>\nAz is lehet elk\u00e1bultam n\u00e9h\u00e1ny percig fetrengve,<br \/>\nfel\u00e9bredtem s nem volt m\u00e1r ott csak az egyik kereke.<br \/>\nNincsen most m\u00e1r biciklim,hogy j\u00e1rjak,<br \/>\nhogy v\u00e1gjak bele az \u00e9jszak\u00e1ba.<br \/>\nEllopt\u00e1k a biciklim, a piros feh\u00e9r biciklim,<br \/>\na kereke m\u00e9g ott maradt a De\u00e1k t\u00e9ri pad alatt.<br \/>\nMegitt\u00e1k a fr\u00f6ccs\u00f6met, a sz\u00e1raz feh\u00e9r fr\u00f6ccs\u00f6met,<br \/>\naz \u00fcres poh\u00e1r ott maradt, a De\u00e1k t\u00e9ri pad alatt.<br \/>\nNincsen most m\u00e1r biciklim,hogy j\u00e1rjak,<br \/>\nhogy v\u00e1gjak bele az \u00e9jszak\u00e1ba.<br \/>\n&#8212;Sz\u00f3l\u00f3&#8212;<br \/>\nHolnap reggel az m\u00e1r biztos elindulok keresni,<br \/>\nnem veszhet el ilyen k\u00f6nnyen a piros feh\u00e9r bicikli.<br \/>\nJ\u00f3zanod\u00e1s sz\u00e9pen lassan ezt terveztem ma estig,<br \/>\nha meglenne a ker\u00e9kp\u00e1rom,ropn\u00e1m megint hajnalig.<br \/>\nNincsen most m\u00e1r biciklim, hogy j\u00e1rjak,<br \/>\nhogy v\u00e1gjak bele az \u00e9jszak\u00e1ba.<\/p>\n<p>Ellopt\u00e1k a biciklim, a piros feh\u00e9r biciklim,<br \/>\na kereke m\u00e9g ott maradt a De\u00e1k t\u00e9ri pad alatt.<br \/>\nMegitt\u00e1k a fr\u00f6ccs\u00f6met, a sz\u00e1raz feh\u00e9r fr\u00f6ccs\u00f6met,<br \/>\naz \u00fcres poh\u00e1r ott maradt, a De\u00e1k t\u00e9ri pad alatt.<br \/>\nNincsen most m\u00e1r biciklim,hogy j\u00e1rjak,<br \/>\nhogy v\u00e1gjak bele az \u00e9jszak\u00e1ba.<br \/>\n&#8212;V\u00e9ge&#8212;<\/p>\n","protected":false},"featured_media":17632,"template":"","meta":{"site-sidebar-layout":"default","site-content-layout":"default","ast-site-content-layout":"default","site-content-style":"default","site-sidebar-style":"default","ast-global-header-display":"","ast-banner-title-visibility":"","ast-main-header-display":"","ast-hfb-above-header-display":"","ast-hfb-below-header-display":"","ast-hfb-mobile-header-display":"","site-post-title":"","ast-breadcrumbs-content":"","ast-featured-img":"","footer-sml-layout":"","theme-transparent-header-meta":"default","adv-header-id-meta":"","stick-header-meta":"","header-above-stick-meta":"","header-main-stick-meta":"","header-below-stick-meta":"","astra-migrate-meta-layouts":"set","ast-page-background-enabled":"default","ast-page-background-meta":{"desktop":{"background-color":"var(--ast-global-color-4)","background-image":"","background-repeat":"repeat","background-position":"center center","background-size":"auto","background-attachment":"scroll","background-type":"","background-media":"","overlay-type":"","overlay-color":"","overlay-opacity":"","overlay-gradient":""},"tablet":{"background-color":"","background-image":"","background-repeat":"repeat","background-position":"center center","background-size":"auto","background-attachment":"scroll","background-type":"","background-media":"","overlay-type":"","overlay-color":"","overlay-opacity":"","overlay-gradient":""},"mobile":{"background-color":"","background-image":"","background-repeat":"repeat","background-position":"center center","background-size":"auto","background-attachment":"scroll","background-type":"","background-media":"","overlay-type":"","overlay-color":"","overlay-opacity":"","overlay-gradient":""}},"ast-content-background-meta":{"desktop":{"background-color":"var(--ast-global-color-5)","background-image":"","background-repeat":"repeat","background-position":"center center","background-size":"auto","background-attachment":"scroll","background-type":"","background-media":"","overlay-type":"","overlay-color":"","overlay-opacity":"","overlay-gradient":""},"tablet":{"background-color":"var(--ast-global-color-5)","background-image":"","background-repeat":"repeat","background-position":"center center","background-size":"auto","background-attachment":"scroll","background-type":"","background-media":"","overlay-type":"","overlay-color":"","overlay-opacity":"","overlay-gradient":""},"mobile":{"background-color":"var(--ast-global-color-5)","background-image":"","background-repeat":"repeat","background-position":"center center","background-size":"auto","background-attachment":"scroll","background-type":"","background-media":"","overlay-type":"","overlay-color":"","overlay-opacity":"","overlay-gradient":""}}},"product_cat":[48],"product_tag":[],"class_list":["post-5369","product","type-product","status-publish","has-post-thumbnail","hentry","product_cat-sunkaraoke-dalok","desktop-align-left","tablet-align-left","mobile-align-left"],"_links":{"self":[{"href":"https:\/\/www.sunkaraoke.hu\/index.php\/wp-json\/wp\/v2\/product\/5369","targetHints":{"allow":["GET"]}}],"collection":[{"href":"https:\/\/www.sunkaraoke.hu\/index.php\/wp-json\/wp\/v2\/product"}],"about":[{"href":"https:\/\/www.sunkaraoke.hu\/index.php\/wp-json\/wp\/v2\/types\/product"}],"wp:featuredmedia":[{"embeddable":true,"href":"https:\/\/www.sunkaraoke.hu\/index.php\/wp-json\/wp\/v2\/media\/17632"}],"wp:attachment":[{"href":"https:\/\/www.sunkaraoke.hu\/index.php\/wp-json\/wp\/v2\/media?parent=5369"}],"wp:term":[{"taxonomy":"product_cat","embeddable":true,"href":"https:\/\/www.sunkaraoke.hu\/index.php\/wp-json\/wp\/v2\/product_cat?post=5369"},{"taxonomy":"product_tag","embeddable":true,"href":"https:\/\/www.sunkaraoke.hu\/index.php\/wp-json\/wp\/v2\/product_tag?post=5369"}],"curies":[{"name":"wp","href":"https:\/\/api.w.org\/{rel}","templated":true}]}}