{"id":5348,"date":"2022-08-08T20:49:01","date_gmt":"2022-08-08T20:49:01","guid":{"rendered":"https:\/\/www.sunkaraoke.hu\/index.php\/termek\/happy-gang-almodozom-2018-remix-no-rapp-2\/"},"modified":"2023-11-19T06:43:47","modified_gmt":"2023-11-19T06:43:47","slug":"happy-gang-almodozom-2018-remix-no-rapp-2","status":"publish","type":"product","link":"https:\/\/www.sunkaraoke.hu\/index.php\/termek\/happy-gang-almodozom-2018-remix-no-rapp-2\/","title":{"rendered":"<div class=\"wcmp-player-container product-5348\"><audio controlslist=\"nodownload\" data-product=\"5348\"  volume=\"1\"  preload=\"none\" data-lazyloading=\"none\" class=\"wcmp-player track mejs-classic\" ><source src=\"https:\/\/www.sunkaraoke.hu\/wp-content\/uploads\/wcmp\/9cdafc20b8ae26caad5f41db12d8f7f8.mp3\" type=\"audio\/mp3\" \/><\/audio><\/div>Happy Gang &#8211; \u00c1lmodozom 2018. Remix. (No Rapp)"},"content":{"rendered":"<p><strong>03:17<\/strong> | <strong><img loading=\"lazy\" decoding=\"async\" class=\"alignnone size-full wp-image-466\" src=\"https:\/\/www.sunkaraoke.hu\/wp-content\/uploads\/2022\/07\/choir_1-copy.webp\" alt=\"\" width=\"30\" height=\"30\" \/> <\/p>\n","protected":false},"excerpt":{"rendered":"<p><strong>Bits\u0171r\u0171s\u00e9g: <\/strong>196kb\/s<strong><br \/>\n<\/strong><strong>Hossz: <\/strong>03:17<strong><br \/>\n<\/strong><strong style=\"font-size: 16px;\">Vok\u00e1lt tartalmaz: <\/strong>Igen <img loading=\"lazy\" decoding=\"async\" class=\"alignnone size-full wp-image-466\" src=\"http:\/\/www.sunkaraoke.hu\/wp-content\/uploads\/2022\/07\/choir_1-copy.png\" alt=\"\" width=\"30\" height=\"30\" \/><strong style=\"font-size: 16px;\"><br \/>\n<\/strong><\/p>\n<p>&nbsp;<\/p>\n<p>&#8212;Intr\u00f3&#8212;<br \/>\n\u00c1lmodozom egy \u00e9jen \u00e1t,<br \/>\ngondolatom csak t\u00e9ged l\u00e1t,<br \/>\nfiatal szerelem \u00e9s \u00e9retlen,<br \/>\nrem\u00e9lem \u00f6sszehoz minket a v\u00e9letlen.<br \/>\n\u00c1lmodozom egy \u00e9jen \u00e1t,<br \/>\ngondolatom csak t\u00e9ged l\u00e1t,<br \/>\nfiatal szerelem \u00e9s \u00e9retlen,<br \/>\nrem\u00e9lem \u00f6sszehoz minket a v\u00e9letlen.<br \/>\n&#8212;Sz\u00f3l\u00f3&#8212;<br \/>\n\u00c1lmodozom egy \u00e9jen \u00e1t,<br \/>\ngondolatom csak t\u00e9ged l\u00e1t,<br \/>\nfiatal szerelem \u00e9s \u00e9retlen,<br \/>\nrem\u00e9lem \u00f6sszehoz minket a v\u00e9letlen.<br \/>\n\u00c1lmodozom egy \u00e9jen \u00e1t,<br \/>\ngondolatom csak t\u00e9ged l\u00e1t,<br \/>\nfiatal szerelem \u00e9s \u00e9retlen,<br \/>\nrem\u00e9lem \u00f6sszehoz minket a v\u00e9letlen.<br \/>\n&#8212;Sz\u00f3l\u00f3&#8212;<br \/>\n\u00c1lmodozom egy \u00e9jen \u00e1t,<br \/>\ngondolatom csak t\u00e9ged l\u00e1t,<br \/>\nfiatal szerelem \u00e9s \u00e9retlen,<br \/>\nrem\u00e9lem \u00f6sszehoz minket a v\u00e9letlen.<br \/>\n\u00c1lmodozom egy \u00e9jen \u00e1t,<br \/>\ngondolatom csak t\u00e9ged l\u00e1t,<br \/>\nfiatal szerelem \u00e9s \u00e9retlen,<br \/>\nrem\u00e9lem \u00f6sszehoz minket a v\u00e9letlen.<br \/>\n&#8212;V\u00e9ge&#8212;<\/p>\n","protected":false},"featured_media":10029,"template":"","meta":{"site-sidebar-layout":"default","site-content-layout":"default","ast-site-content-layout":"","site-content-style":"default","site-sidebar-style":"default","ast-global-header-display":"","ast-banner-title-visibility":"","ast-main-header-display":"","ast-hfb-above-header-display":"","ast-hfb-below-header-display":"","ast-hfb-mobile-header-display":"","site-post-title":"","ast-breadcrumbs-content":"","ast-featured-img":"","footer-sml-layout":"","theme-transparent-header-meta":"default","adv-header-id-meta":"","stick-header-meta":"","header-above-stick-meta":"","header-main-stick-meta":"","header-below-stick-meta":"","astra-migrate-meta-layouts":"default","ast-page-background-enabled":"default","ast-page-background-meta":{"desktop":{"background-color":"var(--ast-global-color-4)","background-image":"","background-repeat":"repeat","background-position":"center center","background-size":"auto","background-attachment":"scroll","background-type":"","background-media":"","overlay-type":"","overlay-color":"","overlay-opacity":"","overlay-gradient":""},"tablet":{"background-color":"","background-image":"","background-repeat":"repeat","background-position":"center center","background-size":"auto","background-attachment":"scroll","background-type":"","background-media":"","overlay-type":"","overlay-color":"","overlay-opacity":"","overlay-gradient":""},"mobile":{"background-color":"","background-image":"","background-repeat":"repeat","background-position":"center center","background-size":"auto","background-attachment":"scroll","background-type":"","background-media":"","overlay-type":"","overlay-color":"","overlay-opacity":"","overlay-gradient":""}},"ast-content-background-meta":{"desktop":{"background-color":"var(--ast-global-color-5)","background-image":"","background-repeat":"repeat","background-position":"center center","background-size":"auto","background-attachment":"scroll","background-type":"","background-media":"","overlay-type":"","overlay-color":"","overlay-opacity":"","overlay-gradient":""},"tablet":{"background-color":"var(--ast-global-color-5)","background-image":"","background-repeat":"repeat","background-position":"center center","background-size":"auto","background-attachment":"scroll","background-type":"","background-media":"","overlay-type":"","overlay-color":"","overlay-opacity":"","overlay-gradient":""},"mobile":{"background-color":"var(--ast-global-color-5)","background-image":"","background-repeat":"repeat","background-position":"center center","background-size":"auto","background-attachment":"scroll","background-type":"","background-media":"","overlay-type":"","overlay-color":"","overlay-opacity":"","overlay-gradient":""}}},"product_cat":[48],"product_tag":[],"class_list":["post-5348","product","type-product","status-publish","has-post-thumbnail","hentry","product_cat-sunkaraoke-dalok","desktop-align-left","tablet-align-left","mobile-align-left"],"_links":{"self":[{"href":"https:\/\/www.sunkaraoke.hu\/index.php\/wp-json\/wp\/v2\/product\/5348","targetHints":{"allow":["GET"]}}],"collection":[{"href":"https:\/\/www.sunkaraoke.hu\/index.php\/wp-json\/wp\/v2\/product"}],"about":[{"href":"https:\/\/www.sunkaraoke.hu\/index.php\/wp-json\/wp\/v2\/types\/product"}],"wp:featuredmedia":[{"embeddable":true,"href":"https:\/\/www.sunkaraoke.hu\/index.php\/wp-json\/wp\/v2\/media\/10029"}],"wp:attachment":[{"href":"https:\/\/www.sunkaraoke.hu\/index.php\/wp-json\/wp\/v2\/media?parent=5348"}],"wp:term":[{"taxonomy":"product_cat","embeddable":true,"href":"https:\/\/www.sunkaraoke.hu\/index.php\/wp-json\/wp\/v2\/product_cat?post=5348"},{"taxonomy":"product_tag","embeddable":true,"href":"https:\/\/www.sunkaraoke.hu\/index.php\/wp-json\/wp\/v2\/product_tag?post=5348"}],"curies":[{"name":"wp","href":"https:\/\/api.w.org\/{rel}","templated":true}]}}