{"id":5345,"date":"2022-08-08T20:49:01","date_gmt":"2022-08-08T20:49:01","guid":{"rendered":"https:\/\/www.sunkaraoke.hu\/index.php\/termek\/bitto-duo-egy-uveg-pezsgo-2018\/"},"modified":"2026-02-14T07:36:19","modified_gmt":"2026-02-14T05:36:19","slug":"bitto-duo-egy-uveg-pezsgo-2018","status":"publish","type":"product","link":"https:\/\/www.sunkaraoke.hu\/index.php\/termek\/bitto-duo-egy-uveg-pezsgo-2018\/","title":{"rendered":"<div class=\"wcmp-player-container product-5345\"><audio controlslist=\"nodownload\" data-product=\"5345\"  volume=\"1\"  preload=\"none\" data-lazyloading=\"none\" class=\"wcmp-player track mejs-classic\" data-duration=\"0:32\" data-estimated_duration=\"4\"><source src=\"https:\/\/www.sunkaraoke.hu\/wp-content\/uploads\/2022\/08\/Egy-uveg-pezsgo-Bitto-2018.-PB_demo.mp3\" type=\"audio\/mp3\" \/><\/audio><\/div>Bitt\u00f3 du\u00f3 &#8211; Egy \u00fcveg pezsg\u0151 (Original)"},"content":{"rendered":"<p><strong>03:29<\/strong> | <strong><img loading=\"lazy\" decoding=\"async\" class=\"alignnone size-full wp-image-467\" src=\"https:\/\/www.sunkaraoke.hu\/wp-content\/uploads\/2022\/07\/choir_2-copy.webp\" alt=\"\" width=\"30\" height=\"30\" \/> <\/strong><\/p>\n","protected":false},"excerpt":{"rendered":"<h6><strong>Bits\u0171r\u0171s\u00e9g: 320<\/strong>kb\/s<strong><br \/>\n<\/strong><strong>Hossz: <\/strong>03:29<strong><br \/>\n<\/strong><strong style=\"font-size: 16px;\">Vok\u00e1lt tartalmaz: <\/strong>Nem <img loading=\"lazy\" decoding=\"async\" class=\"alignnone size-full wp-image-467\" src=\"http:\/\/www.sunkaraoke.hu\/wp-content\/uploads\/2022\/07\/choir_2-copy.png\" alt=\"\" width=\"30\" height=\"30\" \/><strong style=\"font-size: 16px;\"><br \/>\n<\/strong><\/h6>\n<p>Sunkaraoke mp3 st\u00fadi\u00f3 \/ www.sunkaraoke.hu \/ Inf: Tel: 06 20 4275001<\/p>\n<p>&#8212;Intr\u00f3&#8212;<br \/>\nEgy \u00fcveg pezsg\u0151, kellene most n\u00e9kem,<br \/>\nszabad vagyok, \u00e9lni akarok,<br \/>\nne mondja senki, hogy fek\u00fcdj le \u00e9s \u00e1llj fel,<br \/>\nne mondja senki azt hogy valaki.<br \/>\nMert \u00e9nn\u00e9kem m\u00e1r m\u00e1s a hivat\u00e1som,<br \/>\ncivil vagyok , \u00e9lni akarok.<br \/>\nV\u00e1rnak a l\u00e1nyok, v\u00e1r a szex a parton,<br \/>\na sok sok sz\u00e9ps\u00e9g, mind mind az eny\u00e9m,<br \/>\nde m\u00e1r most rajtam nincsen egyenruha,<br \/>\ncivil vagyok , \u00e9lni akarok.<br \/>\nMert \u00e9nn\u00e9kem m\u00e1r, m\u00e1s a hivat\u00e1som,<br \/>\ncivil vagyok , \u00e9lni akarok.<br \/>\n&#8212;Sz\u00f3l\u00f3&#8212;<br \/>\nEgy \u00fcveg pezsg\u0151, kellene most n\u00e9kem,<br \/>\nszabad vagyok, \u00e9lni akarok,<br \/>\nne mondja senki, hogy fek\u00fcdj le \u00e9s \u00e1llj fel,<br \/>\nne mondja senki azt hogy valaki.<br \/>\nMert \u00e9nn\u00e9kem m\u00e1r m\u00e1s a hivat\u00e1som,<br \/>\ncivil vagyok , \u00e9lni akarok.<br \/>\nV\u00e1rnak a l\u00e1nyok, v\u00e1r a szex a parton,<br \/>\na sok sok sz\u00e9ps\u00e9g, mind mind az eny\u00e9m,<br \/>\nde m\u00e1r most rajtam nincsen egyenruha,<br \/>\ncivil vagyok , \u00e9lni akarok.<br \/>\nMert \u00e9nn\u00e9kem m\u00e1r, m\u00e1s a hivat\u00e1som,<br \/>\ncivil vagyok , \u00e9lni akarok.<br \/>\n&#8212;V\u00e9ge&#8212;<\/p>\n","protected":false},"featured_media":8718,"template":"","meta":{"site-sidebar-layout":"default","site-content-layout":"default","ast-site-content-layout":"default","site-content-style":"default","site-sidebar-style":"default","ast-global-header-display":"","ast-banner-title-visibility":"","ast-main-header-display":"","ast-hfb-above-header-display":"","ast-hfb-below-header-display":"","ast-hfb-mobile-header-display":"","site-post-title":"","ast-breadcrumbs-content":"","ast-featured-img":"","footer-sml-layout":"","theme-transparent-header-meta":"default","adv-header-id-meta":"","stick-header-meta":"","header-above-stick-meta":"","header-main-stick-meta":"","header-below-stick-meta":"","astra-migrate-meta-layouts":"set","ast-page-background-enabled":"default","ast-page-background-meta":{"desktop":{"background-color":"var(--ast-global-color-4)","background-image":"","background-repeat":"repeat","background-position":"center center","background-size":"auto","background-attachment":"scroll","background-type":"","background-media":"","overlay-type":"","overlay-color":"","overlay-opacity":"","overlay-gradient":""},"tablet":{"background-color":"","background-image":"","background-repeat":"repeat","background-position":"center center","background-size":"auto","background-attachment":"scroll","background-type":"","background-media":"","overlay-type":"","overlay-color":"","overlay-opacity":"","overlay-gradient":""},"mobile":{"background-color":"","background-image":"","background-repeat":"repeat","background-position":"center center","background-size":"auto","background-attachment":"scroll","background-type":"","background-media":"","overlay-type":"","overlay-color":"","overlay-opacity":"","overlay-gradient":""}},"ast-content-background-meta":{"desktop":{"background-color":"var(--ast-global-color-5)","background-image":"","background-repeat":"repeat","background-position":"center center","background-size":"auto","background-attachment":"scroll","background-type":"","background-media":"","overlay-type":"","overlay-color":"","overlay-opacity":"","overlay-gradient":""},"tablet":{"background-color":"var(--ast-global-color-5)","background-image":"","background-repeat":"repeat","background-position":"center center","background-size":"auto","background-attachment":"scroll","background-type":"","background-media":"","overlay-type":"","overlay-color":"","overlay-opacity":"","overlay-gradient":""},"mobile":{"background-color":"var(--ast-global-color-5)","background-image":"","background-repeat":"repeat","background-position":"center center","background-size":"auto","background-attachment":"scroll","background-type":"","background-media":"","overlay-type":"","overlay-color":"","overlay-opacity":"","overlay-gradient":""}}},"product_cat":[48],"product_tag":[],"class_list":["post-5345","product","type-product","status-publish","has-post-thumbnail","hentry","product_cat-sunkaraoke-dalok","desktop-align-left","tablet-align-left","mobile-align-left"],"_links":{"self":[{"href":"https:\/\/www.sunkaraoke.hu\/index.php\/wp-json\/wp\/v2\/product\/5345","targetHints":{"allow":["GET"]}}],"collection":[{"href":"https:\/\/www.sunkaraoke.hu\/index.php\/wp-json\/wp\/v2\/product"}],"about":[{"href":"https:\/\/www.sunkaraoke.hu\/index.php\/wp-json\/wp\/v2\/types\/product"}],"wp:featuredmedia":[{"embeddable":true,"href":"https:\/\/www.sunkaraoke.hu\/index.php\/wp-json\/wp\/v2\/media\/8718"}],"wp:attachment":[{"href":"https:\/\/www.sunkaraoke.hu\/index.php\/wp-json\/wp\/v2\/media?parent=5345"}],"wp:term":[{"taxonomy":"product_cat","embeddable":true,"href":"https:\/\/www.sunkaraoke.hu\/index.php\/wp-json\/wp\/v2\/product_cat?post=5345"},{"taxonomy":"product_tag","embeddable":true,"href":"https:\/\/www.sunkaraoke.hu\/index.php\/wp-json\/wp\/v2\/product_tag?post=5345"}],"curies":[{"name":"wp","href":"https:\/\/api.w.org\/{rel}","templated":true}]}}