{"id":5339,"date":"2022-08-08T20:49:00","date_gmt":"2022-08-08T20:49:00","guid":{"rendered":"https:\/\/www.sunkaraoke.hu\/index.php\/termek\/danko-szilvi-kinek-a-pap-transzp-v\/"},"modified":"2025-09-14T06:01:18","modified_gmt":"2025-09-14T04:01:18","slug":"danko-szilvi-kinek-a-pap-transzp-v","status":"publish","type":"product","link":"https:\/\/www.sunkaraoke.hu\/index.php\/termek\/danko-szilvi-kinek-a-pap-transzp-v\/","title":{"rendered":"<div class=\"wcmp-player-container product-5339\"><audio controlslist=\"nodownload\" data-product=\"5339\"  volume=\"1\"  preload=\"none\" data-lazyloading=\"none\" class=\"wcmp-player track mejs-classic\" data-duration=\"0:34\" data-estimated_duration=\"4\"><source src=\"https:\/\/www.sunkaraoke.hu\/wp-content\/uploads\/2022\/08\/Kinek-a-pap-transz-Danko-SB.-kdemoo.mp3\" type=\"audio\/mp3\" \/><\/audio><\/div>Dank\u00f3 Szilvi &#8211; Kinek a pap (SB Edition)"},"content":{"rendered":"<p><strong>03:17<\/strong> | <strong><img loading=\"lazy\" decoding=\"async\" class=\"alignnone size-full wp-image-467\" src=\"https:\/\/www.sunkaraoke.hu\/wp-content\/uploads\/2022\/07\/choir_2-copy.webp\" alt=\"\" width=\"30\" height=\"30\" \/> <strong> | <img loading=\"lazy\" decoding=\"async\" class=\"alignnone size-full wp-image-613\" src=\"https:\/\/www.sunkaraoke.hu\/wp-content\/uploads\/2022\/07\/transzponalas.webp\" alt=\"\" width=\"30\" height=\"30\" \/> <\/strong><strong>+4<\/strong><\/strong><\/p>\n","protected":false},"excerpt":{"rendered":"<h6><strong>Bits\u0171r\u0171s\u00e9g: 320 k<\/strong>b\/s<strong><br \/>\n<\/strong><strong>Hossz: <\/strong>03:17<strong><br \/>\n<\/strong><strong style=\"font-size: 16px;\">Vok\u00e1lt tartalmaz: <\/strong>Nem <img loading=\"lazy\" decoding=\"async\" class=\"alignnone size-full wp-image-467\" src=\"http:\/\/www.sunkaraoke.hu\/wp-content\/uploads\/2022\/07\/choir_2-copy.png\" alt=\"\" width=\"30\" height=\"30\" \/><strong style=\"font-size: 16px;\"><br \/>\n<\/strong><strong>Transzpon\u00e1l\u00e1s: <\/strong><img loading=\"lazy\" decoding=\"async\" class=\"alignnone size-full wp-image-613\" src=\"http:\/\/www.sunkaraoke.hu\/wp-content\/uploads\/2022\/07\/transzponalas.png\" alt=\"\" width=\"30\" height=\"30\" \/> +4<\/h6>\n<p>Sunkaraoke mp3 st\u00fadi\u00f3 \/ www.sunkaraoke.hu \/ Inf: Tel: 06 20 4275001<\/p>\n<p>&#8212;Intr\u00f3&#8212;<\/p>\n<p>Kinek a pap, kinek a papn\u00e9,<br \/>\nnekem ha v\u00e1laszthatok csakis a fi\u00fak,<br \/>\nde h\u00e1t ha nem h\u00e1t az se baj,<br \/>\nel\u00e9g ha minden m\u00e1sb\u00f3l kijut.<br \/>\nKinek a pap, kinek a papn\u00e9,<br \/>\nnekem a fi\u00fak k\u00e9ne hogyha lehet,<br \/>\n\u00e9s hogyha j\u00f3k\u00e9p\u0171 \u00e9s van egy kis esze,<br \/>\nbiztos hogy majd bel\u00e9m szeret.<\/p>\n<p>Van akinek tetszem \u00e9s van akinek nem,<br \/>\n\u00edgy van ez rendj\u00e9n \u00e9n \u00fagy hiszem,<br \/>\nvan aki r\u00e1m n\u00e9z \u00e9s kinevet,<br \/>\nvan aki egy pillant\u00e1sra bel\u00e9m szeret.<br \/>\nNem vagyunk egyform\u00e1k az biztos,<br \/>\n\u00e9s ez \u00edgy t\u00f6k\u00e9letes,<br \/>\nmert ha mindannyian egyform\u00e1k lenn\u00e9nk,<br \/>\nnem is lenne \u00e9rdekes.<\/p>\n<p>Kinek a pap, kinek a papn\u00e9,<br \/>\nnekem ha v\u00e1laszthatok csakis a fi\u00fak,<br \/>\nde h\u00e1t ha nem h\u00e1t az se baj,<br \/>\nel\u00e9g ha minden m\u00e1sb\u00f3l kijut.<br \/>\nKinek a pap, kinek a papn\u00e9,<br \/>\nnekem a fi\u00fak k\u00e9ne hogyha lehet,<br \/>\n\u00e9s hogyha j\u00f3k\u00e9p\u0171 \u00e9s van egy kis esze,<br \/>\nbiztos hogy majd bel\u00e9m szeret.<br \/>\n&#8212;Sz\u00f3l\u00f3&#8212;<\/p>\n<p>Kinek a pap, kinek a papn\u00e9,<br \/>\nnekem ha v\u00e1laszthatok csakis a fi\u00fak,<br \/>\nde h\u00e1t ha nem h\u00e1t az se baj,<br \/>\nel\u00e9g ha minden m\u00e1sb\u00f3l kijut.<br \/>\nKinek a pap, kinek a papn\u00e9,<br \/>\nnekem a fi\u00fak k\u00e9ne hogyha lehet,<br \/>\n\u00e9s hogyha j\u00f3k\u00e9p\u0171 \u00e9s van egy kis esze,<br \/>\nbiztos hogy majd bel\u00e9m szeret.<\/p>\n<p>Kinek a pap, kinek a papn\u00e9,<br \/>\nnekem ha v\u00e1laszthatok csakis a fi\u00fak,<br \/>\nde hogyha nem h\u00e1t az se baj,<br \/>\nel\u00e9g ha minden m\u00e1sb\u00f3l kijut.<br \/>\nKinek a pap, kinek a papn\u00e9,<br \/>\nnekem a fi\u00fak k\u00e9ne hogyha lehet,<br \/>\n\u00e9s hogyha j\u00f3k\u00e9p\u0171 \u00e9s van egy kis esze,<br \/>\nbiztos hogy majd bel\u00e9m szeret<br \/>\n\u00e9s hogyha j\u00f3k\u00e9p\u0171 \u00e9s van egy kis esze,<br \/>\nbiztos hogy majd bel\u00e9m szeret.<br \/>\nBiztos hogy majd bel\u00e9m szeret.<br \/>\n&#8212;V\u00e9ge&#8212;<\/p>\n","protected":false},"featured_media":8748,"template":"","meta":{"site-sidebar-layout":"default","site-content-layout":"default","ast-site-content-layout":"default","site-content-style":"default","site-sidebar-style":"default","ast-global-header-display":"","ast-banner-title-visibility":"","ast-main-header-display":"","ast-hfb-above-header-display":"","ast-hfb-below-header-display":"","ast-hfb-mobile-header-display":"","site-post-title":"","ast-breadcrumbs-content":"","ast-featured-img":"","footer-sml-layout":"","theme-transparent-header-meta":"default","adv-header-id-meta":"","stick-header-meta":"","header-above-stick-meta":"","header-main-stick-meta":"","header-below-stick-meta":"","astra-migrate-meta-layouts":"set","ast-page-background-enabled":"default","ast-page-background-meta":{"desktop":{"background-color":"var(--ast-global-color-4)","background-image":"","background-repeat":"repeat","background-position":"center center","background-size":"auto","background-attachment":"scroll","background-type":"","background-media":"","overlay-type":"","overlay-color":"","overlay-opacity":"","overlay-gradient":""},"tablet":{"background-color":"","background-image":"","background-repeat":"repeat","background-position":"center center","background-size":"auto","background-attachment":"scroll","background-type":"","background-media":"","overlay-type":"","overlay-color":"","overlay-opacity":"","overlay-gradient":""},"mobile":{"background-color":"","background-image":"","background-repeat":"repeat","background-position":"center center","background-size":"auto","background-attachment":"scroll","background-type":"","background-media":"","overlay-type":"","overlay-color":"","overlay-opacity":"","overlay-gradient":""}},"ast-content-background-meta":{"desktop":{"background-color":"var(--ast-global-color-5)","background-image":"","background-repeat":"repeat","background-position":"center center","background-size":"auto","background-attachment":"scroll","background-type":"","background-media":"","overlay-type":"","overlay-color":"","overlay-opacity":"","overlay-gradient":""},"tablet":{"background-color":"var(--ast-global-color-5)","background-image":"","background-repeat":"repeat","background-position":"center center","background-size":"auto","background-attachment":"scroll","background-type":"","background-media":"","overlay-type":"","overlay-color":"","overlay-opacity":"","overlay-gradient":""},"mobile":{"background-color":"var(--ast-global-color-5)","background-image":"","background-repeat":"repeat","background-position":"center center","background-size":"auto","background-attachment":"scroll","background-type":"","background-media":"","overlay-type":"","overlay-color":"","overlay-opacity":"","overlay-gradient":""}}},"product_cat":[48],"product_tag":[],"class_list":["post-5339","product","type-product","status-publish","has-post-thumbnail","hentry","product_cat-sunkaraoke-dalok","desktop-align-left","tablet-align-left","mobile-align-left"],"_links":{"self":[{"href":"https:\/\/www.sunkaraoke.hu\/index.php\/wp-json\/wp\/v2\/product\/5339","targetHints":{"allow":["GET"]}}],"collection":[{"href":"https:\/\/www.sunkaraoke.hu\/index.php\/wp-json\/wp\/v2\/product"}],"about":[{"href":"https:\/\/www.sunkaraoke.hu\/index.php\/wp-json\/wp\/v2\/types\/product"}],"wp:featuredmedia":[{"embeddable":true,"href":"https:\/\/www.sunkaraoke.hu\/index.php\/wp-json\/wp\/v2\/media\/8748"}],"wp:attachment":[{"href":"https:\/\/www.sunkaraoke.hu\/index.php\/wp-json\/wp\/v2\/media?parent=5339"}],"wp:term":[{"taxonomy":"product_cat","embeddable":true,"href":"https:\/\/www.sunkaraoke.hu\/index.php\/wp-json\/wp\/v2\/product_cat?post=5339"},{"taxonomy":"product_tag","embeddable":true,"href":"https:\/\/www.sunkaraoke.hu\/index.php\/wp-json\/wp\/v2\/product_tag?post=5339"}],"curies":[{"name":"wp","href":"https:\/\/api.w.org\/{rel}","templated":true}]}}