{"id":5309,"date":"2022-08-08T20:48:57","date_gmt":"2022-08-08T20:48:57","guid":{"rendered":"https:\/\/www.sunkaraoke.hu\/index.php\/termek\/delta-ragyog-a-vilag-2017-orig\/"},"modified":"2025-07-20T05:51:25","modified_gmt":"2025-07-20T03:51:25","slug":"delta-ragyog-a-vilag-2017-orig","status":"publish","type":"product","link":"https:\/\/www.sunkaraoke.hu\/index.php\/termek\/delta-ragyog-a-vilag-2017-orig\/","title":{"rendered":"<div class=\"wcmp-player-container product-5309\"><audio controlslist=\"nodownload\" data-product=\"5309\"  volume=\"1\"  preload=\"none\" data-lazyloading=\"none\" class=\"wcmp-player track mejs-classic\" data-duration=\"0:32\" data-estimated_duration=\"4\"><source src=\"https:\/\/www.sunkaraoke.hu\/wp-content\/uploads\/2022\/08\/Ragyog-a-vilag-Delta-Orig-SB.-demo.mp3\" type=\"audio\/mp3\" \/><\/audio><\/div>Delta &#8211; Ragyog a vil\u00e1g (Original)"},"content":{"rendered":"<p><strong>03:37<\/strong> | <strong><img loading=\"lazy\" decoding=\"async\" class=\"alignnone size-full wp-image-467\" src=\"https:\/\/www.sunkaraoke.hu\/wp-content\/uploads\/2022\/07\/choir_2-copy.webp\" alt=\"\" width=\"30\" height=\"30\" \/> <\/strong><\/p>\n","protected":false},"excerpt":{"rendered":"<h6><strong>Bits\u0171r\u0171s\u00e9g: 320<\/strong>kb\/s<strong><br \/>\n<\/strong><strong>Hossz: <\/strong>03:37<strong><br \/>\n<\/strong><strong style=\"font-size: 16px;\">Vok\u00e1lt tartalmaz: <\/strong>Nem <img loading=\"lazy\" decoding=\"async\" class=\"alignnone size-full wp-image-467\" src=\"http:\/\/www.sunkaraoke.hu\/wp-content\/uploads\/2022\/07\/choir_2-copy.png\" alt=\"\" width=\"30\" height=\"30\" \/><strong style=\"font-size: 16px;\"><br \/>\n<\/strong><\/h6>\n<p>Sunkaraoke mp3 st\u00fadi\u00f3 \/ www.sunkaraoke.hu \/ Inf: Tel: 06 20 4275001<\/p>\n<p>&#8212;Intr\u00f3&#8212;<br \/>\nH\u00e1ny de h\u00e1nyszor \u00fagy volt\u00e1l,<br \/>\nhogy t\u00fal neh\u00e9z a sorsod m\u00e1r,<br \/>\nde hidd el \u00fajra felkel a te napod is,<br \/>\n\u00e9s holnapt\u00f3l csak a csoda v\u00e1r.<br \/>\nHidd el \u00fajra felkel a te napod is,<br \/>\n\u00e9s holnapt\u00f3l egy \u00faj csoda v\u00e1r.<br \/>\n\u00d6r\u00f6m az \u00e9let, \u00f6r\u00fclj hogy \u00e9led,<br \/>\nnevet a napf\u00e9ny r\u00e1d!<br \/>\n\u00c9bredj h\u00e1t hisz ragyog a vil\u00e1g,<br \/>\nboldogs\u00e1g hogy mosolyog a sz\u00e1d,<br \/>\nnem sz\u00e1m\u00edt ha bebor\u00fal az \u00e9g ,<br \/>\nbenned van minden ami sz\u00e9p!<br \/>\n\u00c9bredj h\u00e1t hisz ragyog a vil\u00e1g,<br \/>\nboldogs\u00e1g hogy mosolyog a sz\u00e1d,<br \/>\nnem sz\u00e1m\u00edt ha beborul az \u00e9g,<br \/>\nbenned van minden ami sz\u00e9p!<br \/>\nNem sz\u00e1m\u00edt ha beborul az \u00e9g,<br \/>\nbenned van minden ami sz\u00e9p!<br \/>\nRap:Sohase k\u00e9s\u0151, mert j\u00f6n majd egy \u00faj h\u00e9tf\u0151.<br \/>\nNe cs\u00fcggedj el kedden, hidd el, minden rendben.<br \/>\nHa tal\u00e1lkozn\u00e1nk szerd\u00e1n, csak dobj egy mosolyt az utc\u00e1n.<br \/>\nCs\u00fct\u00f6rt\u00f6k\u00f6n a l\u00e9nyeg, hogy egyet alszom \u00e9s p\u00e9ntek.<br \/>\nSzombaton j\u00f3 nagyon, \u00e9pp ez\u00e9rt a kedvenc napom.<br \/>\nJ\u00f3 kedvemben ezt a dalt vas\u00e1rnap estig d\u00fadolom.<br \/>\nGy\u00f6ny\u00f6r\u0171 \u00e9vek, szabad a l\u00e9lek,<br \/>\nszabadon \u00e9lj \u00e9s sz\u00e1llj&#8230;.<br \/>\n\u00c9bredj h\u00e1t hisz ragyog a vil\u00e1g,<br \/>\nboldogs\u00e1g hogy mosolyog a sz\u00e1d,<br \/>\nnem sz\u00e1m\u00edt ha beborul az \u00e9g,<br \/>\nbenned van minden ami sz\u00e9p!<br \/>\n\u00c9bredj h\u00e1t hisz ragyog a vil\u00e1g,<br \/>\nboldogs\u00e1g hogy mosolyog a sz\u00e1d,<br \/>\nnem sz\u00e1m\u00edt ha beborul az \u00e9g,<br \/>\nbenned van minden ami sz\u00e9p!<br \/>\nNem sz\u00e1m\u00edt ha beborul az \u00e9g,<br \/>\nbenned van minden ami sz\u00e9p!<br \/>\n&#8212;Sz\u00f3l\u00f3&#8212;<br \/>\n\u00c9bredj h\u00e1t hisz ragyog a vil\u00e1g,<br \/>\nboldogs\u00e1g hogy mosolyog a sz\u00e1d,<br \/>\nnem sz\u00e1m\u00edt ha beborul az \u00e9g,<br \/>\nbenned van minden ami sz\u00e9p!<br \/>\nNem sz\u00e1m\u00edt ha beborul az \u00e9g,<br \/>\nbenned van minden ami sz\u00e9p!<br \/>\n&#8212;V\u00e9ge&#8212;<\/p>\n","protected":false},"featured_media":9005,"template":"","meta":{"site-sidebar-layout":"default","site-content-layout":"default","ast-site-content-layout":"default","site-content-style":"default","site-sidebar-style":"default","ast-global-header-display":"","ast-banner-title-visibility":"","ast-main-header-display":"","ast-hfb-above-header-display":"","ast-hfb-below-header-display":"","ast-hfb-mobile-header-display":"","site-post-title":"","ast-breadcrumbs-content":"","ast-featured-img":"","footer-sml-layout":"","theme-transparent-header-meta":"default","adv-header-id-meta":"","stick-header-meta":"","header-above-stick-meta":"","header-main-stick-meta":"","header-below-stick-meta":"","astra-migrate-meta-layouts":"set","ast-page-background-enabled":"default","ast-page-background-meta":{"desktop":{"background-color":"var(--ast-global-color-4)","background-image":"","background-repeat":"repeat","background-position":"center center","background-size":"auto","background-attachment":"scroll","background-type":"","background-media":"","overlay-type":"","overlay-color":"","overlay-opacity":"","overlay-gradient":""},"tablet":{"background-color":"","background-image":"","background-repeat":"repeat","background-position":"center center","background-size":"auto","background-attachment":"scroll","background-type":"","background-media":"","overlay-type":"","overlay-color":"","overlay-opacity":"","overlay-gradient":""},"mobile":{"background-color":"","background-image":"","background-repeat":"repeat","background-position":"center center","background-size":"auto","background-attachment":"scroll","background-type":"","background-media":"","overlay-type":"","overlay-color":"","overlay-opacity":"","overlay-gradient":""}},"ast-content-background-meta":{"desktop":{"background-color":"var(--ast-global-color-5)","background-image":"","background-repeat":"repeat","background-position":"center center","background-size":"auto","background-attachment":"scroll","background-type":"","background-media":"","overlay-type":"","overlay-color":"","overlay-opacity":"","overlay-gradient":""},"tablet":{"background-color":"var(--ast-global-color-5)","background-image":"","background-repeat":"repeat","background-position":"center center","background-size":"auto","background-attachment":"scroll","background-type":"","background-media":"","overlay-type":"","overlay-color":"","overlay-opacity":"","overlay-gradient":""},"mobile":{"background-color":"var(--ast-global-color-5)","background-image":"","background-repeat":"repeat","background-position":"center center","background-size":"auto","background-attachment":"scroll","background-type":"","background-media":"","overlay-type":"","overlay-color":"","overlay-opacity":"","overlay-gradient":""}}},"product_cat":[48],"product_tag":[],"class_list":["post-5309","product","type-product","status-publish","has-post-thumbnail","hentry","product_cat-sunkaraoke-dalok","desktop-align-left","tablet-align-left","mobile-align-left"],"_links":{"self":[{"href":"https:\/\/www.sunkaraoke.hu\/index.php\/wp-json\/wp\/v2\/product\/5309","targetHints":{"allow":["GET"]}}],"collection":[{"href":"https:\/\/www.sunkaraoke.hu\/index.php\/wp-json\/wp\/v2\/product"}],"about":[{"href":"https:\/\/www.sunkaraoke.hu\/index.php\/wp-json\/wp\/v2\/types\/product"}],"wp:featuredmedia":[{"embeddable":true,"href":"https:\/\/www.sunkaraoke.hu\/index.php\/wp-json\/wp\/v2\/media\/9005"}],"wp:attachment":[{"href":"https:\/\/www.sunkaraoke.hu\/index.php\/wp-json\/wp\/v2\/media?parent=5309"}],"wp:term":[{"taxonomy":"product_cat","embeddable":true,"href":"https:\/\/www.sunkaraoke.hu\/index.php\/wp-json\/wp\/v2\/product_cat?post=5309"},{"taxonomy":"product_tag","embeddable":true,"href":"https:\/\/www.sunkaraoke.hu\/index.php\/wp-json\/wp\/v2\/product_tag?post=5309"}],"curies":[{"name":"wp","href":"https:\/\/api.w.org\/{rel}","templated":true}]}}