{"id":5304,"date":"2022-08-08T20:48:57","date_gmt":"2022-08-08T20:48:57","guid":{"rendered":"https:\/\/www.sunkaraoke.hu\/index.php\/termek\/bitto-duo-robogj-vonat-2017\/"},"modified":"2025-08-03T07:44:55","modified_gmt":"2025-08-03T05:44:55","slug":"bitto-duo-robogj-vonat-2017","status":"publish","type":"product","link":"https:\/\/www.sunkaraoke.hu\/index.php\/termek\/bitto-duo-robogj-vonat-2017\/","title":{"rendered":"<div class=\"wcmp-player-container product-5304\"><audio controlslist=\"nodownload\" data-product=\"5304\"  volume=\"1\"  preload=\"none\" data-lazyloading=\"none\" class=\"wcmp-player track mejs-classic\" data-duration=\"0:31\" data-estimated_duration=\"4\"><source src=\"https:\/\/www.sunkaraoke.hu\/wp-content\/uploads\/2022\/08\/Robogj-vonat-Bitto-2017-PB.-_demo.mp3\" type=\"audio\/mp3\" \/><\/audio><\/div>Bitt\u00f3 du\u00f3 &#8211; Robogj vonat (Original)"},"content":{"rendered":"<p><strong>03:46<\/strong> | <strong><img loading=\"lazy\" decoding=\"async\" class=\"alignnone size-full wp-image-467\" src=\"https:\/\/www.sunkaraoke.hu\/wp-content\/uploads\/2022\/07\/choir_2-copy.webp\" alt=\"\" width=\"30\" height=\"30\" \/> <\/strong><\/p>\n","protected":false},"excerpt":{"rendered":"<h6><strong>Bits\u0171r\u0171s\u00e9g: 320 <\/strong>kb\/s<strong><br \/>\n<\/strong><strong>Hossz: <\/strong>03:46<strong><br \/>\n<\/strong><strong style=\"font-size: 16px;\">Vok\u00e1lt tartalmaz: <\/strong>Nem <img loading=\"lazy\" decoding=\"async\" class=\"alignnone size-full wp-image-467\" src=\"http:\/\/www.sunkaraoke.hu\/wp-content\/uploads\/2022\/07\/choir_2-copy.png\" alt=\"\" width=\"30\" height=\"30\" \/><strong style=\"font-size: 16px;\"><br \/>\n<\/strong><\/h6>\n<p>Sunkaraoke mp3 st\u00fadi\u00f3 \/ www.sunkaraoke.hu \/ Inf: Tel: 06 20 4275001<\/p>\n<p>&#8212;Intr\u00f3&#8212;<\/p>\n<p>Kin\u00e9zek az ablakon, beragyog r\u00e1m a hold,<br \/>\nf\u00e9nyl\u0151 sugara \u00e1t\u00f6lelt mikor \u0151 itt volt.<br \/>\nB\u00e1r csak itt lenne m\u00e9g velem,<br \/>\nnem k\u00e9rn\u00e9k \u00e9n m\u00e1st semmit sem,<br \/>\nengedd ki a f\u00e9ket, hozd nekem \u0151t most el.<\/p>\n<p>Robogj vonat, hozd el \u0151t nekem,<br \/>\nmegszakad a sz\u00edvem , ha nincs mellettem,<br \/>\nszeretlek nagyon \u0151 az \u00e9n angyalom.<br \/>\nRobogj vonat, hozd el \u0151t nekem,<br \/>\nmegszakad a sz\u00edvem , ha nincs mellettem,<br \/>\nszeretlek nagyon \u0151 az \u00e9n angyalom.<br \/>\n&#8212;Sz\u00f3l\u00f3&#8212;<br \/>\nM\u00e9rt nem lehet mindig \u00fagy, ahogy azt szeretn\u00e9nk,<br \/>\nminden pillanatot egy\u00fctt t\u00f6lthetn\u00e9nk.<br \/>\nM\u00e9rt kell mindig azt v\u00e1rnom,<br \/>\nnaponta h\u00e1romszor is k\u00edv\u00e1nnom,<br \/>\nhogy hozd \u0151t el, vagy csak hadd sz\u00e1lljak fel.<\/p>\n<p>Robogj vonat, hozd el \u0151t nekem,<br \/>\nmegszakad a sz\u00edvem , ha nincs mellettem,<br \/>\nszeretlek nagyon \u0151 az \u00e9n angyalom.<br \/>\nRobogj vonat, hozd el \u0151t nekem,<br \/>\nmegszakad a sz\u00edvem , ha nincs mellettem,<br \/>\nszeretlek nagyon \u0151 az \u00e9n angyalom.<br \/>\n&#8212;Sz\u00f3l\u00f3&#8212;<br \/>\nRobogj vonat, hozd el \u0151t nekem,<br \/>\nmegszakad a sz\u00edvem , ha nincs mellettem,<br \/>\nszeretlek nagyon \u0151 az \u00e9n angyalom.<br \/>\nRobogj vonat, hozd el \u0151t nekem,<br \/>\nmegszakad a sz\u00edvem , ha nincs mellettem,<br \/>\nszeretlek nagyon \u0151 az \u00e9n angyalom.<br \/>\n&#8212;V\u00e9ge&#8212;<\/p>\n","protected":false},"featured_media":8718,"template":"","meta":{"site-sidebar-layout":"default","site-content-layout":"default","ast-site-content-layout":"default","site-content-style":"default","site-sidebar-style":"default","ast-global-header-display":"","ast-banner-title-visibility":"","ast-main-header-display":"","ast-hfb-above-header-display":"","ast-hfb-below-header-display":"","ast-hfb-mobile-header-display":"","site-post-title":"","ast-breadcrumbs-content":"","ast-featured-img":"","footer-sml-layout":"","theme-transparent-header-meta":"default","adv-header-id-meta":"","stick-header-meta":"","header-above-stick-meta":"","header-main-stick-meta":"","header-below-stick-meta":"","astra-migrate-meta-layouts":"set","ast-page-background-enabled":"default","ast-page-background-meta":{"desktop":{"background-color":"var(--ast-global-color-4)","background-image":"","background-repeat":"repeat","background-position":"center center","background-size":"auto","background-attachment":"scroll","background-type":"","background-media":"","overlay-type":"","overlay-color":"","overlay-opacity":"","overlay-gradient":""},"tablet":{"background-color":"","background-image":"","background-repeat":"repeat","background-position":"center center","background-size":"auto","background-attachment":"scroll","background-type":"","background-media":"","overlay-type":"","overlay-color":"","overlay-opacity":"","overlay-gradient":""},"mobile":{"background-color":"","background-image":"","background-repeat":"repeat","background-position":"center center","background-size":"auto","background-attachment":"scroll","background-type":"","background-media":"","overlay-type":"","overlay-color":"","overlay-opacity":"","overlay-gradient":""}},"ast-content-background-meta":{"desktop":{"background-color":"var(--ast-global-color-5)","background-image":"","background-repeat":"repeat","background-position":"center center","background-size":"auto","background-attachment":"scroll","background-type":"","background-media":"","overlay-type":"","overlay-color":"","overlay-opacity":"","overlay-gradient":""},"tablet":{"background-color":"var(--ast-global-color-5)","background-image":"","background-repeat":"repeat","background-position":"center center","background-size":"auto","background-attachment":"scroll","background-type":"","background-media":"","overlay-type":"","overlay-color":"","overlay-opacity":"","overlay-gradient":""},"mobile":{"background-color":"var(--ast-global-color-5)","background-image":"","background-repeat":"repeat","background-position":"center center","background-size":"auto","background-attachment":"scroll","background-type":"","background-media":"","overlay-type":"","overlay-color":"","overlay-opacity":"","overlay-gradient":""}}},"product_cat":[48],"product_tag":[],"class_list":["post-5304","product","type-product","status-publish","has-post-thumbnail","hentry","product_cat-sunkaraoke-dalok","desktop-align-left","tablet-align-left","mobile-align-left"],"_links":{"self":[{"href":"https:\/\/www.sunkaraoke.hu\/index.php\/wp-json\/wp\/v2\/product\/5304","targetHints":{"allow":["GET"]}}],"collection":[{"href":"https:\/\/www.sunkaraoke.hu\/index.php\/wp-json\/wp\/v2\/product"}],"about":[{"href":"https:\/\/www.sunkaraoke.hu\/index.php\/wp-json\/wp\/v2\/types\/product"}],"wp:featuredmedia":[{"embeddable":true,"href":"https:\/\/www.sunkaraoke.hu\/index.php\/wp-json\/wp\/v2\/media\/8718"}],"wp:attachment":[{"href":"https:\/\/www.sunkaraoke.hu\/index.php\/wp-json\/wp\/v2\/media?parent=5304"}],"wp:term":[{"taxonomy":"product_cat","embeddable":true,"href":"https:\/\/www.sunkaraoke.hu\/index.php\/wp-json\/wp\/v2\/product_cat?post=5304"},{"taxonomy":"product_tag","embeddable":true,"href":"https:\/\/www.sunkaraoke.hu\/index.php\/wp-json\/wp\/v2\/product_tag?post=5304"}],"curies":[{"name":"wp","href":"https:\/\/api.w.org\/{rel}","templated":true}]}}