{"id":5303,"date":"2022-08-08T20:48:57","date_gmt":"2022-08-08T20:48:57","guid":{"rendered":"https:\/\/www.sunkaraoke.hu\/index.php\/termek\/kredenc-lakodalmas-mix-2017\/"},"modified":"2025-04-06T18:21:36","modified_gmt":"2025-04-06T18:21:36","slug":"kredenc-lakodalmas-mix-2017","status":"publish","type":"product","link":"https:\/\/www.sunkaraoke.hu\/index.php\/termek\/kredenc-lakodalmas-mix-2017\/","title":{"rendered":"<div class=\"wcmp-player-container product-5303\"><audio controlslist=\"nodownload\" data-product=\"5303\"  volume=\"1\"  preload=\"none\" data-lazyloading=\"none\" class=\"wcmp-player track mejs-classic\" data-duration=\"0:34\" data-estimated_duration=\"4\"><source src=\"https:\/\/www.sunkaraoke.hu\/wp-content\/uploads\/2022\/08\/Lakodalmas-mix-Kredenc-2017.-SB.-demoo.mp3\" type=\"audio\/mp3\" \/><\/audio><\/div>Kredenc &#8211; Lakodalmas mix (Original SB. Edition)"},"content":{"rendered":"<p><strong>04:10<\/strong> | <strong><img loading=\"lazy\" decoding=\"async\" class=\"alignnone size-full wp-image-467\" src=\"https:\/\/www.sunkaraoke.hu\/wp-content\/uploads\/2022\/07\/choir_2-copy.webp\" alt=\"\" width=\"30\" height=\"30\" \/> <\/strong><\/p>\n","protected":false},"excerpt":{"rendered":"<h6><strong>Bits\u0171r\u0171s\u00e9g: 320<\/strong>kb\/s<strong><br \/>\n<\/strong><strong>Hossz: <\/strong>04:10<strong><br \/>\n<\/strong><strong style=\"font-size: 16px;\">Vok\u00e1lt tartalmaz: <\/strong>Nem <img loading=\"lazy\" decoding=\"async\" class=\"alignnone size-full wp-image-467\" src=\"http:\/\/www.sunkaraoke.hu\/wp-content\/uploads\/2022\/07\/choir_2-copy.png\" alt=\"\" width=\"30\" height=\"30\" \/><strong style=\"font-size: 16px;\"><br \/>\n<\/strong><\/h6>\n<p>Sunkaraoke mp3 st\u00fadi\u00f3 \/ www.sunkaraoke.hu \/ Inf: Tel: 06 20 4275001<\/p>\n<p>&#8212;Intr\u00f3&#8212;<br \/>\nLakodalom van a mi utc\u00e1nkban,<br \/>\nf\u00e9rjhez megy a falu legszebb l\u00e1nya,<br \/>\nhivatalos vagyok oda \u00e9n is,<br \/>\nnem menn\u00e9k el, ha sz\u00e1zszor \u00fczenn\u00e9k is.<br \/>\nHivatalos vagyok oda \u00e9n is,<br \/>\nnem menn\u00e9k el, ha sz\u00e1zszor \u00fczenn\u00e9k is.<\/p>\n<p>Este viszik a menyasszony \u00e1gy\u00e1t,<br \/>\nelveszett\u00e9k a nyoszolya l\u00e1b\u00e1t,<br \/>\naddig bab\u00e1m nem fekszel az \u00e1gyra,<br \/>\nm\u00edg meg nem lesz a nyoszolya n\u00e9gy l\u00e1ba.<br \/>\nAddig bab\u00e1m nem fekszel az \u00e1gyra,<br \/>\nm\u00edg meg nem lesz a nyoszolya n\u00e9gy l\u00e1ba.<br \/>\n&#8212;Sz\u00f3l\u00f3&#8212;<br \/>\nV\u00e9ge van m\u00e1r a lakodalomnak,<br \/>\nnagy b\u00e1nata van a menyasszonynak,<br \/>\nforgatja a karikagy\u0171r\u0171j\u00e9t,<br \/>\nsajn\u00e1lja a r\u00e9gi szeret\u0151j\u00e9t.<br \/>\nForgatja a karikagy\u0171r\u0171j\u00e9t,<br \/>\nsajn\u00e1lja a r\u00e9gi szeret\u0151j\u00e9t.<br \/>\nL\u0151re, l\u0151re, cudar l\u0151re, de savany\u00fa l\u0151re,<br \/>\nveszt\u00e9l volna, de veszt\u00e9l,<br \/>\nvolna fekete f\u00f6ldbe!<br \/>\nH\u00fazz\u00e1tok, cig\u00e1nyok, est\u00e9t\u0151l reggelig!<br \/>\nA s\u00f6rt\u0151l, a bort\u00f3l, a sz\u00e9pl\u00e1ny cs\u00f3kt\u00f3l,<br \/>\na b\u00e1natom elm\u00falik.<br \/>\nH\u00fazz\u00e1tok, cig\u00e1nyok, est\u00e9t\u0151l reggelig!<br \/>\nA s\u00f6rt\u0151l, a bort\u00f3l, a sz\u00e9pl\u00e1ny cs\u00f3kt\u00f3l,<br \/>\na b\u00e1natom elm\u00falik.<\/p>\n<p>Ha be megyek, ha be megyek a kanizsai b\u00e1lba,<br \/>\nr\u00e1n\u00e9zek a, r\u00e1n\u00e9zek a els\u0151 muzsik\u00e1ra.<br \/>\nH\u00faz\u00e1tok cig\u00e1nyok r\u00f3lam a nadr\u00e1got,<br \/>\nmegl\u00e1tj\u00e1tok hogy a j\u00f6v\u0151 a h\u00e9tt\u0151l f\u00e9lpuc\u00e9ron j\u00e1rok!<br \/>\nH\u00faz\u00e1tok cig\u00e1nyok r\u00f3lam a nadr\u00e1got,<br \/>\nmegl\u00e1tj\u00e1tok hogy a j\u00f6v\u0151 a h\u00e9tt\u0151l f\u00e9lpuc\u00e9ron j\u00e1rok!<br \/>\n&#8212;Sz\u00f3l\u00f3&#8212;<br \/>\nMegcsalt engem a szeret\u0151m, a f\u0151b\u00edr\u00f3 l\u00e1nya,<br \/>\nb\u00e1natomnak muzsikasz\u00f3, bor az orvoss\u00e1ga.<br \/>\nBort ide, csapl\u00e1ros, v\u00e9gig az asztalra,<br \/>\nha ber\u00fagok, a szemembe h\u00fazom cs\u00e1rd\u00e1s kis kalapom.<br \/>\nBort ide, csapl\u00e1ros, v\u00e9gig az asztalra,<br \/>\nha ber\u00fagok, a szemembe h\u00fazom cs\u00e1rd\u00e1s kis kalapom.<br \/>\n&#8212;V\u00e9ge&#8212;<\/p>\n","protected":false},"featured_media":12585,"template":"","meta":{"site-sidebar-layout":"default","site-content-layout":"default","ast-site-content-layout":"default","site-content-style":"default","site-sidebar-style":"default","ast-global-header-display":"","ast-banner-title-visibility":"","ast-main-header-display":"","ast-hfb-above-header-display":"","ast-hfb-below-header-display":"","ast-hfb-mobile-header-display":"","site-post-title":"","ast-breadcrumbs-content":"","ast-featured-img":"","footer-sml-layout":"","theme-transparent-header-meta":"default","adv-header-id-meta":"","stick-header-meta":"","header-above-stick-meta":"","header-main-stick-meta":"","header-below-stick-meta":"","astra-migrate-meta-layouts":"set","ast-page-background-enabled":"default","ast-page-background-meta":{"desktop":{"background-color":"var(--ast-global-color-4)","background-image":"","background-repeat":"repeat","background-position":"center center","background-size":"auto","background-attachment":"scroll","background-type":"","background-media":"","overlay-type":"","overlay-color":"","overlay-opacity":"","overlay-gradient":""},"tablet":{"background-color":"","background-image":"","background-repeat":"repeat","background-position":"center center","background-size":"auto","background-attachment":"scroll","background-type":"","background-media":"","overlay-type":"","overlay-color":"","overlay-opacity":"","overlay-gradient":""},"mobile":{"background-color":"","background-image":"","background-repeat":"repeat","background-position":"center center","background-size":"auto","background-attachment":"scroll","background-type":"","background-media":"","overlay-type":"","overlay-color":"","overlay-opacity":"","overlay-gradient":""}},"ast-content-background-meta":{"desktop":{"background-color":"var(--ast-global-color-5)","background-image":"","background-repeat":"repeat","background-position":"center center","background-size":"auto","background-attachment":"scroll","background-type":"","background-media":"","overlay-type":"","overlay-color":"","overlay-opacity":"","overlay-gradient":""},"tablet":{"background-color":"var(--ast-global-color-5)","background-image":"","background-repeat":"repeat","background-position":"center center","background-size":"auto","background-attachment":"scroll","background-type":"","background-media":"","overlay-type":"","overlay-color":"","overlay-opacity":"","overlay-gradient":""},"mobile":{"background-color":"var(--ast-global-color-5)","background-image":"","background-repeat":"repeat","background-position":"center center","background-size":"auto","background-attachment":"scroll","background-type":"","background-media":"","overlay-type":"","overlay-color":"","overlay-opacity":"","overlay-gradient":""}}},"product_cat":[48],"product_tag":[],"class_list":["post-5303","product","type-product","status-publish","has-post-thumbnail","hentry","product_cat-sunkaraoke-dalok","desktop-align-left","tablet-align-left","mobile-align-left"],"_links":{"self":[{"href":"https:\/\/www.sunkaraoke.hu\/index.php\/wp-json\/wp\/v2\/product\/5303","targetHints":{"allow":["GET"]}}],"collection":[{"href":"https:\/\/www.sunkaraoke.hu\/index.php\/wp-json\/wp\/v2\/product"}],"about":[{"href":"https:\/\/www.sunkaraoke.hu\/index.php\/wp-json\/wp\/v2\/types\/product"}],"wp:featuredmedia":[{"embeddable":true,"href":"https:\/\/www.sunkaraoke.hu\/index.php\/wp-json\/wp\/v2\/media\/12585"}],"wp:attachment":[{"href":"https:\/\/www.sunkaraoke.hu\/index.php\/wp-json\/wp\/v2\/media?parent=5303"}],"wp:term":[{"taxonomy":"product_cat","embeddable":true,"href":"https:\/\/www.sunkaraoke.hu\/index.php\/wp-json\/wp\/v2\/product_cat?post=5303"},{"taxonomy":"product_tag","embeddable":true,"href":"https:\/\/www.sunkaraoke.hu\/index.php\/wp-json\/wp\/v2\/product_tag?post=5303"}],"curies":[{"name":"wp","href":"https:\/\/api.w.org\/{rel}","templated":true}]}}