{"id":5301,"date":"2022-08-08T20:48:57","date_gmt":"2022-08-08T20:48:57","guid":{"rendered":"https:\/\/www.sunkaraoke.hu\/index.php\/termek\/tesok-neked-nem-kellett-a-rozsa\/"},"modified":"2025-03-28T16:20:53","modified_gmt":"2025-03-28T16:20:53","slug":"tesok-neked-nem-kellett-a-rozsa","status":"publish","type":"product","link":"https:\/\/www.sunkaraoke.hu\/index.php\/termek\/tesok-neked-nem-kellett-a-rozsa\/","title":{"rendered":"<div class=\"wcmp-player-container product-5301\"><audio controlslist=\"nodownload\" data-product=\"5301\"  volume=\"1\"  preload=\"none\" data-lazyloading=\"none\" class=\"wcmp-player track mejs-classic\" data-duration=\"0:31\" data-estimated_duration=\"4\"><source src=\"https:\/\/www.sunkaraoke.hu\/wp-content\/uploads\/2022\/08\/Neked-nem-kellett-a-rozsa-Tesok-SB_demo.mp3\" type=\"audio\/mp3\" \/><\/audio><\/div>Tes\u00f3k &#8211; Neked nem kellett a r\u00f3zsa (Original)"},"content":{"rendered":"<p><strong>03:10<\/strong> | <strong><img loading=\"lazy\" decoding=\"async\" class=\"alignnone size-full wp-image-467\" src=\"https:\/\/www.sunkaraoke.hu\/wp-content\/uploads\/2022\/07\/choir_2-copy.webp\" alt=\"\" width=\"30\" height=\"30\" \/> <\/strong><\/p>\n","protected":false},"excerpt":{"rendered":"<h6>Bits\u0171r\u0171s\u00e9g: 320 kb\/s<br \/>\nHossz: 03:10<br \/>\nVok\u00e1lt tartalmaz: Nem <img loading=\"lazy\" decoding=\"async\" class=\"alignnone size-full wp-image-467\" src=\"http:\/\/www.sunkaraoke.hu\/wp-content\/uploads\/2022\/07\/choir_2-copy.png\" alt=\"\" width=\"30\" height=\"30\" \/><strong style=\"font-size: 16px;\"><br \/>\n<\/strong><\/h6>\n<p>Sunkaraoke mp3 st\u00fadi\u00f3 \/ www.sunkaraoke.hu \/ Inf: Tel: 06 20 4275001<\/p>\n<p>&#8212;Intr\u00f3&#8212;<br \/>\nAnnyira f\u00e1j velem \u00e9l a mag\u00e1ny,<br \/>\nengem mindenhol utol\u00e9r,<br \/>\nnem enged \u00e9lni egy p\u00e1r apr\u00f3 \u00f6r\u00f6m,<br \/>\n\u00e9ppen hogy belef\u00e9r.<br \/>\nElfogadom nekem ennyi jutott,<br \/>\nde az \u00e9rz\u00e9s annyira m\u00e1s,<br \/>\ntudom hogy egyed\u00fcl nem lehetek,<br \/>\ncsak \u00e9n az aki, a hib\u00e1s.<br \/>\nCsak \u00e9n az aki, a hib\u00e1s!<\/p>\n<p>Neked nem kellett a r\u00f3zsa,<br \/>\namit adtam \u00e9n neked,<br \/>\n\u00e9s ez \u00edgy megy \u00e9vek \u00f3ta,<br \/>\nhogy \u00e9n mindig t\u00e9vedek.<br \/>\nNeked nem kellett a sz\u00edvem,<br \/>\npedig j\u00f3 volt \u00e9s szabad,<br \/>\nb\u00e1rmit megtett volna \u00e9rted,<br \/>\n\u00e9s ha kell m\u00e9g megszakad.<\/p>\n<p>Annyira v\u00e1gyom a l\u00e9nyed ut\u00e1n,<br \/>\ns hogy a lelkem megsimogasd,<br \/>\nazt akarom hogy a boldogs\u00e1got,<br \/>\nm\u00e1shol m\u00e1r ne kutasd.<br \/>\nElfogadom hogyha ennyi jutott,<br \/>\nde az \u00e9rz\u00e9s annyira m\u00e1s,<br \/>\ntudom hogy egyed\u00fcl nem lehetek,<br \/>\ncsak \u00e9n az aki, a hib\u00e1s.<br \/>\nCsak \u00e9n az aki, a hib\u00e1s!<\/p>\n<p>Neked nem kellett a r\u00f3zsa,<br \/>\namit adtam \u00e9n neked,<br \/>\n\u00e9s ez \u00edgy megy \u00e9vek \u00f3ta,<br \/>\nhogy \u00e9n mindig t\u00e9vedek.<br \/>\nNeked nem kellett a sz\u00edvem,<br \/>\npedig j\u00f3 volt \u00e9s szabad,<br \/>\nb\u00e1rmit megtett volna \u00e9rted,<br \/>\n\u00e9s ha kell m\u00e9g megszakad.<br \/>\n&#8212;Sz\u00f3l\u00f3&#8212;<br \/>\nNeked nem kellett a r\u00f3zsa,<br \/>\namit adtam \u00e9n neked,<br \/>\n\u00e9s ez \u00edgy megy \u00e9vek \u00f3ta,<br \/>\nhogy \u00e9n mindig t\u00e9vedek.<br \/>\nNeked nem kellett a sz\u00edvem,<br \/>\npedig j\u00f3 volt \u00e9s szabad,<br \/>\nb\u00e1rmit megtett volna \u00e9rted,<br \/>\n\u00e9s ha kell m\u00e9g megszakad.<br \/>\nN\u00e1, n\u00e1, n\u00e1,n\u00e1,n\u00e1,&#8230;.<br \/>\nNeked nem kellett a r\u00f3zsa,<br \/>\namit adtam \u00e9n neked,<br \/>\n\u00e9s ez \u00edgy megy \u00e9vek \u00f3ta,<br \/>\nhogy \u00e9n mindig t\u00e9vedek.<br \/>\nNeked nem kellett a sz\u00edvem,<br \/>\npedig j\u00f3 volt \u00e9s szabad,<br \/>\nb\u00e1rmit megtett volna \u00e9rted,<br \/>\n\u00e9s ha kell m\u00e9g megszakad.<br \/>\n&#8212;V\u00e9ge&#8212;<\/p>\n","protected":false},"featured_media":8715,"template":"","meta":{"site-sidebar-layout":"default","site-content-layout":"default","ast-site-content-layout":"default","site-content-style":"default","site-sidebar-style":"default","ast-global-header-display":"","ast-banner-title-visibility":"","ast-main-header-display":"","ast-hfb-above-header-display":"","ast-hfb-below-header-display":"","ast-hfb-mobile-header-display":"","site-post-title":"","ast-breadcrumbs-content":"","ast-featured-img":"","footer-sml-layout":"","theme-transparent-header-meta":"default","adv-header-id-meta":"","stick-header-meta":"","header-above-stick-meta":"","header-main-stick-meta":"","header-below-stick-meta":"","astra-migrate-meta-layouts":"set","ast-page-background-enabled":"default","ast-page-background-meta":{"desktop":{"background-color":"var(--ast-global-color-4)","background-image":"","background-repeat":"repeat","background-position":"center center","background-size":"auto","background-attachment":"scroll","background-type":"","background-media":"","overlay-type":"","overlay-color":"","overlay-opacity":"","overlay-gradient":""},"tablet":{"background-color":"","background-image":"","background-repeat":"repeat","background-position":"center center","background-size":"auto","background-attachment":"scroll","background-type":"","background-media":"","overlay-type":"","overlay-color":"","overlay-opacity":"","overlay-gradient":""},"mobile":{"background-color":"","background-image":"","background-repeat":"repeat","background-position":"center center","background-size":"auto","background-attachment":"scroll","background-type":"","background-media":"","overlay-type":"","overlay-color":"","overlay-opacity":"","overlay-gradient":""}},"ast-content-background-meta":{"desktop":{"background-color":"var(--ast-global-color-5)","background-image":"","background-repeat":"repeat","background-position":"center center","background-size":"auto","background-attachment":"scroll","background-type":"","background-media":"","overlay-type":"","overlay-color":"","overlay-opacity":"","overlay-gradient":""},"tablet":{"background-color":"var(--ast-global-color-5)","background-image":"","background-repeat":"repeat","background-position":"center center","background-size":"auto","background-attachment":"scroll","background-type":"","background-media":"","overlay-type":"","overlay-color":"","overlay-opacity":"","overlay-gradient":""},"mobile":{"background-color":"var(--ast-global-color-5)","background-image":"","background-repeat":"repeat","background-position":"center center","background-size":"auto","background-attachment":"scroll","background-type":"","background-media":"","overlay-type":"","overlay-color":"","overlay-opacity":"","overlay-gradient":""}}},"product_cat":[48],"product_tag":[],"class_list":["post-5301","product","type-product","status-publish","has-post-thumbnail","hentry","product_cat-sunkaraoke-dalok","desktop-align-left","tablet-align-left","mobile-align-left"],"_links":{"self":[{"href":"https:\/\/www.sunkaraoke.hu\/index.php\/wp-json\/wp\/v2\/product\/5301","targetHints":{"allow":["GET"]}}],"collection":[{"href":"https:\/\/www.sunkaraoke.hu\/index.php\/wp-json\/wp\/v2\/product"}],"about":[{"href":"https:\/\/www.sunkaraoke.hu\/index.php\/wp-json\/wp\/v2\/types\/product"}],"wp:featuredmedia":[{"embeddable":true,"href":"https:\/\/www.sunkaraoke.hu\/index.php\/wp-json\/wp\/v2\/media\/8715"}],"wp:attachment":[{"href":"https:\/\/www.sunkaraoke.hu\/index.php\/wp-json\/wp\/v2\/media?parent=5301"}],"wp:term":[{"taxonomy":"product_cat","embeddable":true,"href":"https:\/\/www.sunkaraoke.hu\/index.php\/wp-json\/wp\/v2\/product_cat?post=5301"},{"taxonomy":"product_tag","embeddable":true,"href":"https:\/\/www.sunkaraoke.hu\/index.php\/wp-json\/wp\/v2\/product_tag?post=5301"}],"curies":[{"name":"wp","href":"https:\/\/api.w.org\/{rel}","templated":true}]}}