{"id":5300,"date":"2022-08-08T20:48:57","date_gmt":"2022-08-08T20:48:57","guid":{"rendered":"https:\/\/www.sunkaraoke.hu\/index.php\/termek\/bitto-duo-szajbergyerek-2017\/"},"modified":"2025-05-25T05:38:32","modified_gmt":"2025-05-25T05:38:32","slug":"bitto-duo-szajbergyerek-2017","status":"publish","type":"product","link":"https:\/\/www.sunkaraoke.hu\/index.php\/termek\/bitto-duo-szajbergyerek-2017\/","title":{"rendered":"<div class=\"wcmp-player-container product-5300\"><audio controlslist=\"nodownload\" data-product=\"5300\"  volume=\"1\"  preload=\"none\" data-lazyloading=\"none\" class=\"wcmp-player track mejs-classic\" data-duration=\"0:33\" data-estimated_duration=\"4\"><source src=\"https:\/\/www.sunkaraoke.hu\/wp-content\/uploads\/2022\/08\/Szajbergyerek-Bitto-2017.-PB.-_demo.mp3\" type=\"audio\/mp3\" \/><\/audio><\/div>Bitt\u00f3 du\u00f3 &#8211; Sz\u00e1jbergyerek (Original)"},"content":{"rendered":"<p><strong>02:52<\/strong> | <strong><img loading=\"lazy\" decoding=\"async\" class=\"alignnone size-full wp-image-467\" src=\"https:\/\/www.sunkaraoke.hu\/wp-content\/uploads\/2022\/07\/choir_2-copy.webp\" alt=\"\" width=\"30\" height=\"30\" \/> <\/strong><\/p>\n","protected":false},"excerpt":{"rendered":"<h6>Bits\u0171r\u0171s\u00e9g: 320kb\/s<br \/>\nHossz: 02:52<br \/>\nVok\u00e1lt tartalmaz: Nem <img loading=\"lazy\" decoding=\"async\" class=\"alignnone size-full wp-image-467\" src=\"http:\/\/www.sunkaraoke.hu\/wp-content\/uploads\/2022\/07\/choir_2-copy.png\" alt=\"\" width=\"30\" height=\"30\" \/><strong style=\"font-size: 16px;\"><br \/>\n<\/strong><\/h6>\n<p>Sunkaraoke mp3 st\u00fadi\u00f3 \/ www.sunkaraoke.hu \/ Inf: Tel: 06 20 4275001<\/p>\n<p>&#8212;Intr\u00f3&#8212;<br \/>\nVan egy k\u00e9k t\u00f3 a f\u00e1k alatt,<br \/>\nha beleteszem, leh\u0171ti a l\u00e1bamat.<br \/>\nSz\u00e1jber gyerek k\u00e9rj\u00e9l bocs\u00e1natot,<br \/>\nmert nem mutatom meg a kacs\u00e1mat ott!<br \/>\nMegb\u00e1ntott\u00e1l Sz\u00e1jber gyerek,<br \/>\nazt mondtad az \u00e9let gyorsan lepereg,<br \/>\nEz\u00e9rt soha nem n\u00e9zel h\u00e1tra,<br \/>\nnem is olyan magas hegy a M\u00e1tra!<br \/>\nTudod el\u0151sz\u00f6r hittem neked,<br \/>\nhogy az \u00e9let gyorsan pereg.<br \/>\nMegpr\u00f3b\u00e1ltam nem n\u00e9zni h\u00e1tra,<br \/>\na M\u00e1tr\u00e1n\u00e1l magasabb a T\u00e1tra!<br \/>\n&#8212;Sz\u00f3l\u00f3&#8212;<br \/>\nVan egy k\u00e9k t\u00f3 a f\u00e1k alatt,<br \/>\na partj\u00e1ra tettem a l\u00e1bamat.<br \/>\nEgyik reggel megl\u00e1ttam a kacs\u00e1mat ott,<br \/>\naz\u00f3ta szeretem a vas\u00e1rnapot!<br \/>\nVan egy k\u00e9k t\u00f3 a f\u00e1k alatt,<br \/>\nha beleteszem, leh\u0171ti a l\u00e1bamat.<br \/>\nSz\u00e1jber gyerek k\u00e9rj\u00e9l bocs\u00e1natot,<br \/>\nmert nem mutatom meg a kacs\u00e1mat ott!<br \/>\nMost m\u00e1r n\u00e9zek el\u0151re \u00e9s h\u00e1tra,<br \/>\nmost m\u00e1r magas hegy a M\u00e1tra.<br \/>\nKicsi vagy m\u00e9g Sz\u00e1jber gyerek,<br \/>\nde majd Te is r\u00e1j\u00f6ssz, hogy,<br \/>\nVan egy k\u00e9k t\u00f3 a f\u00e1k alatt,<br \/>\nha beleteszem, leh\u0171ti a l\u00e1bamat.<br \/>\nSz\u00e1jber gyerek k\u00e9rj\u00e9l bocs\u00e1natot,<br \/>\nMert nem mutatom meg a kacs\u00e1mat ott!<br \/>\n&#8212;V\u00e9ge&#8212;-<\/p>\n","protected":false},"featured_media":8718,"template":"","meta":{"site-sidebar-layout":"default","site-content-layout":"default","ast-site-content-layout":"default","site-content-style":"default","site-sidebar-style":"default","ast-global-header-display":"","ast-banner-title-visibility":"","ast-main-header-display":"","ast-hfb-above-header-display":"","ast-hfb-below-header-display":"","ast-hfb-mobile-header-display":"","site-post-title":"","ast-breadcrumbs-content":"","ast-featured-img":"","footer-sml-layout":"","theme-transparent-header-meta":"default","adv-header-id-meta":"","stick-header-meta":"","header-above-stick-meta":"","header-main-stick-meta":"","header-below-stick-meta":"","astra-migrate-meta-layouts":"set","ast-page-background-enabled":"default","ast-page-background-meta":{"desktop":{"background-color":"var(--ast-global-color-4)","background-image":"","background-repeat":"repeat","background-position":"center center","background-size":"auto","background-attachment":"scroll","background-type":"","background-media":"","overlay-type":"","overlay-color":"","overlay-opacity":"","overlay-gradient":""},"tablet":{"background-color":"","background-image":"","background-repeat":"repeat","background-position":"center center","background-size":"auto","background-attachment":"scroll","background-type":"","background-media":"","overlay-type":"","overlay-color":"","overlay-opacity":"","overlay-gradient":""},"mobile":{"background-color":"","background-image":"","background-repeat":"repeat","background-position":"center center","background-size":"auto","background-attachment":"scroll","background-type":"","background-media":"","overlay-type":"","overlay-color":"","overlay-opacity":"","overlay-gradient":""}},"ast-content-background-meta":{"desktop":{"background-color":"var(--ast-global-color-5)","background-image":"","background-repeat":"repeat","background-position":"center center","background-size":"auto","background-attachment":"scroll","background-type":"","background-media":"","overlay-type":"","overlay-color":"","overlay-opacity":"","overlay-gradient":""},"tablet":{"background-color":"var(--ast-global-color-5)","background-image":"","background-repeat":"repeat","background-position":"center center","background-size":"auto","background-attachment":"scroll","background-type":"","background-media":"","overlay-type":"","overlay-color":"","overlay-opacity":"","overlay-gradient":""},"mobile":{"background-color":"var(--ast-global-color-5)","background-image":"","background-repeat":"repeat","background-position":"center center","background-size":"auto","background-attachment":"scroll","background-type":"","background-media":"","overlay-type":"","overlay-color":"","overlay-opacity":"","overlay-gradient":""}}},"product_cat":[48],"product_tag":[],"class_list":["post-5300","product","type-product","status-publish","has-post-thumbnail","hentry","product_cat-sunkaraoke-dalok","desktop-align-left","tablet-align-left","mobile-align-left"],"_links":{"self":[{"href":"https:\/\/www.sunkaraoke.hu\/index.php\/wp-json\/wp\/v2\/product\/5300","targetHints":{"allow":["GET"]}}],"collection":[{"href":"https:\/\/www.sunkaraoke.hu\/index.php\/wp-json\/wp\/v2\/product"}],"about":[{"href":"https:\/\/www.sunkaraoke.hu\/index.php\/wp-json\/wp\/v2\/types\/product"}],"wp:featuredmedia":[{"embeddable":true,"href":"https:\/\/www.sunkaraoke.hu\/index.php\/wp-json\/wp\/v2\/media\/8718"}],"wp:attachment":[{"href":"https:\/\/www.sunkaraoke.hu\/index.php\/wp-json\/wp\/v2\/media?parent=5300"}],"wp:term":[{"taxonomy":"product_cat","embeddable":true,"href":"https:\/\/www.sunkaraoke.hu\/index.php\/wp-json\/wp\/v2\/product_cat?post=5300"},{"taxonomy":"product_tag","embeddable":true,"href":"https:\/\/www.sunkaraoke.hu\/index.php\/wp-json\/wp\/v2\/product_tag?post=5300"}],"curies":[{"name":"wp","href":"https:\/\/api.w.org\/{rel}","templated":true}]}}