{"id":5299,"date":"2022-08-08T20:48:56","date_gmt":"2022-08-08T20:48:56","guid":{"rendered":"https:\/\/www.sunkaraoke.hu\/index.php\/termek\/mulatos-dalok-mulatos-mix-33\/"},"modified":"2025-04-07T04:46:06","modified_gmt":"2025-04-07T04:46:06","slug":"mulatos-dalok-mulatos-mix-33","status":"publish","type":"product","link":"https:\/\/www.sunkaraoke.hu\/index.php\/termek\/mulatos-dalok-mulatos-mix-33\/","title":{"rendered":"<div class=\"wcmp-player-container product-5299\"><audio controlslist=\"nodownload\" data-product=\"5299\"  volume=\"1\"  preload=\"none\" data-lazyloading=\"none\" class=\"wcmp-player track mejs-classic\" data-duration=\"0:31\" data-estimated_duration=\"4\"><source src=\"https:\/\/www.sunkaraoke.hu\/wp-content\/uploads\/2022\/08\/Mulatos-mix-33-PB-kdemooo.mp3\" type=\"audio\/mp3\" \/><\/audio><\/div>Mulat\u00f3s dalok &#8211; Mulat\u00f3s mix 33. (Original PB Edition)"},"content":{"rendered":"<p><strong>09:20<\/strong> | <strong><img loading=\"lazy\" decoding=\"async\" class=\"alignnone size-full wp-image-467\" src=\"https:\/\/www.sunkaraoke.hu\/wp-content\/uploads\/2022\/07\/choir_2-copy.webp\" alt=\"\" width=\"30\" height=\"30\" \/> <\/strong><\/p>\n","protected":false},"excerpt":{"rendered":"<h6><strong>Bits\u0171r\u0171s\u00e9g: 320<\/strong>kb\/s<strong><br \/>\n<\/strong><strong>Hossz: <\/strong>09:20<strong><br \/>\n<\/strong><strong style=\"font-size: 16px;\">Vok\u00e1lt tartalmaz: <\/strong>Nem <img loading=\"lazy\" decoding=\"async\" class=\"alignnone size-full wp-image-467\" src=\"http:\/\/www.sunkaraoke.hu\/wp-content\/uploads\/2022\/07\/choir_2-copy.png\" alt=\"\" width=\"30\" height=\"30\" \/><strong style=\"font-size: 16px;\"><br \/>\n<\/strong><\/h6>\n<p>Sunkaraoke mp3 st\u00fadi\u00f3 \/ www.sunkaraoke.hu \/ Inf: Tel: 06 20 4275001<\/p>\n<p>&#8212;Intr\u00f3&#8212;<br \/>\nA szeret\u0151m dun\u00e1nt\u00fali,<br \/>\nott lakik Somogyorsz\u00e1gba,<br \/>\nde j\u00f3 volna hozz\u00e1 b\u00fajni,<br \/>\na feh\u00e9r paplanos \u00e1gyba.<br \/>\nDe mivel a vonat dr\u00e1ga,<br \/>\nmagam megyek el hozz\u00e1ja,<br \/>\na szeret\u0151m dun\u00e1nt\u00fali,<br \/>\nott lakik Somogyorsz\u00e1gba.<br \/>\nDe mivel a vonat dr\u00e1ga,<br \/>\nmagam megyek el hozz\u00e1ja,<br \/>\na szeret\u0151m dun\u00e1nt\u00fali,<br \/>\nott lakik Somogyorsz\u00e1gba.<br \/>\n&#8212;Sz\u00f3l\u00f3&#8212;<br \/>\nNeh\u00e9z az \u00e9n s\u00f3hajt\u00e1som,<br \/>\nfelszalad a magas \u00e9gig.<br \/>\nDe oda le, Dun\u00e1nt\u00falig,<br \/>\nel se hat, meg nem is \u00e9rtik.<br \/>\nLekophat a l\u00e1bam t\u00e9rdig,<br \/>\nelkutyagolok \u00e9n v\u00e9gig.<br \/>\nNeh\u00e9z az \u00e9n s\u00f3hajt\u00e1som,<br \/>\nfelszalad a magas \u00e9gig.<br \/>\nLekophat a l\u00e1bam t\u00e9rdig,<br \/>\nelkutyagolok \u00e9n v\u00e9gig.<br \/>\nNeh\u00e9z az \u00e9n s\u00f3hajt\u00e1som,<br \/>\nfelszalad a magas \u00e9gig.<br \/>\nA szeret\u0151m dun\u00e1nt\u00fali,<br \/>\nott lakik Somogyorsz\u00e1gba,<br \/>\nde j\u00f3 volna hozz\u00e1 b\u00fajni,<br \/>\na feh\u00e9r paplanos \u00e1gyba.<br \/>\nDe mivel a vonat dr\u00e1ga,<br \/>\nmagam megyek el hozz\u00e1ja,<br \/>\na szeret\u0151m dun\u00e1nt\u00fali,<br \/>\nott lakik Somogyorsz\u00e1gba.<br \/>\nDe mivel a vonat dr\u00e1ga,<br \/>\nmagam megyek el hozz\u00e1ja,<br \/>\na szeret\u0151m dun\u00e1nt\u00fali,<br \/>\nott lakik Somogyorsz\u00e1gba.<br \/>\n&#8212;Sz\u00f3l\u00f3&#8212;<br \/>\nJ\u00e1rtam s\u00e1rban, Abas\u00e1rban,<br \/>\ncsik\u00f3t vettem a v\u00e1s\u00e1rban.<br \/>\nBort is ittam, abas\u00e1rit,<br \/>\nmegismertem ott a j\u00f3 bort meg a S\u00e1rit,<br \/>\nmegismertem ott a S\u00e1rit.<br \/>\nBort is ittam, abas\u00e1rit,<br \/>\nmegismertem ott a j\u00f3 bort meg a S\u00e1rit,<br \/>\nmegismertem ott a S\u00e1rit.<br \/>\nMegszerettem \u00e9n a S\u00e1rit,<br \/>\nde jobban az abas\u00e1rit.<br \/>\nA j\u00f3 bort\u00f3l j\u00f3l el\u00e1ztam,<br \/>\nAbas\u00e1ron a S\u00e1rival de megj\u00e1rtam,<br \/>\na S\u00e1rival de megj\u00e1rtam.<br \/>\nA j\u00f3 bort\u00f3l j\u00f3l el\u00e1ztam,<br \/>\nAbas\u00e1ron a S\u00e1rival de megj\u00e1rtam,<br \/>\na S\u00e1rival de megj\u00e1rtam.<br \/>\nJ\u00e1rtam s\u00e1rban, Abas\u00e1rban,<br \/>\ncsik\u00f3t vettem a v\u00e1s\u00e1rban.<br \/>\nBort is ittam, abas\u00e1rit,<br \/>\nmegismertem ott a j\u00f3 bort meg a S\u00e1rit,<br \/>\nmegismertem ott a S\u00e1rit.<br \/>\nBort is ittam, abas\u00e1rit,<br \/>\nmegismertem ott a j\u00f3 bort meg a S\u00e1rit,<br \/>\nmegismertem ott a S\u00e1rit-<br \/>\n&#8211;Sz\u00f3l\u00f3&#8212;<br \/>\nR\u00e9szeg vagyok r\u00f3zs\u00e1m, mint a csap,<br \/>\nnem aludtam h\u00e1rom \u00e9jjel, h\u00e1rom nap.<br \/>\nHazamenni sej, de nem tudok,<br \/>\nhajnalig r\u00f3zs\u00e1m n\u00e1lad maradok.<br \/>\nHazamenni sej, de nem tudok,<br \/>\nhajnalig r\u00f3zs\u00e1m rajtad maradok.<\/p>\n<p>Zavaros a Tisza vize, nem tiszta,<br \/>\nr\u00e1hajtom a kis pej lovam, nem issza.<br \/>\nHogy is inn\u00e1, mikor zavaros,<br \/>\nhajnalig r\u00f3zs\u00e1m n\u00e1lad maradok.<br \/>\nHogy is inn\u00e1, mikor zavaros,<br \/>\nhajnalig r\u00f3zs\u00e1m rajtad maradok.<\/p>\n<p>R\u00e9szeg vagyok r\u00f3zs\u00e1m, mint a csap,<br \/>\nnem aludtam h\u00e1rom \u00e9jjel, h\u00e1rom nap.<br \/>\nHazamenni sej, de nem tudok,<br \/>\nhajnalig r\u00f3zs\u00e1m n\u00e1lad maradok.<br \/>\nHazamenni sej, de nem tudok,<br \/>\nhajnalig r\u00f3zs\u00e1m rajtad maradok.<br \/>\nZavaros a Tisza vize, nem tiszta,<br \/>\nr\u00e1hajtom a kis pej lovam, nem issza.<br \/>\nHogy is inn\u00e1, mikor zavaros,<br \/>\nhajnalig r\u00f3zs\u00e1m n\u00e1lad maradok.<br \/>\nHogy is inn\u00e1, mikor zavaros,<br \/>\nhajnalig r\u00f3zs\u00e1m rajtad maradok.<br \/>\n&#8212;Sz\u00f3l\u00f3&#8212;<br \/>\nHajlik a r\u00f3zsafa, hajlik a l\u00e1ny,<br \/>\nt\u00e1ncra perd\u00fcl, ha h\u00fazza a cig\u00e1ny.<br \/>\nHallod-e, hallod-e barna bab\u00e1m,<br \/>\nadsz-e cs\u00f3kot, szeretsz-e igaz\u00e1n?<br \/>\nHej, ha ez az \u00e9jszaka,<br \/>\nh\u00e1rom teljes h\u00e9tig tartana!<br \/>\nHajlik a r\u00f3zsafa, hajlik a l\u00e1ny,<br \/>\nt\u00e1ncra perd\u00fcl, ha h\u00fazza a cig\u00e1ny.<br \/>\nHej, ha ez az \u00e9jszaka,<br \/>\nh\u00e1rom teljes h\u00e9tig tartana!<br \/>\nHajlik a r\u00f3zsafa, hajlik a l\u00e1ny,<br \/>\nt\u00e1ncra perd\u00fcl, ha h\u00fazza a cig\u00e1ny.<\/p>\n<p>Hajlik a r\u00f3zsafa, hajlik a l\u00e1ny,<br \/>\nt\u00e1ncra perd\u00fcl, ha h\u00fazza a cig\u00e1ny.<br \/>\nHallod-e, hallod-e kis csapod\u00e1r,<br \/>\nm\u00e9rt futsz t\u0151lem,karomba gyere m\u00e1r.<br \/>\nHej, ha egyszer megfoglak,<br \/>\n\u00e9des r\u00f3zs\u00e1m j\u00f3l megforgatlak!<br \/>\nJ\u00f6jj ide, hallod-e, j\u00f6jj szapor\u00e1n,<br \/>\nn\u00e9k\u00fcnk h\u00fazza a cig\u00e1ny, a cig\u00e1ny.<br \/>\nHej, ha egyszer megfoglak,<br \/>\n\u00e9des r\u00f3zs\u00e1m j\u00f3l megforgatlak!<br \/>\nJ\u00f6jj ide, hallod-e, j\u00f6jj szapor\u00e1n,<br \/>\nn\u00e9k\u00fcnk h\u00fazza a cig\u00e1ny, a cig\u00e1ny.<br \/>\nHajlik a r\u00f3zsafa, hajlik a l\u00e1ny,<br \/>\nt\u00e1ncra perd\u00fcl, ha h\u00fazza a cig\u00e1ny.<br \/>\nHallod-e, hallod-e barna bab\u00e1m,<br \/>\nadsz-e cs\u00f3kot, szeretsz-e igaz\u00e1n?<br \/>\nHej, ha ez az \u00e9jszaka,<br \/>\nh\u00e1rom teljes h\u00e9tig tartana!<br \/>\nHajlik a r\u00f3zsafa, hajlik a l\u00e1ny,<br \/>\nt\u00e1ncra perd\u00fcl, ha h\u00fazza a cig\u00e1ny.<br \/>\nHej, ha ez az \u00e9jszaka,<br \/>\nh\u00e1rom teljes h\u00e9tig tartana!<br \/>\nHajlik a r\u00f3zsafa, hajlik a l\u00e1ny,<br \/>\nt\u00e1ncra perd\u00fcl, ha h\u00fazza a cig\u00e1ny.<br \/>\n&#8212;Sz\u00f3l\u00f3&#8212;<br \/>\nHajlik a r\u00f3zsafa, hajlik a l\u00e1ny,<br \/>\nt\u00e1ncra perd\u00fcl, ha h\u00fazza a cig\u00e1ny.<br \/>\nHallod-e, hallod-e kis csapod\u00e1r,<br \/>\nm\u00e9rt futsz t\u0151lem,karomba gyere m\u00e1r.<br \/>\nHej, ha egyszer megfoglak,<br \/>\n\u00e9des r\u00f3zs\u00e1m j\u00f3l megforgatlak!<br \/>\nJ\u00f6jj ide, hallod-e, j\u00f6jj szapor\u00e1n,<br \/>\nn\u00e9k\u00fcnk h\u00fazza a cig\u00e1ny, a cig\u00e1ny.<br \/>\nHej, ha egyszer megfoglak,<br \/>\n\u00e9des r\u00f3zs\u00e1m j\u00f3l megforgatlak!<br \/>\nJ\u00f6jj ide, hallod-e, j\u00f6jj szapor\u00e1n,<br \/>\nn\u00e9k\u00fcnk h\u00fazza a cig\u00e1ny, a cig\u00e1ny.<br \/>\n&#8212;V\u00e9ge&#8212;<\/p>\n","protected":false},"featured_media":8757,"template":"","meta":{"site-sidebar-layout":"default","site-content-layout":"default","ast-site-content-layout":"default","site-content-style":"default","site-sidebar-style":"default","ast-global-header-display":"","ast-banner-title-visibility":"","ast-main-header-display":"","ast-hfb-above-header-display":"","ast-hfb-below-header-display":"","ast-hfb-mobile-header-display":"","site-post-title":"","ast-breadcrumbs-content":"","ast-featured-img":"","footer-sml-layout":"","theme-transparent-header-meta":"default","adv-header-id-meta":"","stick-header-meta":"","header-above-stick-meta":"","header-main-stick-meta":"","header-below-stick-meta":"","astra-migrate-meta-layouts":"set","ast-page-background-enabled":"default","ast-page-background-meta":{"desktop":{"background-color":"var(--ast-global-color-4)","background-image":"","background-repeat":"repeat","background-position":"center center","background-size":"auto","background-attachment":"scroll","background-type":"","background-media":"","overlay-type":"","overlay-color":"","overlay-opacity":"","overlay-gradient":""},"tablet":{"background-color":"","background-image":"","background-repeat":"repeat","background-position":"center center","background-size":"auto","background-attachment":"scroll","background-type":"","background-media":"","overlay-type":"","overlay-color":"","overlay-opacity":"","overlay-gradient":""},"mobile":{"background-color":"","background-image":"","background-repeat":"repeat","background-position":"center center","background-size":"auto","background-attachment":"scroll","background-type":"","background-media":"","overlay-type":"","overlay-color":"","overlay-opacity":"","overlay-gradient":""}},"ast-content-background-meta":{"desktop":{"background-color":"var(--ast-global-color-5)","background-image":"","background-repeat":"repeat","background-position":"center center","background-size":"auto","background-attachment":"scroll","background-type":"","background-media":"","overlay-type":"","overlay-color":"","overlay-opacity":"","overlay-gradient":""},"tablet":{"background-color":"var(--ast-global-color-5)","background-image":"","background-repeat":"repeat","background-position":"center center","background-size":"auto","background-attachment":"scroll","background-type":"","background-media":"","overlay-type":"","overlay-color":"","overlay-opacity":"","overlay-gradient":""},"mobile":{"background-color":"var(--ast-global-color-5)","background-image":"","background-repeat":"repeat","background-position":"center center","background-size":"auto","background-attachment":"scroll","background-type":"","background-media":"","overlay-type":"","overlay-color":"","overlay-opacity":"","overlay-gradient":""}}},"product_cat":[48],"product_tag":[],"class_list":["post-5299","product","type-product","status-publish","has-post-thumbnail","hentry","product_cat-sunkaraoke-dalok","desktop-align-left","tablet-align-left","mobile-align-left"],"_links":{"self":[{"href":"https:\/\/www.sunkaraoke.hu\/index.php\/wp-json\/wp\/v2\/product\/5299","targetHints":{"allow":["GET"]}}],"collection":[{"href":"https:\/\/www.sunkaraoke.hu\/index.php\/wp-json\/wp\/v2\/product"}],"about":[{"href":"https:\/\/www.sunkaraoke.hu\/index.php\/wp-json\/wp\/v2\/types\/product"}],"wp:featuredmedia":[{"embeddable":true,"href":"https:\/\/www.sunkaraoke.hu\/index.php\/wp-json\/wp\/v2\/media\/8757"}],"wp:attachment":[{"href":"https:\/\/www.sunkaraoke.hu\/index.php\/wp-json\/wp\/v2\/media?parent=5299"}],"wp:term":[{"taxonomy":"product_cat","embeddable":true,"href":"https:\/\/www.sunkaraoke.hu\/index.php\/wp-json\/wp\/v2\/product_cat?post=5299"},{"taxonomy":"product_tag","embeddable":true,"href":"https:\/\/www.sunkaraoke.hu\/index.php\/wp-json\/wp\/v2\/product_tag?post=5299"}],"curies":[{"name":"wp","href":"https:\/\/api.w.org\/{rel}","templated":true}]}}