{"id":5294,"date":"2022-08-08T20:48:56","date_gmt":"2022-08-08T20:48:56","guid":{"rendered":"https:\/\/www.sunkaraoke.hu\/index.php\/termek\/marta-joco-maradj-velem\/"},"modified":"2025-04-12T09:08:43","modified_gmt":"2025-04-12T09:08:43","slug":"marta-joco-maradj-velem","status":"publish","type":"product","link":"https:\/\/www.sunkaraoke.hu\/index.php\/termek\/marta-joco-maradj-velem\/","title":{"rendered":"<div class=\"wcmp-player-container product-5294\"><audio controlslist=\"nodownload\" data-product=\"5294\"  volume=\"1\"  preload=\"none\" data-lazyloading=\"none\" class=\"wcmp-player track mejs-classic\" data-duration=\"0:32\" data-estimated_duration=\"4\"><source src=\"https:\/\/www.sunkaraoke.hu\/wp-content\/uploads\/2022\/08\/Maradj-velem-Marta.-demoo.mp3\" type=\"audio\/mp3\" \/><\/audio><\/div>M\u00e1rta Joc\u00f3 &#8211; Maradj velem (Original)"},"content":{"rendered":"<p><strong>04:09<\/strong> | <strong><img loading=\"lazy\" decoding=\"async\" class=\"alignnone size-full wp-image-467\" src=\"https:\/\/www.sunkaraoke.hu\/wp-content\/uploads\/2022\/07\/choir_2-copy.webp\" alt=\"\" width=\"30\" height=\"30\" \/> <\/strong><\/p>\n","protected":false},"excerpt":{"rendered":"<h5>Bits\u0171r\u0171s\u00e9g: 320kb\/s<br \/>\nHossz: 04:09<br \/>\nVok\u00e1lt tartalmaz: Nem <img loading=\"lazy\" decoding=\"async\" class=\"alignnone size-full wp-image-467\" src=\"http:\/\/www.sunkaraoke.hu\/wp-content\/uploads\/2022\/07\/choir_2-copy.png\" alt=\"\" width=\"30\" height=\"30\" \/><strong style=\"font-size: 16px;\"><br \/>\n<\/strong><\/h5>\n<p>&#8212;Intro&#8212;<br \/>\nM\u00e9g itt vagy, cs\u00f3kol az ajkad, m\u00e9g is arra gondolok,<br \/>\nMit hoz az \u00e9let nek\u00fcnk, meddig lesz\u00fcnk boldogok?<br \/>\nKereslek \u00e9n, f\u00e9ltelek \u00e9n, szeretlek \u00e9n.<br \/>\nSz\u00e9p szemed, csak nekem ragyog, \u00e1rva sz\u00edvem m\u00e9g is f\u00e1j,<br \/>\n\u00dagy f\u00e9lek, elm\u00falt minden mint a hossz\u00fa forr\u00f3 ny\u00e1r,<br \/>\nJ\u00f6n majd a t\u00e9l, elvisz a sz\u00e9l, nem j\u00f6ssz hozz\u00e1m.<br \/>\nMaradj velem, maradj hisz te vagy nekem az \u00e9letem,<br \/>\nHa nem j\u00f6ssz soha t\u00f6bb\u00e9 nem lesz sz\u00e9p ny\u00e1r,<br \/>\nA lelked \u00fcres lesz \u00e9s nem lesz napsug\u00e1r.<br \/>\nMaradj velem, maradj hisz te vagy nekem az \u00e9letem,<br \/>\nB\u00fajj hozz\u00e1m, szor\u00edts nagyon, fogd a kezem,<br \/>\nMert nekem csak te kellesz, sz\u00e9p szerelmesem.<br \/>\n&#8212;Solo&#8212;<br \/>\nAzt mondom, \u00e1lmodjunk egy\u00fctt most ezen az \u00e9jszak\u00e1n,<br \/>\nAzt mondom, nem kell m\u00e1s a boldogs\u00e1g csak re\u00e1nk v\u00e1r,<br \/>\nHiszek neked csak te neked, sz\u00e9p kedvesem.<br \/>\nSz\u00e9p szemed, csak nekem ragyog, \u00e1rva sz\u00edvem m\u00e9g is f\u00e1j,<br \/>\n\u00dagy f\u00e9lek, elm\u00falt minden mint a hossz\u00fa forr\u00f3 ny\u00e1r,<br \/>\nJ\u00f6n majd a t\u00e9l, elvisz a sz\u00e9l, nem j\u00f6ssz hozz\u00e1m.<br \/>\nMaradj velem, maradj hisz te vagy nekem az \u00e9letem,<br \/>\nHa nem j\u00f6ssz soha t\u00f6bb\u00e9 nem lesz sz\u00e9p ny\u00e1r,<br \/>\nA lelked \u00fcres lesz \u00e9s nem lesz napsug\u00e1r.<br \/>\nMaradj velem, maradj hisz te vagy nekem az \u00e9letem,<br \/>\nB\u00fajj hozz\u00e1m, szor\u00edts nagyon, fogd a kezem,<br \/>\nMert nekem csak te kellesz, sz\u00e9p szerelmesem.<br \/>\n&#8212;Solo&#8211;\/\/03:31\/\/<br \/>\nMaradj velem, maradj hisz te vagy nekem az \u00e9letem,<br \/>\nHa nem j\u00f6ssz soha t\u00f6bb\u00e9 nem lesz sz\u00e9p ny\u00e1r,<br \/>\nA lelked \u00fcres lesz \u00e9s nem lesz napsug\u00e1r.<br \/>\nMaradj velem, maradj hisz te vagy nekem az \u00e9letem,<br \/>\nB\u00fajj hozz\u00e1m, szor\u00edts nagyon, fogd a kezem,<br \/>\nMert nekem csak te kellesz, sz\u00e9p szerelmesem.<br \/>\n&#8212;V\u00e9ge&#8212;<\/p>\n","protected":false},"featured_media":8752,"template":"","meta":{"site-sidebar-layout":"default","site-content-layout":"default","ast-site-content-layout":"default","site-content-style":"default","site-sidebar-style":"default","ast-global-header-display":"","ast-banner-title-visibility":"","ast-main-header-display":"","ast-hfb-above-header-display":"","ast-hfb-below-header-display":"","ast-hfb-mobile-header-display":"","site-post-title":"","ast-breadcrumbs-content":"","ast-featured-img":"","footer-sml-layout":"","theme-transparent-header-meta":"default","adv-header-id-meta":"","stick-header-meta":"","header-above-stick-meta":"","header-main-stick-meta":"","header-below-stick-meta":"","astra-migrate-meta-layouts":"set","ast-page-background-enabled":"default","ast-page-background-meta":{"desktop":{"background-color":"var(--ast-global-color-4)","background-image":"","background-repeat":"repeat","background-position":"center center","background-size":"auto","background-attachment":"scroll","background-type":"","background-media":"","overlay-type":"","overlay-color":"","overlay-opacity":"","overlay-gradient":""},"tablet":{"background-color":"","background-image":"","background-repeat":"repeat","background-position":"center center","background-size":"auto","background-attachment":"scroll","background-type":"","background-media":"","overlay-type":"","overlay-color":"","overlay-opacity":"","overlay-gradient":""},"mobile":{"background-color":"","background-image":"","background-repeat":"repeat","background-position":"center center","background-size":"auto","background-attachment":"scroll","background-type":"","background-media":"","overlay-type":"","overlay-color":"","overlay-opacity":"","overlay-gradient":""}},"ast-content-background-meta":{"desktop":{"background-color":"var(--ast-global-color-5)","background-image":"","background-repeat":"repeat","background-position":"center center","background-size":"auto","background-attachment":"scroll","background-type":"","background-media":"","overlay-type":"","overlay-color":"","overlay-opacity":"","overlay-gradient":""},"tablet":{"background-color":"var(--ast-global-color-5)","background-image":"","background-repeat":"repeat","background-position":"center center","background-size":"auto","background-attachment":"scroll","background-type":"","background-media":"","overlay-type":"","overlay-color":"","overlay-opacity":"","overlay-gradient":""},"mobile":{"background-color":"var(--ast-global-color-5)","background-image":"","background-repeat":"repeat","background-position":"center center","background-size":"auto","background-attachment":"scroll","background-type":"","background-media":"","overlay-type":"","overlay-color":"","overlay-opacity":"","overlay-gradient":""}}},"product_cat":[46],"product_tag":[],"class_list":["post-5294","product","type-product","status-publish","has-post-thumbnail","hentry","product_cat-eredeti-karaoke-dalok","desktop-align-left","tablet-align-left","mobile-align-left"],"_links":{"self":[{"href":"https:\/\/www.sunkaraoke.hu\/index.php\/wp-json\/wp\/v2\/product\/5294","targetHints":{"allow":["GET"]}}],"collection":[{"href":"https:\/\/www.sunkaraoke.hu\/index.php\/wp-json\/wp\/v2\/product"}],"about":[{"href":"https:\/\/www.sunkaraoke.hu\/index.php\/wp-json\/wp\/v2\/types\/product"}],"wp:featuredmedia":[{"embeddable":true,"href":"https:\/\/www.sunkaraoke.hu\/index.php\/wp-json\/wp\/v2\/media\/8752"}],"wp:attachment":[{"href":"https:\/\/www.sunkaraoke.hu\/index.php\/wp-json\/wp\/v2\/media?parent=5294"}],"wp:term":[{"taxonomy":"product_cat","embeddable":true,"href":"https:\/\/www.sunkaraoke.hu\/index.php\/wp-json\/wp\/v2\/product_cat?post=5294"},{"taxonomy":"product_tag","embeddable":true,"href":"https:\/\/www.sunkaraoke.hu\/index.php\/wp-json\/wp\/v2\/product_tag?post=5294"}],"curies":[{"name":"wp","href":"https:\/\/api.w.org\/{rel}","templated":true}]}}