{"id":5293,"date":"2022-08-08T20:48:55","date_gmt":"2022-08-08T20:48:55","guid":{"rendered":"https:\/\/www.sunkaraoke.hu\/index.php\/termek\/marta-joco-el-kene-felejteni\/"},"modified":"2025-04-12T09:30:48","modified_gmt":"2025-04-12T09:30:48","slug":"marta-joco-el-kene-felejteni","status":"publish","type":"product","link":"https:\/\/www.sunkaraoke.hu\/index.php\/termek\/marta-joco-el-kene-felejteni\/","title":{"rendered":"<div class=\"wcmp-player-container product-5293\"><audio controlslist=\"nodownload\" data-product=\"5293\"  volume=\"1\"  preload=\"none\" data-lazyloading=\"none\" class=\"wcmp-player track mejs-classic\" data-duration=\"0:33\" data-estimated_duration=\"4\"><source src=\"https:\/\/www.sunkaraoke.hu\/wp-content\/uploads\/2022\/08\/El-kene-felejteni-Marta.-kdemoo.mp3\" type=\"audio\/mp3\" \/><\/audio><\/div>M\u00e1rta Joc\u00f3 &#8211; El k\u00e9ne felejteni (Original)"},"content":{"rendered":"<p><strong>03:58<\/strong> | <strong><img loading=\"lazy\" decoding=\"async\" class=\"alignnone size-full wp-image-467\" src=\"https:\/\/www.sunkaraoke.hu\/wp-content\/uploads\/2022\/07\/choir_2-copy.webp\" alt=\"\" width=\"30\" height=\"30\" \/> <\/strong><\/p>\n","protected":false},"excerpt":{"rendered":"<h6><strong>Bits\u0171r\u0171s\u00e9g: 320<\/strong>kb\/s<strong><br \/>\n<\/strong><strong>Hossz: <\/strong>03:58<strong><br \/>\n<\/strong><strong style=\"font-size: 16px;\">Vok\u00e1lt tartalmaz: <\/strong>Nem <img loading=\"lazy\" decoding=\"async\" class=\"alignnone size-full wp-image-467\" src=\"http:\/\/www.sunkaraoke.hu\/wp-content\/uploads\/2022\/07\/choir_2-copy.png\" alt=\"\" width=\"30\" height=\"30\" \/><strong style=\"font-size: 16px;\"><br \/>\n<\/strong><\/h6>\n<p>Sunkaraoke mp3 st\u00fadi\u00f3 \/ www.sunkaraoke.hu \/ Inf: Tel: 06 20 4275001<\/p>\n<p>&#8212;Intro&#8212;<\/p>\n<p>Mikor megismertelek, j\u00f3 volt veled minden,<br \/>\nmint egy kis gyerek, \u00e9n a te mes\u00e9idben hittem.<br \/>\nAzt\u00e1n megv\u00e1ltozt\u00e1l, m\u00e1sk\u00e9nt vert a sz\u00edved,<br \/>\nolyan bizonytalan kezd lenni veled az \u00e9let.<\/p>\n<p>El k\u00e9ne felejtenem, de nem tudom, mindig r\u00f3lad \u00e1lmodom,<br \/>\nSe veled sem n\u00e9lk\u00fcled, valahogy ilyen ez az \u00e1llapot.<br \/>\nEl k\u00e9ne felejteni ezt az eg\u00e9szet, sajnos nem mehet \u00edgy tov\u00e1bb,<br \/>\nDe nem tudom elengedni ennyi id\u0151 ut\u00e1n.<\/p>\n<p>&#8212;Solo&#8212;<\/p>\n<p>Nem tudunk egy\u00fctt lenni m\u00e1r r\u00e9gen,<br \/>\nde ha nem vagy velem, hi\u00e1nyzol nagyon kincsem.<br \/>\nB\u00e1r csak tudn\u00e1m, hogy hogyan lehetn\u00e9nk \u00fajra boldogok,<br \/>\nse veled sem n\u00e9lk\u00fcled \u00e9lni nem tudok.<\/p>\n<p>El k\u00e9ne felejtenem, de nem tudom, mindig r\u00f3lad \u00e1lmodom,<br \/>\nSe veled sem n\u00e9lk\u00fcled, valahogy ilyen ez az \u00e1llapot.<br \/>\nEl k\u00e9ne felejteni ezt az eg\u00e9szet, sajnos nem mehet \u00edgy tov\u00e1bb,<br \/>\nDe nem tudom elengedni ennyi id\u0151 ut\u00e1n.<\/p>\n<p>&#8211;Solo&#8211;<\/p>\n<p>Az ellent\u00e9tek vonzz\u00e1k egym\u00e1st, azt mondj\u00e1k,<br \/>\nde a szerelm\u00fcnkre csak a sok k\u00e9rd\u0151jelt hozt\u00e1k.<br \/>\n\u00c9n csak azt szeretn\u00e9m, olyan legy\u00e9l mint r\u00e9gen,<br \/>\n\u00e9s akkor Happy And lenne a v\u00e9ge, mint a mes\u00e9kben.<\/p>\n<p>El k\u00e9ne felejtenem, de nem tudom, mindig r\u00f3lad \u00e1lmodom,<br \/>\nSe veled sem n\u00e9lk\u00fcled, valahogy ilyen ez az \u00e1llapot.<br \/>\nEl k\u00e9ne felejtenem, de nem tudom, mindig r\u00f3lad \u00e1lmodom,<br \/>\nSe veled sem n\u00e9lk\u00fcled, valahogy ilyen ez az \u00e1llapot.<br \/>\nEl k\u00e9ne felejteni ezt az eg\u00e9szet, sajnos nem mehet \u00edgy tov\u00e1bb,<br \/>\nDe nem tudom elengedni ennyi id\u0151 ut\u00e1n.<\/p>\n","protected":false},"featured_media":8752,"template":"","meta":{"site-sidebar-layout":"default","site-content-layout":"default","ast-site-content-layout":"default","site-content-style":"default","site-sidebar-style":"default","ast-global-header-display":"","ast-banner-title-visibility":"","ast-main-header-display":"","ast-hfb-above-header-display":"","ast-hfb-below-header-display":"","ast-hfb-mobile-header-display":"","site-post-title":"","ast-breadcrumbs-content":"","ast-featured-img":"","footer-sml-layout":"","theme-transparent-header-meta":"default","adv-header-id-meta":"","stick-header-meta":"","header-above-stick-meta":"","header-main-stick-meta":"","header-below-stick-meta":"","astra-migrate-meta-layouts":"set","ast-page-background-enabled":"default","ast-page-background-meta":{"desktop":{"background-color":"var(--ast-global-color-4)","background-image":"","background-repeat":"repeat","background-position":"center center","background-size":"auto","background-attachment":"scroll","background-type":"","background-media":"","overlay-type":"","overlay-color":"","overlay-opacity":"","overlay-gradient":""},"tablet":{"background-color":"","background-image":"","background-repeat":"repeat","background-position":"center center","background-size":"auto","background-attachment":"scroll","background-type":"","background-media":"","overlay-type":"","overlay-color":"","overlay-opacity":"","overlay-gradient":""},"mobile":{"background-color":"","background-image":"","background-repeat":"repeat","background-position":"center center","background-size":"auto","background-attachment":"scroll","background-type":"","background-media":"","overlay-type":"","overlay-color":"","overlay-opacity":"","overlay-gradient":""}},"ast-content-background-meta":{"desktop":{"background-color":"var(--ast-global-color-5)","background-image":"","background-repeat":"repeat","background-position":"center center","background-size":"auto","background-attachment":"scroll","background-type":"","background-media":"","overlay-type":"","overlay-color":"","overlay-opacity":"","overlay-gradient":""},"tablet":{"background-color":"var(--ast-global-color-5)","background-image":"","background-repeat":"repeat","background-position":"center center","background-size":"auto","background-attachment":"scroll","background-type":"","background-media":"","overlay-type":"","overlay-color":"","overlay-opacity":"","overlay-gradient":""},"mobile":{"background-color":"var(--ast-global-color-5)","background-image":"","background-repeat":"repeat","background-position":"center center","background-size":"auto","background-attachment":"scroll","background-type":"","background-media":"","overlay-type":"","overlay-color":"","overlay-opacity":"","overlay-gradient":""}}},"product_cat":[46],"product_tag":[],"class_list":["post-5293","product","type-product","status-publish","has-post-thumbnail","hentry","product_cat-eredeti-karaoke-dalok","desktop-align-left","tablet-align-left","mobile-align-left"],"_links":{"self":[{"href":"https:\/\/www.sunkaraoke.hu\/index.php\/wp-json\/wp\/v2\/product\/5293","targetHints":{"allow":["GET"]}}],"collection":[{"href":"https:\/\/www.sunkaraoke.hu\/index.php\/wp-json\/wp\/v2\/product"}],"about":[{"href":"https:\/\/www.sunkaraoke.hu\/index.php\/wp-json\/wp\/v2\/types\/product"}],"wp:featuredmedia":[{"embeddable":true,"href":"https:\/\/www.sunkaraoke.hu\/index.php\/wp-json\/wp\/v2\/media\/8752"}],"wp:attachment":[{"href":"https:\/\/www.sunkaraoke.hu\/index.php\/wp-json\/wp\/v2\/media?parent=5293"}],"wp:term":[{"taxonomy":"product_cat","embeddable":true,"href":"https:\/\/www.sunkaraoke.hu\/index.php\/wp-json\/wp\/v2\/product_cat?post=5293"},{"taxonomy":"product_tag","embeddable":true,"href":"https:\/\/www.sunkaraoke.hu\/index.php\/wp-json\/wp\/v2\/product_tag?post=5293"}],"curies":[{"name":"wp","href":"https:\/\/api.w.org\/{rel}","templated":true}]}}