{"id":5292,"date":"2022-08-08T20:48:55","date_gmt":"2022-08-08T20:48:55","guid":{"rendered":"https:\/\/www.sunkaraoke.hu\/index.php\/termek\/marta-joco-csak-alom-voltal\/"},"modified":"2025-04-12T09:28:23","modified_gmt":"2025-04-12T09:28:23","slug":"marta-joco-csak-alom-voltal","status":"publish","type":"product","link":"https:\/\/www.sunkaraoke.hu\/index.php\/termek\/marta-joco-csak-alom-voltal\/","title":{"rendered":"<div class=\"wcmp-player-container product-5292\"><audio controlslist=\"nodownload\" data-product=\"5292\"  volume=\"1\"  preload=\"none\" data-lazyloading=\"none\" class=\"wcmp-player track mejs-classic\" data-duration=\"0:32\" data-estimated_duration=\"4\"><source src=\"https:\/\/www.sunkaraoke.hu\/wp-content\/uploads\/2022\/08\/Csak-egy-alom-voltal-Marta.-kademoo.mp3\" type=\"audio\/mp3\" \/><\/audio><\/div>M\u00e1rta Joc\u00f3 &#8211; Csak \u00e1lom volt\u00e1l (Original)"},"content":{"rendered":"<p><strong>03:41<\/strong> | <strong><img loading=\"lazy\" decoding=\"async\" class=\"alignnone size-full wp-image-467\" src=\"https:\/\/www.sunkaraoke.hu\/wp-content\/uploads\/2022\/07\/choir_2-copy.webp\" alt=\"\" width=\"30\" height=\"30\" \/> <\/strong><\/p>\n","protected":false},"excerpt":{"rendered":"<h6><strong>Bits\u0171r\u0171s\u00e9g: 320<\/strong>kb\/s<strong><br \/>\n<\/strong><strong>Hossz: <\/strong>03:41<strong><br \/>\n<\/strong><strong style=\"font-size: 16px;\">Vok\u00e1lt tartalmaz: <\/strong>Nem <img loading=\"lazy\" decoding=\"async\" class=\"alignnone size-full wp-image-467\" src=\"http:\/\/www.sunkaraoke.hu\/wp-content\/uploads\/2022\/07\/choir_2-copy.png\" alt=\"\" width=\"30\" height=\"30\" \/><strong style=\"font-size: 16px;\"><br \/>\n<\/strong><\/h6>\n<p>Sunkaraoke mp3 st\u00fadi\u00f3 \/ www.sunkaraoke.hu \/ Inf: Tel: 06 20 4275001<\/p>\n<p>&#8212;Intro&#8211;<\/p>\n<p>Annyi \u00e1lmatlan \u00e9jjel, sok t\u0171z forr\u00f3 v\u00e1gy,<br \/>\nMegpr\u00f3b\u00e1lok nem gondolni r\u00e1d.<br \/>\nCsak n\u00e9zem a f\u00e9nyk\u00e9pet, minden a m\u00falt\u00e9 lett.<br \/>\nSz\u00edvembe szerelmet lopt\u00e1l.<\/p>\n<p>Annyit \u00e1lmodoztunk egy\u00fctt, hidd el majd nem siker\u00fclt.<br \/>\nA sz\u00edvem t\u00f6rted \u00f6ssze mikor minden kider\u00fclt.<br \/>\nBolond a sz\u00edv, erre megtan\u00edtott\u00e1l!<\/p>\n<p>Csak egy \u00e1lom volt\u00e1l, de m\u00e9g is elvar\u00e1zsolt\u00e1l.<br \/>\nOlyan k\u00f6nnyen mondtad azt hogy szeretsz, m\u00e9g is megcsalt\u00e1l.<br \/>\nCsak egy apr\u00f3 t\u00e9ved\u00e9s, egy forr\u00f3 \u00e9rint\u00e9s.<br \/>\n\u00dagy f\u00e1j, hogy k\u00f6dbe fulladt m\u00e1r!<\/p>\n<p>Csak egy \u00e1lom volt\u00e1l, de m\u00e9g is elvar\u00e1zsolt\u00e1l.<br \/>\nOlyan k\u00f6nnyen mondtad azt hogy szeretsz, m\u00e9g is megcsalt\u00e1l.<br \/>\nCsak egy apr\u00f3 t\u00e9ved\u00e9s, egy forr\u00f3 \u00e9rint\u00e9s.<br \/>\n\u00dagy f\u00e1j, hogy k\u00f6dbe fulladt m\u00e1r!<\/p>\n<p>&#8212;Solo&#8212;<\/p>\n<p>Mint egy \u00e1rtatlan kis gyermek \u00fagy n\u00e9zel r\u00e1m.<br \/>\nTudom hogy m\u00e1st is cs\u00f3kolt\u00e1l.<br \/>\nM\u00e1r nem szeretsz \u00e9rzem, de hajt m\u00e9g a v\u00e9rem.<br \/>\nRem\u00e9lem visszaj\u00f6ssz hozz\u00e1m.<\/p>\n<p>Annyit \u00e1lmodoztunk egy\u00fctt, hidd el majd nem siker\u00fclt.<br \/>\nA sz\u00edvem t\u00f6rted \u00f6ssze mikor minden kider\u00fclt.<br \/>\nBolond a sz\u00edv, erre megtan\u00edtott\u00e1l!<\/p>\n<p>Csak egy \u00e1lom volt\u00e1l, de m\u00e9g is elvar\u00e1zsolt\u00e1l.<br \/>\nOlyan k\u00f6nnyen mondtad azt hogy szeretsz, m\u00e9g is megcsalt\u00e1l.<br \/>\nCsak egy apr\u00f3 t\u00e9ved\u00e9s, egy forr\u00f3 \u00e9rint\u00e9s.<br \/>\n\u00dagy f\u00e1j, hogy k\u00f6dbe fulladt m\u00e1r!<\/p>\n<p>Csak egy \u00e1lom volt\u00e1l, de m\u00e9g is elvar\u00e1zsolt\u00e1l.<br \/>\nOlyan k\u00f6nnyen mondtad azt hogy szeretsz, m\u00e9g is megcsalt\u00e1l.<br \/>\nCsak egy apr\u00f3 t\u00e9ved\u00e9s, egy forr\u00f3 \u00e9rint\u00e9s.<br \/>\n\u00dagy f\u00e1j, hogy k\u00f6dbe fulladt m\u00e1r!<\/p>\n<p>&#8212;Solo&#8212;<\/p>\n<p>Csak egy \u00e1lom volt\u00e1l, de m\u00e9g is elvar\u00e1zsolt\u00e1l.<br \/>\nOlyan k\u00f6nnyen mondtad azt hogy szeretsz, m\u00e9g is megcsalt\u00e1l.<br \/>\nCsak egy apr\u00f3 t\u00e9ved\u00e9s, egy forr\u00f3 \u00e9rint\u00e9s.<br \/>\n\u00dagy f\u00e1j, hogy k\u00f6dbe fulladt m\u00e1r!<\/p>\n<p>Csak egy \u00e1lom volt\u00e1l, de m\u00e9g is elvar\u00e1zsolt\u00e1l.<br \/>\nOlyan k\u00f6nnyen mondtad azt hogy szeretsz, m\u00e9g is megcsalt\u00e1l.<br \/>\nCsak egy apr\u00f3 t\u00e9ved\u00e9s, egy forr\u00f3 \u00e9rint\u00e9s.<br \/>\n\u00dagy f\u00e1j, hogy k\u00f6dbe fulladt m\u00e1r!<\/p>\n","protected":false},"featured_media":8752,"template":"","meta":{"site-sidebar-layout":"default","site-content-layout":"default","ast-site-content-layout":"default","site-content-style":"default","site-sidebar-style":"default","ast-global-header-display":"","ast-banner-title-visibility":"","ast-main-header-display":"","ast-hfb-above-header-display":"","ast-hfb-below-header-display":"","ast-hfb-mobile-header-display":"","site-post-title":"","ast-breadcrumbs-content":"","ast-featured-img":"","footer-sml-layout":"","theme-transparent-header-meta":"default","adv-header-id-meta":"","stick-header-meta":"","header-above-stick-meta":"","header-main-stick-meta":"","header-below-stick-meta":"","astra-migrate-meta-layouts":"set","ast-page-background-enabled":"default","ast-page-background-meta":{"desktop":{"background-color":"var(--ast-global-color-4)","background-image":"","background-repeat":"repeat","background-position":"center center","background-size":"auto","background-attachment":"scroll","background-type":"","background-media":"","overlay-type":"","overlay-color":"","overlay-opacity":"","overlay-gradient":""},"tablet":{"background-color":"","background-image":"","background-repeat":"repeat","background-position":"center center","background-size":"auto","background-attachment":"scroll","background-type":"","background-media":"","overlay-type":"","overlay-color":"","overlay-opacity":"","overlay-gradient":""},"mobile":{"background-color":"","background-image":"","background-repeat":"repeat","background-position":"center center","background-size":"auto","background-attachment":"scroll","background-type":"","background-media":"","overlay-type":"","overlay-color":"","overlay-opacity":"","overlay-gradient":""}},"ast-content-background-meta":{"desktop":{"background-color":"var(--ast-global-color-5)","background-image":"","background-repeat":"repeat","background-position":"center center","background-size":"auto","background-attachment":"scroll","background-type":"","background-media":"","overlay-type":"","overlay-color":"","overlay-opacity":"","overlay-gradient":""},"tablet":{"background-color":"var(--ast-global-color-5)","background-image":"","background-repeat":"repeat","background-position":"center center","background-size":"auto","background-attachment":"scroll","background-type":"","background-media":"","overlay-type":"","overlay-color":"","overlay-opacity":"","overlay-gradient":""},"mobile":{"background-color":"var(--ast-global-color-5)","background-image":"","background-repeat":"repeat","background-position":"center center","background-size":"auto","background-attachment":"scroll","background-type":"","background-media":"","overlay-type":"","overlay-color":"","overlay-opacity":"","overlay-gradient":""}}},"product_cat":[46],"product_tag":[],"class_list":["post-5292","product","type-product","status-publish","has-post-thumbnail","hentry","product_cat-eredeti-karaoke-dalok","desktop-align-left","tablet-align-left","mobile-align-left"],"_links":{"self":[{"href":"https:\/\/www.sunkaraoke.hu\/index.php\/wp-json\/wp\/v2\/product\/5292","targetHints":{"allow":["GET"]}}],"collection":[{"href":"https:\/\/www.sunkaraoke.hu\/index.php\/wp-json\/wp\/v2\/product"}],"about":[{"href":"https:\/\/www.sunkaraoke.hu\/index.php\/wp-json\/wp\/v2\/types\/product"}],"wp:featuredmedia":[{"embeddable":true,"href":"https:\/\/www.sunkaraoke.hu\/index.php\/wp-json\/wp\/v2\/media\/8752"}],"wp:attachment":[{"href":"https:\/\/www.sunkaraoke.hu\/index.php\/wp-json\/wp\/v2\/media?parent=5292"}],"wp:term":[{"taxonomy":"product_cat","embeddable":true,"href":"https:\/\/www.sunkaraoke.hu\/index.php\/wp-json\/wp\/v2\/product_cat?post=5292"},{"taxonomy":"product_tag","embeddable":true,"href":"https:\/\/www.sunkaraoke.hu\/index.php\/wp-json\/wp\/v2\/product_tag?post=5292"}],"curies":[{"name":"wp","href":"https:\/\/api.w.org\/{rel}","templated":true}]}}