{"id":5291,"date":"2022-08-08T20:48:55","date_gmt":"2022-08-08T20:48:55","guid":{"rendered":"https:\/\/www.sunkaraoke.hu\/index.php\/termek\/marta-joco-faj-a-szivem\/"},"modified":"2026-04-18T07:27:30","modified_gmt":"2026-04-18T05:27:30","slug":"marta-joco-faj-a-szivem","status":"publish","type":"product","link":"https:\/\/www.sunkaraoke.hu\/index.php\/termek\/marta-joco-faj-a-szivem\/","title":{"rendered":"<div class=\"wcmp-player-container product-5291\"><audio controlslist=\"nodownload\" data-product=\"5291\"  volume=\"1\"  preload=\"none\" data-lazyloading=\"none\" class=\"wcmp-player track mejs-classic\" data-duration=\"0:31\" data-estimated_duration=\"4\"><source src=\"https:\/\/www.sunkaraoke.hu\/wp-content\/uploads\/2022\/08\/Faj-a-szivem-Marta.-kdemoo.mp3\" type=\"audio\/mp3\" \/><\/audio><\/div>M\u00e1rta Joc\u00f3 &#8211; F\u00e1j a sz\u00edvem (Original)"},"content":{"rendered":"<p><strong>03:59<\/strong> | <strong><img loading=\"lazy\" decoding=\"async\" class=\"alignnone size-full wp-image-467\" src=\"https:\/\/www.sunkaraoke.hu\/wp-content\/uploads\/2022\/07\/choir_2-copy.webp\" alt=\"\" width=\"30\" height=\"30\" \/> <\/strong><\/p>\n","protected":false},"excerpt":{"rendered":"<h6><strong>Bits\u0171r\u0171s\u00e9g: 320<\/strong>kb\/s<strong><br \/>\n<\/strong><strong>Hossz: <\/strong>03:59<strong><br \/>\n<\/strong><strong style=\"font-size: 16px;\">Vok\u00e1lt tartalmaz: <\/strong>Nem <img loading=\"lazy\" decoding=\"async\" class=\"alignnone size-full wp-image-467\" src=\"http:\/\/www.sunkaraoke.hu\/wp-content\/uploads\/2022\/07\/choir_2-copy.png\" alt=\"\" width=\"30\" height=\"30\" \/><strong style=\"font-size: 16px;\"><br \/>\n<\/strong><\/h6>\n<p>Sunkaraoke mp3 st\u00fadi\u00f3 \/ www.sunkaraoke.hu \/ Inf: Tel: 06 20 4275001<\/p>\n<p>&#8212;Intr\u00f3&#8212;<br \/>\nF\u00e1j a sz\u00edvem,mert megb\u00e1ntotta az \u00e9n kedvesem,<br \/>\n\u00e9szre vettem,hogy m\u00e1st is szeret,mi lesz most velem,<br \/>\nelvesztettem a j\u00f3zan eszem jaj istenem,<br \/>\nt\u00e9rden \u00e1llva k\u00f6ny\u00f6r\u00f6gtem,<br \/>\nhogy maradjon velem!<br \/>\nCsak egy cs\u00f3kot k\u00e9rek \u00e9n,tal\u00e1n az m\u00e9g belef\u00e9r,<br \/>\ncsak egy utols\u00f3 \u00e9jszak\u00e1t,<br \/>\nm\u00e9g egyszer \u00e9rezzem a sz\u00e1d.<br \/>\nCsak egy cs\u00f3kot k\u00e9rek \u00e9n,tal\u00e1n az m\u00e9g belef\u00e9r,<br \/>\ncsak egy utols\u00f3 \u00e9jszak\u00e1t,<br \/>\nm\u00e9g egyszer \u00e9rezzem a sz\u00e1d.<br \/>\n&#8212;Sz\u00f3l\u00f3&#8212;<br \/>\nF\u00e1j a sz\u00edvem,mert az asszony reggel j\u00f6tt haza,<br \/>\nel sem merem k\u00e9pzelni hol j\u00e1rt eg\u00e9sz \u00e9jszaka,<br \/>\natt\u00f3l f\u00e9lek el hagy engem jaj istenem,<br \/>\nnem tudn\u00e9k \u00e9n n\u00e9lk\u00fcle \u00e9lni mi lenne velem!<br \/>\nCsak egy cs\u00f3kot k\u00e9rek \u00e9n,tal\u00e1n az m\u00e9g belef\u00e9r,<br \/>\ncsak egy utols\u00f3 \u00e9jszak\u00e1t,<br \/>\nm\u00e9g egyszer \u00e9rezzem a sz\u00e1d.<br \/>\nCsak egy cs\u00f3kot k\u00e9rek \u00e9n,tal\u00e1n az m\u00e9g belef\u00e9r,<br \/>\ncsak egy utols\u00f3 \u00e9jszak\u00e1t,<br \/>\nm\u00e9g egyszer \u00e9rezzem a sz\u00e1d.<br \/>\n&#8212;Sz\u00f3l\u00f3&#8212;<br \/>\nJaj a sz\u00edvem \u00fagy meg dobbant,cs\u00f6ngetett a post\u00e1s,<br \/>\nlevelet hozott az asszony \u00edrta,hogy nem kell neki m\u00e1s,<br \/>\nminden \u00e9jjel dolgozni j\u00e1r be jaj istenem,<br \/>\nmeg k\u00f6nnyebb\u00fclt az \u00e9n sz\u00edvem,hisz \u0151 az \u00e9letem!<br \/>\nCsak egy cs\u00f3kot k\u00e9rek \u00e9n,tal\u00e1n az m\u00e9g belef\u00e9r,<br \/>\ncsak egy utols\u00f3 \u00e9jszak\u00e1t,<br \/>\nm\u00e9g egyszer \u00e9rezzem a sz\u00e1d.<br \/>\nCsak egy cs\u00f3kot k\u00e9rek \u00e9n,tal\u00e1n az m\u00e9g belef\u00e9r,<br \/>\ncsak egy utols\u00f3 \u00e9jszak\u00e1t,<br \/>\nm\u00e9g egyszer \u00e9rezzem a sz\u00e1d.<br \/>\n&#8212;Sz\u00f3l\u00f3&#8212;<br \/>\nCsak egy cs\u00f3kot k\u00e9rek \u00e9n,tal\u00e1n az m\u00e9g belef\u00e9r,<br \/>\ncsak egy utols\u00f3 \u00e9jszak\u00e1t,<br \/>\nm\u00e9g egyszer \u00e9rezzem a sz\u00e1d.<br \/>\nCsak egy cs\u00f3kot k\u00e9rek \u00e9n,tal\u00e1n az m\u00e9g belef\u00e9r,<br \/>\ncsak egy utols\u00f3 \u00e9jszak\u00e1t,<br \/>\nm\u00e9g egyszer \u00e9rezzem a sz\u00e1d.<br \/>\n&#8212;V\u00e9ge&#8212;<\/p>\n","protected":false},"featured_media":8752,"template":"","meta":{"site-sidebar-layout":"default","site-content-layout":"default","ast-site-content-layout":"default","site-content-style":"default","site-sidebar-style":"default","ast-global-header-display":"","ast-banner-title-visibility":"","ast-main-header-display":"","ast-hfb-above-header-display":"","ast-hfb-below-header-display":"","ast-hfb-mobile-header-display":"","site-post-title":"","ast-breadcrumbs-content":"","ast-featured-img":"","footer-sml-layout":"","theme-transparent-header-meta":"default","adv-header-id-meta":"","stick-header-meta":"","header-above-stick-meta":"","header-main-stick-meta":"","header-below-stick-meta":"","astra-migrate-meta-layouts":"set","ast-page-background-enabled":"default","ast-page-background-meta":{"desktop":{"background-color":"var(--ast-global-color-4)","background-image":"","background-repeat":"repeat","background-position":"center center","background-size":"auto","background-attachment":"scroll","background-type":"","background-media":"","overlay-type":"","overlay-color":"","overlay-opacity":"","overlay-gradient":""},"tablet":{"background-color":"","background-image":"","background-repeat":"repeat","background-position":"center center","background-size":"auto","background-attachment":"scroll","background-type":"","background-media":"","overlay-type":"","overlay-color":"","overlay-opacity":"","overlay-gradient":""},"mobile":{"background-color":"","background-image":"","background-repeat":"repeat","background-position":"center center","background-size":"auto","background-attachment":"scroll","background-type":"","background-media":"","overlay-type":"","overlay-color":"","overlay-opacity":"","overlay-gradient":""}},"ast-content-background-meta":{"desktop":{"background-color":"var(--ast-global-color-5)","background-image":"","background-repeat":"repeat","background-position":"center center","background-size":"auto","background-attachment":"scroll","background-type":"","background-media":"","overlay-type":"","overlay-color":"","overlay-opacity":"","overlay-gradient":""},"tablet":{"background-color":"var(--ast-global-color-5)","background-image":"","background-repeat":"repeat","background-position":"center center","background-size":"auto","background-attachment":"scroll","background-type":"","background-media":"","overlay-type":"","overlay-color":"","overlay-opacity":"","overlay-gradient":""},"mobile":{"background-color":"var(--ast-global-color-5)","background-image":"","background-repeat":"repeat","background-position":"center center","background-size":"auto","background-attachment":"scroll","background-type":"","background-media":"","overlay-type":"","overlay-color":"","overlay-opacity":"","overlay-gradient":""}}},"product_cat":[46],"product_tag":[],"class_list":["post-5291","product","type-product","status-publish","has-post-thumbnail","hentry","product_cat-eredeti-karaoke-dalok","desktop-align-left","tablet-align-left","mobile-align-left"],"_links":{"self":[{"href":"https:\/\/www.sunkaraoke.hu\/index.php\/wp-json\/wp\/v2\/product\/5291","targetHints":{"allow":["GET"]}}],"collection":[{"href":"https:\/\/www.sunkaraoke.hu\/index.php\/wp-json\/wp\/v2\/product"}],"about":[{"href":"https:\/\/www.sunkaraoke.hu\/index.php\/wp-json\/wp\/v2\/types\/product"}],"wp:featuredmedia":[{"embeddable":true,"href":"https:\/\/www.sunkaraoke.hu\/index.php\/wp-json\/wp\/v2\/media\/8752"}],"wp:attachment":[{"href":"https:\/\/www.sunkaraoke.hu\/index.php\/wp-json\/wp\/v2\/media?parent=5291"}],"wp:term":[{"taxonomy":"product_cat","embeddable":true,"href":"https:\/\/www.sunkaraoke.hu\/index.php\/wp-json\/wp\/v2\/product_cat?post=5291"},{"taxonomy":"product_tag","embeddable":true,"href":"https:\/\/www.sunkaraoke.hu\/index.php\/wp-json\/wp\/v2\/product_tag?post=5291"}],"curies":[{"name":"wp","href":"https:\/\/api.w.org\/{rel}","templated":true}]}}