{"id":5290,"date":"2022-08-08T20:48:55","date_gmt":"2022-08-08T20:48:55","guid":{"rendered":"https:\/\/www.sunkaraoke.hu\/index.php\/termek\/marta-joco-neked-szol\/"},"modified":"2026-04-18T07:27:30","modified_gmt":"2026-04-18T05:27:30","slug":"marta-joco-neked-szol","status":"publish","type":"product","link":"https:\/\/www.sunkaraoke.hu\/index.php\/termek\/marta-joco-neked-szol\/","title":{"rendered":"<div class=\"wcmp-player-container product-5290\"><audio controlslist=\"nodownload\" data-product=\"5290\"  volume=\"1\"  preload=\"none\" data-lazyloading=\"none\" class=\"wcmp-player track mejs-classic\" data-duration=\"0:33\" data-estimated_duration=\"4\"><source src=\"https:\/\/www.sunkaraoke.hu\/wp-content\/uploads\/2022\/08\/Neked-szol-Marta-.kdemoo.mp3\" type=\"audio\/mp3\" \/><\/audio><\/div>M\u00e1rta Joc\u00f3 &#8211; Neked sz\u00f3l (Original)"},"content":{"rendered":"<p><strong>04:00<\/strong> | <strong><img loading=\"lazy\" decoding=\"async\" class=\"alignnone size-full wp-image-467\" src=\"https:\/\/www.sunkaraoke.hu\/wp-content\/uploads\/2022\/07\/choir_2-copy.webp\" alt=\"\" width=\"30\" height=\"30\" \/> <\/strong><\/p>\n","protected":false},"excerpt":{"rendered":"<h6><strong>Bits\u0171r\u0171s\u00e9g: 320<\/strong>kb\/s<strong><br \/>\n<\/strong><strong>Hossz: <\/strong>04:00<strong><br \/>\n<\/strong><strong style=\"font-size: 16px;\">Vok\u00e1lt tartalmaz: <\/strong>Nem <img loading=\"lazy\" decoding=\"async\" class=\"alignnone size-full wp-image-467\" src=\"http:\/\/www.sunkaraoke.hu\/wp-content\/uploads\/2022\/07\/choir_2-copy.png\" alt=\"\" width=\"30\" height=\"30\" \/><strong style=\"font-size: 16px;\"><br \/>\n<\/strong><\/h6>\n<p>Sunkaraoke mp3 st\u00fadi\u00f3 \/ www.sunkaraoke.hu \/ Inf: Tel: 06 20 4275001<\/p>\n<p>&#8212;Intro&#8212;<\/p>\n<p>Neked sz\u00f3l csak neked sz\u00f3l, minden hang a zongor\u00e1n.<br \/>\nNeked sz\u00f3l csak neked sz\u00f3l, minden \u00e9rint\u00e9s tal\u00e1n.<br \/>\nNeked sz\u00f3l csak neked sz\u00f3l, minden l\u00e1zas hajnalon.<br \/>\nA git\u00e1r hangja neked dalol.<\/p>\n<p>Annyi sz\u00e9pet kaptam t\u0151led, nem felejtem el.<br \/>\nBoldog vagyok, a sok mosolyt nem rejthetem el.<br \/>\nMindent ami rossz volt eddig, most el\u00e9getem.<br \/>\nCsak maradj velem kedvesem.<\/p>\n<p>Az esti s\u00e9ta k\u00f6zben n\u00e9zz\u00fck, csillagos az \u00e9g.<br \/>\nV\u00e1lasszunk egy csillagot, mely r\u00f3lunk mes\u00e9l.<br \/>\nA Hold f\u00e9nyben l\u00e1tom a gy\u00f6ny\u00f6r\u0171 arcodat.<br \/>\nEz egy csod\u00e1latos pillanat.<\/p>\n<p>Neked sz\u00f3l csak neked sz\u00f3l, minden hang a zongor\u00e1n.<br \/>\nNeked sz\u00f3l csak neked sz\u00f3l, minden \u00e9rint\u00e9s tal\u00e1n.<br \/>\nNeked sz\u00f3l csak neked sz\u00f3l, minden l\u00e1zas hajnalon.<br \/>\nA git\u00e1r hangja neked dalol.<br \/>\n&#8212;Solo&#8212;<\/p>\n<p>Mes\u00e9be ill\u0151 p\u00e1ros lett\u00fcnk, mint a filmeken.<br \/>\nHa mes\u00e9ltek a boldogs\u00e1gr\u00f3l, sosem hittem el.<br \/>\nMost itt vagy mellettem, arr\u00f3l \u00e1lmodom.<br \/>\nHogy szebb lesz majd a holnapom.<\/p>\n<p>Az esti s\u00e9ta k\u00f6zben n\u00e9zz\u00fck, csillagos az \u00e9g.<br \/>\nV\u00e1lasszunk egy csillagot, mely r\u00f3lunk mes\u00e9l.<br \/>\nA Hold f\u00e9nyben l\u00e1tom a gy\u00f6ny\u00f6r\u0171 arcodat.<br \/>\nEz egy csod\u00e1latos pillanat.<\/p>\n<p>Neked sz\u00f3l csak neked sz\u00f3l, minden hang a zongor\u00e1n.<br \/>\nNeked sz\u00f3l csak neked sz\u00f3l, minden \u00e9rint\u00e9s tal\u00e1n.<br \/>\nNeked sz\u00f3l csak neked sz\u00f3l, minden l\u00e1zas hajnalon.<br \/>\nA git\u00e1r hangja neked dalol.<\/p>\n<p>Neked sz\u00f3l csak neked sz\u00f3l, minden hang a zongor\u00e1n.<br \/>\nNeked sz\u00f3l csak neked sz\u00f3l, minden \u00e9rint\u00e9s tal\u00e1n.<br \/>\nNeked sz\u00f3l csak neked sz\u00f3l, minden l\u00e1zas hajnalon.<br \/>\nA git\u00e1r hangja neked dalol.<\/p>\n<p>&#8212;Solo&#8212;<\/p>\n<p>Neked sz\u00f3l csak neked sz\u00f3l, minden hang a zongor\u00e1n.<br \/>\nNeked sz\u00f3l csak neked sz\u00f3l, minden \u00e9rint\u00e9s tal\u00e1n.<br \/>\nNeked sz\u00f3l csak neked sz\u00f3l, minden l\u00e1zas hajnalon.<br \/>\nA git\u00e1r hangja neked dalol.<\/p>\n<p>Neked sz\u00f3l csak neked sz\u00f3l, minden hang a zongor\u00e1n.<br \/>\nNeked sz\u00f3l csak neked sz\u00f3l, minden \u00e9rint\u00e9s tal\u00e1n.<br \/>\nNeked sz\u00f3l csak neked sz\u00f3l, minden l\u00e1zas hajnalon.<br \/>\nA git\u00e1r hangja neked dalol.<\/p>\n","protected":false},"featured_media":8752,"template":"","meta":{"site-sidebar-layout":"default","site-content-layout":"default","ast-site-content-layout":"default","site-content-style":"default","site-sidebar-style":"default","ast-global-header-display":"","ast-banner-title-visibility":"","ast-main-header-display":"","ast-hfb-above-header-display":"","ast-hfb-below-header-display":"","ast-hfb-mobile-header-display":"","site-post-title":"","ast-breadcrumbs-content":"","ast-featured-img":"","footer-sml-layout":"","theme-transparent-header-meta":"default","adv-header-id-meta":"","stick-header-meta":"","header-above-stick-meta":"","header-main-stick-meta":"","header-below-stick-meta":"","astra-migrate-meta-layouts":"set","ast-page-background-enabled":"default","ast-page-background-meta":{"desktop":{"background-color":"var(--ast-global-color-4)","background-image":"","background-repeat":"repeat","background-position":"center center","background-size":"auto","background-attachment":"scroll","background-type":"","background-media":"","overlay-type":"","overlay-color":"","overlay-opacity":"","overlay-gradient":""},"tablet":{"background-color":"","background-image":"","background-repeat":"repeat","background-position":"center center","background-size":"auto","background-attachment":"scroll","background-type":"","background-media":"","overlay-type":"","overlay-color":"","overlay-opacity":"","overlay-gradient":""},"mobile":{"background-color":"","background-image":"","background-repeat":"repeat","background-position":"center center","background-size":"auto","background-attachment":"scroll","background-type":"","background-media":"","overlay-type":"","overlay-color":"","overlay-opacity":"","overlay-gradient":""}},"ast-content-background-meta":{"desktop":{"background-color":"var(--ast-global-color-5)","background-image":"","background-repeat":"repeat","background-position":"center center","background-size":"auto","background-attachment":"scroll","background-type":"","background-media":"","overlay-type":"","overlay-color":"","overlay-opacity":"","overlay-gradient":""},"tablet":{"background-color":"var(--ast-global-color-5)","background-image":"","background-repeat":"repeat","background-position":"center center","background-size":"auto","background-attachment":"scroll","background-type":"","background-media":"","overlay-type":"","overlay-color":"","overlay-opacity":"","overlay-gradient":""},"mobile":{"background-color":"var(--ast-global-color-5)","background-image":"","background-repeat":"repeat","background-position":"center center","background-size":"auto","background-attachment":"scroll","background-type":"","background-media":"","overlay-type":"","overlay-color":"","overlay-opacity":"","overlay-gradient":""}}},"product_cat":[46],"product_tag":[],"class_list":["post-5290","product","type-product","status-publish","has-post-thumbnail","hentry","product_cat-eredeti-karaoke-dalok","desktop-align-left","tablet-align-left","mobile-align-left"],"_links":{"self":[{"href":"https:\/\/www.sunkaraoke.hu\/index.php\/wp-json\/wp\/v2\/product\/5290","targetHints":{"allow":["GET"]}}],"collection":[{"href":"https:\/\/www.sunkaraoke.hu\/index.php\/wp-json\/wp\/v2\/product"}],"about":[{"href":"https:\/\/www.sunkaraoke.hu\/index.php\/wp-json\/wp\/v2\/types\/product"}],"wp:featuredmedia":[{"embeddable":true,"href":"https:\/\/www.sunkaraoke.hu\/index.php\/wp-json\/wp\/v2\/media\/8752"}],"wp:attachment":[{"href":"https:\/\/www.sunkaraoke.hu\/index.php\/wp-json\/wp\/v2\/media?parent=5290"}],"wp:term":[{"taxonomy":"product_cat","embeddable":true,"href":"https:\/\/www.sunkaraoke.hu\/index.php\/wp-json\/wp\/v2\/product_cat?post=5290"},{"taxonomy":"product_tag","embeddable":true,"href":"https:\/\/www.sunkaraoke.hu\/index.php\/wp-json\/wp\/v2\/product_tag?post=5290"}],"curies":[{"name":"wp","href":"https:\/\/api.w.org\/{rel}","templated":true}]}}