{"id":5289,"date":"2022-08-08T20:48:55","date_gmt":"2022-08-08T20:48:55","guid":{"rendered":"https:\/\/www.sunkaraoke.hu\/index.php\/termek\/marta-joco-ma-este-jaj-jaj\/"},"modified":"2025-04-12T09:20:37","modified_gmt":"2025-04-12T09:20:37","slug":"marta-joco-ma-este-jaj-jaj","status":"publish","type":"product","link":"https:\/\/www.sunkaraoke.hu\/index.php\/termek\/marta-joco-ma-este-jaj-jaj\/","title":{"rendered":"<div class=\"wcmp-player-container product-5289\"><audio controlslist=\"nodownload\" data-product=\"5289\"  volume=\"1\"  preload=\"none\" data-lazyloading=\"none\" class=\"wcmp-player track mejs-classic\" data-duration=\"0:36\" data-estimated_duration=\"4\"><source src=\"https:\/\/www.sunkaraoke.hu\/wp-content\/uploads\/2022\/08\/Ma-este-jaj-jaj-Marta.-demoo.mp3\" type=\"audio\/mp3\" \/><\/audio><\/div>M\u00e1rta Joc\u00f3 &#8211; Ma este jaj jaj (Original)"},"content":{"rendered":"<p><strong>03:45<\/strong> | <strong><img loading=\"lazy\" decoding=\"async\" class=\"alignnone size-full wp-image-467\" src=\"https:\/\/www.sunkaraoke.hu\/wp-content\/uploads\/2022\/07\/choir_2-copy.webp\" alt=\"\" width=\"30\" height=\"30\" \/> <\/strong><\/p>\n","protected":false},"excerpt":{"rendered":"<h6><strong>Bits\u0171r\u0171s\u00e9g: 320<\/strong>kb\/s<strong><br \/>\n<\/strong><strong>Hossz: <\/strong>03:45<strong><br \/>\n<\/strong><strong style=\"font-size: 16px;\">Vok\u00e1lt tartalmaz: <\/strong>Nem <img loading=\"lazy\" decoding=\"async\" class=\"alignnone size-full wp-image-467\" src=\"http:\/\/www.sunkaraoke.hu\/wp-content\/uploads\/2022\/07\/choir_2-copy.png\" alt=\"\" width=\"30\" height=\"30\" \/><strong style=\"font-size: 16px;\"><br \/>\n<\/strong><\/h6>\n<p>Sunkaraoke mp3 st\u00fadi\u00f3 \/ www.sunkaraoke.hu \/ Inf: Tel: 06 20 4275001<\/p>\n<p>&#8212;Intro&#8212;<\/p>\n<p>Ma este jajj jajj mulatni fogok,<br \/>\nMa este jajj jajj nagyon ber\u00fagok.<br \/>\nIlyen az \u00e9let\u00fcnk a banda h\u00fazza nek\u00fcnk,<br \/>\nAm\u00edg sz\u00f3l a zene addig maradunk.<\/p>\n<p>Ma este jajj jajj mulatni fogok,<br \/>\nMa este jajj jajj nagyon ber\u00fagok.<br \/>\nIlyen az \u00e9let\u00fcnk a banda h\u00fazza nek\u00fcnk,<br \/>\nAm\u00edg sz\u00f3l a zene addig maradunk.<\/p>\n<p>Ha sz\u00f3l a muzsika, felpezsd\u0171l a v\u00e9rem,<br \/>\nHa sz\u00f3l a heged\u0171, \u00e9n \u00fagy szeretlek t\u00e9ged.<br \/>\nMa este mulatunk, hisz oly r\u00f6vid az \u00e9let,<br \/>\nNem tudni hogy mikor, \u00e9s hogyan \u00e9r majd v\u00e9get.<\/p>\n<p>Emeld a poharad, \u00e9n eg\u00e9szs\u00e9get k\u00edv\u00e1nok,<br \/>\nHa sz\u00f3l a j\u00f3 zene, t\u00e1ncolnak a sz\u00e9p l\u00e1nyok.<br \/>\nLobogjon h\u00e1t a s\u0171lt a finoms\u00e1g az asztalon,<br \/>\nEgy h\u00e9tig esz\u00fcnk, iszunk, v\u00edgadunk.<\/p>\n<p>Ma este jajj jajj mulatni fogok,<br \/>\nMa este jajj jajj nagyon ber\u00fagok.<br \/>\nIlyen az \u00e9let\u00fcnk a Joci h\u00fazza nek\u00fcnk,<br \/>\nAm\u00edg sz\u00f3l a zene addig maradunk.<\/p>\n<p>Ma este jajj jajj mulatni fogok,<br \/>\nMa este jajj jajj nagyon ber\u00fagok.<br \/>\nIlyen az \u00e9let\u00fcnk a banda h\u00fazza nek\u00fcnk,<br \/>\nAm\u00edg sz\u00f3l a zene addig maradunk.<\/p>\n<p>&#8212;Solo&#8212;<\/p>\n<p>Mindig \u00e9reztem, arr\u00f3l sz\u00f3l az \u00e9let,<br \/>\nHogy ha boldog vagy, soha nem \u00e9r v\u00e9get.<br \/>\nLegyen t\u00e1rsas\u00e1g \u00e9s mind\u00edg legyen j\u00f3 zene,<br \/>\n\u00c9s egy csinos l\u00e1ny, m\u00e1s nem is kell nekem.<\/p>\n<p>Emeld a poharad, \u00e9n eg\u00e9szs\u00e9get k\u00edv\u00e1nok,<br \/>\nHa sz\u00f3l a j\u00f3 zene, t\u00e1ncolnak a sz\u00e9p l\u00e1nyok.<br \/>\nLobogjon h\u00e1t a s\u0171lt a finoms\u00e1g az asztalon,<br \/>\nEgy h\u00e9tig esz\u00fcnk, iszunk, v\u00edgadunk.<\/p>\n<p>Ma este jajj jajj mulatni fogok,<br \/>\nMa este jajj jajj nagyon ber\u00fagok.<br \/>\nIlyen az \u00e9let\u00fcnk a banda h\u00fazza nek\u00fcnk,<br \/>\nAm\u00edg sz\u00f3l a zene addig maradunk.<\/p>\n<p>Ma este jajj jajj mulatni fogok,<br \/>\nMa este jajj jajj nagyon ber\u00fagok.<br \/>\nIlyen az \u00e9let\u00fcnk a banda h\u00fazza nek\u00fcnk,<br \/>\nAm\u00edg sz\u00f3l a zene addig maradunk.<\/p>\n<p>&#8212;Solo&#8212;<\/p>\n<p>Ma este jajj jajj mulatni fogok,<br \/>\nMa este jajj jajj nagyon ber\u00fagok.<br \/>\nIlyen az \u00e9let\u00fcnk a Joci h\u00fazza nek\u00fcnk,<br \/>\nAm\u00edg sz\u00f3l a zene addig maradunk.<\/p>\n<p>Ma este jajj jajj mulatni fogok,<br \/>\nMa este jajj jajj nagyon ber\u00fagok.<br \/>\nIlyen az \u00e9let\u00fcnk a banda h\u00fazza nek\u00fcnk,<br \/>\nAm\u00edg sz\u00f3l a zene addig maradunk.<br \/>\nAm\u00edg sz\u00f3l a zene addig maradunk.<\/p>\n","protected":false},"featured_media":8752,"template":"","meta":{"site-sidebar-layout":"default","site-content-layout":"default","ast-site-content-layout":"default","site-content-style":"default","site-sidebar-style":"default","ast-global-header-display":"","ast-banner-title-visibility":"","ast-main-header-display":"","ast-hfb-above-header-display":"","ast-hfb-below-header-display":"","ast-hfb-mobile-header-display":"","site-post-title":"","ast-breadcrumbs-content":"","ast-featured-img":"","footer-sml-layout":"","theme-transparent-header-meta":"default","adv-header-id-meta":"","stick-header-meta":"","header-above-stick-meta":"","header-main-stick-meta":"","header-below-stick-meta":"","astra-migrate-meta-layouts":"set","ast-page-background-enabled":"default","ast-page-background-meta":{"desktop":{"background-color":"var(--ast-global-color-4)","background-image":"","background-repeat":"repeat","background-position":"center center","background-size":"auto","background-attachment":"scroll","background-type":"","background-media":"","overlay-type":"","overlay-color":"","overlay-opacity":"","overlay-gradient":""},"tablet":{"background-color":"","background-image":"","background-repeat":"repeat","background-position":"center center","background-size":"auto","background-attachment":"scroll","background-type":"","background-media":"","overlay-type":"","overlay-color":"","overlay-opacity":"","overlay-gradient":""},"mobile":{"background-color":"","background-image":"","background-repeat":"repeat","background-position":"center center","background-size":"auto","background-attachment":"scroll","background-type":"","background-media":"","overlay-type":"","overlay-color":"","overlay-opacity":"","overlay-gradient":""}},"ast-content-background-meta":{"desktop":{"background-color":"var(--ast-global-color-5)","background-image":"","background-repeat":"repeat","background-position":"center center","background-size":"auto","background-attachment":"scroll","background-type":"","background-media":"","overlay-type":"","overlay-color":"","overlay-opacity":"","overlay-gradient":""},"tablet":{"background-color":"var(--ast-global-color-5)","background-image":"","background-repeat":"repeat","background-position":"center center","background-size":"auto","background-attachment":"scroll","background-type":"","background-media":"","overlay-type":"","overlay-color":"","overlay-opacity":"","overlay-gradient":""},"mobile":{"background-color":"var(--ast-global-color-5)","background-image":"","background-repeat":"repeat","background-position":"center center","background-size":"auto","background-attachment":"scroll","background-type":"","background-media":"","overlay-type":"","overlay-color":"","overlay-opacity":"","overlay-gradient":""}}},"product_cat":[46],"product_tag":[],"class_list":["post-5289","product","type-product","status-publish","has-post-thumbnail","hentry","product_cat-eredeti-karaoke-dalok","desktop-align-left","tablet-align-left","mobile-align-left"],"_links":{"self":[{"href":"https:\/\/www.sunkaraoke.hu\/index.php\/wp-json\/wp\/v2\/product\/5289","targetHints":{"allow":["GET"]}}],"collection":[{"href":"https:\/\/www.sunkaraoke.hu\/index.php\/wp-json\/wp\/v2\/product"}],"about":[{"href":"https:\/\/www.sunkaraoke.hu\/index.php\/wp-json\/wp\/v2\/types\/product"}],"wp:featuredmedia":[{"embeddable":true,"href":"https:\/\/www.sunkaraoke.hu\/index.php\/wp-json\/wp\/v2\/media\/8752"}],"wp:attachment":[{"href":"https:\/\/www.sunkaraoke.hu\/index.php\/wp-json\/wp\/v2\/media?parent=5289"}],"wp:term":[{"taxonomy":"product_cat","embeddable":true,"href":"https:\/\/www.sunkaraoke.hu\/index.php\/wp-json\/wp\/v2\/product_cat?post=5289"},{"taxonomy":"product_tag","embeddable":true,"href":"https:\/\/www.sunkaraoke.hu\/index.php\/wp-json\/wp\/v2\/product_tag?post=5289"}],"curies":[{"name":"wp","href":"https:\/\/api.w.org\/{rel}","templated":true}]}}