{"id":5288,"date":"2022-08-08T20:48:55","date_gmt":"2022-08-08T20:48:55","guid":{"rendered":"https:\/\/www.sunkaraoke.hu\/index.php\/termek\/marta-joco-gyere-csokolj-meg\/"},"modified":"2026-01-06T10:39:12","modified_gmt":"2026-01-06T08:39:12","slug":"marta-joco-gyere-csokolj-meg","status":"publish","type":"product","link":"https:\/\/www.sunkaraoke.hu\/index.php\/termek\/marta-joco-gyere-csokolj-meg\/","title":{"rendered":"<div class=\"wcmp-player-container product-5288\"><audio controlslist=\"nodownload\" data-product=\"5288\"  volume=\"1\"  preload=\"none\" data-lazyloading=\"none\" class=\"wcmp-player track mejs-classic\" data-duration=\"0:31\" data-estimated_duration=\"4\"><source src=\"https:\/\/www.sunkaraoke.hu\/wp-content\/uploads\/2022\/08\/Gyere-csokolj-meg-Marta.demoo_.mp3\" type=\"audio\/mp3\" \/><\/audio><\/div>M\u00e1rta Joc\u00f3 &#8211; Gyere cs\u00f3kolj m\u00e9g (Original)"},"content":{"rendered":"<p><strong>03:42<\/strong> | <strong><img loading=\"lazy\" decoding=\"async\" class=\"alignnone size-full wp-image-467\" src=\"https:\/\/www.sunkaraoke.hu\/wp-content\/uploads\/2022\/07\/choir_2-copy.webp\" alt=\"\" width=\"30\" height=\"30\" \/> <\/strong><\/p>\n","protected":false},"excerpt":{"rendered":"<h6><strong>Bits\u0171r\u0171s\u00e9g: 320<\/strong>kb\/s<strong><br \/>\n<\/strong><strong>Hossz: <\/strong>03:42<strong><br \/>\n<\/strong><strong style=\"font-size: 16px;\">Vok\u00e1lt tartalmaz: <\/strong>Nem <img loading=\"lazy\" decoding=\"async\" class=\"alignnone size-full wp-image-467\" src=\"http:\/\/www.sunkaraoke.hu\/wp-content\/uploads\/2022\/07\/choir_2-copy.png\" alt=\"\" width=\"30\" height=\"30\" \/><strong style=\"font-size: 16px;\"><br \/>\n<\/strong><\/h6>\n<p>Sunkaraoke mp3 st\u00fadi\u00f3 \/ www.sunkaraoke.hu \/ Inf: Tel: 06 20 4275001<\/p>\n<p>&#8212;Intro&#8212;<\/p>\n<p>Nincs olyan l\u00e1ny m\u00e9g a vil\u00e1gon,<br \/>\nDe akinek a sz\u00edvem \u00e9n kit\u00e1rom.<br \/>\nCsak te volt\u00e1l nekem kedvesem,<br \/>\nKit igaz\u00e1n sz\u00edvb\u0151l szerettem.<br \/>\nCsak te volt\u00e1l nekem kedvesem,<br \/>\nKit igaz\u00e1n sz\u00edvb\u0151l szerettem.<\/p>\n<p>Nincs nappalom \u00e9s nincs \u00e9jszak\u00e1m,<br \/>\nMert elhagyott az egyetlen sz\u00e9p bab\u00e1m.<br \/>\nDe ha m\u00e9g egyszer l\u00e1thatn\u00e1m,<br \/>\nAz \u00e9letem is odaadn\u00e1m.<br \/>\nDe ha m\u00e9g egyszer l\u00e1thatn\u00e1m,<br \/>\nAz \u00e9letem is odaadn\u00e1m.<\/p>\n<p>Gyere cs\u00f3kolj m\u00e9g, gyere szeress \u00fagy mint r\u00e9gen.<br \/>\nIlyen nem t\u00f6rt\u00e9nt m\u00e9g az eg\u00e9sz \u00e9letemben.<br \/>\nGyere \u00f6lelj m\u00e9g, gyere vissza hozz\u00e1m adj m\u00e9g egy es\u00e9lyt.<br \/>\nHa te is szeretn\u00e9l, boldogok lehetn\u00e9nk.<\/p>\n<p>&#8212;Solo&#8212;<\/p>\n<p>Gyere r\u00f3zs\u00e1m, \u00fclj bele az \u00f6lembe,<br \/>\n\u00c9s s\u00fagok valamit neked a f\u00fcledbe.<br \/>\nA k\u00e9t sz\u00e9p szemed az \u00e9n b\u00e1natom,<br \/>\nJajj, megbolondulok ha nem l\u00e1thatom.<br \/>\nA k\u00e9t sz\u00e9p szemed az \u00e9n b\u00e1natom,<br \/>\nJajj, megbolondulok ha nem l\u00e1thatom.<\/p>\n<p>Mert nincs olyan l\u00e1ny m\u00e9g a vil\u00e1gon,<br \/>\nDe akinek a sz\u00edvem \u00e9n kit\u00e1rom.<br \/>\nDe ha m\u00e9g egyszer l\u00e1thatn\u00e1m,<br \/>\nAz \u00e9letem is odaadn\u00e1m.<br \/>\nDe ha m\u00e9g egyszer l\u00e1thatn\u00e1m,<br \/>\nAz \u00e9letem is odaadn\u00e1m.<\/p>\n<p>Gyere cs\u00f3kolj m\u00e9g, gyere szeress \u00fagy mint r\u00e9gen.<br \/>\nIlyen nem t\u00f6rt\u00e9nt m\u00e9g az eg\u00e9sz \u00e9letemben.<br \/>\nGyere \u00f6lelj m\u00e9g, gyere vissza hozz\u00e1m adj m\u00e9g egy es\u00e9lyt.<br \/>\nHa te is szeretn\u00e9l, boldogok lehetn\u00e9nk.<\/p>\n<p>&#8212;Solo&#8212;<\/p>\n<p>Gyere cs\u00f3kolj m\u00e9g, gyere szeress \u00fagy mint r\u00e9gen.<br \/>\nIlyen nem t\u00f6rt\u00e9nt m\u00e9g az eg\u00e9sz \u00e9letemben.<br \/>\nGyere \u00f6lelj m\u00e9g, gyere vissza hozz\u00e1m adj m\u00e9g egy es\u00e9lyt.<br \/>\nHa te is szeretn\u00e9l, boldogok lehetn\u00e9nk.<\/p>\n<p>Gyere cs\u00f3kolj m\u00e9g, gyere szeress \u00fagy mint r\u00e9gen.<br \/>\nIlyen nem t\u00f6rt\u00e9nt m\u00e9g az eg\u00e9sz \u00e9letemben.<br \/>\nGyere \u00f6lelj m\u00e9g, gyere vissza hozz\u00e1m adj m\u00e9g egy es\u00e9lyt.<br \/>\nHa te is szeretn\u00e9l, boldogok lehetn\u00e9nk.<br \/>\nHa te is szeretn\u00e9l, boldogok lehetn\u00e9nk.<\/p>\n","protected":false},"featured_media":8752,"template":"","meta":{"site-sidebar-layout":"default","site-content-layout":"default","ast-site-content-layout":"default","site-content-style":"default","site-sidebar-style":"default","ast-global-header-display":"","ast-banner-title-visibility":"","ast-main-header-display":"","ast-hfb-above-header-display":"","ast-hfb-below-header-display":"","ast-hfb-mobile-header-display":"","site-post-title":"","ast-breadcrumbs-content":"","ast-featured-img":"","footer-sml-layout":"","theme-transparent-header-meta":"default","adv-header-id-meta":"","stick-header-meta":"","header-above-stick-meta":"","header-main-stick-meta":"","header-below-stick-meta":"","astra-migrate-meta-layouts":"set","ast-page-background-enabled":"default","ast-page-background-meta":{"desktop":{"background-color":"var(--ast-global-color-4)","background-image":"","background-repeat":"repeat","background-position":"center center","background-size":"auto","background-attachment":"scroll","background-type":"","background-media":"","overlay-type":"","overlay-color":"","overlay-opacity":"","overlay-gradient":""},"tablet":{"background-color":"","background-image":"","background-repeat":"repeat","background-position":"center center","background-size":"auto","background-attachment":"scroll","background-type":"","background-media":"","overlay-type":"","overlay-color":"","overlay-opacity":"","overlay-gradient":""},"mobile":{"background-color":"","background-image":"","background-repeat":"repeat","background-position":"center center","background-size":"auto","background-attachment":"scroll","background-type":"","background-media":"","overlay-type":"","overlay-color":"","overlay-opacity":"","overlay-gradient":""}},"ast-content-background-meta":{"desktop":{"background-color":"var(--ast-global-color-5)","background-image":"","background-repeat":"repeat","background-position":"center center","background-size":"auto","background-attachment":"scroll","background-type":"","background-media":"","overlay-type":"","overlay-color":"","overlay-opacity":"","overlay-gradient":""},"tablet":{"background-color":"var(--ast-global-color-5)","background-image":"","background-repeat":"repeat","background-position":"center center","background-size":"auto","background-attachment":"scroll","background-type":"","background-media":"","overlay-type":"","overlay-color":"","overlay-opacity":"","overlay-gradient":""},"mobile":{"background-color":"var(--ast-global-color-5)","background-image":"","background-repeat":"repeat","background-position":"center center","background-size":"auto","background-attachment":"scroll","background-type":"","background-media":"","overlay-type":"","overlay-color":"","overlay-opacity":"","overlay-gradient":""}}},"product_cat":[46],"product_tag":[],"class_list":["post-5288","product","type-product","status-publish","has-post-thumbnail","hentry","product_cat-eredeti-karaoke-dalok","desktop-align-left","tablet-align-left","mobile-align-left"],"_links":{"self":[{"href":"https:\/\/www.sunkaraoke.hu\/index.php\/wp-json\/wp\/v2\/product\/5288","targetHints":{"allow":["GET"]}}],"collection":[{"href":"https:\/\/www.sunkaraoke.hu\/index.php\/wp-json\/wp\/v2\/product"}],"about":[{"href":"https:\/\/www.sunkaraoke.hu\/index.php\/wp-json\/wp\/v2\/types\/product"}],"wp:featuredmedia":[{"embeddable":true,"href":"https:\/\/www.sunkaraoke.hu\/index.php\/wp-json\/wp\/v2\/media\/8752"}],"wp:attachment":[{"href":"https:\/\/www.sunkaraoke.hu\/index.php\/wp-json\/wp\/v2\/media?parent=5288"}],"wp:term":[{"taxonomy":"product_cat","embeddable":true,"href":"https:\/\/www.sunkaraoke.hu\/index.php\/wp-json\/wp\/v2\/product_cat?post=5288"},{"taxonomy":"product_tag","embeddable":true,"href":"https:\/\/www.sunkaraoke.hu\/index.php\/wp-json\/wp\/v2\/product_tag?post=5288"}],"curies":[{"name":"wp","href":"https:\/\/api.w.org\/{rel}","templated":true}]}}