{"id":5287,"date":"2022-08-08T20:48:55","date_gmt":"2022-08-08T20:48:55","guid":{"rendered":"https:\/\/www.sunkaraoke.hu\/index.php\/termek\/marta-joco-bolond-a-szivem\/"},"modified":"2026-04-18T07:27:30","modified_gmt":"2026-04-18T05:27:30","slug":"marta-joco-bolond-a-szivem","status":"publish","type":"product","link":"https:\/\/www.sunkaraoke.hu\/index.php\/termek\/marta-joco-bolond-a-szivem\/","title":{"rendered":"<div class=\"wcmp-player-container product-5287\"><audio controlslist=\"nodownload\" data-product=\"5287\"  volume=\"1\"  preload=\"none\" data-lazyloading=\"none\" class=\"wcmp-player track mejs-classic\" data-duration=\"0:32\" data-estimated_duration=\"4\"><source src=\"https:\/\/www.sunkaraoke.hu\/wp-content\/uploads\/2022\/08\/Bolond-a-szivem-Marta.-demoo-1.mp3\" type=\"audio\/mp3\" \/><\/audio><\/div>M\u00e1rta Joc\u00f3 &#8211; Bolond a sz\u00edvem (Original)"},"content":{"rendered":"<p><strong>03:46<\/strong> | <strong><img loading=\"lazy\" decoding=\"async\" class=\"alignnone size-full wp-image-467\" src=\"https:\/\/www.sunkaraoke.hu\/wp-content\/uploads\/2022\/07\/choir_2-copy.webp\" alt=\"\" width=\"30\" height=\"30\" \/> <\/strong><\/p>\n","protected":false},"excerpt":{"rendered":"<h6><strong>Bits\u0171r\u0171s\u00e9g: 320<\/strong>kb\/s<strong><br \/>\n<\/strong><strong>Hossz: <\/strong>03:46<strong><br \/>\n<\/strong><strong style=\"font-size: 16px;\">Vok\u00e1lt tartalmaz: <\/strong>Nem <img loading=\"lazy\" decoding=\"async\" class=\"alignnone size-full wp-image-467\" src=\"http:\/\/www.sunkaraoke.hu\/wp-content\/uploads\/2022\/07\/choir_2-copy.png\" alt=\"\" width=\"30\" height=\"30\" \/><strong style=\"font-size: 16px;\"><br \/>\n<\/strong><\/h6>\n<p>Sunkaraoke mp3 st\u00fadi\u00f3 \/ www.sunkaraoke.hu \/ Inf: Tel: 06 20 4275001<\/p>\n<p>&#8212;Intro&#8212;<\/p>\n<p>Mindig \u00fagy j\u00f6tt\u00e9l fel\u00e9m, nem is gondolhattam \u00e9n.<br \/>\nHogy egyszer elrabolhatom a sz\u00edvedet.<br \/>\nAzt\u00e1n minden d\u00e9lut\u00e1n, \u00fagy mosolyogt\u00e1l r\u00e1m,<br \/>\nTeljesen elvar\u00e1zsolt\u00e1l.<\/p>\n<p>Lassan elindulok \u00e9n, a sz\u00edved megh\u00f3d\u00edtom \u00e9n,<br \/>\nFigyeld hogy tombol az igaz szerelem.<br \/>\nTudom nem vagy az eny\u00e9m, m\u00e9g is megpr\u00f3b\u00e1lom \u00e9n,<br \/>\nVeled \u00fajra kezdhetem az \u00e9letem.<\/p>\n<p>Mindig csak r\u00e1d gondolok, mit tett\u00e9l velem,<br \/>\nN\u00e9lk\u00fcled \u00fcres lenne az \u00e9n \u00e9letem.<br \/>\nBolond a sz\u00edvem, most is hozz\u00e1d rohanok,<br \/>\nDe veled oly boldog vagyok.<\/p>\n<p>Mindig csak r\u00e1d gondolok, mit tett\u00e9l velem,<br \/>\nN\u00e9lk\u00fcled \u00fcres lenne az \u00e9n \u00e9letem.<br \/>\nBolond a sz\u00edvem, most is hozz\u00e1d rohanok,<br \/>\nDe veled oly boldog vagyok.<\/p>\n<p>&#8212;Solo&#8212;<\/p>\n<p>Mindig \u00fagy nevett\u00e9l r\u00e1m, olyan \u0151szint\u00e9n tiszt\u00e1n,<br \/>\n\u00c9rzem ez lesz most az igaz szerelem.<br \/>\nMinden l\u00e1zas \u00e9jszak\u00e1n, minden f\u00e1z\u00f3s hajnalon,<br \/>\nElhiszem hogy itt vagy csak nekem.<\/p>\n<p>Lassan elindulok \u00e9n, a sz\u00edved megh\u00f3d\u00edtom \u00e9n,<br \/>\nFigyeld hogy tombol az igaz szerelem.<br \/>\nTudom nem vagy az eny\u00e9m, m\u00e9g is megpr\u00f3b\u00e1lom \u00e9n,<br \/>\nHogy veled \u00fajra kezdhetem az \u00e9letem.<\/p>\n<p>Mindig csak r\u00e1d gondolok, mit tett\u00e9l velem,<br \/>\nN\u00e9lk\u00fcled \u00fcres lenne az \u00e9n \u00e9letem.<br \/>\nBolond a sz\u00edvem, most is hozz\u00e1d rohanok,<br \/>\nDe veled oly boldog vagyok.<\/p>\n<p>Mindig csak r\u00e1d gondolok, mit tett\u00e9l velem,<br \/>\nN\u00e9lk\u00fcled \u00fcres lenne az \u00e9n \u00e9letem.<br \/>\nBolond a sz\u00edvem, most is hozz\u00e1d rohanok,<br \/>\nDe veled oly boldog vagyok.<\/p>\n<p>&#8212;Solo&#8212;<\/p>\n<p>Mindig csak r\u00e1d gondolok, mit tett\u00e9l velem,<br \/>\nN\u00e9lk\u00fcled \u00fcres lenne az \u00e9n \u00e9letem.<br \/>\nBolond a sz\u00edvem, most is hozz\u00e1d rohanok,<br \/>\nDe veled oly boldog vagyok.<\/p>\n<p>Mindig csak r\u00e1d gondolok, mit tett\u00e9l velem,<br \/>\nN\u00e9lk\u00fcled \u00fcres lenne az \u00e9n \u00e9letem.<br \/>\nBolond a sz\u00edvem, most is hozz\u00e1d rohanok,<br \/>\nDe veled oly boldog vagyok.<\/p>\n<p>Mindig csak r\u00e1d gondolok, mit tett\u00e9l velem,<br \/>\nN\u00e9lk\u00fcled \u00fcres lenne az \u00e9n \u00e9letem.<br \/>\nBolond a sz\u00edvem, most is hozz\u00e1d rohanok,<br \/>\nDe veled oly boldog vagyok.<\/p>\n","protected":false},"featured_media":8752,"template":"","meta":{"site-sidebar-layout":"default","site-content-layout":"default","ast-site-content-layout":"default","site-content-style":"default","site-sidebar-style":"default","ast-global-header-display":"","ast-banner-title-visibility":"","ast-main-header-display":"","ast-hfb-above-header-display":"","ast-hfb-below-header-display":"","ast-hfb-mobile-header-display":"","site-post-title":"","ast-breadcrumbs-content":"","ast-featured-img":"","footer-sml-layout":"","theme-transparent-header-meta":"default","adv-header-id-meta":"","stick-header-meta":"","header-above-stick-meta":"","header-main-stick-meta":"","header-below-stick-meta":"","astra-migrate-meta-layouts":"set","ast-page-background-enabled":"default","ast-page-background-meta":{"desktop":{"background-color":"var(--ast-global-color-4)","background-image":"","background-repeat":"repeat","background-position":"center center","background-size":"auto","background-attachment":"scroll","background-type":"","background-media":"","overlay-type":"","overlay-color":"","overlay-opacity":"","overlay-gradient":""},"tablet":{"background-color":"","background-image":"","background-repeat":"repeat","background-position":"center center","background-size":"auto","background-attachment":"scroll","background-type":"","background-media":"","overlay-type":"","overlay-color":"","overlay-opacity":"","overlay-gradient":""},"mobile":{"background-color":"","background-image":"","background-repeat":"repeat","background-position":"center center","background-size":"auto","background-attachment":"scroll","background-type":"","background-media":"","overlay-type":"","overlay-color":"","overlay-opacity":"","overlay-gradient":""}},"ast-content-background-meta":{"desktop":{"background-color":"var(--ast-global-color-5)","background-image":"","background-repeat":"repeat","background-position":"center center","background-size":"auto","background-attachment":"scroll","background-type":"","background-media":"","overlay-type":"","overlay-color":"","overlay-opacity":"","overlay-gradient":""},"tablet":{"background-color":"var(--ast-global-color-5)","background-image":"","background-repeat":"repeat","background-position":"center center","background-size":"auto","background-attachment":"scroll","background-type":"","background-media":"","overlay-type":"","overlay-color":"","overlay-opacity":"","overlay-gradient":""},"mobile":{"background-color":"var(--ast-global-color-5)","background-image":"","background-repeat":"repeat","background-position":"center center","background-size":"auto","background-attachment":"scroll","background-type":"","background-media":"","overlay-type":"","overlay-color":"","overlay-opacity":"","overlay-gradient":""}}},"product_cat":[46],"product_tag":[],"class_list":["post-5287","product","type-product","status-publish","has-post-thumbnail","hentry","product_cat-eredeti-karaoke-dalok","desktop-align-left","tablet-align-left","mobile-align-left"],"_links":{"self":[{"href":"https:\/\/www.sunkaraoke.hu\/index.php\/wp-json\/wp\/v2\/product\/5287","targetHints":{"allow":["GET"]}}],"collection":[{"href":"https:\/\/www.sunkaraoke.hu\/index.php\/wp-json\/wp\/v2\/product"}],"about":[{"href":"https:\/\/www.sunkaraoke.hu\/index.php\/wp-json\/wp\/v2\/types\/product"}],"wp:featuredmedia":[{"embeddable":true,"href":"https:\/\/www.sunkaraoke.hu\/index.php\/wp-json\/wp\/v2\/media\/8752"}],"wp:attachment":[{"href":"https:\/\/www.sunkaraoke.hu\/index.php\/wp-json\/wp\/v2\/media?parent=5287"}],"wp:term":[{"taxonomy":"product_cat","embeddable":true,"href":"https:\/\/www.sunkaraoke.hu\/index.php\/wp-json\/wp\/v2\/product_cat?post=5287"},{"taxonomy":"product_tag","embeddable":true,"href":"https:\/\/www.sunkaraoke.hu\/index.php\/wp-json\/wp\/v2\/product_tag?post=5287"}],"curies":[{"name":"wp","href":"https:\/\/api.w.org\/{rel}","templated":true}]}}