{"id":5286,"date":"2022-08-08T20:48:55","date_gmt":"2022-08-08T20:48:55","guid":{"rendered":"https:\/\/www.sunkaraoke.hu\/index.php\/termek\/marta-joco-atmulatok-minden-ejszakat\/"},"modified":"2026-02-14T07:36:19","modified_gmt":"2026-02-14T05:36:19","slug":"marta-joco-atmulatok-minden-ejszakat","status":"publish","type":"product","link":"https:\/\/www.sunkaraoke.hu\/index.php\/termek\/marta-joco-atmulatok-minden-ejszakat\/","title":{"rendered":"<div class=\"wcmp-player-container product-5286\"><audio controlslist=\"nodownload\" data-product=\"5286\"  volume=\"1\"  preload=\"none\" data-lazyloading=\"none\" class=\"wcmp-player track mejs-classic\" data-duration=\"0:33\" data-estimated_duration=\"4\"><source src=\"https:\/\/www.sunkaraoke.hu\/wp-content\/uploads\/2022\/08\/Atmulatok-minden-ejszakat-Marta.kdemoo.mp3\" type=\"audio\/mp3\" \/><\/audio><\/div>M\u00e1rta Joc\u00f3 &#8211; \u00c1tmulatok minden \u00e9jszak\u00e1t (Original)"},"content":{"rendered":"<p><strong>03:46<\/strong> | <strong><img loading=\"lazy\" decoding=\"async\" class=\"alignnone size-full wp-image-467\" src=\"https:\/\/www.sunkaraoke.hu\/wp-content\/uploads\/2022\/07\/choir_2-copy.webp\" alt=\"\" width=\"30\" height=\"30\" \/> <\/strong><\/p>\n","protected":false},"excerpt":{"rendered":"<h6><strong>Bits\u0171r\u0171s\u00e9g: 320<\/strong>kb\/s<strong><br \/>\n<\/strong><strong>Hossz: <\/strong>03:46<strong><br \/>\n<\/strong><strong style=\"font-size: 16px;\">Vok\u00e1lt tartalmaz: <\/strong>Nem <img loading=\"lazy\" decoding=\"async\" class=\"alignnone size-full wp-image-467\" src=\"http:\/\/www.sunkaraoke.hu\/wp-content\/uploads\/2022\/07\/choir_2-copy.png\" alt=\"\" width=\"30\" height=\"30\" \/><strong style=\"font-size: 16px;\"><br \/>\n<\/strong><\/h6>\n<p>&nbsp;<\/p>\n<p>&#8212;Intro&#8212;<\/p>\n<p>H\u00fazzd r\u00e1 cig\u00e1ny had sz\u00f3ljon,<br \/>\nh\u00fazzad a n\u00e9pnek hogy t\u00e1ncoljon,<br \/>\nSzeretem a bort, szeretem a magyar muzsik\u00e1t.<br \/>\nH\u00e1rom \u00e9jjel \u00e9s h\u00e1rom nap,<br \/>\na magyar ember az \u00edgy mulat,<br \/>\nA kocsm\u00e1ba megy, ott feledi a b\u00e1nat\u00e1\u00e1\u00e1\u00e1t.<\/p>\n<p>\u00c1tmulatok minden \u00e9jszak\u00e1t,<br \/>\nszeretem a magyar muzsik\u00e1t,<br \/>\nGyere t\u00e1ncolj velem egy eg\u00e9sz \u00e9jjellen \u00e1\u00e1\u00e1t,<br \/>\n\u00c1tmulatok minden \u00e9jszak\u00e1t,<br \/>\nelj\u00e1tszom a sz\u00edvek dallam\u00e1t,<br \/>\nGyere mulass velem minden \u00e9jszak\u00e1n.<\/p>\n<p>&#8212;Solo&#8212;<br \/>\nK\u00e9t poh\u00e1r ut\u00e1n az \u00e9let sz\u00e9p,<br \/>\ncsak j\u00e1rjon a l\u00e1bad t\u00e1ncolj m\u00e9g,<br \/>\nMindenki mulat, mindenki j\u00f3l \u00e9rzi mag\u00e1\u00e1\u00e1t.<br \/>\nDe kocsm\u00e1rosn\u00e9 bort hozzon,<br \/>\nmajd ut\u00e1nna p\u00e1link\u00e1t hogy v\u00e1ltozzon,<br \/>\nSz\u00f3ljon a zene, mulassunk az angyal\u00e1\u00e1\u00e1\u00e1\u00e1t.<\/p>\n<p>\u00c1tmulatok minden \u00e9jszak\u00e1t,<br \/>\nszeretem a magyar muzsik\u00e1t,<br \/>\nGyere t\u00e1ncolj velem egy eg\u00e9sz \u00e9jjellen \u00e1t,<br \/>\n\u00c1tmulatok minden \u00e9jszak\u00e1t,<br \/>\nelj\u00e1tszom a sz\u00edvek dallam\u00e1t,<br \/>\nGyere mulass velem minden \u00e9jszak\u00e1n.<\/p>\n<p>&#8212;Solo&#8212;<\/p>\n<p>\u00c9n ledolgoztam az \u00e9letem,<br \/>\nna iszok m\u00e9g egyet az j\u00f3 nekem,<br \/>\nH\u00fazd r\u00e1 cig\u00e1ny, mert szeretem a heged\u0171 szav\u00e1\u00e1\u00e1t.<br \/>\nDe kocsm\u00e1rosn\u00e9 bort hozzon,<br \/>\nmajd ut\u00e1nna p\u00e1link\u00e1t hogy v\u00e1ltozzon,<br \/>\nSz\u00f3ljon a zene, mulassunk az angyal\u00e1\u00e1\u00e1\u00e1\u00e1t.<\/p>\n<p>\u00c1tmulatok minden \u00e9jszak\u00e1t,<br \/>\nszeretem a magyar muzsik\u00e1t,<br \/>\nGyere t\u00e1ncolj velem egy eg\u00e9sz \u00e9jjellen \u00e1\u00e1\u00e1t,<br \/>\n\u00c1tmulatok minden \u00e9jszak\u00e1t,<br \/>\nelj\u00e1tszom a sz\u00edvek dallam\u00e1t,<br \/>\nGyere mulass velem minden \u00e9jszak\u00e1n.<\/p>\n<p>\u00c1tmulatok minden \u00e9jszak\u00e1t,<br \/>\nszeretem a magyar muzsik\u00e1t,<br \/>\nGyere t\u00e1ncolj velem egy eg\u00e9sz \u00e9jjellen \u00e1\u00e1\u00e1t,<br \/>\n\u00c1tmulatok minden \u00e9jszak\u00e1t,<br \/>\nelj\u00e1tszom a sz\u00edvek dallam\u00e1t,<br \/>\nGyere mulass velem minden \u00e9jszak\u00e1n.<br \/>\nGyere mulass velem minden \u00e9jszak\u00e1n.<\/p>\n","protected":false},"featured_media":8752,"template":"","meta":{"site-sidebar-layout":"default","site-content-layout":"default","ast-site-content-layout":"default","site-content-style":"default","site-sidebar-style":"default","ast-global-header-display":"","ast-banner-title-visibility":"","ast-main-header-display":"","ast-hfb-above-header-display":"","ast-hfb-below-header-display":"","ast-hfb-mobile-header-display":"","site-post-title":"","ast-breadcrumbs-content":"","ast-featured-img":"","footer-sml-layout":"","theme-transparent-header-meta":"default","adv-header-id-meta":"","stick-header-meta":"","header-above-stick-meta":"","header-main-stick-meta":"","header-below-stick-meta":"","astra-migrate-meta-layouts":"set","ast-page-background-enabled":"default","ast-page-background-meta":{"desktop":{"background-color":"var(--ast-global-color-4)","background-image":"","background-repeat":"repeat","background-position":"center center","background-size":"auto","background-attachment":"scroll","background-type":"","background-media":"","overlay-type":"","overlay-color":"","overlay-opacity":"","overlay-gradient":""},"tablet":{"background-color":"","background-image":"","background-repeat":"repeat","background-position":"center center","background-size":"auto","background-attachment":"scroll","background-type":"","background-media":"","overlay-type":"","overlay-color":"","overlay-opacity":"","overlay-gradient":""},"mobile":{"background-color":"","background-image":"","background-repeat":"repeat","background-position":"center center","background-size":"auto","background-attachment":"scroll","background-type":"","background-media":"","overlay-type":"","overlay-color":"","overlay-opacity":"","overlay-gradient":""}},"ast-content-background-meta":{"desktop":{"background-color":"var(--ast-global-color-5)","background-image":"","background-repeat":"repeat","background-position":"center center","background-size":"auto","background-attachment":"scroll","background-type":"","background-media":"","overlay-type":"","overlay-color":"","overlay-opacity":"","overlay-gradient":""},"tablet":{"background-color":"var(--ast-global-color-5)","background-image":"","background-repeat":"repeat","background-position":"center center","background-size":"auto","background-attachment":"scroll","background-type":"","background-media":"","overlay-type":"","overlay-color":"","overlay-opacity":"","overlay-gradient":""},"mobile":{"background-color":"var(--ast-global-color-5)","background-image":"","background-repeat":"repeat","background-position":"center center","background-size":"auto","background-attachment":"scroll","background-type":"","background-media":"","overlay-type":"","overlay-color":"","overlay-opacity":"","overlay-gradient":""}}},"product_cat":[46],"product_tag":[],"class_list":["post-5286","product","type-product","status-publish","has-post-thumbnail","hentry","product_cat-eredeti-karaoke-dalok","desktop-align-left","tablet-align-left","mobile-align-left"],"_links":{"self":[{"href":"https:\/\/www.sunkaraoke.hu\/index.php\/wp-json\/wp\/v2\/product\/5286","targetHints":{"allow":["GET"]}}],"collection":[{"href":"https:\/\/www.sunkaraoke.hu\/index.php\/wp-json\/wp\/v2\/product"}],"about":[{"href":"https:\/\/www.sunkaraoke.hu\/index.php\/wp-json\/wp\/v2\/types\/product"}],"wp:featuredmedia":[{"embeddable":true,"href":"https:\/\/www.sunkaraoke.hu\/index.php\/wp-json\/wp\/v2\/media\/8752"}],"wp:attachment":[{"href":"https:\/\/www.sunkaraoke.hu\/index.php\/wp-json\/wp\/v2\/media?parent=5286"}],"wp:term":[{"taxonomy":"product_cat","embeddable":true,"href":"https:\/\/www.sunkaraoke.hu\/index.php\/wp-json\/wp\/v2\/product_cat?post=5286"},{"taxonomy":"product_tag","embeddable":true,"href":"https:\/\/www.sunkaraoke.hu\/index.php\/wp-json\/wp\/v2\/product_tag?post=5286"}],"curies":[{"name":"wp","href":"https:\/\/api.w.org\/{rel}","templated":true}]}}