{"id":5277,"date":"2022-08-08T20:48:54","date_gmt":"2022-08-08T20:48:54","guid":{"rendered":"https:\/\/www.sunkaraoke.hu\/index.php\/termek\/marta-joco-haragszik-a-nejem\/"},"modified":"2025-04-12T07:46:55","modified_gmt":"2025-04-12T07:46:55","slug":"marta-joco-haragszik-a-nejem","status":"publish","type":"product","link":"https:\/\/www.sunkaraoke.hu\/index.php\/termek\/marta-joco-haragszik-a-nejem\/","title":{"rendered":"<div class=\"wcmp-player-container product-5277\"><audio controlslist=\"nodownload\" data-product=\"5277\"  volume=\"1\"  preload=\"none\" data-lazyloading=\"none\" class=\"wcmp-player track mejs-classic\" data-duration=\"0:32\" data-estimated_duration=\"4\"><source src=\"https:\/\/www.sunkaraoke.hu\/wp-content\/uploads\/2022\/08\/Haragszik-a-nejem-Marta.-kdemoo.mp3\" type=\"audio\/mp3\" \/><\/audio><\/div>M\u00e1rta Joc\u00f3 &#8211; Haragszik a nejem (Original)"},"content":{"rendered":"<p><strong><span style=\"vertical-align: inherit;\"><span style=\"vertical-align: inherit;\">03:40<\/span><\/span><\/strong><span style=\"vertical-align: inherit;\"><span style=\"vertical-align: inherit;\"> |<\/span><\/span><strong><img loading=\"lazy\" decoding=\"async\" class=\"alignnone size-full wp-image-467\" src=\"https:\/\/www.sunkaraoke.hu\/wp-content\/uploads\/2022\/07\/choir_2-copy.webp\" alt=\"\" width=\"30\" height=\"30\" \/> <\/strong><\/p>\n","protected":false},"excerpt":{"rendered":"<h6><strong>Bits\u0171r\u0171s\u00e9g: 320<\/strong>kb\/s<strong><br \/>\n<\/strong><strong>Hossz: <\/strong>03:40<strong><br \/>\n<\/strong><strong style=\"font-size: 16px;\">Vok\u00e1lt tartalmaz: <\/strong>Nem <img loading=\"lazy\" decoding=\"async\" class=\"alignnone size-full wp-image-467\" src=\"http:\/\/www.sunkaraoke.hu\/wp-content\/uploads\/2022\/07\/choir_2-copy.png\" alt=\"\" width=\"30\" height=\"30\" \/><strong style=\"font-size: 16px;\"><br \/>\n<\/strong><\/h6>\n<p>Sunkaraoke mp3 st\u00fadi\u00f3 \/ www.sunkaraoke.hu \/ Inf: Tel: 06 20 4275001<\/p>\n<p><span style=\"vertical-align: inherit;\"><span style=\"vertical-align: inherit;\">&#8212;Intro&#8212;<\/span><\/span><br \/>\nSz\u00e9p az \u00e9let, a h\u00e1zas \u00e9let.<br \/>\ncsak az asszony n\u00e9ha velem k\u0151kem\u00e9ny.<br \/>\nIlyenkor veszem a kab\u00e1tomat,<br \/>\n\u00e9s a kocsm\u00e1ba k\u00f6lt\u00f6z\u00f6k \u00e9n.<br \/>\nDe kikapcsolom a mobilom is,<br \/>\nnem \u00e9rdekelnek engem a r\u00e9szletek.<br \/>\nHa lenyugszik majd \u00fagy hajnal fel\u00e9,<br \/>\ntal\u00e1n hazamegyek \u00e9n.<br \/>\nMegf\u00e1jdult a fejem is, haragszik a nejem is,<br \/>\nnem sz\u00f3rakozni j\u00e1rok \u00e9n a kocsm\u00e1ba.<br \/>\nEgy fill\u00e9r nincs a zsebembe, h\u00e1t iszok hitelbe,<br \/>\nb\u00e1natomat borba folyton \u00e9n.<br \/>\n<span style=\"vertical-align: inherit;\"><span style=\"vertical-align: inherit;\">Megf\u00e1jdult a fejem is, haragszik a nejem is,<\/span><\/span><br \/>\n<span style=\"vertical-align: inherit;\"><span style=\"vertical-align: inherit;\">nem sz\u00f3rakozni j\u00e1rok \u00e9n a kocsm\u00e1ba.<\/span><\/span><br \/>\n<span style=\"vertical-align: inherit;\"><span style=\"vertical-align: inherit;\">Egy fill\u00e9r nincs a zsebembe, h\u00e1t iszok hitelbe,<\/span><\/span><br \/>\n<span style=\"vertical-align: inherit;\"><span style=\"vertical-align: inherit;\">b\u00e1natomat borba folyton \u00e9n.<\/span><\/span><br \/>\nSzeretek \u00e9lni, csak ne k\u00e9lne f\u00e9lni,<br \/>\naz ital\u00e9rt veszekszik az \u00e9n nejem.<br \/>\nNincs egy nyugodt de percem se m\u00e1r,<br \/>\njajj Istenem mi lesz \u00e9n velem.<br \/>\nHa \u0151 t\u00f6ltene, az jobban is esne,<br \/>\nnem k\u00e9ne dugdosnom a p\u00e1link\u00e1t.<br \/>\nMegbesz\u00e9ln\u00e9nk a vil\u00e1g baj\u00e1t,<br \/>\nannyit nem veszekedn\u00e9nk az \u00e1ld\u00f3j\u00e1t.<br \/>\n<span style=\"vertical-align: inherit;\"><span style=\"vertical-align: inherit;\">Megf\u00e1jdult a fejem is, haragszik a nejem is,<\/span><\/span><br \/>\n<span style=\"vertical-align: inherit;\"><span style=\"vertical-align: inherit;\">nem sz\u00f3rakozni j\u00e1rok \u00e9n a kocsm\u00e1ba.<\/span><\/span><br \/>\n<span style=\"vertical-align: inherit;\"><span style=\"vertical-align: inherit;\">Egy fill\u00e9r nincs a zsebembe, h\u00e1t iszok hitelbe,<\/span><\/span><br \/>\n<span style=\"vertical-align: inherit;\"><span style=\"vertical-align: inherit;\">b\u00e1natomat borba folyton \u00e9n.<\/span><\/span><br \/>\n<span style=\"vertical-align: inherit;\"><span style=\"vertical-align: inherit;\">Megf\u00e1jdult a fejem is, haragszik a nejem is,<\/span><\/span><br \/>\n<span style=\"vertical-align: inherit;\"><span style=\"vertical-align: inherit;\">nem sz\u00f3rakozni j\u00e1rok \u00e9n a kocsm\u00e1ba.<\/span><\/span><br \/>\n<span style=\"vertical-align: inherit;\"><span style=\"vertical-align: inherit;\">Egy fill\u00e9r nincs a zsebembe, h\u00e1t iszok hitelbe,<\/span><\/span><br \/>\n<span style=\"vertical-align: inherit;\"><span style=\"vertical-align: inherit;\">b\u00e1natomat borba folyton \u00e9n.<\/span><\/span><br \/>\nV\u00e9gre p\u00e9ntek, a mel\u00f3nak v\u00e9ge,<br \/>\nhazafel\u00e9 ben\u00e9zek a kocsm\u00e1ba.<br \/>\nDe ut\u00e1nam j\u00f6tt az \u00e9n sz\u00e9p feles\u00e9gem,<br \/>\na kez\u00e9ben ott a sodr\u00f3f\u00e1ja.<br \/>\n<span style=\"vertical-align: inherit;\"><span style=\"vertical-align: inherit;\">Szeretek \u00e9lni, csak ne k\u00e9lne f\u00e9lni,<\/span><\/span><br \/>\n<span style=\"vertical-align: inherit;\"><span style=\"vertical-align: inherit;\">az ital\u00e9rt veszekszik az \u00e9n nejem.<\/span><\/span><br \/>\n<span style=\"vertical-align: inherit;\"><span style=\"vertical-align: inherit;\">Nincs egy nyugodt de percem se m\u00e1r,<\/span><\/span><br \/>\n<span style=\"vertical-align: inherit;\"><span style=\"vertical-align: inherit;\">jajj Istenem mi lesz \u00e9n velem.<\/span><\/span><br \/>\n<span style=\"vertical-align: inherit;\"><span style=\"vertical-align: inherit;\">Megf\u00e1jdult a fejem is, haragszik a nejem is,<\/span><\/span><br \/>\n<span style=\"vertical-align: inherit;\"><span style=\"vertical-align: inherit;\">nem sz\u00f3rakozni j\u00e1rok \u00e9n a kocsm\u00e1ba.<\/span><\/span><br \/>\n<span style=\"vertical-align: inherit;\"><span style=\"vertical-align: inherit;\">Egy fill\u00e9r nincs a zsebembe, h\u00e1t iszok hitelbe,<\/span><\/span><br \/>\n<span style=\"vertical-align: inherit;\"><span style=\"vertical-align: inherit;\">b\u00e1natomat borba folyton \u00e9n.<\/span><\/span><br \/>\n<span style=\"vertical-align: inherit;\"><span style=\"vertical-align: inherit;\">Megf\u00e1jdult a fejem is, haragszik a nejem is,<\/span><\/span><br \/>\n<span style=\"vertical-align: inherit;\"><span style=\"vertical-align: inherit;\">nem sz\u00f3rakozni j\u00e1rok \u00e9n a kocsm\u00e1ba.<\/span><\/span><br \/>\n<span style=\"vertical-align: inherit;\"><span style=\"vertical-align: inherit;\">Egy fill\u00e9r nincs a zsebembe, h\u00e1t iszok hitelbe,<\/span><\/span><br \/>\n<span style=\"vertical-align: inherit;\"><span style=\"vertical-align: inherit;\">b\u00e1natomat borba folyton \u00e9n.<\/span><\/span><\/p>\n","protected":false},"featured_media":8752,"template":"","meta":{"site-sidebar-layout":"default","site-content-layout":"default","ast-site-content-layout":"default","site-content-style":"default","site-sidebar-style":"default","ast-global-header-display":"","ast-banner-title-visibility":"","ast-main-header-display":"","ast-hfb-above-header-display":"","ast-hfb-below-header-display":"","ast-hfb-mobile-header-display":"","site-post-title":"","ast-breadcrumbs-content":"","ast-featured-img":"","footer-sml-layout":"","theme-transparent-header-meta":"default","adv-header-id-meta":"","stick-header-meta":"","header-above-stick-meta":"","header-main-stick-meta":"","header-below-stick-meta":"","astra-migrate-meta-layouts":"set","ast-page-background-enabled":"default","ast-page-background-meta":{"desktop":{"background-color":"var(--ast-global-color-4)","background-image":"","background-repeat":"repeat","background-position":"center center","background-size":"auto","background-attachment":"scroll","background-type":"","background-media":"","overlay-type":"","overlay-color":"","overlay-opacity":"","overlay-gradient":""},"tablet":{"background-color":"","background-image":"","background-repeat":"repeat","background-position":"center center","background-size":"auto","background-attachment":"scroll","background-type":"","background-media":"","overlay-type":"","overlay-color":"","overlay-opacity":"","overlay-gradient":""},"mobile":{"background-color":"","background-image":"","background-repeat":"repeat","background-position":"center center","background-size":"auto","background-attachment":"scroll","background-type":"","background-media":"","overlay-type":"","overlay-color":"","overlay-opacity":"","overlay-gradient":""}},"ast-content-background-meta":{"desktop":{"background-color":"var(--ast-global-color-5)","background-image":"","background-repeat":"repeat","background-position":"center center","background-size":"auto","background-attachment":"scroll","background-type":"","background-media":"","overlay-type":"","overlay-color":"","overlay-opacity":"","overlay-gradient":""},"tablet":{"background-color":"var(--ast-global-color-5)","background-image":"","background-repeat":"repeat","background-position":"center center","background-size":"auto","background-attachment":"scroll","background-type":"","background-media":"","overlay-type":"","overlay-color":"","overlay-opacity":"","overlay-gradient":""},"mobile":{"background-color":"var(--ast-global-color-5)","background-image":"","background-repeat":"repeat","background-position":"center center","background-size":"auto","background-attachment":"scroll","background-type":"","background-media":"","overlay-type":"","overlay-color":"","overlay-opacity":"","overlay-gradient":""}}},"product_cat":[46],"product_tag":[],"class_list":["post-5277","product","type-product","status-publish","has-post-thumbnail","hentry","product_cat-eredeti-karaoke-dalok","desktop-align-left","tablet-align-left","mobile-align-left"],"_links":{"self":[{"href":"https:\/\/www.sunkaraoke.hu\/index.php\/wp-json\/wp\/v2\/product\/5277","targetHints":{"allow":["GET"]}}],"collection":[{"href":"https:\/\/www.sunkaraoke.hu\/index.php\/wp-json\/wp\/v2\/product"}],"about":[{"href":"https:\/\/www.sunkaraoke.hu\/index.php\/wp-json\/wp\/v2\/types\/product"}],"wp:featuredmedia":[{"embeddable":true,"href":"https:\/\/www.sunkaraoke.hu\/index.php\/wp-json\/wp\/v2\/media\/8752"}],"wp:attachment":[{"href":"https:\/\/www.sunkaraoke.hu\/index.php\/wp-json\/wp\/v2\/media?parent=5277"}],"wp:term":[{"taxonomy":"product_cat","embeddable":true,"href":"https:\/\/www.sunkaraoke.hu\/index.php\/wp-json\/wp\/v2\/product_cat?post=5277"},{"taxonomy":"product_tag","embeddable":true,"href":"https:\/\/www.sunkaraoke.hu\/index.php\/wp-json\/wp\/v2\/product_tag?post=5277"}],"curies":[{"name":"wp","href":"https:\/\/api.w.org\/{rel}","templated":true}]}}