{"id":5275,"date":"2022-08-08T20:48:54","date_gmt":"2022-08-08T20:48:54","guid":{"rendered":"https:\/\/www.sunkaraoke.hu\/index.php\/termek\/marta-joco-azt-hittem-jo-leszel\/"},"modified":"2026-02-14T07:36:19","modified_gmt":"2026-02-14T05:36:19","slug":"marta-joco-azt-hittem-jo-leszel","status":"publish","type":"product","link":"https:\/\/www.sunkaraoke.hu\/index.php\/termek\/marta-joco-azt-hittem-jo-leszel\/","title":{"rendered":"<div class=\"wcmp-player-container product-5275\"><audio controlslist=\"nodownload\" data-product=\"5275\"  volume=\"1\"  preload=\"none\" data-lazyloading=\"none\" class=\"wcmp-player track mejs-classic\" data-duration=\"0:33\" data-estimated_duration=\"4\"><source src=\"https:\/\/www.sunkaraoke.hu\/wp-content\/uploads\/2022\/08\/Azt-hittem-jo-leszel-Marta_demo.mp3\" type=\"audio\/mp3\" \/><\/audio><\/div>M\u00e1rta Joc\u00f3 &#8211; Azt hittem j\u00f3 leszel (Original)"},"content":{"rendered":"<p><strong>03:40<\/strong> | <strong><img loading=\"lazy\" decoding=\"async\" class=\"alignnone size-full wp-image-467\" src=\"https:\/\/www.sunkaraoke.hu\/wp-content\/uploads\/2022\/07\/choir_2-copy.webp\" alt=\"\" width=\"30\" height=\"30\" \/> <\/strong><\/p>\n","protected":false},"excerpt":{"rendered":"<h5>Bits\u0171r\u0171s\u00e9g: 320 kb\/s<br \/>\nHossz: 03:40<br \/>\nVok\u00e1lt tartalmaz: Nem <img loading=\"lazy\" decoding=\"async\" class=\"alignnone size-full wp-image-467\" src=\"http:\/\/www.sunkaraoke.hu\/wp-content\/uploads\/2022\/07\/choir_2-copy.png\" alt=\"\" width=\"30\" height=\"30\" \/><strong style=\"font-size: 16px;\"><br \/>\n<\/strong><\/h5>\n<p>&#8212;Intro&#8212;<\/p>\n<p>F\u00e1radt vagyok, v\u00e1rom hogy hozz\u00e1m b\u00fajj, de te nem teszed,<br \/>\nMinden bizalmam elsz\u00e1ll, mert \u00fagy \u00e9rzem m\u00e1r nem szeretsz.<br \/>\nM\u00e1s filmekhez vonz\u00f3dsz hirtelen, na j\u00f3 elhiszem,<br \/>\nM\u00e1s \u00faton j\u00e1runk, nem ez volt az \u00e1lmunk, h\u00e1t j\u00f3, \u00e9n t\u00e9vedtem.<\/p>\n<p>Azt hittem j\u00f3 leszel, majd megv\u00e1ltozol, \u00fajra meg \u00fajra,<br \/>\nEl\u00e1tkozom azt aki elszeret, igaz\u00e1n nem is szeret,<br \/>\nMi\u00e9rt nem \u00e9rted ezt meg nekem.<br \/>\nAzt hittem j\u00f3 leszel, majd megv\u00e1ltozol, \u00fajra meg \u00fajra,<br \/>\nEl\u00e1tkozom azt aki elszeret, igaz\u00e1n nem is szeret,<br \/>\nMi\u00e9rt nem \u00e9rted ezt meg nekem.<\/p>\n<p>&#8212;Solo&#8212;<\/p>\n<p>Azt hittem hogy minden nap sz\u00e9p veled, kedvesem,<br \/>\nDe te csak \u00e1tkozt\u00e1l, semmit nem v\u00e1ltozt\u00e1l,<br \/>\nMondd mi\u00e9rt vagy ilyen.<br \/>\nR\u00e9g l\u00e1ttalak, t\u00e1n elszerettek, az j\u00f3 lehet,<br \/>\nNem volt az v\u00e9letlen, h\u00f6lgyem \u00f6n \u00e9retlen,<br \/>\nMert nem szeret.<\/p>\n<p>Azt hittem j\u00f3 leszel, majd megv\u00e1ltozol, \u00fajra meg \u00fajra,<br \/>\nEl\u00e1tkozom azt aki elszeret, igaz\u00e1n nem is szeret,<br \/>\nMi\u00e9rt nem \u00e9rted ezt meg nekem.<br \/>\nAzt hittem j\u00f3 leszel, majd megv\u00e1ltozol, \u00fajra meg \u00fajra,<br \/>\nEl\u00e1tkozom azt aki elszeret, igaz\u00e1n nem is szeret,<br \/>\nMi\u00e9rt nem \u00e9rted ezt meg nekem.<\/p>\n<p>&#8212;Sz\u00f3l\u00f3&#8212;<\/p>\n<p>F\u00e1radt vagyok, v\u00e1rom hogy hozz\u00e1m b\u00fajj, de te nem teszed,<br \/>\nMinden bizalmam elsz\u00e1ll, mert \u00fagy \u00e9rzem m\u00e1r nem szeretsz.<br \/>\nR\u00e9g l\u00e1ttalak, t\u00e1n elszerettek, az j\u00f3 lehet,<br \/>\nNem volt az v\u00e9letlen, h\u00f6lgyem \u00f6n \u00e9retlen,<br \/>\nMert nem szeret.<\/p>\n<p>Azt hittem j\u00f3 leszel, majd megv\u00e1ltozol, \u00fajra meg \u00fajra,<br \/>\nEl\u00e1tkozom azt aki elszeret, igaz\u00e1n nem is szeret,<br \/>\nMi\u00e9rt nem \u00e9rted ezt meg nekem.<br \/>\nAzt hittem j\u00f3 leszel, majd megv\u00e1ltozol, \u00fajra meg \u00fajra,<br \/>\nEl\u00e1tkozom azt aki elszeret, igaz\u00e1n nem is szeret,<br \/>\nMi\u00e9rt nem \u00e9rted ezt meg nekem.<\/p>\n","protected":false},"featured_media":8752,"template":"","meta":{"site-sidebar-layout":"default","site-content-layout":"default","ast-site-content-layout":"default","site-content-style":"default","site-sidebar-style":"default","ast-global-header-display":"","ast-banner-title-visibility":"","ast-main-header-display":"","ast-hfb-above-header-display":"","ast-hfb-below-header-display":"","ast-hfb-mobile-header-display":"","site-post-title":"","ast-breadcrumbs-content":"","ast-featured-img":"","footer-sml-layout":"","theme-transparent-header-meta":"default","adv-header-id-meta":"","stick-header-meta":"","header-above-stick-meta":"","header-main-stick-meta":"","header-below-stick-meta":"","astra-migrate-meta-layouts":"set","ast-page-background-enabled":"default","ast-page-background-meta":{"desktop":{"background-color":"var(--ast-global-color-4)","background-image":"","background-repeat":"repeat","background-position":"center center","background-size":"auto","background-attachment":"scroll","background-type":"","background-media":"","overlay-type":"","overlay-color":"","overlay-opacity":"","overlay-gradient":""},"tablet":{"background-color":"","background-image":"","background-repeat":"repeat","background-position":"center center","background-size":"auto","background-attachment":"scroll","background-type":"","background-media":"","overlay-type":"","overlay-color":"","overlay-opacity":"","overlay-gradient":""},"mobile":{"background-color":"","background-image":"","background-repeat":"repeat","background-position":"center center","background-size":"auto","background-attachment":"scroll","background-type":"","background-media":"","overlay-type":"","overlay-color":"","overlay-opacity":"","overlay-gradient":""}},"ast-content-background-meta":{"desktop":{"background-color":"var(--ast-global-color-5)","background-image":"","background-repeat":"repeat","background-position":"center center","background-size":"auto","background-attachment":"scroll","background-type":"","background-media":"","overlay-type":"","overlay-color":"","overlay-opacity":"","overlay-gradient":""},"tablet":{"background-color":"var(--ast-global-color-5)","background-image":"","background-repeat":"repeat","background-position":"center center","background-size":"auto","background-attachment":"scroll","background-type":"","background-media":"","overlay-type":"","overlay-color":"","overlay-opacity":"","overlay-gradient":""},"mobile":{"background-color":"var(--ast-global-color-5)","background-image":"","background-repeat":"repeat","background-position":"center center","background-size":"auto","background-attachment":"scroll","background-type":"","background-media":"","overlay-type":"","overlay-color":"","overlay-opacity":"","overlay-gradient":""}}},"product_cat":[46],"product_tag":[],"class_list":["post-5275","product","type-product","status-publish","has-post-thumbnail","hentry","product_cat-eredeti-karaoke-dalok","desktop-align-left","tablet-align-left","mobile-align-left"],"_links":{"self":[{"href":"https:\/\/www.sunkaraoke.hu\/index.php\/wp-json\/wp\/v2\/product\/5275","targetHints":{"allow":["GET"]}}],"collection":[{"href":"https:\/\/www.sunkaraoke.hu\/index.php\/wp-json\/wp\/v2\/product"}],"about":[{"href":"https:\/\/www.sunkaraoke.hu\/index.php\/wp-json\/wp\/v2\/types\/product"}],"wp:featuredmedia":[{"embeddable":true,"href":"https:\/\/www.sunkaraoke.hu\/index.php\/wp-json\/wp\/v2\/media\/8752"}],"wp:attachment":[{"href":"https:\/\/www.sunkaraoke.hu\/index.php\/wp-json\/wp\/v2\/media?parent=5275"}],"wp:term":[{"taxonomy":"product_cat","embeddable":true,"href":"https:\/\/www.sunkaraoke.hu\/index.php\/wp-json\/wp\/v2\/product_cat?post=5275"},{"taxonomy":"product_tag","embeddable":true,"href":"https:\/\/www.sunkaraoke.hu\/index.php\/wp-json\/wp\/v2\/product_tag?post=5275"}],"curies":[{"name":"wp","href":"https:\/\/api.w.org\/{rel}","templated":true}]}}