{"id":5274,"date":"2022-08-08T20:48:54","date_gmt":"2022-08-08T20:48:54","guid":{"rendered":"https:\/\/www.sunkaraoke.hu\/index.php\/termek\/marta-joco-miert-nem-vagy-velem\/"},"modified":"2026-02-14T07:36:20","modified_gmt":"2026-02-14T05:36:20","slug":"marta-joco-miert-nem-vagy-velem","status":"publish","type":"product","link":"https:\/\/www.sunkaraoke.hu\/index.php\/termek\/marta-joco-miert-nem-vagy-velem\/","title":{"rendered":"<div class=\"wcmp-player-container product-5274\"><audio controlslist=\"nodownload\" data-product=\"5274\"  volume=\"1\"  preload=\"none\" data-lazyloading=\"none\" class=\"wcmp-player track mejs-classic\" data-duration=\"0:32\" data-estimated_duration=\"4\"><source src=\"https:\/\/www.sunkaraoke.hu\/wp-content\/uploads\/2022\/08\/Miert-nem-vagy-velem_demo.mp3\" type=\"audio\/mp3\" \/><\/audio><\/div>M\u00e1rta Joc\u00f3 &#8211; Mi\u00e9rt nem vagy velem  (Original)"},"content":{"rendered":"<p><strong>03:31<\/strong> | <strong><img loading=\"lazy\" decoding=\"async\" class=\"alignnone size-full wp-image-467\" src=\"https:\/\/www.sunkaraoke.hu\/wp-content\/uploads\/2022\/07\/choir_2-copy.webp\" alt=\"\" width=\"30\" height=\"30\" \/> <\/strong><\/p>\n","protected":false},"excerpt":{"rendered":"<h5>Bits\u0171r\u0171s\u00e9g: 320 kb\/s<br \/>\nHossz: 03:31<br \/>\nVok\u00e1lt tartalmaz: Nem <img loading=\"lazy\" decoding=\"async\" class=\"alignnone size-full wp-image-467\" src=\"http:\/\/www.sunkaraoke.hu\/wp-content\/uploads\/2022\/07\/choir_2-copy.png\" alt=\"\" width=\"30\" height=\"30\" \/><strong style=\"font-size: 16px;\"><br \/>\n<\/strong><\/h5>\n<p>Sunkaraoke mp3 st\u00fadi\u00f3 \/ www.sunkaraoke.hu \/ Inf: Tel: 06 20 4275001<\/p>\n<p>&#8212;Intro&#8212;<\/p>\n<p>Gyere t\u00f6lts el velem egy eg\u00e9sz \u00e9jszak\u00e1t,<br \/>\nhogy \u00e9rezd a testem egy eg\u00e9sz \u00e9jjen \u00e1t.<br \/>\nHunyd le a szemed, cs\u00f3kolj b\u00e1tran,<br \/>\nminden ami j\u00f3, benned megtal\u00e1ltam.<\/p>\n<p>\u00dclj ide mell\u00e9m, k\u00e9z a k\u00e9zben,<br \/>\n\u00e9rezd hogy \u00e9rezhesselek eg\u00e9szben.<br \/>\nMondd hogy szeretsz hogy szeretsz engem,<br \/>\n\u00e9s b\u00e1r mi t\u00f6rt\u00e9njen, nem hagysz el engem.<\/p>\n<p>Mi\u00e9rt nem vagy mindig itt velem, hisz te is tudod j\u00f3l,<br \/>\nhogy milyen, rossz n\u00e9lk\u00fcled.<br \/>\nB\u00fajj hozz\u00e1m \u00e9s \u00f6lelj \u00e1t, tartson ez az \u00e9rz\u00e9s,<br \/>\negy eg\u00e9sz \u00e9leten \u00e1t.<\/p>\n<p>Mi\u00e9rt nem vagy mindig itt velem, hisz te is tudod j\u00f3l,<br \/>\nhogy milyen, rossz n\u00e9lk\u00fcled.<br \/>\nB\u00fajj hozz\u00e1m \u00e9s \u00f6lelj \u00e1t, tartson ez az \u00e9rz\u00e9s,<br \/>\negy eg\u00e9sz \u00e9leten \u00e1t.<\/p>\n<p>&#8212;Solo&#8212;<\/p>\n<p>Hi\u00e1nyzik a tested, hi\u00e1nyzik az illatod,<br \/>\nb\u00e1r mit k\u00e9rsz t\u0151lem megkapod.<br \/>\nSzeretlek nappal, szeretlek \u00e9jjel,<br \/>\nvigy\u00e1zok r\u00e1d, h\u00e1t ne menj m\u00e9g el.<\/p>\n<p>Vesd le a ruh\u00e1d \u00e9s fek\u00fcdj le mell\u00e9m,<br \/>\nb\u00fajj hozz\u00e1m, \u00e9n sz\u00edvesen tenn\u00e9m.<br \/>\nCsak gy\u00f6t\u00f6r a kin \u00e9s a f\u00e1jdalom,<br \/>\namikor hosszan fekszel az \u00e1gyamon.<\/p>\n<p>Mi\u00e9rt nem vagy mindig itt velem, hisz te is tudod j\u00f3l,<br \/>\nhogy milyen, rossz n\u00e9lk\u00fcled.<br \/>\nB\u00fajj hozz\u00e1m \u00e9s \u00f6lelj \u00e1t, tartson ez az \u00e9rz\u00e9s,<br \/>\negy eg\u00e9sz \u00e9leten \u00e1t.<\/p>\n<p>Mi\u00e9rt nem vagy mindig itt velem, hisz te is tudod j\u00f3l,<br \/>\nhogy milyen, rossz n\u00e9lk\u00fcled.<br \/>\nB\u00fajj hozz\u00e1m \u00e9s \u00f6lelj \u00e1t, tartson ez az \u00e9rz\u00e9s,<br \/>\negy eg\u00e9sz \u00e9leten \u00e1t.<\/p>\n<p>&#8212;Solo&#8212;<\/p>\n<p>Mi\u00e9rt nem vagy mindig itt velem, hisz te is tudod j\u00f3l,<br \/>\nhogy milyen, rossz n\u00e9lk\u00fcled.<br \/>\nB\u00fajj hozz\u00e1m \u00e9s \u00f6lelj \u00e1t, tartson ez az \u00e9rz\u00e9s,<br \/>\negy eg\u00e9sz \u00e9leten \u00e1t.<\/p>\n<p>Mi\u00e9rt nem vagy mindig itt velem, hisz te is tudod j\u00f3l,<br \/>\nhogy milyen, rossz n\u00e9lk\u00fcled.<br \/>\nB\u00fajj hozz\u00e1m \u00e9s \u00f6lelj \u00e1t, tartson ez az \u00e9rz\u00e9s,<br \/>\negy eg\u00e9sz \u00e9leten \u00e1t.<\/p>\n","protected":false},"featured_media":8752,"template":"","meta":{"site-sidebar-layout":"default","site-content-layout":"default","ast-site-content-layout":"default","site-content-style":"default","site-sidebar-style":"default","ast-global-header-display":"","ast-banner-title-visibility":"","ast-main-header-display":"","ast-hfb-above-header-display":"","ast-hfb-below-header-display":"","ast-hfb-mobile-header-display":"","site-post-title":"","ast-breadcrumbs-content":"","ast-featured-img":"","footer-sml-layout":"","theme-transparent-header-meta":"default","adv-header-id-meta":"","stick-header-meta":"","header-above-stick-meta":"","header-main-stick-meta":"","header-below-stick-meta":"","astra-migrate-meta-layouts":"set","ast-page-background-enabled":"default","ast-page-background-meta":{"desktop":{"background-color":"var(--ast-global-color-4)","background-image":"","background-repeat":"repeat","background-position":"center center","background-size":"auto","background-attachment":"scroll","background-type":"","background-media":"","overlay-type":"","overlay-color":"","overlay-opacity":"","overlay-gradient":""},"tablet":{"background-color":"","background-image":"","background-repeat":"repeat","background-position":"center center","background-size":"auto","background-attachment":"scroll","background-type":"","background-media":"","overlay-type":"","overlay-color":"","overlay-opacity":"","overlay-gradient":""},"mobile":{"background-color":"","background-image":"","background-repeat":"repeat","background-position":"center center","background-size":"auto","background-attachment":"scroll","background-type":"","background-media":"","overlay-type":"","overlay-color":"","overlay-opacity":"","overlay-gradient":""}},"ast-content-background-meta":{"desktop":{"background-color":"var(--ast-global-color-5)","background-image":"","background-repeat":"repeat","background-position":"center center","background-size":"auto","background-attachment":"scroll","background-type":"","background-media":"","overlay-type":"","overlay-color":"","overlay-opacity":"","overlay-gradient":""},"tablet":{"background-color":"var(--ast-global-color-5)","background-image":"","background-repeat":"repeat","background-position":"center center","background-size":"auto","background-attachment":"scroll","background-type":"","background-media":"","overlay-type":"","overlay-color":"","overlay-opacity":"","overlay-gradient":""},"mobile":{"background-color":"var(--ast-global-color-5)","background-image":"","background-repeat":"repeat","background-position":"center center","background-size":"auto","background-attachment":"scroll","background-type":"","background-media":"","overlay-type":"","overlay-color":"","overlay-opacity":"","overlay-gradient":""}}},"product_cat":[46],"product_tag":[],"class_list":["post-5274","product","type-product","status-publish","has-post-thumbnail","hentry","product_cat-eredeti-karaoke-dalok","desktop-align-left","tablet-align-left","mobile-align-left"],"_links":{"self":[{"href":"https:\/\/www.sunkaraoke.hu\/index.php\/wp-json\/wp\/v2\/product\/5274","targetHints":{"allow":["GET"]}}],"collection":[{"href":"https:\/\/www.sunkaraoke.hu\/index.php\/wp-json\/wp\/v2\/product"}],"about":[{"href":"https:\/\/www.sunkaraoke.hu\/index.php\/wp-json\/wp\/v2\/types\/product"}],"wp:featuredmedia":[{"embeddable":true,"href":"https:\/\/www.sunkaraoke.hu\/index.php\/wp-json\/wp\/v2\/media\/8752"}],"wp:attachment":[{"href":"https:\/\/www.sunkaraoke.hu\/index.php\/wp-json\/wp\/v2\/media?parent=5274"}],"wp:term":[{"taxonomy":"product_cat","embeddable":true,"href":"https:\/\/www.sunkaraoke.hu\/index.php\/wp-json\/wp\/v2\/product_cat?post=5274"},{"taxonomy":"product_tag","embeddable":true,"href":"https:\/\/www.sunkaraoke.hu\/index.php\/wp-json\/wp\/v2\/product_tag?post=5274"}],"curies":[{"name":"wp","href":"https:\/\/api.w.org\/{rel}","templated":true}]}}