{"id":5273,"date":"2022-08-08T20:48:54","date_gmt":"2022-08-08T20:48:54","guid":{"rendered":"https:\/\/www.sunkaraoke.hu\/index.php\/termek\/marta-joco-nem-futok-en-utanad\/"},"modified":"2025-06-08T06:49:05","modified_gmt":"2025-06-08T04:49:05","slug":"marta-joco-nem-futok-en-utanad","status":"publish","type":"product","link":"https:\/\/www.sunkaraoke.hu\/index.php\/termek\/marta-joco-nem-futok-en-utanad\/","title":{"rendered":"<div class=\"wcmp-player-container product-5273\"><audio controlslist=\"nodownload\" data-product=\"5273\"  volume=\"1\"  preload=\"none\" data-lazyloading=\"none\" class=\"wcmp-player track mejs-classic\" data-duration=\"0:32\" data-estimated_duration=\"4\"><source src=\"https:\/\/www.sunkaraoke.hu\/wp-content\/uploads\/2022\/08\/Nem-futok-en-utanad-Marta_demo.mp3\" type=\"audio\/mp3\" \/><\/audio><\/div>M\u00e1rta Joc\u00f3 &#8211; Nem futok \u00e9n ut\u00e1nad"},"content":{"rendered":"<p><strong>03:15<\/strong> | <strong><img loading=\"lazy\" decoding=\"async\" class=\"alignnone size-full wp-image-467\" src=\"https:\/\/www.sunkaraoke.hu\/wp-content\/uploads\/2022\/07\/choir_2-copy.webp\" alt=\"\" width=\"30\" height=\"30\" \/> <\/strong><\/p>\n","protected":false},"excerpt":{"rendered":"<h5>Bits\u0171r\u0171s\u00e9g: 320 kb\/s<br \/>\nHossz: 03:15<br \/>\nVok\u00e1lt tartalmaz: Nem <img loading=\"lazy\" decoding=\"async\" class=\"alignnone size-full wp-image-467\" src=\"http:\/\/www.sunkaraoke.hu\/wp-content\/uploads\/2022\/07\/choir_2-copy.png\" alt=\"\" width=\"30\" height=\"30\" \/><strong style=\"font-size: 16px;\"><br \/>\n<\/strong><\/h5>\n<p>&nbsp;<\/p>\n<p>&#8212;Intro&#8212;00:12<\/p>\n<p>Az \u00e9letem megette a b\u00fab\u00e1nat,<br \/>\nmegfogattam nem futok \u00e9n ut\u00e1nad.<br \/>\nNem futok \u00e9n senki ut\u00e1n,<br \/>\naki elment visszaj\u00f6n majd holnap ut\u00e1n.<\/p>\n<p>Nem is tudom mi lett veled angyalom,<br \/>\n\u00e1lland\u00f3an veszekedsz \u00e9n r\u00e1d hagyom.<br \/>\nR\u00e1d hagyom mert tudom j\u00f3l,<br \/>\nolyan \u00e1rtatlan vagy mikor elalszol.<\/p>\n<p>R\u00e1d hagyom mert tudom j\u00f3l,<br \/>\nolyan \u00e1rtatlan vagy mikor elalszol.<\/p>\n<p>De nem kell a sz\u00edvemnek t\u00f6bb\u00e9 b\u00e1nat,<br \/>\nnem futok \u00e9n ut\u00e1nad, jajjjj&#8230;.<br \/>\nCsak azt k\u00e9rem \u00e9n az Istent\u0151l,<br \/>\nhozza vissza az \u00e9n r\u00e9gi bab\u00e1mat.<\/p>\n<p>De nem kell a sz\u00edvemnek t\u00f6bb\u00e9 b\u00e1nat,<br \/>\nnem futok \u00e9n ut\u00e1nad, jajjjj..<br \/>\nElrontottam az \u00e9letem,<br \/>\nnem hallgattam a j\u00f3any\u00e1mra.<\/p>\n<p>&#8212;Solo&#8212;01:20<\/p>\n<p>Hazafel\u00e9 a kocsm\u00e1ba bet\u00e9rek,<br \/>\naz emberek mindenf\u00e9l\u00e9t besz\u00e9lnek.<br \/>\nMindenki tudja a b\u00e1natom,<br \/>\ncsak legyintek egyet, nem is folytatom.<\/p>\n<p>Bel\u00e9pek a h\u00e1zba megint \u00e1ll a b\u00e1l,<br \/>\nmilyen rossz vagyok a sz\u00e1ja be nem \u00e1ll.<br \/>\nJobbnak l\u00e1tom ha most lefekszem,<br \/>\nbedugom a f\u00fclem \u00e9n nem veszekszem.<\/p>\n<p>De jobbnak l\u00e1tom ha most lefekszem,<br \/>\nbedugom a f\u00fclem \u00e9n nem veszekszem.<\/p>\n<p>De nem kell a sz\u00edvemnek t\u00f6bb\u00e9 b\u00e1nat,<br \/>\nnem futok \u00e9n ut\u00e1nad, jajjjj&#8230;.<br \/>\nCsak azt k\u00e9rem \u00e9n az Istent\u0151l,<br \/>\nhozza vissza az \u00e9n r\u00e9gi bab\u00e1mat.<br \/>\nDe nem kell a sz\u00edvemnek t\u00f6bb\u00e9 b\u00e1nat,<br \/>\nnem futok \u00e9n ut\u00e1nad, jajjjj..<br \/>\nElrontottam az \u00e9letem,<br \/>\nnem hallgattam a j\u00f3any\u00e1mra.<\/p>\n<p>\u00dagy l\u00e1tom nem lesz ebb\u0151l boldogs\u00e1g,<br \/>\negyre jobban n\u0151 k\u00f6zt\u00fcnk a t\u00e1vols\u00e1g.<br \/>\nDe nem tudom hogy mit tegyek,<br \/>\n\u00f6sszepakolok azt\u00e1n \u00e9n elmegyek.<\/p>\n<p>Az \u00e9letem megette a b\u00fab\u00e1nat,<br \/>\nmegfogattam nem futok \u00e9n ut\u00e1nad.<br \/>\nNem futok \u00e9n senki ut\u00e1n,<br \/>\naki elment visszaj\u00f6n majd holnap ut\u00e1n.<\/p>\n<p>De nem futok \u00e9n senki ut\u00e1n,<br \/>\naki elment visszaj\u00f6n majd holnap ut\u00e1n.<\/p>\n<p>De nem kell a sz\u00edvemnek t\u00f6bb\u00e9 b\u00e1nat,<br \/>\nnem futok \u00e9n ut\u00e1nad, jajjjj&#8230;.<br \/>\nCsak azt k\u00e9rem \u00e9n az Istent\u0151l,<br \/>\nhozza vissza az \u00e9n r\u00e9gi bab\u00e1mat.<\/p>\n<p>De nem kell a sz\u00edvemnek t\u00f6bb\u00e9 b\u00e1nat,<br \/>\nnem futok \u00e9n ut\u00e1nad, jajjjj..<br \/>\nElrontottam az \u00e9letem,<br \/>\nnem hallgattam a j\u00f3any\u00e1mra.<\/p>\n","protected":false},"featured_media":8752,"template":"","meta":{"site-sidebar-layout":"default","site-content-layout":"default","ast-site-content-layout":"default","site-content-style":"default","site-sidebar-style":"default","ast-global-header-display":"","ast-banner-title-visibility":"","ast-main-header-display":"","ast-hfb-above-header-display":"","ast-hfb-below-header-display":"","ast-hfb-mobile-header-display":"","site-post-title":"","ast-breadcrumbs-content":"","ast-featured-img":"","footer-sml-layout":"","theme-transparent-header-meta":"default","adv-header-id-meta":"","stick-header-meta":"","header-above-stick-meta":"","header-main-stick-meta":"","header-below-stick-meta":"","astra-migrate-meta-layouts":"set","ast-page-background-enabled":"default","ast-page-background-meta":{"desktop":{"background-color":"var(--ast-global-color-4)","background-image":"","background-repeat":"repeat","background-position":"center center","background-size":"auto","background-attachment":"scroll","background-type":"","background-media":"","overlay-type":"","overlay-color":"","overlay-opacity":"","overlay-gradient":""},"tablet":{"background-color":"","background-image":"","background-repeat":"repeat","background-position":"center center","background-size":"auto","background-attachment":"scroll","background-type":"","background-media":"","overlay-type":"","overlay-color":"","overlay-opacity":"","overlay-gradient":""},"mobile":{"background-color":"","background-image":"","background-repeat":"repeat","background-position":"center center","background-size":"auto","background-attachment":"scroll","background-type":"","background-media":"","overlay-type":"","overlay-color":"","overlay-opacity":"","overlay-gradient":""}},"ast-content-background-meta":{"desktop":{"background-color":"var(--ast-global-color-5)","background-image":"","background-repeat":"repeat","background-position":"center center","background-size":"auto","background-attachment":"scroll","background-type":"","background-media":"","overlay-type":"","overlay-color":"","overlay-opacity":"","overlay-gradient":""},"tablet":{"background-color":"var(--ast-global-color-5)","background-image":"","background-repeat":"repeat","background-position":"center center","background-size":"auto","background-attachment":"scroll","background-type":"","background-media":"","overlay-type":"","overlay-color":"","overlay-opacity":"","overlay-gradient":""},"mobile":{"background-color":"var(--ast-global-color-5)","background-image":"","background-repeat":"repeat","background-position":"center center","background-size":"auto","background-attachment":"scroll","background-type":"","background-media":"","overlay-type":"","overlay-color":"","overlay-opacity":"","overlay-gradient":""}}},"product_cat":[46],"product_tag":[],"class_list":["post-5273","product","type-product","status-publish","has-post-thumbnail","hentry","product_cat-eredeti-karaoke-dalok","desktop-align-left","tablet-align-left","mobile-align-left"],"_links":{"self":[{"href":"https:\/\/www.sunkaraoke.hu\/index.php\/wp-json\/wp\/v2\/product\/5273","targetHints":{"allow":["GET"]}}],"collection":[{"href":"https:\/\/www.sunkaraoke.hu\/index.php\/wp-json\/wp\/v2\/product"}],"about":[{"href":"https:\/\/www.sunkaraoke.hu\/index.php\/wp-json\/wp\/v2\/types\/product"}],"wp:featuredmedia":[{"embeddable":true,"href":"https:\/\/www.sunkaraoke.hu\/index.php\/wp-json\/wp\/v2\/media\/8752"}],"wp:attachment":[{"href":"https:\/\/www.sunkaraoke.hu\/index.php\/wp-json\/wp\/v2\/media?parent=5273"}],"wp:term":[{"taxonomy":"product_cat","embeddable":true,"href":"https:\/\/www.sunkaraoke.hu\/index.php\/wp-json\/wp\/v2\/product_cat?post=5273"},{"taxonomy":"product_tag","embeddable":true,"href":"https:\/\/www.sunkaraoke.hu\/index.php\/wp-json\/wp\/v2\/product_tag?post=5273"}],"curies":[{"name":"wp","href":"https:\/\/api.w.org\/{rel}","templated":true}]}}