{"id":5272,"date":"2022-08-08T20:48:54","date_gmt":"2022-08-08T20:48:54","guid":{"rendered":"https:\/\/www.sunkaraoke.hu\/index.php\/termek\/marta-joco-forog-a-fold\/"},"modified":"2024-12-02T19:34:48","modified_gmt":"2024-12-02T19:34:48","slug":"marta-joco-forog-a-fold","status":"publish","type":"product","link":"https:\/\/www.sunkaraoke.hu\/index.php\/termek\/marta-joco-forog-a-fold\/","title":{"rendered":"<div class=\"wcmp-player-container product-5272\"><audio controlslist=\"nodownload\" data-product=\"5272\"  volume=\"1\"  preload=\"none\" data-lazyloading=\"none\" class=\"wcmp-player track mejs-classic\" data-duration=\"0:30\" data-estimated_duration=\"3\"><source src=\"https:\/\/www.sunkaraoke.hu\/wp-content\/uploads\/2022\/08\/Forog-a-fold-Marta._demo-1.mp3\" type=\"audio\/mp3\" \/><\/audio><\/div>M\u00e1rta Joc\u00f3 &#8211; Forog a f\u00f6ld"},"content":{"rendered":"<p><strong>03:52<\/strong> | <strong><img loading=\"lazy\" decoding=\"async\" class=\"alignnone size-full wp-image-467\" src=\"https:\/\/www.sunkaraoke.hu\/wp-content\/uploads\/2022\/07\/choir_2-copy.webp\" alt=\"\" width=\"30\" height=\"30\" \/> <\/strong><\/p>\n","protected":false},"excerpt":{"rendered":"<h5>Bits\u0171r\u0171s\u00e9g: 320 kb\/s<br \/>\nHossz: 03:52<br \/>\nVok\u00e1lt tartalmaz: Nem <img loading=\"lazy\" decoding=\"async\" class=\"alignnone size-full wp-image-467\" src=\"http:\/\/www.sunkaraoke.hu\/wp-content\/uploads\/2022\/07\/choir_2-copy.png\" alt=\"\" width=\"30\" height=\"30\" \/><strong style=\"font-size: 16px;\"><br \/>\n<\/strong><\/h5>\n<p>&nbsp;<\/p>\n<p>&#8212;Intro&#8212;00:36<\/p>\n<p>\u00dagy alakult hogy megismertelek t\u00e9ged,<br \/>\nEgy angyalt k\u0171ldtek az Istenek hozz\u00e1m.<br \/>\n\u00c9n a t\u0171zbe raktam volna a kezem \u00e9rted,<br \/>\nAnnyira hittem hogy vigy\u00e1zol majd r\u00e1m.<\/p>\n<p>L\u00e1tod \u00fajra nevetek \u00e9n, az \u00e9gre rajzolom a nevedet \u00e9n,<br \/>\nVir\u00e1g nyil\u00edk a l\u00e9pted ut\u00e1n b\u00e1r hol j\u00e1rsz, b\u00e1rhol j\u00e1rsz!<\/p>\n<p>Forog a F\u00f6ld ez j\u00f3 dolog, ha mennem kell h\u00e1t indulok,<br \/>\nTudom v\u00e1rsz r\u00e1m, ott a h\u00e1zn\u00e1l, ahol boldogok vagyunk.<br \/>\nForog a F\u00f6ld ez nem vit\u00e1s, nem is kell m\u00e1r senki m\u00e1s,<br \/>\nCsak egy \u00faj dal sz\u00f3l a r\u00e9gi zongor\u00e1n.<\/p>\n<p>Forog a F\u00f6ld ez j\u00f3 dolog, ha mennem kell h\u00e1t indulok,<br \/>\nTudom v\u00e1rsz r\u00e1m, ott a h\u00e1zn\u00e1l, ahol boldogok vagyunk.<br \/>\nForog a F\u00f6ld ez nem vit\u00e1s, nem is kell m\u00e1r senki m\u00e1s,<br \/>\nCsak egy \u00faj dal sz\u00f3l a r\u00e9gi zongor\u00e1n.<\/p>\n<p>&#8212;Solo&#8212;01:56<\/p>\n<p>Ha belegondolok hogy elvesz\u00edtlek t\u00e9ged,<br \/>\nS\u00fagd a f\u00fclembe hogy nem haragszol r\u00e1m!<br \/>\n\u00c9n f\u00e9l ember lenn\u00e9k n\u00e9lk\u00fcled \u00e9des,<br \/>\nCsak sz\u00f3lnod kell \u00e9s \u00e9n rohanok hozz\u00e1d.<\/p>\n<p>L\u00e1tod \u00fajra nevetek \u00e9n, az \u00e9gre rajzolom a nevedet \u00e9n,<br \/>\nVir\u00e1g ny\u00edlik a l\u00e9pted ut\u00e1n b\u00e1r hol j\u00e1rsz, b\u00e1rhol j\u00e1rsz!<\/p>\n<p>Forog a F\u00f6ld ez j\u00f3 dolog, ha mennem kell h\u00e1t indulok,<br \/>\nTudom v\u00e1rsz r\u00e1m, ott a h\u00e1zn\u00e1l, ahol boldogok vagyunk.<br \/>\nForog a F\u00f6ld ez nem vit\u00e1s, nem is kell m\u00e1r senki m\u00e1s,<br \/>\nCsak egy \u00faj dal sz\u00f3l a r\u00e9gi zongor\u00e1n.<\/p>\n<p>Forog a F\u00f6ld ez j\u00f3 dolog, ha mennem kell h\u00e1t indulok,<br \/>\nTudom v\u00e1rsz r\u00e1m, ott a h\u00e1zn\u00e1l, ahol boldogok vagyunk.<br \/>\nForog a F\u00f6ld ez nem vit\u00e1s, nem is kell m\u00e1r senki m\u00e1s,<br \/>\nCsak egy \u00faj dal sz\u00f3l a r\u00e9gi zongor\u00e1n.<\/p>\n<p>L\u00e1tod \u00fajra nevetek \u00e9n, az \u00e9gre rajzolom a nevedet \u00e9n,<br \/>\nVir\u00e1g ny\u00edlik a l\u00e9pted ut\u00e1n b\u00e1r hol j\u00e1rsz,<\/p>\n<p>L\u00e1tod \u00fajra nevetek \u00e9n, az \u00e9gre rajzolom a nevedet \u00e9n,<br \/>\nVir\u00e1g ny\u00edlik a l\u00e9pted ut\u00e1n b\u00e1r hol j\u00e1rsz, b\u00e1rhol j\u00e1rsz!<\/p>\n<p>Forog a F\u00f6ld ez j\u00f3 dolog, ha mennem kell h\u00e1t indulok,<br \/>\nTudom v\u00e1rsz r\u00e1m, ott a h\u00e1zn\u00e1l, ahol boldogok vagyunk.<br \/>\nForog a F\u00f6ld ez nem vit\u00e1s, nem is kell m\u00e1r senki m\u00e1s,<br \/>\nCsak egy \u00faj dal sz\u00f3l a r\u00e9gi zongor\u00e1n.<\/p>\n<p>Forog a F\u00f6ld ez j\u00f3 dolog, ha mennem kell h\u00e1t indulok,<br \/>\nTudom v\u00e1rsz r\u00e1m, ott a h\u00e1zn\u00e1l, ahol boldogok vagyunk.<br \/>\nForog a F\u00f6ld ez nem vit\u00e1s, nem is kell m\u00e1r senki m\u00e1s,<br \/>\nCsak egy \u00faj dal sz\u00f3l a r\u00e9gi zongor\u00e1n.<\/p>\n","protected":false},"featured_media":8752,"template":"","meta":{"site-sidebar-layout":"default","site-content-layout":"default","ast-site-content-layout":"default","site-content-style":"default","site-sidebar-style":"default","ast-global-header-display":"","ast-banner-title-visibility":"","ast-main-header-display":"","ast-hfb-above-header-display":"","ast-hfb-below-header-display":"","ast-hfb-mobile-header-display":"","site-post-title":"","ast-breadcrumbs-content":"","ast-featured-img":"","footer-sml-layout":"","theme-transparent-header-meta":"default","adv-header-id-meta":"","stick-header-meta":"","header-above-stick-meta":"","header-main-stick-meta":"","header-below-stick-meta":"","astra-migrate-meta-layouts":"set","ast-page-background-enabled":"default","ast-page-background-meta":{"desktop":{"background-color":"var(--ast-global-color-4)","background-image":"","background-repeat":"repeat","background-position":"center center","background-size":"auto","background-attachment":"scroll","background-type":"","background-media":"","overlay-type":"","overlay-color":"","overlay-opacity":"","overlay-gradient":""},"tablet":{"background-color":"","background-image":"","background-repeat":"repeat","background-position":"center center","background-size":"auto","background-attachment":"scroll","background-type":"","background-media":"","overlay-type":"","overlay-color":"","overlay-opacity":"","overlay-gradient":""},"mobile":{"background-color":"","background-image":"","background-repeat":"repeat","background-position":"center center","background-size":"auto","background-attachment":"scroll","background-type":"","background-media":"","overlay-type":"","overlay-color":"","overlay-opacity":"","overlay-gradient":""}},"ast-content-background-meta":{"desktop":{"background-color":"var(--ast-global-color-5)","background-image":"","background-repeat":"repeat","background-position":"center center","background-size":"auto","background-attachment":"scroll","background-type":"","background-media":"","overlay-type":"","overlay-color":"","overlay-opacity":"","overlay-gradient":""},"tablet":{"background-color":"var(--ast-global-color-5)","background-image":"","background-repeat":"repeat","background-position":"center center","background-size":"auto","background-attachment":"scroll","background-type":"","background-media":"","overlay-type":"","overlay-color":"","overlay-opacity":"","overlay-gradient":""},"mobile":{"background-color":"var(--ast-global-color-5)","background-image":"","background-repeat":"repeat","background-position":"center center","background-size":"auto","background-attachment":"scroll","background-type":"","background-media":"","overlay-type":"","overlay-color":"","overlay-opacity":"","overlay-gradient":""}}},"product_cat":[46],"product_tag":[],"class_list":["post-5272","product","type-product","status-publish","has-post-thumbnail","hentry","product_cat-eredeti-karaoke-dalok","desktop-align-left","tablet-align-left","mobile-align-left"],"_links":{"self":[{"href":"https:\/\/www.sunkaraoke.hu\/index.php\/wp-json\/wp\/v2\/product\/5272","targetHints":{"allow":["GET"]}}],"collection":[{"href":"https:\/\/www.sunkaraoke.hu\/index.php\/wp-json\/wp\/v2\/product"}],"about":[{"href":"https:\/\/www.sunkaraoke.hu\/index.php\/wp-json\/wp\/v2\/types\/product"}],"wp:featuredmedia":[{"embeddable":true,"href":"https:\/\/www.sunkaraoke.hu\/index.php\/wp-json\/wp\/v2\/media\/8752"}],"wp:attachment":[{"href":"https:\/\/www.sunkaraoke.hu\/index.php\/wp-json\/wp\/v2\/media?parent=5272"}],"wp:term":[{"taxonomy":"product_cat","embeddable":true,"href":"https:\/\/www.sunkaraoke.hu\/index.php\/wp-json\/wp\/v2\/product_cat?post=5272"},{"taxonomy":"product_tag","embeddable":true,"href":"https:\/\/www.sunkaraoke.hu\/index.php\/wp-json\/wp\/v2\/product_tag?post=5272"}],"curies":[{"name":"wp","href":"https:\/\/api.w.org\/{rel}","templated":true}]}}