{"id":5271,"date":"2022-08-08T20:48:53","date_gmt":"2022-08-08T20:48:53","guid":{"rendered":"https:\/\/www.sunkaraoke.hu\/index.php\/termek\/marta-joco-atolelni-szenvedellyel\/"},"modified":"2025-04-12T07:59:52","modified_gmt":"2025-04-12T07:59:52","slug":"marta-joco-atolelni-szenvedellyel","status":"publish","type":"product","link":"https:\/\/www.sunkaraoke.hu\/index.php\/termek\/marta-joco-atolelni-szenvedellyel\/","title":{"rendered":"<div class=\"wcmp-player-container product-5271\"><audio controlslist=\"nodownload\" data-product=\"5271\"  volume=\"1\"  preload=\"none\" data-lazyloading=\"none\" class=\"wcmp-player track mejs-classic\" data-duration=\"0:31\" data-estimated_duration=\"4\"><source src=\"https:\/\/www.sunkaraoke.hu\/wp-content\/uploads\/2022\/08\/Atolelni-szenvedellyel-Marta_demo.mp3\" type=\"audio\/mp3\" \/><\/audio><\/div>M\u00e1rta Joc\u00f3 &#8211; \u00c1t\u00f6lelni szenved\u00e9llyel (Original)"},"content":{"rendered":"<p><strong>03:45<\/strong> | <strong><img loading=\"lazy\" decoding=\"async\" class=\"alignnone size-full wp-image-467\" src=\"https:\/\/www.sunkaraoke.hu\/wp-content\/uploads\/2022\/07\/choir_2-copy.webp\" alt=\"\" width=\"30\" height=\"30\" \/> <\/strong><\/p>\n","protected":false},"excerpt":{"rendered":"<h5>Bits\u0171r\u0171s\u00e9g: 320kb\/s<br \/>\nHossz: 03:45<br \/>\nVok\u00e1lt tartalmaz: Nem <img loading=\"lazy\" decoding=\"async\" class=\"alignnone size-full wp-image-467\" src=\"http:\/\/www.sunkaraoke.hu\/wp-content\/uploads\/2022\/07\/choir_2-copy.png\" alt=\"\" width=\"30\" height=\"30\" \/><strong style=\"font-size: 16px;\"><br \/>\n<\/strong><\/h5>\n<p>Sunkaraoke mp3 st\u00fadi\u00f3 \/ www.sunkaraoke.hu \/ Inf: Tel: 06 20 4275001<\/p>\n<p>&#8212;Intro&#8212;<\/p>\n<p>Elvak\u00edt egy k\u00e9p, veled akarom m\u00e9g,<br \/>\nte vagy az els\u0151 gondolat ha felkelek.<br \/>\nIgaz\u00e1n tudhatn\u00e1d, a sz\u00edvem hazav\u00e1r,<br \/>\ngyertya f\u00e9nyben t\u00f6lts\u00fck el az \u00e9jszak\u00e1t.<\/p>\n<p>K\u00f6sz\u00f6n\u00f6k mindent amit adt\u00e1l,<br \/>\nmindig meg vigasztalt\u00e1l,<br \/>\nNekem j\u00f3, ha neked j\u00f3.<br \/>\n\u00c1t\u00f6lelni szenved\u00e9llyel, cs\u00f3kot lopni eg\u00e9sz \u00e9jjel,<br \/>\nVeled j\u00f3, nagyon j\u00f3.<br \/>\nMint egy \u00e1lom \u00fagy j\u00f6tt\u00e9l, \u00e9s elvitted a sz\u00edvem,<br \/>\nNem az \u00e9n hib\u00e1m, bolondos d\u00e9lib\u00e1b.<br \/>\n\u00c1t\u00f6lelni szenved\u00e9llyel, cs\u00f3kot lopni eg\u00e9sz \u00e9jjel,<br \/>\nVeled j\u00f3, nagyon j\u00f3.<\/p>\n<p>&#8212;Solo&#8212;01:36<\/p>\n<p>Mint egy szigeten, lakat a sz\u00edveden,<br \/>\nhol a kulcs, hogy elvigyem a kincsemet.<br \/>\nK\u00f6sz\u00f6n\u00f6m j\u00f3l vagyok, szemedb\u0151l olvasok,<br \/>\nb\u00fajj hozz\u00e1m, esk\u00fcsz\u00f6m elolvadok.<\/p>\n<p>Elvak\u00edt egy k\u00e9p, veled akarom m\u00e9g,<br \/>\nte vagy az els\u0151 gondolat ha felkelek.<br \/>\nIgaz\u00e1n tudhatn\u00e1d, a sz\u00edvem hazav\u00e1r,<br \/>\ngyertya f\u00e9nyben t\u00f6lts\u00fck el az \u00e9jszak\u00e1t.<\/p>\n<p>K\u00f6sz\u00f6n\u00f6k mindent amit adt\u00e1l,<br \/>\nmindig meg vigasztalt\u00e1l,<br \/>\nNekem j\u00f3, ha neked j\u00f3.<br \/>\n\u00c1t\u00f6lelni szenved\u00e9llyel, cs\u00f3kot lopni eg\u00e9sz \u00e9jjel,<br \/>\nVeled j\u00f3, nagyon j\u00f3.<br \/>\nMint egy \u00e1lom \u00fagy j\u00f6tt\u00e9l, \u00e9s elvitted a sz\u00edvem,<br \/>\nNem az \u00e9n hib\u00e1m, bolondos d\u00e9lib\u00e1b.<br \/>\n\u00c1t\u00f6lelni szenved\u00e9llyel, cs\u00f3kot lopni eg\u00e9sz \u00e9jjel,<br \/>\nVeled j\u00f3, nagyon j\u00f3.<\/p>\n<p>&#8212;Solo&#8212;03:08<\/p>\n<p>K\u00f6sz\u00f6n\u00f6k mindent amit adt\u00e1l,<br \/>\nmindig meg vigasztalt\u00e1l,<br \/>\nNekem j\u00f3, ha neked j\u00f3.<br \/>\n\u00c1t\u00f6lelni szenved\u00e9llyel, cs\u00f3kot lopni eg\u00e9sz \u00e9jjel,<br \/>\nVeled j\u00f3, nagyon j\u00f3.<br \/>\nMint egy \u00e1lom \u00fagy j\u00f6tt\u00e9l, \u00e9s elvitted a sz\u00edvem,<br \/>\nNem az \u00e9n hib\u00e1m, bolondos d\u00e9lib\u00e1b.<br \/>\n\u00c1t\u00f6lelni szenved\u00e9llyel, cs\u00f3kot lopni eg\u00e9sz \u00e9jjel,<br \/>\nVeled j\u00f3, nagyon j\u00f3.<br \/>\nNagyon j\u00f3 !!!<\/p>\n","protected":false},"featured_media":8752,"template":"","meta":{"site-sidebar-layout":"default","site-content-layout":"default","ast-site-content-layout":"default","site-content-style":"default","site-sidebar-style":"default","ast-global-header-display":"","ast-banner-title-visibility":"","ast-main-header-display":"","ast-hfb-above-header-display":"","ast-hfb-below-header-display":"","ast-hfb-mobile-header-display":"","site-post-title":"","ast-breadcrumbs-content":"","ast-featured-img":"","footer-sml-layout":"","theme-transparent-header-meta":"default","adv-header-id-meta":"","stick-header-meta":"","header-above-stick-meta":"","header-main-stick-meta":"","header-below-stick-meta":"","astra-migrate-meta-layouts":"set","ast-page-background-enabled":"default","ast-page-background-meta":{"desktop":{"background-color":"var(--ast-global-color-4)","background-image":"","background-repeat":"repeat","background-position":"center center","background-size":"auto","background-attachment":"scroll","background-type":"","background-media":"","overlay-type":"","overlay-color":"","overlay-opacity":"","overlay-gradient":""},"tablet":{"background-color":"","background-image":"","background-repeat":"repeat","background-position":"center center","background-size":"auto","background-attachment":"scroll","background-type":"","background-media":"","overlay-type":"","overlay-color":"","overlay-opacity":"","overlay-gradient":""},"mobile":{"background-color":"","background-image":"","background-repeat":"repeat","background-position":"center center","background-size":"auto","background-attachment":"scroll","background-type":"","background-media":"","overlay-type":"","overlay-color":"","overlay-opacity":"","overlay-gradient":""}},"ast-content-background-meta":{"desktop":{"background-color":"var(--ast-global-color-5)","background-image":"","background-repeat":"repeat","background-position":"center center","background-size":"auto","background-attachment":"scroll","background-type":"","background-media":"","overlay-type":"","overlay-color":"","overlay-opacity":"","overlay-gradient":""},"tablet":{"background-color":"var(--ast-global-color-5)","background-image":"","background-repeat":"repeat","background-position":"center center","background-size":"auto","background-attachment":"scroll","background-type":"","background-media":"","overlay-type":"","overlay-color":"","overlay-opacity":"","overlay-gradient":""},"mobile":{"background-color":"var(--ast-global-color-5)","background-image":"","background-repeat":"repeat","background-position":"center center","background-size":"auto","background-attachment":"scroll","background-type":"","background-media":"","overlay-type":"","overlay-color":"","overlay-opacity":"","overlay-gradient":""}}},"product_cat":[46],"product_tag":[],"class_list":["post-5271","product","type-product","status-publish","has-post-thumbnail","hentry","product_cat-eredeti-karaoke-dalok","desktop-align-left","tablet-align-left","mobile-align-left"],"_links":{"self":[{"href":"https:\/\/www.sunkaraoke.hu\/index.php\/wp-json\/wp\/v2\/product\/5271","targetHints":{"allow":["GET"]}}],"collection":[{"href":"https:\/\/www.sunkaraoke.hu\/index.php\/wp-json\/wp\/v2\/product"}],"about":[{"href":"https:\/\/www.sunkaraoke.hu\/index.php\/wp-json\/wp\/v2\/types\/product"}],"wp:featuredmedia":[{"embeddable":true,"href":"https:\/\/www.sunkaraoke.hu\/index.php\/wp-json\/wp\/v2\/media\/8752"}],"wp:attachment":[{"href":"https:\/\/www.sunkaraoke.hu\/index.php\/wp-json\/wp\/v2\/media?parent=5271"}],"wp:term":[{"taxonomy":"product_cat","embeddable":true,"href":"https:\/\/www.sunkaraoke.hu\/index.php\/wp-json\/wp\/v2\/product_cat?post=5271"},{"taxonomy":"product_tag","embeddable":true,"href":"https:\/\/www.sunkaraoke.hu\/index.php\/wp-json\/wp\/v2\/product_tag?post=5271"}],"curies":[{"name":"wp","href":"https:\/\/api.w.org\/{rel}","templated":true}]}}