{"id":5270,"date":"2022-08-08T20:48:53","date_gmt":"2022-08-08T20:48:53","guid":{"rendered":"https:\/\/www.sunkaraoke.hu\/index.php\/termek\/marta-joco-el-kell-bucsuznunk\/"},"modified":"2025-12-21T17:37:38","modified_gmt":"2025-12-21T15:37:38","slug":"marta-joco-el-kell-bucsuznunk","status":"publish","type":"product","link":"https:\/\/www.sunkaraoke.hu\/index.php\/termek\/marta-joco-el-kell-bucsuznunk\/","title":{"rendered":"<div class=\"wcmp-player-container product-5270\"><audio controlslist=\"nodownload\" data-product=\"5270\"  volume=\"1\"  preload=\"none\" data-lazyloading=\"none\" class=\"wcmp-player track mejs-classic\" data-duration=\"0:33\" data-estimated_duration=\"4\"><source src=\"https:\/\/www.sunkaraoke.hu\/wp-content\/uploads\/2022\/08\/El-kell_demo.mp3\" type=\"audio\/mp3\" \/><\/audio><\/div>M\u00e1rta Joc\u00f3 &#8211; El kell b\u00facs\u00faznunk (Original)"},"content":{"rendered":"<p><strong>03:44<\/strong> | <strong><img loading=\"lazy\" decoding=\"async\" class=\"alignnone size-full wp-image-467\" src=\"https:\/\/www.sunkaraoke.hu\/wp-content\/uploads\/2022\/07\/choir_2-copy.webp\" alt=\"\" width=\"30\" height=\"30\" \/> <\/strong><\/p>\n","protected":false},"excerpt":{"rendered":"<h5>Bits\u0171r\u0171s\u00e9g: 320 kb\/s<br \/>\nHossz: 03:44<br \/>\nVok\u00e1lt tartalmaz: Nem <img loading=\"lazy\" decoding=\"async\" class=\"alignnone size-full wp-image-467\" src=\"http:\/\/www.sunkaraoke.hu\/wp-content\/uploads\/2022\/07\/choir_2-copy.png\" alt=\"\" width=\"30\" height=\"30\" \/><strong style=\"font-size: 16px;\"><br \/>\n<\/strong><\/h5>\n<p>Sunkaraoke mp3 st\u00fadi\u00f3 \/ www.sunkaraoke.hu \/ Inf: Tel: 06 20 4275001<\/p>\n<p>&#8212;Intro&#8212;<\/p>\n<p>V\u00e9get \u00e9rt egy nagy szerelem, v\u00e9get \u00e9rt egy \u00e1lom,<br \/>\nK\u00e9t kezedet elengedem, az utam egyed\u00fcl j\u00e1rom.<br \/>\nK\u00edv\u00e1nom hogy boldog l\u00e9gy, az \u00e1lmod val\u00f3ra v\u00e1ljon,<br \/>\nH\u00e1t \u00e9g veled, arcodra a mosoly r\u00e1tal\u00e1ljon.<\/p>\n<p>Most el kell b\u00facs\u00faznunk, v\u00e9get \u00e9rt egy nagy szerelem,<br \/>\nMindig ott leszel te nekem, a sz\u00edvembe hagyok egy helyet neked.<br \/>\nMost el kell b\u00facs\u00faznunk, jobb lesz ez \u00edgy mindenkinek,<br \/>\nLet\u00f6rl\u00f6m majd a k\u00f6nnyeidet, nem mondom el majd senkinek,<br \/>\nHogy mennyire szerettelek.<\/p>\n<p>&#8212;Solo&#8212;<\/p>\n<p>Nem megy m\u00e1r r\u00e9gen, elrontottuk kedvesem,<br \/>\nN\u00e9zd fent az \u00e9gen, a felh\u0151k \u00fasznak csendesen.<br \/>\nElm\u00falt az \u00e9rzelem, kih\u0171ltek a v\u00e1gyak,<br \/>\nV\u00e9get \u00e9rt egy nagy szerelem, \u00fatjaink kett\u00e9 v\u00e1llnak.<\/p>\n<p>Most el kell b\u00facs\u00faznunk, v\u00e9get \u00e9rt egy nagy szerelem,<br \/>\nMindig ott leszel te nekem, a sz\u00edvembe hagyok egy helyet neked.<br \/>\nMost el kell b\u00facs\u00faznunk, jobb lesz ez \u00edgy mindenkinek,<br \/>\nLet\u00f6rl\u00f6m majd a k\u00f6nnyeidet, nem mondom el majd senkinek,<br \/>\nHogy mennyire szerettelek.<\/p>\n<p>&#8212;Solo&#8212;<\/p>\n<p>Merre j\u00e1r a boldogs\u00e1g, szememre nem j\u00f6n \u00e1lom,<br \/>\nT\u00fal nagy lett a t\u00e1vols\u00e1g, a helyemet nem tal\u00e1lom.<br \/>\nElm\u00falt az \u00e9rzelem, kih\u0171ltek a v\u00e1gyak,<br \/>\nV\u00e9get \u00e9rt egy nagy szerelem, \u00fatjaink kett\u00e9 v\u00e1llnak.<\/p>\n<p>Most el kell b\u00facs\u00faznunk, v\u00e9get \u00e9rt egy nagy szerelem,<br \/>\nMindig ott leszel te nekem, a sz\u00edvembe hagyok egy helyet neked.<br \/>\nMost el kell b\u00facs\u00faznunk, jobb lesz ez \u00edgy mindenkinek,<br \/>\nLet\u00f6rl\u00f6m majd a k\u00f6nnyeidet, nem mondom el majd senkinek,<br \/>\nHogy mennyire szerettelek.<\/p>\n","protected":false},"featured_media":8752,"template":"","meta":{"site-sidebar-layout":"default","site-content-layout":"default","ast-site-content-layout":"default","site-content-style":"default","site-sidebar-style":"default","ast-global-header-display":"","ast-banner-title-visibility":"","ast-main-header-display":"","ast-hfb-above-header-display":"","ast-hfb-below-header-display":"","ast-hfb-mobile-header-display":"","site-post-title":"","ast-breadcrumbs-content":"","ast-featured-img":"","footer-sml-layout":"","theme-transparent-header-meta":"default","adv-header-id-meta":"","stick-header-meta":"","header-above-stick-meta":"","header-main-stick-meta":"","header-below-stick-meta":"","astra-migrate-meta-layouts":"set","ast-page-background-enabled":"default","ast-page-background-meta":{"desktop":{"background-color":"var(--ast-global-color-4)","background-image":"","background-repeat":"repeat","background-position":"center center","background-size":"auto","background-attachment":"scroll","background-type":"","background-media":"","overlay-type":"","overlay-color":"","overlay-opacity":"","overlay-gradient":""},"tablet":{"background-color":"","background-image":"","background-repeat":"repeat","background-position":"center center","background-size":"auto","background-attachment":"scroll","background-type":"","background-media":"","overlay-type":"","overlay-color":"","overlay-opacity":"","overlay-gradient":""},"mobile":{"background-color":"","background-image":"","background-repeat":"repeat","background-position":"center center","background-size":"auto","background-attachment":"scroll","background-type":"","background-media":"","overlay-type":"","overlay-color":"","overlay-opacity":"","overlay-gradient":""}},"ast-content-background-meta":{"desktop":{"background-color":"var(--ast-global-color-5)","background-image":"","background-repeat":"repeat","background-position":"center center","background-size":"auto","background-attachment":"scroll","background-type":"","background-media":"","overlay-type":"","overlay-color":"","overlay-opacity":"","overlay-gradient":""},"tablet":{"background-color":"var(--ast-global-color-5)","background-image":"","background-repeat":"repeat","background-position":"center center","background-size":"auto","background-attachment":"scroll","background-type":"","background-media":"","overlay-type":"","overlay-color":"","overlay-opacity":"","overlay-gradient":""},"mobile":{"background-color":"var(--ast-global-color-5)","background-image":"","background-repeat":"repeat","background-position":"center center","background-size":"auto","background-attachment":"scroll","background-type":"","background-media":"","overlay-type":"","overlay-color":"","overlay-opacity":"","overlay-gradient":""}}},"product_cat":[46],"product_tag":[],"class_list":["post-5270","product","type-product","status-publish","has-post-thumbnail","hentry","product_cat-eredeti-karaoke-dalok","desktop-align-left","tablet-align-left","mobile-align-left"],"_links":{"self":[{"href":"https:\/\/www.sunkaraoke.hu\/index.php\/wp-json\/wp\/v2\/product\/5270","targetHints":{"allow":["GET"]}}],"collection":[{"href":"https:\/\/www.sunkaraoke.hu\/index.php\/wp-json\/wp\/v2\/product"}],"about":[{"href":"https:\/\/www.sunkaraoke.hu\/index.php\/wp-json\/wp\/v2\/types\/product"}],"wp:featuredmedia":[{"embeddable":true,"href":"https:\/\/www.sunkaraoke.hu\/index.php\/wp-json\/wp\/v2\/media\/8752"}],"wp:attachment":[{"href":"https:\/\/www.sunkaraoke.hu\/index.php\/wp-json\/wp\/v2\/media?parent=5270"}],"wp:term":[{"taxonomy":"product_cat","embeddable":true,"href":"https:\/\/www.sunkaraoke.hu\/index.php\/wp-json\/wp\/v2\/product_cat?post=5270"},{"taxonomy":"product_tag","embeddable":true,"href":"https:\/\/www.sunkaraoke.hu\/index.php\/wp-json\/wp\/v2\/product_tag?post=5270"}],"curies":[{"name":"wp","href":"https:\/\/api.w.org\/{rel}","templated":true}]}}